{"id":3966,"date":"2025-05-05T11:21:21","date_gmt":"2025-05-05T11:21:21","guid":{"rendered":"https:\/\/wurn.eu\/toode\/medium-urna\/"},"modified":"2025-05-05T11:21:21","modified_gmt":"2025-05-05T08:21:21","slug":"medium-urna","status":"publish","type":"product","link":"https:\/\/wurn.eu\/sv\/toode\/medium-urna\/","title":{"rendered":"Medium urna"},"content":{"rendered":"<p>En h\u00f6gkvalitativ medelstor Wurn, handgjord av m\u00e4stare fr\u00e5n Saaremaa, \u00e4r tillverkad av 100 % f\u00e5rull och ektr\u00e4. Wurns form och konstruktion \u00e4r unik. Filt och ek \u00e4r starka och h\u00e5llbara material. Den milj\u00f6v\u00e4nliga l\u00f6sningen \u00e5terf\u00f6r den avlidne till naturen, b\u00e5de i jord och i vatten.  <\/p>\n<p>Urnan finns i tre naturliga toner: gr\u00e5, brun och vit.<\/p>\n<p>\u00d6ppnas och f\u00f6rsluts utan specialverktyg \u2013<strong> s\u00e4kert <\/strong>och <strong>v\u00e4rdigt<\/strong>.<\/p>\n<p>Wurn st\u00f6djer alla kremationsritualer och l\u00e4mpar sig som minnesurna, f\u00f6r gravs\u00e4ttning samt f\u00f6r askstr\u00f6ning. Som minnesurna \u2013 utan gravs\u00e4ttning \u2013 bevaras urnan under l\u00e5ng tid. Efter askstr\u00f6ning kan urnan gravs\u00e4ttas i jorden. Den milj\u00f6v\u00e4nliga urnan bryts ned snabbt. P\u00e5 beg\u00e4ran monterar vi gravs\u00e4ttningssn\u00f6ren p\u00e5 urnan.    <\/p>\n<p>M\u00e4ngden aska beror p\u00e5 benmassa och bent\u00e4thet, som utvecklas under livets g\u00e5ng. Den kan inte fastst\u00e4llas exakt utifr\u00e5n kroppsvikt, men kan uppskattas med f\u00f6ljande formel: av 1 kg kroppsvikt uppst\u00e5r i genomsnitt 0,04 liter aska. Den medelstora Wurn rymmer 2 liter. <\/p>\n<p><strong>F\u00f6r \u00e4ldre personer av mindre storlek<\/strong><\/p>\n<p><strong>F\u00f6r ungdomar<\/strong><\/p>\n<p>F\u00f6r stora husdjur (fr\u00e5n 17,5 kg)<\/p>\n","protected":false},"excerpt":{"rendered":"<p>En h\u00f6gkvalitativ medelstor Wurn, handgjord av m\u00e4stare fr\u00e5n Saaremaa, \u00e4r tillverkad av 100 % f\u00e5rull och ektr\u00e4. Wurns form och konstruktion \u00e4r unik. Filt och ek \u00e4r starka och h\u00e5llbara material. Den milj\u00f6v\u00e4nliga l\u00f6sningen \u00e5terf\u00f6r den avlidne till naturen, b\u00e5de i jord och i vatten.  <\/p>\n<p>Urnan finns i tre naturliga toner: gr\u00e5, brun och vit.<\/p>\n<p>\u00d6ppnas och f\u00f6rsluts utan specialverktyg \u2013<strong> s\u00e4kert <\/strong>och <strong>v\u00e4rdigt<\/strong>.<\/p>\n<p>Wurn st\u00f6djer alla kremationsritualer och l\u00e4mpar sig som minnesurna, f\u00f6r gravs\u00e4ttning samt f\u00f6r askstr\u00f6ning. Som minnesurna \u2013 utan gravs\u00e4ttning \u2013 bevaras urnan under l\u00e5ng tid. Efter askstr\u00f6ning kan urnan gravs\u00e4ttas i jorden. Den milj\u00f6v\u00e4nliga urnan bryts ned snabbt. P\u00e5 beg\u00e4ran monterar vi gravs\u00e4ttningssn\u00f6ren p\u00e5 urnan.    <\/p>\n<p>M\u00e4ngden aska beror p\u00e5 benmassa och bent\u00e4thet, som utvecklas under livets g\u00e5ng. Den kan inte fastst\u00e4llas exakt utifr\u00e5n kroppsvikt, men kan uppskattas med f\u00f6ljande formel: av 1 kg kroppsvikt uppst\u00e5r i genomsnitt 0,04 liter aska. Den medelstora Wurn rymmer 2 liter. <\/p>\n<p><strong>Pisemas kasvus eakale inimesele<\/strong><\/p>\n<p><strong>F\u00f6r ungdomar<\/strong><\/p>\n<p>F\u00f6r stora husdjur (fr\u00e5n 17,5 kg)<\/p>\n","protected":false},"featured_media":3968,"template":"","meta":{"_monsterinsights_skip_tracking":false,"_monsterinsights_sitenote_active":false,"_monsterinsights_sitenote_note":"","_monsterinsights_sitenote_category":0},"product_brand":[],"product_cat":[147],"product_tag":[148,154,156,151,152,150,153],"class_list":{"0":"post-3966","1":"product","2":"type-product","3":"status-publish","4":"has-post-thumbnail","6":"product_cat-webbutik","7":"product_tag-askurna","8":"product_tag-biologiskt-nedbrytbar-urna","9":"product_tag-medium-urna","10":"product_tag-urna-for-barn","11":"product_tag-urna-for-hund","12":"product_tag-urna-for-husdjur","13":"product_tag-urna-for-katt","15":"first","16":"instock","17":"taxable","18":"shipping-taxable","19":"purchasable","20":"product-type-variable","21":"has-default-attributes"},"yoast_head":"<!-- This site is optimized with the Yoast SEO plugin v26.6 - https:\/\/yoast.com\/wordpress\/plugins\/seo\/ -->\n<title>Medium urna \u2013 estnisk design, unik i v\u00e4rlden<\/title>\n<meta name=\"description\" content=\"Designad i Estland \u2013 unik i v\u00e4rlden. Biologiskt nedbrytbar urna i f\u00e5rull och ektr\u00e4, varm vid ber\u00f6ring och ett v\u00e4rdigt, naturenligt val f\u00f6r ett personligt avsked.\" \/>\n<meta name=\"robots\" content=\"index, follow, max-snippet:-1, max-image-preview:large, max-video-preview:-1\" \/>\n<link rel=\"canonical\" href=\"https:\/\/wurn.eu\/sv\/toode\/medium-urna\/\" \/>\n<meta property=\"og:locale\" content=\"sv_SE\" \/>\n<meta property=\"og:type\" content=\"article\" \/>\n<meta property=\"og:title\" content=\"Medium urna \u2013 estnisk design, unik i v\u00e4rlden\" \/>\n<meta property=\"og:description\" content=\"Designad i Estland \u2013 unik i v\u00e4rlden. Biologiskt nedbrytbar urna i f\u00e5rull och ektr\u00e4, varm vid ber\u00f6ring och ett v\u00e4rdigt, naturenligt val f\u00f6r ett personligt avsked.\" \/>\n<meta property=\"og:url\" content=\"https:\/\/wurn.eu\/sv\/toode\/medium-urna\/\" \/>\n<meta property=\"og:site_name\" content=\"WURN urnid\" \/>\n<meta property=\"og:image\" content=\"https:\/\/wurn.eu\/wp-content\/uploads\/2025\/06\/DSCF0110-scaled.jpg\" \/>\n\t<meta property=\"og:image:width\" content=\"2560\" \/>\n\t<meta property=\"og:image:height\" content=\"1707\" \/>\n\t<meta property=\"og:image:type\" content=\"image\/jpeg\" \/>\n<meta name=\"twitter:card\" content=\"summary_large_image\" \/>\n<meta name=\"twitter:label1\" content=\"Ber\u00e4knad l\u00e4stid\" \/>\n\t<meta name=\"twitter:data1\" content=\"1 minut\" \/>\n<script type=\"application\/ld+json\" class=\"yoast-schema-graph\">{\"@context\":\"https:\/\/schema.org\",\"@graph\":[{\"@type\":\"WebPage\",\"@id\":\"https:\/\/wurn.eu\/sv\/toode\/medium-urna\/\",\"url\":\"https:\/\/wurn.eu\/sv\/toode\/medium-urna\/\",\"name\":\"Medium urna \u2013 estnisk design, unik i v\u00e4rlden\",\"isPartOf\":{\"@id\":\"https:\/\/wurn.eu\/#website\"},\"primaryImageOfPage\":{\"@id\":\"https:\/\/wurn.eu\/sv\/toode\/medium-urna\/#primaryimage\"},\"image\":{\"@id\":\"https:\/\/wurn.eu\/sv\/toode\/medium-urna\/#primaryimage\"},\"thumbnailUrl\":\"https:\/\/wurn.eu\/wp-content\/uploads\/2025\/06\/DSCF0110-scaled.jpg\",\"datePublished\":\"2025-05-05T11:21:21+00:00\",\"description\":\"Designad i Estland \u2013 unik i v\u00e4rlden. Biologiskt nedbrytbar urna i f\u00e5rull och ektr\u00e4, varm vid ber\u00f6ring och ett v\u00e4rdigt, naturenligt val f\u00f6r ett personligt avsked.\",\"breadcrumb\":{\"@id\":\"https:\/\/wurn.eu\/sv\/toode\/medium-urna\/#breadcrumb\"},\"inLanguage\":\"sv-SE\",\"potentialAction\":[{\"@type\":\"ReadAction\",\"target\":[\"https:\/\/wurn.eu\/sv\/toode\/medium-urna\/\"]}]},{\"@type\":\"ImageObject\",\"inLanguage\":\"sv-SE\",\"@id\":\"https:\/\/wurn.eu\/sv\/toode\/medium-urna\/#primaryimage\",\"url\":\"https:\/\/wurn.eu\/wp-content\/uploads\/2025\/06\/DSCF0110-scaled.jpg\",\"contentUrl\":\"https:\/\/wurn.eu\/wp-content\/uploads\/2025\/06\/DSCF0110-scaled.jpg\",\"width\":2560,\"height\":1707,\"caption\":\"Medelstora Wurn-urnor\"},{\"@type\":\"BreadcrumbList\",\"@id\":\"https:\/\/wurn.eu\/sv\/toode\/medium-urna\/#breadcrumb\",\"itemListElement\":[{\"@type\":\"ListItem\",\"position\":1,\"name\":\"Home\",\"item\":\"https:\/\/wurn.eu\/\"},{\"@type\":\"ListItem\",\"position\":2,\"name\":\"Katalog\",\"item\":\"https:\/\/wurn.eu\/sv\/katalog\/\"},{\"@type\":\"ListItem\",\"position\":3,\"name\":\"Medium urna\"}]},{\"@type\":\"WebSite\",\"@id\":\"https:\/\/wurn.eu\/#website\",\"url\":\"https:\/\/wurn.eu\/\",\"name\":\"WURN urnid\",\"description\":\"Lambavillasest vildist ja v\u00e4\u00e4rispuidust birolagunevad urnid\",\"publisher\":{\"@id\":\"https:\/\/wurn.eu\/#organization\"},\"potentialAction\":[{\"@type\":\"SearchAction\",\"target\":{\"@type\":\"EntryPoint\",\"urlTemplate\":\"https:\/\/wurn.eu\/?s={search_term_string}\"},\"query-input\":{\"@type\":\"PropertyValueSpecification\",\"valueRequired\":true,\"valueName\":\"search_term_string\"}}],\"inLanguage\":\"sv-SE\"},{\"@type\":\"Organization\",\"@id\":\"https:\/\/wurn.eu\/#organization\",\"name\":\"WURN urnid\",\"url\":\"https:\/\/wurn.eu\/\",\"logo\":{\"@type\":\"ImageObject\",\"inLanguage\":\"sv-SE\",\"@id\":\"https:\/\/wurn.eu\/#\/schema\/logo\/image\/\",\"url\":\"https:\/\/wurn.eu\/wp-content\/uploads\/2024\/10\/WURN_logo_UUS_v3_1_original_black.png\",\"contentUrl\":\"https:\/\/wurn.eu\/wp-content\/uploads\/2024\/10\/WURN_logo_UUS_v3_1_original_black.png\",\"width\":270,\"height\":316,\"caption\":\"WURN urnid\"},\"image\":{\"@id\":\"https:\/\/wurn.eu\/#\/schema\/logo\/image\/\"}}]}<\/script>\n<!-- \/ Yoast SEO plugin. -->","yoast_head_json":{"title":"Medium urna \u2013 estnisk design, unik i v\u00e4rlden","description":"Designad i Estland \u2013 unik i v\u00e4rlden. Biologiskt nedbrytbar urna i f\u00e5rull och ektr\u00e4, varm vid ber\u00f6ring och ett v\u00e4rdigt, naturenligt val f\u00f6r ett personligt avsked.","robots":{"index":"index","follow":"follow","max-snippet":"max-snippet:-1","max-image-preview":"max-image-preview:large","max-video-preview":"max-video-preview:-1"},"canonical":"https:\/\/wurn.eu\/sv\/toode\/medium-urna\/","og_locale":"sv_SE","og_type":"article","og_title":"Medium urna \u2013 estnisk design, unik i v\u00e4rlden","og_description":"Designad i Estland \u2013 unik i v\u00e4rlden. Biologiskt nedbrytbar urna i f\u00e5rull och ektr\u00e4, varm vid ber\u00f6ring och ett v\u00e4rdigt, naturenligt val f\u00f6r ett personligt avsked.","og_url":"https:\/\/wurn.eu\/sv\/toode\/medium-urna\/","og_site_name":"WURN urnid","og_image":[{"width":2560,"height":1707,"url":"https:\/\/wurn.eu\/wp-content\/uploads\/2025\/06\/DSCF0110-scaled.jpg","type":"image\/jpeg"}],"twitter_card":"summary_large_image","twitter_misc":{"Ber\u00e4knad l\u00e4stid":"1 minut"},"schema":{"@context":"https:\/\/schema.org","@graph":[{"@type":"WebPage","@id":"https:\/\/wurn.eu\/sv\/toode\/medium-urna\/","url":"https:\/\/wurn.eu\/sv\/toode\/medium-urna\/","name":"Medium urna \u2013 estnisk design, unik i v\u00e4rlden","isPartOf":{"@id":"https:\/\/wurn.eu\/#website"},"primaryImageOfPage":{"@id":"https:\/\/wurn.eu\/sv\/toode\/medium-urna\/#primaryimage"},"image":{"@id":"https:\/\/wurn.eu\/sv\/toode\/medium-urna\/#primaryimage"},"thumbnailUrl":"https:\/\/wurn.eu\/wp-content\/uploads\/2025\/06\/DSCF0110-scaled.jpg","datePublished":"2025-05-05T11:21:21+00:00","description":"Designad i Estland \u2013 unik i v\u00e4rlden. Biologiskt nedbrytbar urna i f\u00e5rull och ektr\u00e4, varm vid ber\u00f6ring och ett v\u00e4rdigt, naturenligt val f\u00f6r ett personligt avsked.","breadcrumb":{"@id":"https:\/\/wurn.eu\/sv\/toode\/medium-urna\/#breadcrumb"},"inLanguage":"sv-SE","potentialAction":[{"@type":"ReadAction","target":["https:\/\/wurn.eu\/sv\/toode\/medium-urna\/"]}]},{"@type":"ImageObject","inLanguage":"sv-SE","@id":"https:\/\/wurn.eu\/sv\/toode\/medium-urna\/#primaryimage","url":"https:\/\/wurn.eu\/wp-content\/uploads\/2025\/06\/DSCF0110-scaled.jpg","contentUrl":"https:\/\/wurn.eu\/wp-content\/uploads\/2025\/06\/DSCF0110-scaled.jpg","width":2560,"height":1707,"caption":"Medelstora Wurn-urnor"},{"@type":"BreadcrumbList","@id":"https:\/\/wurn.eu\/sv\/toode\/medium-urna\/#breadcrumb","itemListElement":[{"@type":"ListItem","position":1,"name":"Home","item":"https:\/\/wurn.eu\/"},{"@type":"ListItem","position":2,"name":"Katalog","item":"https:\/\/wurn.eu\/sv\/katalog\/"},{"@type":"ListItem","position":3,"name":"Medium urna"}]},{"@type":"WebSite","@id":"https:\/\/wurn.eu\/#website","url":"https:\/\/wurn.eu\/","name":"WURN urnid","description":"Lambavillasest vildist ja v\u00e4\u00e4rispuidust birolagunevad urnid","publisher":{"@id":"https:\/\/wurn.eu\/#organization"},"potentialAction":[{"@type":"SearchAction","target":{"@type":"EntryPoint","urlTemplate":"https:\/\/wurn.eu\/?s={search_term_string}"},"query-input":{"@type":"PropertyValueSpecification","valueRequired":true,"valueName":"search_term_string"}}],"inLanguage":"sv-SE"},{"@type":"Organization","@id":"https:\/\/wurn.eu\/#organization","name":"WURN urnid","url":"https:\/\/wurn.eu\/","logo":{"@type":"ImageObject","inLanguage":"sv-SE","@id":"https:\/\/wurn.eu\/#\/schema\/logo\/image\/","url":"https:\/\/wurn.eu\/wp-content\/uploads\/2024\/10\/WURN_logo_UUS_v3_1_original_black.png","contentUrl":"https:\/\/wurn.eu\/wp-content\/uploads\/2024\/10\/WURN_logo_UUS_v3_1_original_black.png","width":270,"height":316,"caption":"WURN urnid"},"image":{"@id":"https:\/\/wurn.eu\/#\/schema\/logo\/image\/"}}]}},"jetpack_sharing_enabled":true,"_links":{"self":[{"href":"https:\/\/wurn.eu\/sv\/wp-json\/wp\/v2\/product\/3966","targetHints":{"allow":["GET"]}}],"collection":[{"href":"https:\/\/wurn.eu\/sv\/wp-json\/wp\/v2\/product"}],"about":[{"href":"https:\/\/wurn.eu\/sv\/wp-json\/wp\/v2\/types\/product"}],"version-history":[{"count":0,"href":"https:\/\/wurn.eu\/sv\/wp-json\/wp\/v2\/product\/3966\/revisions"}],"wp:featuredmedia":[{"embeddable":true,"href":"https:\/\/wurn.eu\/sv\/wp-json\/wp\/v2\/media\/3968"}],"wp:attachment":[{"href":"https:\/\/wurn.eu\/sv\/wp-json\/wp\/v2\/media?parent=3966"}],"wp:term":[{"taxonomy":"product_brand","embeddable":true,"href":"https:\/\/wurn.eu\/sv\/wp-json\/wp\/v2\/product_brand?post=3966"},{"taxonomy":"product_cat","embeddable":true,"href":"https:\/\/wurn.eu\/sv\/wp-json\/wp\/v2\/product_cat?post=3966"},{"taxonomy":"product_tag","embeddable":true,"href":"https:\/\/wurn.eu\/sv\/wp-json\/wp\/v2\/product_tag?post=3966"}],"curies":[{"name":"wp","href":"https:\/\/api.w.org\/{rel}","templated":true}]}}