{"id":4175,"date":"2024-11-14T13:56:33","date_gmt":"2024-11-14T11:56:33","guid":{"rendered":"https:\/\/wurn.eu\/leverans-av-order\/"},"modified":"2026-04-21T15:42:40","modified_gmt":"2026-04-21T12:42:40","slug":"leverans-av-order","status":"publish","type":"page","link":"https:\/\/wurn.eu\/sv\/leverans-av-order\/","title":{"rendered":"Leveransinformation"},"content":{"rendered":"\t\t<div data-elementor-type=\"wp-page\" data-elementor-id=\"4175\" class=\"elementor elementor-4175 elementor-1150\" data-elementor-post-type=\"page\">\n\t\t\t\t<div class=\"elementor-element elementor-element-e06b703 e-flex e-con-boxed e-con e-parent\" data-id=\"e06b703\" data-element_type=\"container\" data-e-type=\"container\">\n\t\t\t\t\t<div class=\"e-con-inner\">\n\t\t\t\t<div class=\"elementor-element elementor-element-cba7a00 elementor-widget elementor-widget-text-editor\" data-id=\"cba7a00\" data-element_type=\"widget\" data-e-type=\"widget\" data-widget_type=\"text-editor.default\">\n\t\t\t\t<div class=\"elementor-widget-container\">\n\t\t\t\t\t\t\t\t\t<p>Vi levererar varorna snabbt och s\u00e4kert till dig i Estland, Skandinavien samt \u00f6vriga Europa, Storbritannien, USA och Kanada. Leveranss\u00e4tt och leveranskostnad fastst\u00e4lls i samband med orderbekr\u00e4ftelsen. <\/p><h3>Leveransomr\u00e5den<\/h3><ul><li>Estland<\/li><li>Baltikum (Lettland, Litauen)<\/li><li>Skandinavien (Finland, Sverige, Danmark, Norge)<\/li><li>Europeiska l\u00e4nder<\/li><li>Storbritannien<\/li><li>USA<\/li><li>Kanada<\/li><\/ul><h3>Leveranss\u00e4tt<\/h3><ul><li>Avh\u00e4mtning p\u00e5 plats. Vi v\u00e4lkomnar dig till Luha g\u00e5rd p\u00e5 Saaremaa (efter \u00f6verenskommelse).  +372 5628 6826<\/li><li>Paketautomat<\/li><li>Budtj\u00e4nst<\/li><\/ul><h3>Leveranstid<\/h3><ul><li>Inrikes f\u00f6rs\u00e4ndelser i Sverige levereras vanligtvis inom 6\u20138 arbetsdagar fr\u00e5n det att k\u00f6peavtalet har tr\u00e4tt i kraft.<\/li><li>Leveranstiden f\u00f6r best\u00e4llningar till Baltikum, Skandinavien, Europa, USA, Kanada och Storbritannien beror p\u00e5 destinationslandet och det valda leveranss\u00e4ttet.<\/li><\/ul><h3>Leveranskostnad<\/h3><p>Leveranskostnaden ber\u00e4knas utifr\u00e5n destination, paketets storlek och valt leveranss\u00e4tt. Vid din f\u00f6rsta best\u00e4llning kontaktar vi dig innan leveransen skickas f\u00f6r att tillsammans hitta den b\u00e4sta l\u00f6sningen. <\/p><h3>Mottagande av varor<\/h3><ul><li>Vid leverans till paketautomat f\u00e5r du en avisering via SMS och e-post med en kod f\u00f6r att \u00f6ppna luckan.<\/li><li>Vid leverans med bud kontaktar budet dig per telefon f\u00f6re leveransen.<\/li><\/ul><p>Vid fr\u00e5gor eller s\u00e4rskilda \u00f6nskem\u00e5l \u00e4r du varmt v\u00e4lkommen att kontakta oss:<\/p><p><a href=\"mailto:info@wurn.eu\">info@wurn.eu<\/a><\/p><p><a href=\"tel:+37256286826\">+372 5628 6826<\/a><\/p>\t\t\t\t\t\t\t\t<\/div>\n\t\t\t\t<\/div>\n\t\t\t\t\t<\/div>\n\t\t\t\t<\/div>\n\t\t\t\t<\/div>\n\t\t","protected":false},"excerpt":{"rendered":"<p>Vi levererar varorna snabbt och s\u00e4kert till dig i Estland, Skandinavien samt \u00f6vriga Europa, Storbritannien, USA och Kanada. Leveranss\u00e4tt och leveranskostnad fastst\u00e4lls i samband med orderbekr\u00e4ftelsen. Leveransomr\u00e5den Estland Baltikum (Lettland, Litauen) Skandinavien (Finland, Sverige, Danmark, Norge) Europeiska l\u00e4nder Storbritannien USA Kanada Leveranss\u00e4tt Avh\u00e4mtning p\u00e5 plats. Vi v\u00e4lkomnar dig till Luha g\u00e5rd p\u00e5 Saaremaa (efter \u00f6verenskommelse)&#8230;.<\/p>\n","protected":false},"author":1,"featured_media":0,"parent":0,"menu_order":0,"comment_status":"closed","ping_status":"closed","template":"","meta":{"_monsterinsights_skip_tracking":false,"_monsterinsights_sitenote_active":false,"_monsterinsights_sitenote_note":"","_monsterinsights_sitenote_category":0,"footnotes":""},"class_list":["post-4175","page","type-page","status-publish","hentry"],"yoast_head":"<!-- This site is optimized with the Yoast SEO plugin v26.6 - https:\/\/yoast.com\/wordpress\/plugins\/seo\/ -->\n<title>Leveransinformation - WURN urnid<\/title>\n<meta name=\"description\" content=\"Ta reda p\u00e5 hur och hur snabbt din best\u00e4llning kommer fram. Vi erbjuder p\u00e5litlig leverans i Estland och Europa.\" \/>\n<meta name=\"robots\" content=\"index, follow, max-snippet:-1, max-image-preview:large, max-video-preview:-1\" \/>\n<link rel=\"canonical\" href=\"https:\/\/wurn.eu\/sv\/leverans-av-order\/\" \/>\n<meta property=\"og:locale\" content=\"sv_SE\" \/>\n<meta property=\"og:type\" content=\"article\" \/>\n<meta property=\"og:title\" content=\"Leveransinformation - WURN urnid\" \/>\n<meta property=\"og:description\" content=\"Ta reda p\u00e5 hur och hur snabbt din best\u00e4llning kommer fram. Vi erbjuder p\u00e5litlig leverans i Estland och Europa.\" \/>\n<meta property=\"og:url\" content=\"https:\/\/wurn.eu\/sv\/leverans-av-order\/\" \/>\n<meta property=\"og:site_name\" content=\"WURN urnid\" \/>\n<meta property=\"article:modified_time\" content=\"2026-04-21T12:42:40+00:00\" \/>\n<meta name=\"twitter:card\" content=\"summary_large_image\" \/>\n<meta name=\"twitter:label1\" content=\"Ber\u00e4knad l\u00e4stid\" \/>\n\t<meta name=\"twitter:data1\" content=\"1 minut\" \/>\n<script type=\"application\/ld+json\" class=\"yoast-schema-graph\">{\"@context\":\"https:\/\/schema.org\",\"@graph\":[{\"@type\":\"WebPage\",\"@id\":\"https:\/\/wurn.eu\/sv\/leverans-av-order\/\",\"url\":\"https:\/\/wurn.eu\/sv\/leverans-av-order\/\",\"name\":\"Leveransinformation - WURN urnid\",\"isPartOf\":{\"@id\":\"https:\/\/wurn.eu\/#website\"},\"datePublished\":\"2024-11-14T11:56:33+00:00\",\"dateModified\":\"2026-04-21T12:42:40+00:00\",\"description\":\"Ta reda p\u00e5 hur och hur snabbt din best\u00e4llning kommer fram. Vi erbjuder p\u00e5litlig leverans i Estland och Europa.\",\"breadcrumb\":{\"@id\":\"https:\/\/wurn.eu\/sv\/leverans-av-order\/#breadcrumb\"},\"inLanguage\":\"sv-SE\",\"potentialAction\":[{\"@type\":\"ReadAction\",\"target\":[\"https:\/\/wurn.eu\/sv\/leverans-av-order\/\"]}]},{\"@type\":\"BreadcrumbList\",\"@id\":\"https:\/\/wurn.eu\/sv\/leverans-av-order\/#breadcrumb\",\"itemListElement\":[{\"@type\":\"ListItem\",\"position\":1,\"name\":\"Home\",\"item\":\"https:\/\/wurn.eu\/sv\/startsida\/\"},{\"@type\":\"ListItem\",\"position\":2,\"name\":\"Leveransinformation\"}]},{\"@type\":\"WebSite\",\"@id\":\"https:\/\/wurn.eu\/#website\",\"url\":\"https:\/\/wurn.eu\/\",\"name\":\"WURN urnid\",\"description\":\"Lambavillasest vildist ja v\u00e4\u00e4rispuidust birolagunevad urnid\",\"publisher\":{\"@id\":\"https:\/\/wurn.eu\/#organization\"},\"potentialAction\":[{\"@type\":\"SearchAction\",\"target\":{\"@type\":\"EntryPoint\",\"urlTemplate\":\"https:\/\/wurn.eu\/?s={search_term_string}\"},\"query-input\":{\"@type\":\"PropertyValueSpecification\",\"valueRequired\":true,\"valueName\":\"search_term_string\"}}],\"inLanguage\":\"sv-SE\"},{\"@type\":\"Organization\",\"@id\":\"https:\/\/wurn.eu\/#organization\",\"name\":\"WURN urnid\",\"url\":\"https:\/\/wurn.eu\/\",\"logo\":{\"@type\":\"ImageObject\",\"inLanguage\":\"sv-SE\",\"@id\":\"https:\/\/wurn.eu\/#\/schema\/logo\/image\/\",\"url\":\"https:\/\/wurn.eu\/wp-content\/uploads\/2024\/10\/WURN_logo_UUS_v3_1_original_black.png\",\"contentUrl\":\"https:\/\/wurn.eu\/wp-content\/uploads\/2024\/10\/WURN_logo_UUS_v3_1_original_black.png\",\"width\":270,\"height\":316,\"caption\":\"WURN urnid\"},\"image\":{\"@id\":\"https:\/\/wurn.eu\/#\/schema\/logo\/image\/\"}}]}<\/script>\n<!-- \/ Yoast SEO plugin. -->","yoast_head_json":{"title":"Leveransinformation - WURN urnid","description":"Ta reda p\u00e5 hur och hur snabbt din best\u00e4llning kommer fram. Vi erbjuder p\u00e5litlig leverans i Estland och Europa.","robots":{"index":"index","follow":"follow","max-snippet":"max-snippet:-1","max-image-preview":"max-image-preview:large","max-video-preview":"max-video-preview:-1"},"canonical":"https:\/\/wurn.eu\/sv\/leverans-av-order\/","og_locale":"sv_SE","og_type":"article","og_title":"Leveransinformation - WURN urnid","og_description":"Ta reda p\u00e5 hur och hur snabbt din best\u00e4llning kommer fram. Vi erbjuder p\u00e5litlig leverans i Estland och Europa.","og_url":"https:\/\/wurn.eu\/sv\/leverans-av-order\/","og_site_name":"WURN urnid","article_modified_time":"2026-04-21T12:42:40+00:00","twitter_card":"summary_large_image","twitter_misc":{"Ber\u00e4knad l\u00e4stid":"1 minut"},"schema":{"@context":"https:\/\/schema.org","@graph":[{"@type":"WebPage","@id":"https:\/\/wurn.eu\/sv\/leverans-av-order\/","url":"https:\/\/wurn.eu\/sv\/leverans-av-order\/","name":"Leveransinformation - WURN urnid","isPartOf":{"@id":"https:\/\/wurn.eu\/#website"},"datePublished":"2024-11-14T11:56:33+00:00","dateModified":"2026-04-21T12:42:40+00:00","description":"Ta reda p\u00e5 hur och hur snabbt din best\u00e4llning kommer fram. Vi erbjuder p\u00e5litlig leverans i Estland och Europa.","breadcrumb":{"@id":"https:\/\/wurn.eu\/sv\/leverans-av-order\/#breadcrumb"},"inLanguage":"sv-SE","potentialAction":[{"@type":"ReadAction","target":["https:\/\/wurn.eu\/sv\/leverans-av-order\/"]}]},{"@type":"BreadcrumbList","@id":"https:\/\/wurn.eu\/sv\/leverans-av-order\/#breadcrumb","itemListElement":[{"@type":"ListItem","position":1,"name":"Home","item":"https:\/\/wurn.eu\/sv\/startsida\/"},{"@type":"ListItem","position":2,"name":"Leveransinformation"}]},{"@type":"WebSite","@id":"https:\/\/wurn.eu\/#website","url":"https:\/\/wurn.eu\/","name":"WURN urnid","description":"Lambavillasest vildist ja v\u00e4\u00e4rispuidust birolagunevad urnid","publisher":{"@id":"https:\/\/wurn.eu\/#organization"},"potentialAction":[{"@type":"SearchAction","target":{"@type":"EntryPoint","urlTemplate":"https:\/\/wurn.eu\/?s={search_term_string}"},"query-input":{"@type":"PropertyValueSpecification","valueRequired":true,"valueName":"search_term_string"}}],"inLanguage":"sv-SE"},{"@type":"Organization","@id":"https:\/\/wurn.eu\/#organization","name":"WURN urnid","url":"https:\/\/wurn.eu\/","logo":{"@type":"ImageObject","inLanguage":"sv-SE","@id":"https:\/\/wurn.eu\/#\/schema\/logo\/image\/","url":"https:\/\/wurn.eu\/wp-content\/uploads\/2024\/10\/WURN_logo_UUS_v3_1_original_black.png","contentUrl":"https:\/\/wurn.eu\/wp-content\/uploads\/2024\/10\/WURN_logo_UUS_v3_1_original_black.png","width":270,"height":316,"caption":"WURN urnid"},"image":{"@id":"https:\/\/wurn.eu\/#\/schema\/logo\/image\/"}}]}},"jetpack_sharing_enabled":true,"_links":{"self":[{"href":"https:\/\/wurn.eu\/sv\/wp-json\/wp\/v2\/pages\/4175","targetHints":{"allow":["GET"]}}],"collection":[{"href":"https:\/\/wurn.eu\/sv\/wp-json\/wp\/v2\/pages"}],"about":[{"href":"https:\/\/wurn.eu\/sv\/wp-json\/wp\/v2\/types\/page"}],"author":[{"embeddable":true,"href":"https:\/\/wurn.eu\/sv\/wp-json\/wp\/v2\/users\/1"}],"replies":[{"embeddable":true,"href":"https:\/\/wurn.eu\/sv\/wp-json\/wp\/v2\/comments?post=4175"}],"version-history":[{"count":4,"href":"https:\/\/wurn.eu\/sv\/wp-json\/wp\/v2\/pages\/4175\/revisions"}],"predecessor-version":[{"id":4214,"href":"https:\/\/wurn.eu\/sv\/wp-json\/wp\/v2\/pages\/4175\/revisions\/4214"}],"wp:attachment":[{"href":"https:\/\/wurn.eu\/sv\/wp-json\/wp\/v2\/media?parent=4175"}],"curies":[{"name":"wp","href":"https:\/\/api.w.org\/{rel}","templated":true}]}}