{"id":4108,"date":"2026-04-17T13:44:40","date_gmt":"2026-04-17T10:44:40","guid":{"rendered":"https:\/\/wurn.eu\/om-oss-2\/"},"modified":"2026-04-20T16:04:36","modified_gmt":"2026-04-20T13:04:36","slug":"om-oss-2","status":"publish","type":"page","link":"https:\/\/wurn.eu\/sv\/om-oss-2\/","title":{"rendered":"Om oss"},"content":{"rendered":"\t\t<div data-elementor-type=\"wp-page\" data-elementor-id=\"4108\" class=\"elementor elementor-4108 elementor-4094\" data-elementor-post-type=\"page\">\n\t\t\t\t<div class=\"elementor-element elementor-element-721f48b e-flex e-con-boxed e-con e-parent\" data-id=\"721f48b\" data-element_type=\"container\" data-e-type=\"container\">\n\t\t\t\t\t<div class=\"e-con-inner\">\n\t\t\t\t<div class=\"elementor-element elementor-element-ebf8c7c elementor-headline--style-highlight elementor-widget elementor-widget-animated-headline\" data-id=\"ebf8c7c\" data-element_type=\"widget\" data-e-type=\"widget\" data-settings=\"{&quot;marker&quot;:&quot;double&quot;,&quot;highlighted_text&quot;:&quot;skapandet av v\\u00e5ra urnor&quot;,&quot;headline_style&quot;:&quot;highlight&quot;,&quot;highlight_animation_duration&quot;:1200}\" data-widget_type=\"animated-headline.default\">\n\t\t\t\t<div class=\"elementor-widget-container\">\n\t\t\t\t\t\t\t<h3 class=\"elementor-headline\">\n\t\t\t\t\t<span class=\"elementor-headline-plain-text elementor-headline-text-wrapper\">Om oss och<\/span>\n\t\t\t\t<span class=\"elementor-headline-dynamic-wrapper elementor-headline-text-wrapper\">\n\t\t\t\t\t<span class=\"elementor-headline-dynamic-text elementor-headline-text-active\">skapandet av v\u00e5ra urnor<\/span>\n\t\t\t\t<\/span>\n\t\t\t\t<\/h3>\n\t\t\t\t\t\t<\/div>\n\t\t\t\t<\/div>\n\t\t\t\t<div class=\"elementor-element elementor-element-ec1b4cd elementor-widget elementor-widget-text-editor\" data-id=\"ec1b4cd\" data-element_type=\"widget\" data-e-type=\"widget\" data-widget_type=\"text-editor.default\">\n\t\t\t\t<div class=\"elementor-widget-container\">\n\t\t\t\t\t\t\t\t\t<h2 data-start=\"812\" data-end=\"836\">Nyfikenhet &amp; entrepren\u00f6rskap<\/h2>\n<p data-start=\"286\" data-end=\"578\">Vi \u00e4r en f\u00f6retagsam familj fr\u00e5n Saaremaa, som alltid har haft ett meningsfullt intresse f\u00f6r begravningstraditioner. <b> <\/b>V\u00e5r resa inom ceremoniernas och traditionernas v\u00e4rld b\u00f6rjade med en uppriktig \u00f6nskan att f\u00f6rst\u00e5 vad som f\u00f6reg\u00e5r ett v\u00e4rdigt avsked och vilka produkter och tj\u00e4nster som erbjuds i detta sammanhang.<\/p>\n<p data-start=\"580\" data-end=\"810\">Den ursprungliga id\u00e9n var att unders\u00f6ka tj\u00e4nsten f\u00f6r begravningsarrangemang n\u00e4rmare. Vi genomgick en utbildning i att utarbeta en aff\u00e4rsplan och f\u00f6rsvarade v\u00e5r aff\u00e4rsplan. Vi var i f\u00f6rhandlingar om att f\u00f6rv\u00e4rva en begravningsbyr\u00e5 i Tallinn.  <\/p>\n<h2 data-start=\"812\" data-end=\"836\">En avg\u00f6rande v\u00e4ndpunkt &amp; examensarbete<\/h2>\n<p data-start=\"838\" data-end=\"1029\">Livets v\u00e4gar \u00e4r ofta of\u00f6ruts\u00e4gbara. Allt f\u00f6r\u00e4ndrades n\u00e4r Prendens farfar gick bort och efterl\u00e4mnade sl\u00e4ktg\u00e5rden p\u00e5 Saaremaa. Detta ledde till beslutet att flytta&nbsp; tillbaka till hem\u00f6n.  &nbsp;<\/p>\n<p data-start=\"838\" data-end=\"1029\">Vid den tiden genomf\u00f6rde Prenden, under Triins medhandledning, ett forskningsarbete vid Haapsalu kollegium vid Tallinn University om begravningstrender i Estland. Examensarbetets syfte var att, utifr\u00e5n f\u00f6r\u00e4nderliga trender, skapa ett nyskapande begravningsk\u00e4rl. Detta inspirerade oss att ompr\u00f6va v\u00e5ra planer och fokusera p\u00e5 hur vi kunde bidra till branschen genom produktdesign.  <\/p>\n<h2 data-start=\"1322\" data-end=\"1365\">Ett nytt m\u00e5l \u2013 askurnor i tovad f\u00e5rull<\/h2>\n<p data-start=\"1367\" data-end=\"1649\">Responsen uppmuntrade oss, vi s\u00e5g potentialen i id\u00e9n och m\u00e5let f\u00f6ddes att lansera en tidigare osedd askurna av tovade f\u00e5rull. Vi p\u00e5b\u00f6rjade en kontinuerlig process f\u00f6r produkt- och aff\u00e4rsutveckling med m\u00e5let att skapa en produktfamilj som st\u00f6djer ritualer efter kremering.  &nbsp;<\/p>\n<p data-start=\"1367\" data-end=\"1649\">Allt detta formade v\u00e5r <strong>vision<\/strong> att tillf\u00f6ra&nbsp;begravnings- och traditionsomr\u00e5det ett nytt s\u00e4tt att t\u00e4nka och erbjuda l\u00f6sningar som f\u00f6renar f\u00f6rf\u00e4dernas traditioner med en samtida livssyn. D\u00e4rigenom vill vi hj\u00e4lpa n\u00e4rst\u00e5ende att p\u00e5 ett v\u00e4rdigt s\u00e4tt minnas sina k\u00e4ra. <\/p>\n<h2 data-start=\"1322\" data-end=\"1365\">Lokala material &amp; hantverkskunskap&nbsp;<\/h2>\n<p><span style=\"font-weight: 400;\">Ett medvetet val f\u00f6r WURNs team \u00e4r att v\u00e4rdes\u00e4tta lokala resurser \u2013 b\u00e5de n\u00e4r det g\u00e4ller material och kunskap. Vi anv\u00e4nder f\u00f6rnybara r\u00e5varor som kommer s\u00e5 n\u00e4ra v\u00e5rt eget lokalsamh\u00e4lle som m\u00f6jligt. P\u00e5 s\u00e5 s\u00e4tt st\u00f6djer vi mindre producenter och bidrar till att h\u00e5lla traditionella f\u00e4rdigheter levande. Vi g\u00f6r ocks\u00e5 v\u00e5rt yttersta f\u00f6r att involvera lokalt hantverkskunnande i v\u00e5ra arbetsprocesser, vars kvalitet och omsorg vi k\u00e4nner till personligen. Detta arbetss\u00e4tt g\u00f6r det m\u00f6jligt f\u00f6r oss att h\u00e5lla leveranskedjan kortare, s\u00e4kerst\u00e4lla st\u00f6rre transparens och st\u00e4rka sambandet mellan m\u00e4nniskor, material och natur.   <\/span><\/p>\n<h2 data-start=\"1322\" data-end=\"1365\">WURN<\/h2>\n<p>V\u00e5rt teams fr\u00e4msta m\u00e5l \u00e4r att s\u00e4kerst\u00e4lla att varje m\u00f6te med v\u00e5ra produkter k\u00e4nns varmt, naturligt och behagligt. Grunden f\u00f6r v\u00e5r design \u00e4r material som m\u00e4nniskan har l\u00e4rt k\u00e4nna redan fr\u00e5n livets allra f\u00f6rsta stunder \u2013 ren ull och tr\u00e4. Det \u00e4r mjuka, varma och tidl\u00f6sa naturmaterial som har st\u00e5tt emot tidens pr\u00f6vning och skapar en trygg och rofylld upplevelse.  <\/p>\n<p><span style=\"font-weight: 400;\">WURN-urnorna utm\u00e4rker sig genom sina mjuka former, d\u00e4mpade f\u00e4rgtoner och meningsfulla detaljer \u2013 ett globalt unikt och innovativt s\u00e4tt att bevara minnet. V\u00e5ra produkter \u00e4r noggrant genomt\u00e4nkta, testade och vidareutvecklade utifr\u00e5n anv\u00e4ndarnas feedback. Varje form, l\u00f6sning och proportion har finjusterats genom ett konsekvent arbete som WURNs team har bedrivit sedan 2019.    <\/span><\/p>\n<p><span style=\"font-weight: 400;\">WURNs produkter \u00e4r skyddade som registrerade gemenskapsformgivningar (RCD) hos EUIPO under registreringsnumren 015104906\u20130001 och 015104906\u20130002.<\/span><\/p>\n<p data-start=\"1809\" data-end=\"2017\"><span style=\"font-size: 25px; font-weight: bold;\">Varf\u00f6r v\u00e4lja en kremationsl\u00f6sning?<\/span><\/p>\n<p data-start=\"2285\" data-end=\"2607\">Under de senaste \u00e5ren har en tydlig f\u00f6r\u00e4ndring kunnat m\u00e4rkas i Estland: kremationsbegravningar har blivit det vanligaste alternativet. Detta speglar ett f\u00f6r\u00e4ndrat f\u00f6rh\u00e5llningss\u00e4tt till sorg och minnesceremonier. Kremation ger familjer st\u00f6rre flexibilitet och mer tid f\u00f6r avsked, och m\u00f6jligg\u00f6r en lugnare och mer personlig ceremoni \u2013 ofta ocks\u00e5 till en l\u00e4gre kostnad.  <\/p>\n<p data-start=\"2609\" data-end=\"2779\">Urnan kan anv\u00e4ndas som en minnesplats, gravs\u00e4ttas eller anv\u00e4ndas vid en askstr\u00f6ning.<\/p>\t\t\t\t\t\t\t\t<\/div>\n\t\t\t\t<\/div>\n\t\t\t\t<div class=\"elementor-element elementor-element-45a2032 elementor-widget elementor-widget-gallery\" data-id=\"45a2032\" data-element_type=\"widget\" data-e-type=\"widget\" data-settings=\"{&quot;gallery_layout&quot;:&quot;justified&quot;,&quot;lazyload&quot;:&quot;yes&quot;,&quot;ideal_row_height&quot;:{&quot;unit&quot;:&quot;px&quot;,&quot;size&quot;:200,&quot;sizes&quot;:[]},&quot;ideal_row_height_tablet&quot;:{&quot;unit&quot;:&quot;px&quot;,&quot;size&quot;:150,&quot;sizes&quot;:[]},&quot;ideal_row_height_mobile&quot;:{&quot;unit&quot;:&quot;px&quot;,&quot;size&quot;:150,&quot;sizes&quot;:[]},&quot;gap&quot;:{&quot;unit&quot;:&quot;px&quot;,&quot;size&quot;:10,&quot;sizes&quot;:[]},&quot;gap_tablet&quot;:{&quot;unit&quot;:&quot;px&quot;,&quot;size&quot;:10,&quot;sizes&quot;:[]},&quot;gap_mobile&quot;:{&quot;unit&quot;:&quot;px&quot;,&quot;size&quot;:10,&quot;sizes&quot;:[]},&quot;link_to&quot;:&quot;file&quot;,&quot;overlay_background&quot;:&quot;yes&quot;,&quot;content_hover_animation&quot;:&quot;fade-in&quot;}\" data-widget_type=\"gallery.default\">\n\t\t\t\t<div class=\"elementor-widget-container\">\n\t\t\t\t\t\t\t<div class=\"elementor-gallery__container\">\n\t\t\t\t\t\t\t<a class=\"e-gallery-item elementor-gallery-item elementor-animated-content\" href=\"https:\/\/wurn.eu\/wp-content\/uploads\/2024\/10\/meie-scaled.jpg\" data-elementor-open-lightbox=\"yes\" data-elementor-lightbox-slideshow=\"45a2032\" data-e-action-hash=\"#elementor-action%3Aaction%3Dlightbox%26settings%3DeyJpZCI6NTcxLCJ1cmwiOiJodHRwczpcL1wvd3Vybi5ldVwvd3AtY29udGVudFwvdXBsb2Fkc1wvMjAyNFwvMTBcL21laWUtc2NhbGVkLmpwZyIsInNsaWRlc2hvdyI6IjQ1YTIwMzIifQ%3D%3D\">\n\t\t\t\t\t<div class=\"e-gallery-image elementor-gallery-item__image\" data-thumbnail=\"https:\/\/wurn.eu\/wp-content\/uploads\/2024\/10\/meie-768x1024.jpg\" data-width=\"640\" data-height=\"853\" aria-label=\"WURN O\u00dc asutajad diplomeid hoidmas p\u00e4rast ettev\u00f5tluskoolituse l\u00f5petamist, mille tulemusel valmis urnide tootmise \u00e4riplaan\" role=\"img\" ><\/div>\n\t\t\t\t\t\t\t\t\t\t\t<div class=\"elementor-gallery-item__overlay\"><\/div>\n\t\t\t\t\t\t\t\t\t\t\t\t\t\t<\/a>\n\t\t\t\t\t\t\t<a class=\"e-gallery-item elementor-gallery-item elementor-animated-content\" href=\"https:\/\/wurn.eu\/wp-content\/uploads\/2025\/06\/Eskiis.jpg\" data-elementor-open-lightbox=\"yes\" data-elementor-lightbox-slideshow=\"45a2032\" data-e-action-hash=\"#elementor-action%3Aaction%3Dlightbox%26settings%3DeyJpZCI6MjI3MiwidXJsIjoiaHR0cHM6XC9cL3d1cm4uZXVcL3dwLWNvbnRlbnRcL3VwbG9hZHNcLzIwMjVcLzA2XC9Fc2tpaXMuanBnIiwic2xpZGVzaG93IjoiNDVhMjAzMiJ9\">\n\t\t\t\t\t<div class=\"e-gallery-image elementor-gallery-item__image\" data-thumbnail=\"https:\/\/wurn.eu\/wp-content\/uploads\/2025\/06\/Eskiis.jpg\" data-width=\"640\" data-height=\"853\" aria-label=\"WURN urni esialgne visand vildist urnide tootearendusest, millest kasvas v\u00e4lja WURN O\u00dc tootesari\" role=\"img\" ><\/div>\n\t\t\t\t\t\t\t\t\t\t\t<div class=\"elementor-gallery-item__overlay\"><\/div>\n\t\t\t\t\t\t\t\t\t\t\t\t\t\t<\/a>\n\t\t\t\t\t\t\t<a class=\"e-gallery-item elementor-gallery-item elementor-animated-content\" href=\"https:\/\/wurn.eu\/wp-content\/uploads\/2025\/06\/Vormi-planeerimine.jpg\" data-elementor-open-lightbox=\"yes\" data-elementor-lightbox-slideshow=\"45a2032\" data-e-action-hash=\"#elementor-action%3Aaction%3Dlightbox%26settings%3DeyJpZCI6MjI3NiwidXJsIjoiaHR0cHM6XC9cL3d1cm4uZXVcL3dwLWNvbnRlbnRcL3VwbG9hZHNcLzIwMjVcLzA2XC9Wb3JtaS1wbGFuZWVyaW1pbmUuanBnIiwic2xpZGVzaG93IjoiNDVhMjAzMiJ9\">\n\t\t\t\t\t<div class=\"e-gallery-image elementor-gallery-item__image\" data-thumbnail=\"https:\/\/wurn.eu\/wp-content\/uploads\/2025\/06\/Vormi-planeerimine-768x1024.jpg\" data-width=\"640\" data-height=\"853\" aria-label=\"WURN urni esialgne l\u00f5ige vildile, vormiotsingu etapp WURNi tootearenduses\" role=\"img\" ><\/div>\n\t\t\t\t\t\t\t\t\t\t\t<div class=\"elementor-gallery-item__overlay\"><\/div>\n\t\t\t\t\t\t\t\t\t\t\t\t\t\t<\/a>\n\t\t\t\t\t\t\t<a class=\"e-gallery-item elementor-gallery-item elementor-animated-content\" href=\"https:\/\/wurn.eu\/wp-content\/uploads\/2025\/06\/Valmis-prototuup.jpg\" data-elementor-open-lightbox=\"yes\" data-elementor-lightbox-slideshow=\"45a2032\" data-e-action-hash=\"#elementor-action%3Aaction%3Dlightbox%26settings%3DeyJpZCI6MjI4MCwidXJsIjoiaHR0cHM6XC9cL3d1cm4uZXVcL3dwLWNvbnRlbnRcL3VwbG9hZHNcLzIwMjVcLzA2XC9WYWxtaXMtcHJvdG90dXVwLmpwZyIsInNsaWRlc2hvdyI6IjQ1YTIwMzIifQ%3D%3D\">\n\t\t\t\t\t<div class=\"e-gallery-image elementor-gallery-item__image\" data-thumbnail=\"https:\/\/wurn.eu\/wp-content\/uploads\/2025\/06\/Valmis-prototuup-768x768.jpg\" data-width=\"640\" data-height=\"640\" aria-label=\"WURN urni esimene valmis protot\u00fc\u00fcp \u2013 k\u00e4sit\u00f6\u00f6na valminud vildist tuhaurn\" role=\"img\" ><\/div>\n\t\t\t\t\t\t\t\t\t\t\t<div class=\"elementor-gallery-item__overlay\"><\/div>\n\t\t\t\t\t\t\t\t\t\t\t\t\t\t<\/a>\n\t\t\t\t\t\t\t<a class=\"e-gallery-item elementor-gallery-item elementor-animated-content\" href=\"https:\/\/wurn.eu\/wp-content\/uploads\/2024\/10\/2020suvi.png\" data-elementor-open-lightbox=\"yes\" data-elementor-lightbox-slideshow=\"45a2032\" data-e-action-hash=\"#elementor-action%3Aaction%3Dlightbox%26settings%3DeyJpZCI6NTM0LCJ1cmwiOiJodHRwczpcL1wvd3Vybi5ldVwvd3AtY29udGVudFwvdXBsb2Fkc1wvMjAyNFwvMTBcLzIwMjBzdXZpLnBuZyIsInNsaWRlc2hvdyI6IjQ1YTIwMzIifQ%3D%3D\">\n\t\t\t\t\t<div class=\"e-gallery-image elementor-gallery-item__image\" data-thumbnail=\"https:\/\/wurn.eu\/wp-content\/uploads\/2024\/10\/2020suvi-768x777.png\" data-width=\"640\" data-height=\"648\" aria-label=\"WURN urnide diplomit\u00f6\u00f6 n\u00e4ituse v\u00e4ljapanek \u2013 k\u00f5ik vildist tuhaurnide protot\u00fc\u00fcbid ja autor Prenden\" role=\"img\" ><\/div>\n\t\t\t\t\t\t\t\t\t\t\t<div class=\"elementor-gallery-item__overlay\"><\/div>\n\t\t\t\t\t\t\t\t\t\t\t\t\t\t<\/a>\n\t\t\t\t\t<\/div>\n\t\t\t\t\t<\/div>\n\t\t\t\t<\/div>\n\t\t\t\t\t<\/div>\n\t\t\t\t<\/div>\n\t\t<div class=\"elementor-element elementor-element-fd4e912 e-flex e-con-boxed e-con e-parent\" data-id=\"fd4e912\" data-element_type=\"container\" data-e-type=\"container\">\n\t\t\t\t\t<div class=\"e-con-inner\">\n\t\t\t\t<div class=\"elementor-element elementor-element-0683ee2 elementor-align-center elementor-widget__width-auto elementor-widget elementor-widget-button\" data-id=\"0683ee2\" data-element_type=\"widget\" data-e-type=\"widget\" data-widget_type=\"button.default\">\n\t\t\t\t<div class=\"elementor-widget-container\">\n\t\t\t\t\t\t\t\t\t<div class=\"elementor-button-wrapper\">\n\t\t\t\t\t<a class=\"elementor-button elementor-button-link elementor-size-sm\" href=\"https:\/\/wurn.eu\/sv\/katalog\/\">\n\t\t\t\t\t\t<span class=\"elementor-button-content-wrapper\">\n\t\t\t\t\t\t\t\t\t<span class=\"elementor-button-text\">Katalog<\/span>\n\t\t\t\t\t<\/span>\n\t\t\t\t\t<\/a>\n\t\t\t\t<\/div>\n\t\t\t\t\t\t\t\t<\/div>\n\t\t\t\t<\/div>\n\t\t\t\t\t<\/div>\n\t\t\t\t<\/div>\n\t\t\t\t<\/div>\n\t\t","protected":false},"excerpt":{"rendered":"<p>Om oss och skapandet av v\u00e5ra urnor Nyfikenhet &amp; entrepren\u00f6rskap Vi \u00e4r en f\u00f6retagsam familj fr\u00e5n Saaremaa, som alltid har haft ett meningsfullt intresse f\u00f6r begravningstraditioner. V\u00e5r resa inom ceremoniernas och traditionernas v\u00e4rld b\u00f6rjade med en uppriktig \u00f6nskan att f\u00f6rst\u00e5 vad som f\u00f6reg\u00e5r ett v\u00e4rdigt avsked och vilka produkter och tj\u00e4nster som erbjuds i detta&#8230;<\/p>\n","protected":false},"author":3,"featured_media":0,"parent":0,"menu_order":0,"comment_status":"closed","ping_status":"closed","template":"","meta":{"_monsterinsights_skip_tracking":false,"_monsterinsights_sitenote_active":false,"_monsterinsights_sitenote_note":"","_monsterinsights_sitenote_category":0,"footnotes":""},"class_list":["post-4108","page","type-page","status-publish","hentry"],"yoast_head":"<!-- This site is optimized with the Yoast SEO plugin v26.6 - https:\/\/yoast.com\/wordpress\/plugins\/seo\/ -->\n<title>Om oss - WURN urnid<\/title>\n<meta name=\"robots\" content=\"index, follow, max-snippet:-1, max-image-preview:large, max-video-preview:-1\" \/>\n<link rel=\"canonical\" href=\"https:\/\/wurn.eu\/sv\/om-oss-2\/\" \/>\n<meta property=\"og:locale\" content=\"sv_SE\" \/>\n<meta property=\"og:type\" content=\"article\" \/>\n<meta property=\"og:title\" content=\"Om oss - WURN urnid\" \/>\n<meta property=\"og:description\" content=\"Om oss och skapandet av v\u00e5ra urnor Nyfikenhet &amp; entrepren\u00f6rskap Vi \u00e4r en f\u00f6retagsam familj fr\u00e5n Saaremaa, som alltid har haft ett meningsfullt intresse f\u00f6r begravningstraditioner. V\u00e5r resa inom ceremoniernas och traditionernas v\u00e4rld b\u00f6rjade med en uppriktig \u00f6nskan att f\u00f6rst\u00e5 vad som f\u00f6reg\u00e5r ett v\u00e4rdigt avsked och vilka produkter och tj\u00e4nster som erbjuds i detta...\" \/>\n<meta property=\"og:url\" content=\"https:\/\/wurn.eu\/sv\/om-oss-2\/\" \/>\n<meta property=\"og:site_name\" content=\"WURN urnid\" \/>\n<meta property=\"article:modified_time\" content=\"2026-04-20T13:04:36+00:00\" \/>\n<meta name=\"twitter:card\" content=\"summary_large_image\" \/>\n<meta name=\"twitter:label1\" content=\"Ber\u00e4knad l\u00e4stid\" \/>\n\t<meta name=\"twitter:data1\" content=\"3 minuter\" \/>\n<script type=\"application\/ld+json\" class=\"yoast-schema-graph\">{\"@context\":\"https:\/\/schema.org\",\"@graph\":[{\"@type\":\"WebPage\",\"@id\":\"https:\/\/wurn.eu\/sv\/om-oss-2\/\",\"url\":\"https:\/\/wurn.eu\/sv\/om-oss-2\/\",\"name\":\"Om oss - WURN urnid\",\"isPartOf\":{\"@id\":\"https:\/\/wurn.eu\/#website\"},\"datePublished\":\"2026-04-17T10:44:40+00:00\",\"dateModified\":\"2026-04-20T13:04:36+00:00\",\"breadcrumb\":{\"@id\":\"https:\/\/wurn.eu\/sv\/om-oss-2\/#breadcrumb\"},\"inLanguage\":\"sv-SE\",\"potentialAction\":[{\"@type\":\"ReadAction\",\"target\":[\"https:\/\/wurn.eu\/sv\/om-oss-2\/\"]}]},{\"@type\":\"BreadcrumbList\",\"@id\":\"https:\/\/wurn.eu\/sv\/om-oss-2\/#breadcrumb\",\"itemListElement\":[{\"@type\":\"ListItem\",\"position\":1,\"name\":\"Home\",\"item\":\"https:\/\/wurn.eu\/sv\/startsida\/\"},{\"@type\":\"ListItem\",\"position\":2,\"name\":\"Om oss\"}]},{\"@type\":\"WebSite\",\"@id\":\"https:\/\/wurn.eu\/#website\",\"url\":\"https:\/\/wurn.eu\/\",\"name\":\"WURN urnid\",\"description\":\"Lambavillasest vildist ja v\u00e4\u00e4rispuidust birolagunevad urnid\",\"publisher\":{\"@id\":\"https:\/\/wurn.eu\/#organization\"},\"potentialAction\":[{\"@type\":\"SearchAction\",\"target\":{\"@type\":\"EntryPoint\",\"urlTemplate\":\"https:\/\/wurn.eu\/?s={search_term_string}\"},\"query-input\":{\"@type\":\"PropertyValueSpecification\",\"valueRequired\":true,\"valueName\":\"search_term_string\"}}],\"inLanguage\":\"sv-SE\"},{\"@type\":\"Organization\",\"@id\":\"https:\/\/wurn.eu\/#organization\",\"name\":\"WURN urnid\",\"url\":\"https:\/\/wurn.eu\/\",\"logo\":{\"@type\":\"ImageObject\",\"inLanguage\":\"sv-SE\",\"@id\":\"https:\/\/wurn.eu\/#\/schema\/logo\/image\/\",\"url\":\"https:\/\/wurn.eu\/wp-content\/uploads\/2024\/10\/WURN_logo_UUS_v3_1_original_black.png\",\"contentUrl\":\"https:\/\/wurn.eu\/wp-content\/uploads\/2024\/10\/WURN_logo_UUS_v3_1_original_black.png\",\"width\":270,\"height\":316,\"caption\":\"WURN urnid\"},\"image\":{\"@id\":\"https:\/\/wurn.eu\/#\/schema\/logo\/image\/\"}}]}<\/script>\n<!-- \/ Yoast SEO plugin. -->","yoast_head_json":{"title":"Om oss - WURN urnid","robots":{"index":"index","follow":"follow","max-snippet":"max-snippet:-1","max-image-preview":"max-image-preview:large","max-video-preview":"max-video-preview:-1"},"canonical":"https:\/\/wurn.eu\/sv\/om-oss-2\/","og_locale":"sv_SE","og_type":"article","og_title":"Om oss - WURN urnid","og_description":"Om oss och skapandet av v\u00e5ra urnor Nyfikenhet &amp; entrepren\u00f6rskap Vi \u00e4r en f\u00f6retagsam familj fr\u00e5n Saaremaa, som alltid har haft ett meningsfullt intresse f\u00f6r begravningstraditioner. V\u00e5r resa inom ceremoniernas och traditionernas v\u00e4rld b\u00f6rjade med en uppriktig \u00f6nskan att f\u00f6rst\u00e5 vad som f\u00f6reg\u00e5r ett v\u00e4rdigt avsked och vilka produkter och tj\u00e4nster som erbjuds i detta...","og_url":"https:\/\/wurn.eu\/sv\/om-oss-2\/","og_site_name":"WURN urnid","article_modified_time":"2026-04-20T13:04:36+00:00","twitter_card":"summary_large_image","twitter_misc":{"Ber\u00e4knad l\u00e4stid":"3 minuter"},"schema":{"@context":"https:\/\/schema.org","@graph":[{"@type":"WebPage","@id":"https:\/\/wurn.eu\/sv\/om-oss-2\/","url":"https:\/\/wurn.eu\/sv\/om-oss-2\/","name":"Om oss - WURN urnid","isPartOf":{"@id":"https:\/\/wurn.eu\/#website"},"datePublished":"2026-04-17T10:44:40+00:00","dateModified":"2026-04-20T13:04:36+00:00","breadcrumb":{"@id":"https:\/\/wurn.eu\/sv\/om-oss-2\/#breadcrumb"},"inLanguage":"sv-SE","potentialAction":[{"@type":"ReadAction","target":["https:\/\/wurn.eu\/sv\/om-oss-2\/"]}]},{"@type":"BreadcrumbList","@id":"https:\/\/wurn.eu\/sv\/om-oss-2\/#breadcrumb","itemListElement":[{"@type":"ListItem","position":1,"name":"Home","item":"https:\/\/wurn.eu\/sv\/startsida\/"},{"@type":"ListItem","position":2,"name":"Om oss"}]},{"@type":"WebSite","@id":"https:\/\/wurn.eu\/#website","url":"https:\/\/wurn.eu\/","name":"WURN urnid","description":"Lambavillasest vildist ja v\u00e4\u00e4rispuidust birolagunevad urnid","publisher":{"@id":"https:\/\/wurn.eu\/#organization"},"potentialAction":[{"@type":"SearchAction","target":{"@type":"EntryPoint","urlTemplate":"https:\/\/wurn.eu\/?s={search_term_string}"},"query-input":{"@type":"PropertyValueSpecification","valueRequired":true,"valueName":"search_term_string"}}],"inLanguage":"sv-SE"},{"@type":"Organization","@id":"https:\/\/wurn.eu\/#organization","name":"WURN urnid","url":"https:\/\/wurn.eu\/","logo":{"@type":"ImageObject","inLanguage":"sv-SE","@id":"https:\/\/wurn.eu\/#\/schema\/logo\/image\/","url":"https:\/\/wurn.eu\/wp-content\/uploads\/2024\/10\/WURN_logo_UUS_v3_1_original_black.png","contentUrl":"https:\/\/wurn.eu\/wp-content\/uploads\/2024\/10\/WURN_logo_UUS_v3_1_original_black.png","width":270,"height":316,"caption":"WURN urnid"},"image":{"@id":"https:\/\/wurn.eu\/#\/schema\/logo\/image\/"}}]}},"jetpack_sharing_enabled":true,"_links":{"self":[{"href":"https:\/\/wurn.eu\/sv\/wp-json\/wp\/v2\/pages\/4108","targetHints":{"allow":["GET"]}}],"collection":[{"href":"https:\/\/wurn.eu\/sv\/wp-json\/wp\/v2\/pages"}],"about":[{"href":"https:\/\/wurn.eu\/sv\/wp-json\/wp\/v2\/types\/page"}],"author":[{"embeddable":true,"href":"https:\/\/wurn.eu\/sv\/wp-json\/wp\/v2\/users\/3"}],"replies":[{"embeddable":true,"href":"https:\/\/wurn.eu\/sv\/wp-json\/wp\/v2\/comments?post=4108"}],"version-history":[{"count":3,"href":"https:\/\/wurn.eu\/sv\/wp-json\/wp\/v2\/pages\/4108\/revisions"}],"predecessor-version":[{"id":4180,"href":"https:\/\/wurn.eu\/sv\/wp-json\/wp\/v2\/pages\/4108\/revisions\/4180"}],"wp:attachment":[{"href":"https:\/\/wurn.eu\/sv\/wp-json\/wp\/v2\/media?parent=4108"}],"curies":[{"name":"wp","href":"https:\/\/api.w.org\/{rel}","templated":true}]}}