{"id":3952,"date":"2024-10-09T15:35:58","date_gmt":"2024-10-09T12:35:58","guid":{"rendered":"https:\/\/wurn.eu\/integritetspolicy\/"},"modified":"2026-04-21T19:55:54","modified_gmt":"2026-04-21T16:55:54","slug":"integritetspolicy","status":"publish","type":"page","link":"https:\/\/wurn.eu\/sv\/integritetspolicy\/","title":{"rendered":"Integritetspolicy"},"content":{"rendered":"\t\t<div data-elementor-type=\"wp-page\" data-elementor-id=\"3952\" class=\"elementor elementor-3952 elementor-3\" data-elementor-post-type=\"page\">\n\t\t\t\t<div class=\"elementor-element elementor-element-6865e40c e-flex e-con-boxed e-con e-parent\" data-id=\"6865e40c\" data-element_type=\"container\" data-e-type=\"container\">\n\t\t\t\t\t<div class=\"e-con-inner\">\n\t\t\t\t<div class=\"elementor-element elementor-element-6da93331 elementor-widget elementor-widget-text-editor\" data-id=\"6da93331\" data-element_type=\"widget\" data-e-type=\"widget\" data-widget_type=\"text-editor.default\">\n\t\t\t\t<div class=\"elementor-widget-container\">\n\t\t\t\t\t\t\t\t\t<h2 data-start=\"285\" data-end=\"311\">BEHANDLING AV PERSONUPPGIFTER<\/h2><p data-start=\"313\" data-end=\"392\"><br>Personuppgiftsansvarig f\u00f6r webbplatsen <a class=\"decorated-link\" href=\"http:\/\/www.wurn.eu\" target=\"_new\" rel=\"noopener\" data-start=\"323\" data-end=\"334\">www.wurn.eu<\/a> (nedan kallad \u201dWebbplatsen\u201d) \u00e4r:<\/p><p data-start=\"394\" data-end=\"521\"><strong data-start=\"394\" data-end=\"405\">Wurn O\u00dc<\/strong><br data-start=\"405\" data-end=\"408\">Registreringsnummer: 17231525<br data-start=\"430\" data-end=\"433\">Adress: Haeska, Saaremaa, Estland<br data-start=\"470\" data-end=\"473\">E-post: <a class=\"decorated-link cursor-pointer\" rel=\"noopener\" data-start=\"481\" data-end=\"493\">info@wurn.eu<\/a><br data-start=\"493\" data-end=\"496\">Telefon: +372 5628 6826<\/p><p data-start=\"523\" data-end=\"676\">Wurn O\u00dc respekterar din integritet och behandlar personuppgifter i enlighet med Europeiska unionens allm\u00e4nna dataskyddsf\u00f6rordning (GDPR) samt Estlands lagstiftning.<\/p><hr data-start=\"678\" data-end=\"681\"><h2 data-start=\"683\" data-end=\"720\">Vilka personuppgifter behandlas<\/h2><p data-start=\"722\" data-end=\"766\">Wurn O\u00dc kan behandla f\u00f6ljande personuppgifter:<\/p><ul data-start=\"768\" data-end=\"1027\"><li data-start=\"768\" data-end=\"776\"><p data-start=\"770\" data-end=\"776\">namn<\/p><\/li><li data-start=\"777\" data-end=\"795\"><p data-start=\"779\" data-end=\"795\">telefonnummer<\/p><\/li><li data-start=\"796\" data-end=\"815\"><p data-start=\"798\" data-end=\"815\">e-postadress<\/p><\/li><li data-start=\"816\" data-end=\"832\"><p data-start=\"818\" data-end=\"832\">leveransadress<\/p><\/li><li data-start=\"833\" data-end=\"895\"><p data-start=\"835\" data-end=\"895\">orderrelaterade uppgifter (produktens namn, antal, pris)<\/p><\/li><li data-start=\"896\" data-end=\"930\"><p data-start=\"898\" data-end=\"930\">uppgifter som \u00e4r n\u00f6dv\u00e4ndiga f\u00f6r fakturering<\/p><\/li><li data-start=\"931\" data-end=\"964\"><p data-start=\"933\" data-end=\"964\">kundkommunikation och relaterad information<\/p><\/li><li data-start=\"965\" data-end=\"1027\"><p data-start=\"967\" data-end=\"1027\">IP-adress och tekniska logguppgifter vid bes\u00f6k p\u00e5 Webbplatsen<\/p><\/li><\/ul><hr data-start=\"1029\" data-end=\"1032\"><h2 data-start=\"1034\" data-end=\"1068\">Syfte med behandlingen av personuppgifter<\/h2><p data-start=\"1070\" data-end=\"1095\">Personuppgifter anv\u00e4nds f\u00f6r:<\/p><ul data-start=\"1097\" data-end=\"1324\"><li data-start=\"1097\" data-end=\"1137\"><p data-start=\"1099\" data-end=\"1137\">att hantera och fullf\u00f6lja best\u00e4llningar<\/p><\/li><li data-start=\"1138\" data-end=\"1169\"><p data-start=\"1140\" data-end=\"1169\">kaupade kohaletoimetamiseks<\/p><\/li><li data-start=\"1170\" data-end=\"1212\"><p data-start=\"1172\" data-end=\"1212\">kundkommunikation och efterservice<\/p><\/li><li data-start=\"1213\" data-end=\"1274\"><p data-start=\"1215\" data-end=\"1274\">att utf\u00e4rda fakturor och uppfylla bokf\u00f6ringsskyldigheter<\/p><\/li><li data-start=\"1275\" data-end=\"1324\"><p data-start=\"1277\" data-end=\"1324\">att s\u00e4kerst\u00e4lla Webbplatsens funktion och s\u00e4kerhet<\/p><\/li><\/ul><p data-start=\"1326\" data-end=\"1426\">Nyhetsbrev eller marknadsf\u00f6ringsmeddelanden skickas endast om personen har l\u00e4mnat ett separat samtycke.<\/p><hr data-start=\"1428\" data-end=\"1431\"><h2 data-start=\"1433\" data-end=\"1449\">R\u00e4ttslig grund<\/h2><p data-start=\"1451\" data-end=\"1482\">Behandling av personuppgifter sker:<\/p><ul data-start=\"1484\" data-end=\"1680\"><li data-start=\"1484\" data-end=\"1525\"><p data-start=\"1486\" data-end=\"1525\">f\u00f6r att fullg\u00f6ra avtal med kunden<\/p><\/li><li data-start=\"1526\" data-end=\"1583\"><p data-start=\"1528\" data-end=\"1583\">f\u00f6r att uppfylla r\u00e4ttsliga skyldigheter (t.ex. bokf\u00f6ring)<\/p><\/li><li data-start=\"1584\" data-end=\"1636\"><p data-start=\"1586\" data-end=\"1636\">med st\u00f6d av ber\u00e4ttigat intresse (t.ex. Webbplatsens s\u00e4kerhet)<\/p><\/li><li data-start=\"1637\" data-end=\"1680\"><p data-start=\"1639\" data-end=\"1680\">med st\u00f6d av kundens samtycke (t.ex. nyhetsbrev)<\/p><\/li><\/ul><hr data-start=\"1682\" data-end=\"1685\"><h2 data-start=\"1687\" data-end=\"1713\">Utl\u00e4mnande av personuppgifter<\/h2><p data-start=\"1715\" data-end=\"1773\">Personuppgifter s\u00e4ljs eller l\u00e4mnas inte ut till tredje part.<\/p><p data-start=\"1775\" data-end=\"1808\">Uppgifter kan endast l\u00e4mnas ut till:<\/p><ul data-start=\"1810\" data-end=\"2037\"><li data-start=\"1810\" data-end=\"1893\"><p data-start=\"1812\" data-end=\"1893\">transporditeenuse pakkujale (Omniva \/ Itella \/ Posti) kauba kohaletoimetamiseks<\/p><\/li><li data-start=\"1894\" data-end=\"1972\"><p data-start=\"1896\" data-end=\"1972\">redovisningstj\u00e4nstleverant\u00f6r f\u00f6r att uppfylla lagstadgade skyldigheter<\/p><\/li><li data-start=\"1973\" data-end=\"2037\"><p data-start=\"1975\" data-end=\"2037\">webbhotell eller hostingleverant\u00f6r f\u00f6r att tillhandah\u00e5lla tekniska tj\u00e4nster<\/p><\/li><\/ul><p data-start=\"2039\" data-end=\"2119\">Alla personuppgiftsbitr\u00e4den \u00e4r skyldiga att s\u00e4kerst\u00e4lla en s\u00e4ker behandling av personuppgifter.<\/p><hr data-start=\"2121\" data-end=\"2124\"><h2 data-start=\"2126\" data-end=\"2148\">Lagring av uppgifter<\/h2><p data-start=\"2150\" data-end=\"2212\">Personuppgifter lagras endast s\u00e5 l\u00e4nge som det \u00e4r n\u00f6dv\u00e4ndigt:<\/p><ul data-start=\"2214\" data-end=\"2445\"><li data-start=\"2214\" data-end=\"2305\"><p data-start=\"2216\" data-end=\"2305\">orderrelaterade uppgifter lagras i enlighet med bokf\u00f6ringslagen (7 \u00e5r)<\/p><\/li><li data-start=\"2306\" data-end=\"2377\"><p data-start=\"2308\" data-end=\"2377\">uppgifter relaterade till kundkommunikation lagras tills eventuella krav har preskriberats<\/p><\/li><li data-start=\"2378\" data-end=\"2445\"><p data-start=\"2380\" data-end=\"2445\">marknadsf\u00f6ringssamtycken lagras tills samtycket \u00e5terkallas<\/p><\/li><\/ul><hr data-start=\"2447\" data-end=\"2450\"><h2 data-start=\"2452\" data-end=\"2468\">Den registrerades r\u00e4ttigheter<\/h2><p data-start=\"2470\" data-end=\"2484\">Du har r\u00e4tt att:<\/p><ul data-start=\"2486\" data-end=\"2735\"><li data-start=\"2486\" data-end=\"2536\"><p data-start=\"2488\" data-end=\"2536\">f\u00e5 information om behandlingen av dina personuppgifter<\/p><\/li><li data-start=\"2537\" data-end=\"2566\"><p data-start=\"2539\" data-end=\"2566\">beg\u00e4ra r\u00e4ttelse av uppgifter<\/p><\/li><li data-start=\"2567\" data-end=\"2628\"><p data-start=\"2569\" data-end=\"2628\">beg\u00e4ra radering av uppgifter, om det \u00e4r f\u00f6renligt med lag<\/p><\/li><li data-start=\"2629\" data-end=\"2659\"><p data-start=\"2631\" data-end=\"2659\">beg\u00e4ra begr\u00e4nsning av behandlingen<\/p><\/li><li data-start=\"2660\" data-end=\"2689\"><p data-start=\"2662\" data-end=\"2689\">\u00e5terkalla ditt samtycke<\/p><\/li><li data-start=\"2690\" data-end=\"2735\"><p data-start=\"2692\" data-end=\"2735\">inv\u00e4nda mot behandlingen av uppgifter<\/p><\/li><\/ul><p data-start=\"2737\" data-end=\"2791\">Vi ber dig skicka f\u00f6rfr\u00e5gningar till e-postadressen:<br> <a class=\"decorated-link cursor-pointer\" rel=\"noopener\" data-start=\"2779\" data-end=\"2791\">info@wurn.eu<\/a><\/p><p data-start=\"2793\" data-end=\"2827\">Vi svarar senast inom tre arbetsdagar.<\/p><hr data-start=\"2829\" data-end=\"2832\"><h2 data-start=\"2834\" data-end=\"2847\">S\u00e4kerhet<\/h2><p data-start=\"2849\" data-end=\"3013\">Wurn O\u00dc vidtar l\u00e4mpliga tekniska och organisatoriska s\u00e4kerhets\u00e5tg\u00e4rder f\u00f6r att skydda personuppgifter mot obeh\u00f6rig \u00e5tkomst, \u00e4ndring, utl\u00e4mnande eller f\u00f6rst\u00f6relse.<\/p><p data-start=\"3015\" data-end=\"3100\">Webbplatsens servrar \u00e4r placerade inom Europeiska unionen eller Europeiska ekonomiska samarbetsomr\u00e5det (EES).<\/p><hr data-start=\"3102\" data-end=\"3105\"><h2 data-start=\"3107\" data-end=\"3131\">Tvistl\u00f6sning<\/h2><p data-start=\"3133\" data-end=\"3243\">Vid fr\u00e5gor som r\u00f6r behandlingen av personuppgifter ber vi dig i f\u00f6rsta hand att kontakta oss via e-post<br> <a class=\"decorated-link cursor-pointer\" rel=\"noopener\" data-start=\"3230\" data-end=\"3242\">info@wurn.eu<\/a>.<\/p><p data-start=\"3245\" data-end=\"3311\">Tillsynsmyndigheten i Estland \u00e4r Andmekaitse Inspektsioon (Estlands dataskyddsinspektion).<br>(<a class=\"decorated-link\" href=\"http:\/\/www.aki.ee\" target=\"_new\" rel=\"noopener\" data-start=\"3299\" data-end=\"3309\">www.aki.ee<\/a>).<\/p>\t\t\t\t\t\t\t\t<\/div>\n\t\t\t\t<\/div>\n\t\t\t\t\t<\/div>\n\t\t\t\t<\/div>\n\t\t\t\t<\/div>\n\t\t","protected":false},"excerpt":{"rendered":"<p>BEHANDLING AV PERSONUPPGIFTER Personuppgiftsansvarig f\u00f6r webbplatsen www.wurn.eu (nedan kallad \u201dWebbplatsen\u201d) \u00e4r: Wurn O\u00dcRegistreringsnummer: 17231525Adress: Haeska, Saaremaa, EstlandE-post: info@wurn.euTelefon: +372 5628 6826 Wurn O\u00dc respekterar din integritet och behandlar personuppgifter i enlighet med Europeiska unionens allm\u00e4nna dataskyddsf\u00f6rordning (GDPR) samt Estlands lagstiftning. Vilka personuppgifter behandlas Wurn O\u00dc kan behandla f\u00f6ljande personuppgifter: namn telefonnummer e-postadress leveransadress orderrelaterade uppgifter&#8230;<\/p>\n","protected":false},"author":1,"featured_media":0,"parent":0,"menu_order":0,"comment_status":"closed","ping_status":"open","template":"","meta":{"_monsterinsights_skip_tracking":false,"_monsterinsights_sitenote_active":false,"_monsterinsights_sitenote_note":"","_monsterinsights_sitenote_category":0,"footnotes":""},"class_list":["post-3952","page","type-page","status-publish","hentry"],"yoast_head":"<!-- This site is optimized with the Yoast SEO plugin v26.6 - https:\/\/yoast.com\/wordpress\/plugins\/seo\/ -->\n<title>Integritetspolicy - WURN urnid<\/title>\n<meta name=\"description\" content=\"L\u00e4s hur vi samlar in, anv\u00e4nder och skyddar dina personuppgifter. Din integritet \u00e4r viktig f\u00f6r oss \u2013 l\u00e4s mer om v\u00e5r policy.\" \/>\n<meta name=\"robots\" content=\"index, follow, max-snippet:-1, max-image-preview:large, max-video-preview:-1\" \/>\n<link rel=\"canonical\" href=\"https:\/\/wurn.eu\/sv\/integritetspolicy\/\" \/>\n<meta property=\"og:locale\" content=\"sv_SE\" \/>\n<meta property=\"og:type\" content=\"article\" \/>\n<meta property=\"og:title\" content=\"Integritetspolicy - WURN urnid\" \/>\n<meta property=\"og:description\" content=\"L\u00e4s hur vi samlar in, anv\u00e4nder och skyddar dina personuppgifter. Din integritet \u00e4r viktig f\u00f6r oss \u2013 l\u00e4s mer om v\u00e5r policy.\" \/>\n<meta property=\"og:url\" content=\"https:\/\/wurn.eu\/sv\/integritetspolicy\/\" \/>\n<meta property=\"og:site_name\" content=\"WURN urnid\" \/>\n<meta property=\"article:modified_time\" content=\"2026-04-21T16:55:54+00:00\" \/>\n<meta name=\"twitter:card\" content=\"summary_large_image\" \/>\n<meta name=\"twitter:label1\" content=\"Ber\u00e4knad l\u00e4stid\" \/>\n\t<meta name=\"twitter:data1\" content=\"2 minuter\" \/>\n<script type=\"application\/ld+json\" class=\"yoast-schema-graph\">{\"@context\":\"https:\/\/schema.org\",\"@graph\":[{\"@type\":\"WebPage\",\"@id\":\"https:\/\/wurn.eu\/sv\/integritetspolicy\/\",\"url\":\"https:\/\/wurn.eu\/sv\/integritetspolicy\/\",\"name\":\"Integritetspolicy - WURN urnid\",\"isPartOf\":{\"@id\":\"https:\/\/wurn.eu\/#website\"},\"datePublished\":\"2024-10-09T12:35:58+00:00\",\"dateModified\":\"2026-04-21T16:55:54+00:00\",\"description\":\"L\u00e4s hur vi samlar in, anv\u00e4nder och skyddar dina personuppgifter. Din integritet \u00e4r viktig f\u00f6r oss \u2013 l\u00e4s mer om v\u00e5r policy.\",\"breadcrumb\":{\"@id\":\"https:\/\/wurn.eu\/sv\/integritetspolicy\/#breadcrumb\"},\"inLanguage\":\"sv-SE\",\"potentialAction\":[{\"@type\":\"ReadAction\",\"target\":[\"https:\/\/wurn.eu\/sv\/integritetspolicy\/\"]}]},{\"@type\":\"BreadcrumbList\",\"@id\":\"https:\/\/wurn.eu\/sv\/integritetspolicy\/#breadcrumb\",\"itemListElement\":[{\"@type\":\"ListItem\",\"position\":1,\"name\":\"Home\",\"item\":\"https:\/\/wurn.eu\/\"},{\"@type\":\"ListItem\",\"position\":2,\"name\":\"Integritetspolicy\"}]},{\"@type\":\"WebSite\",\"@id\":\"https:\/\/wurn.eu\/#website\",\"url\":\"https:\/\/wurn.eu\/\",\"name\":\"WURN urnid\",\"description\":\"Lambavillasest vildist ja v\u00e4\u00e4rispuidust birolagunevad urnid\",\"publisher\":{\"@id\":\"https:\/\/wurn.eu\/#organization\"},\"potentialAction\":[{\"@type\":\"SearchAction\",\"target\":{\"@type\":\"EntryPoint\",\"urlTemplate\":\"https:\/\/wurn.eu\/?s={search_term_string}\"},\"query-input\":{\"@type\":\"PropertyValueSpecification\",\"valueRequired\":true,\"valueName\":\"search_term_string\"}}],\"inLanguage\":\"sv-SE\"},{\"@type\":\"Organization\",\"@id\":\"https:\/\/wurn.eu\/#organization\",\"name\":\"WURN urnid\",\"url\":\"https:\/\/wurn.eu\/\",\"logo\":{\"@type\":\"ImageObject\",\"inLanguage\":\"sv-SE\",\"@id\":\"https:\/\/wurn.eu\/#\/schema\/logo\/image\/\",\"url\":\"https:\/\/wurn.eu\/wp-content\/uploads\/2024\/10\/WURN_logo_UUS_v3_1_original_black.png\",\"contentUrl\":\"https:\/\/wurn.eu\/wp-content\/uploads\/2024\/10\/WURN_logo_UUS_v3_1_original_black.png\",\"width\":270,\"height\":316,\"caption\":\"WURN urnid\"},\"image\":{\"@id\":\"https:\/\/wurn.eu\/#\/schema\/logo\/image\/\"}}]}<\/script>\n<!-- \/ Yoast SEO plugin. -->","yoast_head_json":{"title":"Integritetspolicy - WURN urnid","description":"L\u00e4s hur vi samlar in, anv\u00e4nder och skyddar dina personuppgifter. Din integritet \u00e4r viktig f\u00f6r oss \u2013 l\u00e4s mer om v\u00e5r policy.","robots":{"index":"index","follow":"follow","max-snippet":"max-snippet:-1","max-image-preview":"max-image-preview:large","max-video-preview":"max-video-preview:-1"},"canonical":"https:\/\/wurn.eu\/sv\/integritetspolicy\/","og_locale":"sv_SE","og_type":"article","og_title":"Integritetspolicy - WURN urnid","og_description":"L\u00e4s hur vi samlar in, anv\u00e4nder och skyddar dina personuppgifter. Din integritet \u00e4r viktig f\u00f6r oss \u2013 l\u00e4s mer om v\u00e5r policy.","og_url":"https:\/\/wurn.eu\/sv\/integritetspolicy\/","og_site_name":"WURN urnid","article_modified_time":"2026-04-21T16:55:54+00:00","twitter_card":"summary_large_image","twitter_misc":{"Ber\u00e4knad l\u00e4stid":"2 minuter"},"schema":{"@context":"https:\/\/schema.org","@graph":[{"@type":"WebPage","@id":"https:\/\/wurn.eu\/sv\/integritetspolicy\/","url":"https:\/\/wurn.eu\/sv\/integritetspolicy\/","name":"Integritetspolicy - WURN urnid","isPartOf":{"@id":"https:\/\/wurn.eu\/#website"},"datePublished":"2024-10-09T12:35:58+00:00","dateModified":"2026-04-21T16:55:54+00:00","description":"L\u00e4s hur vi samlar in, anv\u00e4nder och skyddar dina personuppgifter. Din integritet \u00e4r viktig f\u00f6r oss \u2013 l\u00e4s mer om v\u00e5r policy.","breadcrumb":{"@id":"https:\/\/wurn.eu\/sv\/integritetspolicy\/#breadcrumb"},"inLanguage":"sv-SE","potentialAction":[{"@type":"ReadAction","target":["https:\/\/wurn.eu\/sv\/integritetspolicy\/"]}]},{"@type":"BreadcrumbList","@id":"https:\/\/wurn.eu\/sv\/integritetspolicy\/#breadcrumb","itemListElement":[{"@type":"ListItem","position":1,"name":"Home","item":"https:\/\/wurn.eu\/"},{"@type":"ListItem","position":2,"name":"Integritetspolicy"}]},{"@type":"WebSite","@id":"https:\/\/wurn.eu\/#website","url":"https:\/\/wurn.eu\/","name":"WURN urnid","description":"Lambavillasest vildist ja v\u00e4\u00e4rispuidust birolagunevad urnid","publisher":{"@id":"https:\/\/wurn.eu\/#organization"},"potentialAction":[{"@type":"SearchAction","target":{"@type":"EntryPoint","urlTemplate":"https:\/\/wurn.eu\/?s={search_term_string}"},"query-input":{"@type":"PropertyValueSpecification","valueRequired":true,"valueName":"search_term_string"}}],"inLanguage":"sv-SE"},{"@type":"Organization","@id":"https:\/\/wurn.eu\/#organization","name":"WURN urnid","url":"https:\/\/wurn.eu\/","logo":{"@type":"ImageObject","inLanguage":"sv-SE","@id":"https:\/\/wurn.eu\/#\/schema\/logo\/image\/","url":"https:\/\/wurn.eu\/wp-content\/uploads\/2024\/10\/WURN_logo_UUS_v3_1_original_black.png","contentUrl":"https:\/\/wurn.eu\/wp-content\/uploads\/2024\/10\/WURN_logo_UUS_v3_1_original_black.png","width":270,"height":316,"caption":"WURN urnid"},"image":{"@id":"https:\/\/wurn.eu\/#\/schema\/logo\/image\/"}}]}},"jetpack_sharing_enabled":true,"_links":{"self":[{"href":"https:\/\/wurn.eu\/sv\/wp-json\/wp\/v2\/pages\/3952","targetHints":{"allow":["GET"]}}],"collection":[{"href":"https:\/\/wurn.eu\/sv\/wp-json\/wp\/v2\/pages"}],"about":[{"href":"https:\/\/wurn.eu\/sv\/wp-json\/wp\/v2\/types\/page"}],"author":[{"embeddable":true,"href":"https:\/\/wurn.eu\/sv\/wp-json\/wp\/v2\/users\/1"}],"replies":[{"embeddable":true,"href":"https:\/\/wurn.eu\/sv\/wp-json\/wp\/v2\/comments?post=3952"}],"version-history":[{"count":7,"href":"https:\/\/wurn.eu\/sv\/wp-json\/wp\/v2\/pages\/3952\/revisions"}],"predecessor-version":[{"id":4291,"href":"https:\/\/wurn.eu\/sv\/wp-json\/wp\/v2\/pages\/3952\/revisions\/4291"}],"wp:attachment":[{"href":"https:\/\/wurn.eu\/sv\/wp-json\/wp\/v2\/media?parent=3952"}],"curies":[{"name":"wp","href":"https:\/\/api.w.org\/{rel}","templated":true}]}}