{"id":3937,"date":"2024-10-29T19:53:09","date_gmt":"2024-10-29T17:53:09","guid":{"rendered":"https:\/\/wurn.eu\/kopvillkor\/"},"modified":"2026-04-21T19:13:47","modified_gmt":"2026-04-21T16:13:47","slug":"kopvillkor","status":"publish","type":"page","link":"https:\/\/wurn.eu\/sv\/kopvillkor\/","title":{"rendered":"K\u00f6pvillkor"},"content":{"rendered":"\t\t<div data-elementor-type=\"wp-page\" data-elementor-id=\"3937\" class=\"elementor elementor-3937 elementor-928\" data-elementor-post-type=\"page\">\n\t\t\t\t<div class=\"elementor-element elementor-element-412ac26a e-flex e-con-boxed e-con e-parent\" data-id=\"412ac26a\" data-element_type=\"container\" data-e-type=\"container\">\n\t\t\t\t\t<div class=\"e-con-inner\">\n\t\t\t\t<div class=\"elementor-element elementor-element-29ae6b0e elementor-widget-mobile__width-inherit elementor-widget elementor-widget-heading\" data-id=\"29ae6b0e\" data-element_type=\"widget\" data-e-type=\"widget\" data-widget_type=\"heading.default\">\n\t\t\t\t<div class=\"elementor-widget-container\">\n\t\t\t\t\t<h2 class=\"elementor-heading-title elementor-size-default\">K\u00f6pvillkor<\/h2>\t\t\t\t<\/div>\n\t\t\t\t<\/div>\n\t\t\t\t<div class=\"elementor-element elementor-element-b919138 elementor-widget elementor-widget-text-editor\" data-id=\"b919138\" data-element_type=\"widget\" data-e-type=\"widget\" data-widget_type=\"text-editor.default\">\n\t\t\t\t<div class=\"elementor-widget-container\">\n\t\t\t\t\t\t\t\t\t<h1><span style=\"font-size: 15px; font-weight: 400;\">Webbplatsen <\/span><a style=\"font-size: 15px; font-weight: 400;\" href=\"https:\/\/www.wurn.eu\">www.wurn.eu<\/a> <span style=\"font-size: 15px; font-weight: 400;\">(nedan kallad \u201dWebbplatsen\u201d) \u00e4gs av Wurn O\u00dc (registreringskod 17231525, Haeska by, Saaremaa, Estland)<\/span><\/h1><p>De produkter som presenteras p\u00e5 webbplatsen \u00e4r endast avsedda som information. Om du vill l\u00e4gga en best\u00e4llning eller ans\u00f6ka om \u00e5terf\u00f6rs\u00e4ljning, v\u00e4nligen kontakta oss via <a style=\"font-size: 16px;\" href=\"mailto:info@wurn.eu\">info@wurn.eu<\/a> eller <a href=\"tel:+37256286826\">+372 5628 6826<\/a>. Produktbeskrivningarna som visas p\u00e5 webbplatsen utg\u00f6r inte ett bindande erbjudande.  <\/p><hr><h2>1. K\u00f6peavtalets giltighet och produktinformation<\/h2><p>K\u00f6peavtalet ing\u00e5s efter att kunden har bekr\u00e4ftat best\u00e4llningen och Wurn O\u00dc har utf\u00e4rdat en faktura. Alla produkter tillverkas eller monteras f\u00f6r hand. Beskrivning och egenskaper f\u00f6r varan anges i anslutning till respektive produkt.  <\/p><h2>2. Hur du g\u00f6r en best\u00e4llning<\/h2><p>V\u00e4lj ett av f\u00f6ljande alternativ:<\/p><ul><li>v\u00e4lj en l\u00e4mplig produkt och klicka p\u00e5 \u201d<a href=\"https:\/\/wurn.eu\/sv\/kontakt\/\" target=\"_blank\" rel=\"noopener\">Skicka f\u00f6rfr\u00e5gan<\/a>\u201d<\/li><li>skriv till <a href=\"mailto:info@wurn.eu\">info@wurn.eu<\/a><\/li><li>ring <a href=\"tel:+37256286826\" target=\"_blank\" rel=\"noopener\">+372 5628 6826<\/a><\/li><\/ul><p>Efter att vi har mottagit din f\u00f6rfr\u00e5gan kontaktar vi dig f\u00f6r att bekr\u00e4fta detaljerna i best\u00e4llningen och utf\u00e4rdar en faktura f\u00f6r betalning.<\/p><h2>3. Betalningsmetoder<\/h2><p>Best\u00e4llningar kan betalas via bank\u00f6verf\u00f6ring baserat p\u00e5 faktura.<\/p><p data-start=\"0\" data-end=\"34\"><strong data-start=\"0\" data-end=\"34\">F\u00f6retagsuppgifter f\u00f6r fakturering<\/strong><\/p><p data-start=\"36\" data-end=\"186\">F\u00f6retagsnamn: Wurn O\u00dc<br data-start=\"59\" data-end=\"62\">Registreringskod: 17231525<br data-start=\"84\" data-end=\"87\">Momsnummer: EE102856330<br data-start=\"111\" data-end=\"114\">Adress: Luha, Haeska by, Saaremaa kommun, Saare l\u00e4n, 94142, Estland<\/p><p data-start=\"188\" data-end=\"236\">Bank: AS LHV Pank<br data-start=\"205\" data-end=\"208\">IBAN: EE897700771011718393<br data-start=\"46\" data-end=\"49\">SWIFT\/BIC: LHVBEE22<\/p><p data-start=\"238\" data-end=\"284\" data-is-last-node=\"\" data-is-only-node=\"\">E-post: <a rel=\"noopener\" data-start=\"246\" data-end=\"258\">info@wurn.eu<\/a><br data-start=\"258\" data-end=\"261\">Telefon: +372 5628 6826<\/p><h2>4. Leverans<\/h2><div>F\u00f6r detaljerade villkor och mer information, se: <a href=\"https:\/\/wurn.eu\/sv\/leverans-av-order\/\" target=\"_blank\" rel=\"noopener\">https:\/\/wurn.eu\/sv\/leverans-av-order\/<\/a><\/div><h2>5. \u00c5ngerr\u00e4tt och returer<\/h2><p>Konsumenten har r\u00e4tt att fr\u00e5ntr\u00e4da avtalet utan att ange n\u00e5got sk\u00e4l inom 14 dagar efter att varan har mottagits. \u00c5ngerr\u00e4tten g\u00e4ller inte om produkten har tillverkats enligt kundens specifikationer eller \u00e4r tydligt personligt anpassad (till exempel en specialtillverkad urna). <\/p><p>Returnerade varor m\u00e5ste vara oanv\u00e4nda, oskadade och i originalf\u00f6rpackning. Returkostnader betalas av k\u00f6paren, utom n\u00e4r returen beror p\u00e5 en defekt eller felaktig produkt. <\/p><p>F\u00f6r att ut\u00f6va \u00e5ngerr\u00e4tten ska k\u00f6paren skicka ett motsvarande e-postmeddelande till <a href=\"mailto:info@wurn.eu\">info@wurn.eu<\/a> senast 14 dagar efter att varan har mottagits. Betalningen \u00e5terbetalas inom 14 dagar fr\u00e5n det att den returnerade varan har mottagits. <\/p><h2>6. Reklamationer<\/h2><p>Wurn O\u00dc ansvarar f\u00f6r eventuella fel i produkten som uppst\u00e5r inom tv\u00e5 \u00e5r fr\u00e5n leveransdatumet. Om ett fel uppst\u00e5r, v\u00e4nligen kontakta oss via <a href=\"mailto:info@wurn.eu\">info@wurn.eu<\/a> eller per telefon p\u00e5 <a href=\"tel:+37256286826\">+372 5628 6826<\/a>. <\/p><h2>7. Behandling av personuppgifter<\/h2><p>Wurn O\u00dc anv\u00e4nder kundens personuppgifter endast f\u00f6r att behandla och leverera best\u00e4llningen. Uppgifterna l\u00e4mnas inte ut till tredje part, med undantag f\u00f6r transporttj\u00e4nstleverant\u00f6ren. <\/p><h2>8. \u00c5terf\u00f6rs\u00e4ljning och samarbete<\/h2><p>Wurn O\u00dc samarbetar med begravningsbyr\u00e5er och \u00e5terf\u00f6rs\u00e4ljare i Estland och internationellt. Om du vill f\u00e5 mer information om grossistpriser, partnervillkor eller samarbetsm\u00f6jligheter, v\u00e4nligen skriv till <a href=\"mailto:info@wurn.eu\">info@wurn.eu<\/a> eller ring <a style=\"font-size: 16px;\" href=\"tel:+37256286826\" target=\"_blank\" rel=\"noopener\">+372 5628 6826<\/a>. <\/p><h2>9. Tvistl\u00f6sning<\/h2><p>Om du har n\u00e5gra klagom\u00e5l ber vi dig kontakta oss via e-post eller telefon. Om en \u00f6verenskommelse inte kan n\u00e5s har konsumenten r\u00e4tt att v\u00e4nda sig till konsumenttvistn\u00e4mnden eller EU:s plattform f\u00f6r tvistl\u00f6sning online samt till skiljedomstol. <\/p>\t\t\t\t\t\t\t\t<\/div>\n\t\t\t\t<\/div>\n\t\t\t\t<div class=\"elementor-element elementor-element-fffe777 elementor-align-center elementor-widget__width-auto elementor-widget elementor-widget-button\" data-id=\"fffe777\" data-element_type=\"widget\" data-e-type=\"widget\" data-widget_type=\"button.default\">\n\t\t\t\t<div class=\"elementor-widget-container\">\n\t\t\t\t\t\t\t\t\t<div class=\"elementor-button-wrapper\">\n\t\t\t\t\t<a class=\"elementor-button elementor-button-link elementor-size-sm\" href=\"https:\/\/wurn.eu\/sv\/katalog\/\">\n\t\t\t\t\t\t<span class=\"elementor-button-content-wrapper\">\n\t\t\t\t\t\t\t\t\t<span class=\"elementor-button-text\">Katalog<\/span>\n\t\t\t\t\t<\/span>\n\t\t\t\t\t<\/a>\n\t\t\t\t<\/div>\n\t\t\t\t\t\t\t\t<\/div>\n\t\t\t\t<\/div>\n\t\t\t\t\t<\/div>\n\t\t\t\t<\/div>\n\t\t\t\t<\/div>\n\t\t","protected":false},"excerpt":{"rendered":"<p>K\u00f6pvillkor Webbplatsen www.wurn.eu (nedan kallad \u201dWebbplatsen\u201d) \u00e4gs av Wurn O\u00dc (registreringskod 17231525, Haeska by, Saaremaa, Estland) De produkter som presenteras p\u00e5 webbplatsen \u00e4r endast avsedda som information. Om du vill l\u00e4gga en best\u00e4llning eller ans\u00f6ka om \u00e5terf\u00f6rs\u00e4ljning, v\u00e4nligen kontakta oss via info@wurn.eu eller +372 5628 6826. Produktbeskrivningarna som visas p\u00e5 webbplatsen utg\u00f6r inte ett bindande&#8230;<\/p>\n","protected":false},"author":1,"featured_media":0,"parent":0,"menu_order":0,"comment_status":"closed","ping_status":"closed","template":"elementor_header_footer","meta":{"_monsterinsights_skip_tracking":false,"_monsterinsights_sitenote_active":false,"_monsterinsights_sitenote_note":"","_monsterinsights_sitenote_category":0,"footnotes":""},"class_list":["post-3937","page","type-page","status-publish","hentry"],"yoast_head":"<!-- This site is optimized with the Yoast SEO plugin v26.6 - https:\/\/yoast.com\/wordpress\/plugins\/seo\/ -->\n<title>K\u00f6pvillkor - WURN urnid<\/title>\n<meta name=\"description\" content=\"L\u00e4s WURN O\u00dc:s k\u00f6pvillkor. Handgjorda produkter, trygg best\u00e4llning, returer och integritet \u2013 allt tydligt och enkelt beskrivet.\" \/>\n<meta name=\"robots\" content=\"index, follow, max-snippet:-1, max-image-preview:large, max-video-preview:-1\" \/>\n<link rel=\"canonical\" href=\"https:\/\/wurn.eu\/sv\/kopvillkor\/\" \/>\n<meta property=\"og:locale\" content=\"sv_SE\" \/>\n<meta property=\"og:type\" content=\"article\" \/>\n<meta property=\"og:title\" content=\"K\u00f6pvillkor - WURN urnid\" \/>\n<meta property=\"og:description\" content=\"L\u00e4s WURN O\u00dc:s k\u00f6pvillkor. Handgjorda produkter, trygg best\u00e4llning, returer och integritet \u2013 allt tydligt och enkelt beskrivet.\" \/>\n<meta property=\"og:url\" content=\"https:\/\/wurn.eu\/sv\/kopvillkor\/\" \/>\n<meta property=\"og:site_name\" content=\"WURN urnid\" \/>\n<meta property=\"article:modified_time\" content=\"2026-04-21T16:13:47+00:00\" \/>\n<meta name=\"twitter:card\" content=\"summary_large_image\" \/>\n<meta name=\"twitter:label1\" content=\"Ber\u00e4knad l\u00e4stid\" \/>\n\t<meta name=\"twitter:data1\" content=\"2 minuter\" \/>\n<script type=\"application\/ld+json\" class=\"yoast-schema-graph\">{\"@context\":\"https:\/\/schema.org\",\"@graph\":[{\"@type\":\"WebPage\",\"@id\":\"https:\/\/wurn.eu\/sv\/kopvillkor\/\",\"url\":\"https:\/\/wurn.eu\/sv\/kopvillkor\/\",\"name\":\"K\u00f6pvillkor - WURN urnid\",\"isPartOf\":{\"@id\":\"https:\/\/wurn.eu\/#website\"},\"datePublished\":\"2024-10-29T17:53:09+00:00\",\"dateModified\":\"2026-04-21T16:13:47+00:00\",\"description\":\"L\u00e4s WURN O\u00dc:s k\u00f6pvillkor. Handgjorda produkter, trygg best\u00e4llning, returer och integritet \u2013 allt tydligt och enkelt beskrivet.\",\"breadcrumb\":{\"@id\":\"https:\/\/wurn.eu\/sv\/kopvillkor\/#breadcrumb\"},\"inLanguage\":\"sv-SE\",\"potentialAction\":[{\"@type\":\"ReadAction\",\"target\":[\"https:\/\/wurn.eu\/sv\/kopvillkor\/\"]}]},{\"@type\":\"BreadcrumbList\",\"@id\":\"https:\/\/wurn.eu\/sv\/kopvillkor\/#breadcrumb\",\"itemListElement\":[{\"@type\":\"ListItem\",\"position\":1,\"name\":\"Home\",\"item\":\"https:\/\/wurn.eu\/\"},{\"@type\":\"ListItem\",\"position\":2,\"name\":\"K\u00f6pvillkor\"}]},{\"@type\":\"WebSite\",\"@id\":\"https:\/\/wurn.eu\/#website\",\"url\":\"https:\/\/wurn.eu\/\",\"name\":\"WURN urnid\",\"description\":\"Lambavillasest vildist ja v\u00e4\u00e4rispuidust birolagunevad urnid\",\"publisher\":{\"@id\":\"https:\/\/wurn.eu\/#organization\"},\"potentialAction\":[{\"@type\":\"SearchAction\",\"target\":{\"@type\":\"EntryPoint\",\"urlTemplate\":\"https:\/\/wurn.eu\/?s={search_term_string}\"},\"query-input\":{\"@type\":\"PropertyValueSpecification\",\"valueRequired\":true,\"valueName\":\"search_term_string\"}}],\"inLanguage\":\"sv-SE\"},{\"@type\":\"Organization\",\"@id\":\"https:\/\/wurn.eu\/#organization\",\"name\":\"WURN urnid\",\"url\":\"https:\/\/wurn.eu\/\",\"logo\":{\"@type\":\"ImageObject\",\"inLanguage\":\"sv-SE\",\"@id\":\"https:\/\/wurn.eu\/#\/schema\/logo\/image\/\",\"url\":\"https:\/\/wurn.eu\/wp-content\/uploads\/2024\/10\/WURN_logo_UUS_v3_1_original_black.png\",\"contentUrl\":\"https:\/\/wurn.eu\/wp-content\/uploads\/2024\/10\/WURN_logo_UUS_v3_1_original_black.png\",\"width\":270,\"height\":316,\"caption\":\"WURN urnid\"},\"image\":{\"@id\":\"https:\/\/wurn.eu\/#\/schema\/logo\/image\/\"}}]}<\/script>\n<!-- \/ Yoast SEO plugin. -->","yoast_head_json":{"title":"K\u00f6pvillkor - WURN urnid","description":"L\u00e4s WURN O\u00dc:s k\u00f6pvillkor. Handgjorda produkter, trygg best\u00e4llning, returer och integritet \u2013 allt tydligt och enkelt beskrivet.","robots":{"index":"index","follow":"follow","max-snippet":"max-snippet:-1","max-image-preview":"max-image-preview:large","max-video-preview":"max-video-preview:-1"},"canonical":"https:\/\/wurn.eu\/sv\/kopvillkor\/","og_locale":"sv_SE","og_type":"article","og_title":"K\u00f6pvillkor - WURN urnid","og_description":"L\u00e4s WURN O\u00dc:s k\u00f6pvillkor. Handgjorda produkter, trygg best\u00e4llning, returer och integritet \u2013 allt tydligt och enkelt beskrivet.","og_url":"https:\/\/wurn.eu\/sv\/kopvillkor\/","og_site_name":"WURN urnid","article_modified_time":"2026-04-21T16:13:47+00:00","twitter_card":"summary_large_image","twitter_misc":{"Ber\u00e4knad l\u00e4stid":"2 minuter"},"schema":{"@context":"https:\/\/schema.org","@graph":[{"@type":"WebPage","@id":"https:\/\/wurn.eu\/sv\/kopvillkor\/","url":"https:\/\/wurn.eu\/sv\/kopvillkor\/","name":"K\u00f6pvillkor - WURN urnid","isPartOf":{"@id":"https:\/\/wurn.eu\/#website"},"datePublished":"2024-10-29T17:53:09+00:00","dateModified":"2026-04-21T16:13:47+00:00","description":"L\u00e4s WURN O\u00dc:s k\u00f6pvillkor. Handgjorda produkter, trygg best\u00e4llning, returer och integritet \u2013 allt tydligt och enkelt beskrivet.","breadcrumb":{"@id":"https:\/\/wurn.eu\/sv\/kopvillkor\/#breadcrumb"},"inLanguage":"sv-SE","potentialAction":[{"@type":"ReadAction","target":["https:\/\/wurn.eu\/sv\/kopvillkor\/"]}]},{"@type":"BreadcrumbList","@id":"https:\/\/wurn.eu\/sv\/kopvillkor\/#breadcrumb","itemListElement":[{"@type":"ListItem","position":1,"name":"Home","item":"https:\/\/wurn.eu\/"},{"@type":"ListItem","position":2,"name":"K\u00f6pvillkor"}]},{"@type":"WebSite","@id":"https:\/\/wurn.eu\/#website","url":"https:\/\/wurn.eu\/","name":"WURN urnid","description":"Lambavillasest vildist ja v\u00e4\u00e4rispuidust birolagunevad urnid","publisher":{"@id":"https:\/\/wurn.eu\/#organization"},"potentialAction":[{"@type":"SearchAction","target":{"@type":"EntryPoint","urlTemplate":"https:\/\/wurn.eu\/?s={search_term_string}"},"query-input":{"@type":"PropertyValueSpecification","valueRequired":true,"valueName":"search_term_string"}}],"inLanguage":"sv-SE"},{"@type":"Organization","@id":"https:\/\/wurn.eu\/#organization","name":"WURN urnid","url":"https:\/\/wurn.eu\/","logo":{"@type":"ImageObject","inLanguage":"sv-SE","@id":"https:\/\/wurn.eu\/#\/schema\/logo\/image\/","url":"https:\/\/wurn.eu\/wp-content\/uploads\/2024\/10\/WURN_logo_UUS_v3_1_original_black.png","contentUrl":"https:\/\/wurn.eu\/wp-content\/uploads\/2024\/10\/WURN_logo_UUS_v3_1_original_black.png","width":270,"height":316,"caption":"WURN urnid"},"image":{"@id":"https:\/\/wurn.eu\/#\/schema\/logo\/image\/"}}]}},"jetpack_sharing_enabled":true,"_links":{"self":[{"href":"https:\/\/wurn.eu\/sv\/wp-json\/wp\/v2\/pages\/3937","targetHints":{"allow":["GET"]}}],"collection":[{"href":"https:\/\/wurn.eu\/sv\/wp-json\/wp\/v2\/pages"}],"about":[{"href":"https:\/\/wurn.eu\/sv\/wp-json\/wp\/v2\/types\/page"}],"author":[{"embeddable":true,"href":"https:\/\/wurn.eu\/sv\/wp-json\/wp\/v2\/users\/1"}],"replies":[{"embeddable":true,"href":"https:\/\/wurn.eu\/sv\/wp-json\/wp\/v2\/comments?post=3937"}],"version-history":[{"count":22,"href":"https:\/\/wurn.eu\/sv\/wp-json\/wp\/v2\/pages\/3937\/revisions"}],"predecessor-version":[{"id":4282,"href":"https:\/\/wurn.eu\/sv\/wp-json\/wp\/v2\/pages\/3937\/revisions\/4282"}],"wp:attachment":[{"href":"https:\/\/wurn.eu\/sv\/wp-json\/wp\/v2\/media?parent=3937"}],"curies":[{"name":"wp","href":"https:\/\/api.w.org\/{rel}","templated":true}]}}