{"id":3916,"date":"2024-10-20T17:11:28","date_gmt":"2024-10-20T14:11:28","guid":{"rendered":"https:\/\/wurn.eu\/vanliga-fragor\/"},"modified":"2026-04-20T16:14:46","modified_gmt":"2026-04-20T13:14:46","slug":"vanliga-fragor","status":"publish","type":"page","link":"https:\/\/wurn.eu\/sv\/vanliga-fragor\/","title":{"rendered":"Vanliga fr\u00e5gor"},"content":{"rendered":"\t\t<div data-elementor-type=\"wp-page\" data-elementor-id=\"3916\" class=\"elementor elementor-3916 elementor-263\" data-elementor-post-type=\"page\">\n\t\t\t\t<div class=\"elementor-element elementor-element-2a9411d8 e-con-full e-flex e-con e-parent\" data-id=\"2a9411d8\" data-element_type=\"container\" data-e-type=\"container\">\n\t\t\t\t<div class=\"elementor-element elementor-element-2d8d816d elementor-widget elementor-widget-heading\" data-id=\"2d8d816d\" data-element_type=\"widget\" data-e-type=\"widget\" data-widget_type=\"heading.default\">\n\t\t\t\t<div class=\"elementor-widget-container\">\n\t\t\t\t\t<h3 class=\"elementor-heading-title elementor-size-default\">VANLIGA FR\u00c5GOR<\/h3>\t\t\t\t<\/div>\n\t\t\t\t<\/div>\n\t\t<div class=\"elementor-element elementor-element-6d52b0c8 e-con-full e-flex e-con e-child\" data-id=\"6d52b0c8\" data-element_type=\"container\" data-e-type=\"container\">\n\t\t\t\t<div class=\"elementor-element elementor-element-51843bc6 elementor-widget elementor-widget-toggle\" data-id=\"51843bc6\" data-element_type=\"widget\" data-e-type=\"widget\" data-widget_type=\"toggle.default\">\n\t\t\t\t<div class=\"elementor-widget-container\">\n\t\t\t\t\t\t\t<div class=\"elementor-toggle\">\n\t\t\t\t\t\t\t<div class=\"elementor-toggle-item\">\n\t\t\t\t\t<h1 id=\"elementor-tab-title-1361\" class=\"elementor-tab-title\" data-tab=\"1\" role=\"button\" aria-controls=\"elementor-tab-content-1361\" aria-expanded=\"false\">\n\t\t\t\t\t\t\t\t\t\t\t\t<a class=\"elementor-toggle-title\" tabindex=\"0\">Vilken urna ska jag v\u00e4lja?<\/a>\n\t\t\t\t\t<\/h1>\n\n\t\t\t\t\t<div id=\"elementor-tab-content-1361\" class=\"elementor-tab-content elementor-clearfix\" data-tab=\"1\" role=\"region\" aria-labelledby=\"elementor-tab-title-1361\"><p data-start=\"378\" data-end=\"644\">M\u00e4ngden aska beror p\u00e5 benmassa och bent\u00e4thet, som utvecklas under livets g\u00e5ng. Det g\u00e5r inte att avg\u00f6ra m\u00e4ngden utifr\u00e5n kroppsvikt, men den kan uppskattas med f\u00f6ljande tumregel: <strong><strong data-start=\"235\" data-end=\"243\">1 kg \u2192 ca 0,04 l<\/strong>.<\/strong> <\/p>\n<p data-start=\"378\" data-end=\"644\">Till exempel minskar bent\u00e4theten med \u00e5ldern hos \u00e4ldre personer, vilket inneb\u00e4r att \u00e4ven m\u00e4ngden aska blir mindre.<\/p>\n<p data-start=\"537\" data-end=\"674\"><strong>Efter en vuxen <\/strong>person eller ungdom \u00e5terst\u00e5r i genomsnitt 2,4\u20134,5 liter aska, vilket inneb\u00e4r att <strong>en stor urna <\/strong>\u00e4r l\u00e4mplig.<\/p>\n<p data-start=\"855\" data-end=\"975\">F\u00f6r barn fr\u00e5n cirka 2 \u00e5rs \u00e5lder \u00e5terst\u00e5r i genomsnitt 0,5\u20132,4 liter aska.  <strong> En medelstor urna \u00e4r l\u00e4mplig. Den passar \u00e4ven f\u00f6r en mindre vuxen person. <\/strong><\/p>\n<p data-start=\"855\" data-end=\"975\"><strong>F\u00f6r husdjur<\/strong> (upp till ca 16 kg) \u00e5terst\u00e5r i genomsnitt cirka 0,6 liter aska, vilket inneb\u00e4r att <strong>en liten urna<\/strong> \u00e4r l\u00e4mplig.<\/p>\n<p data-start=\"855\" data-end=\"975\">F\u00f6r sp\u00e4dbarn och sm\u00e5barn upp till cirka 2 \u00e5rs \u00e5lder \u00e4r <strong>en liten urna<\/strong> l\u00e4mplig.<\/p>\n<\/div>\n\t\t\t\t<\/div>\n\t\t\t\t\t\t\t<div class=\"elementor-toggle-item\">\n\t\t\t\t\t<h1 id=\"elementor-tab-title-1362\" class=\"elementor-tab-title\" data-tab=\"2\" role=\"button\" aria-controls=\"elementor-tab-content-1362\" aria-expanded=\"false\">\n\t\t\t\t\t\t\t\t\t\t\t\t<a class=\"elementor-toggle-title\" tabindex=\"0\">Kan jag ta med en urna som jag sj\u00e4lv har k\u00f6pt till begravningsbyr\u00e5n?<\/a>\n\t\t\t\t\t<\/h1>\n\n\t\t\t\t\t<div id=\"elementor-tab-content-1362\" class=\"elementor-tab-content elementor-clearfix\" data-tab=\"2\" role=\"region\" aria-labelledby=\"elementor-tab-title-1362\"><p>Att anv\u00e4nda en WURN-urna vid kremationsbegravning \u00e4r enkelt och smidigt.<\/p>\n<ol>\n<li>\n<p>Katalog \u2013 v\u00e4lj en urna som passar. Vid behov kan du be om r\u00e5d \u2013 vi hj\u00e4lper dig att fatta r\u00e4tt beslut. <\/p>\n<\/li>\n<li>\n<p>Kontakta oss \u2013 efter r\u00e5dgivning sammanst\u00e4ller och f\u00f6rpackar vi den urna du har valt.<\/p>\n<\/li>\n<li>\n<p><strong>Leverans <\/strong>\u2013 urnan skickas till den paketautomat du v\u00e4ljer. Leverans inom Estland tar vanligtvis <strong>1\u20132 arbetsdagar.<\/strong> <\/p>\n<\/li>\n<li>\n<p>Anv\u00e4ndning \u2013 n\u00e4r urnan anl\u00e4nder l\u00e4mnas den till begravningsbyr\u00e5n. Placeringen av askan i urnan utf\u00f6rs antingen av krematoriet eller begravningsbyr\u00e5n. \u00d6ppning och f\u00f6rslutning \u00e4r enkla, vilket g\u00f6r processen smidig och v\u00e4rdig.  <\/p>\n<\/li>\n<\/ol>\n<p><strong style=\"letter-spacing: 0px; word-spacing: 0em;\">Sammanfattning:<\/strong><\/p>\n<p>\u2013 vid best\u00e4llning finns vi till hj\u00e4lp<br \/>\u2013 leveransen till dig sker inom n\u00e5gra arbetsdagar<br \/>\u2013 anv\u00e4ndningen \u00e4r enkel<\/p>\n<\/div>\n\t\t\t\t<\/div>\n\t\t\t\t\t\t\t<div class=\"elementor-toggle-item\">\n\t\t\t\t\t<h1 id=\"elementor-tab-title-1363\" class=\"elementor-tab-title\" data-tab=\"3\" role=\"button\" aria-controls=\"elementor-tab-content-1363\" aria-expanded=\"false\">\n\t\t\t\t\t\t\t\t\t\t\t\t<a class=\"elementor-toggle-title\" tabindex=\"0\">Ritualer med urnan efter kremering<\/a>\n\t\t\t\t\t<\/h1>\n\n\t\t\t\t\t<div id=\"elementor-tab-content-1363\" class=\"elementor-tab-content elementor-clearfix\" data-tab=\"3\" role=\"region\" aria-labelledby=\"elementor-tab-title-1363\"><p>Kremationsbegravning \u00e4r idag den vanligaste formen. Det finns inga fasta regler i detta sammanhang. Vid \u00f6nskem\u00e5l kan olika ritualer genomf\u00f6ras med urnan.  <\/p>\n<p>Gravs\u00e4ttning \u2013 det finns flera goda sk\u00e4l att v\u00e4lja kremationsbegravning, varav ett \u00e4r det mindre utrymmesbehovet p\u00e5 kyrkog\u00e5rden. P\u00e5 s\u00e5 s\u00e4tt kan n\u00e4rst\u00e5ende gravs\u00e4ttas bredvid varandra. <\/p>\n<p>Minnesplats \u2013 efter avskedsceremonin kan urnan f\u00f6rvaras i hemmet. P\u00e5 s\u00e5 s\u00e4tt f\u00e5r ni m\u00f6jlighet att i lugn och ro planera tidpunkten f\u00f6r gravs\u00e4ttningen tillsammans med de n\u00e4rst\u00e5ende. <\/p>\n<p>Askstr\u00f6ning \u2013 vid \u00f6nskem\u00e5l kan askan str\u00f6s p\u00e5 en plats som varit betydelsefull f\u00f6r dig och den avlidne. Efter askstr\u00f6ningen kan urnan senare gravs\u00e4ttas i marken. Urnan bryts ned snabbt.  <\/p>\n<\/div>\n\t\t\t\t<\/div>\n\t\t\t\t\t\t\t<div class=\"elementor-toggle-item\">\n\t\t\t\t\t<h1 id=\"elementor-tab-title-1364\" class=\"elementor-tab-title\" data-tab=\"4\" role=\"button\" aria-controls=\"elementor-tab-content-1364\" aria-expanded=\"false\">\n\t\t\t\t\t\t\t\t\t\t\t\t<a class=\"elementor-toggle-title\" tabindex=\"0\">Leveranstid?<\/a>\n\t\t\t\t\t<\/h1>\n\n\t\t\t\t\t<div id=\"elementor-tab-content-1364\" class=\"elementor-tab-content elementor-clearfix\" data-tab=\"4\" role=\"region\" aria-labelledby=\"elementor-tab-title-1364\"><p data-start=\"133\" data-end=\"291\">Leveranstiden inom Estland \u00e4r i genomsnitt 1\u20132 arbetsdagar fr\u00e5n att best\u00e4llningen har bekr\u00e4ftats.<\/p>\n<p data-start=\"293\" data-end=\"625\"><strong data-start=\"293\" data-end=\"323\">M\u00e5ste jag best\u00e4lla snabbt?<\/strong><br data-start=\"323\" data-end=\"326\">Du beh\u00f6ver varken oroa dig eller skynda p\u00e5 best\u00e4llningen. Efter avskedsceremonin planeras kremationen, och under denna tid finns m\u00f6jlighet att i lugn och ro v\u00e4lja urna. Begravningsbyr\u00e5erna \u00e4r tillm\u00f6tesg\u00e5ende och hj\u00e4lper till med anv\u00e4ndningen av den urna du har valt.   <\/p>\n<\/div>\n\t\t\t\t<\/div>\n\t\t\t\t\t\t\t<div class=\"elementor-toggle-item\">\n\t\t\t\t\t<h1 id=\"elementor-tab-title-1365\" class=\"elementor-tab-title\" data-tab=\"5\" role=\"button\" aria-controls=\"elementor-tab-content-1365\" aria-expanded=\"false\">\n\t\t\t\t\t\t\t\t\t\t\t\t<a class=\"elementor-toggle-title\" tabindex=\"0\">Material?<\/a>\n\t\t\t\t\t<\/h1>\n\n\t\t\t\t\t<div id=\"elementor-tab-content-1365\" class=\"elementor-tab-content elementor-clearfix\" data-tab=\"5\" role=\"region\" aria-labelledby=\"elementor-tab-title-1365\"><p data-start=\"9\" data-end=\"136\">WURN-urnorna \u00e4r tillverkade av ren f\u00e5rull och ektr\u00e4 \u2013 mjuka och varma vid ber\u00f6ring, med utm\u00e4rkt h\u00e5llbarhet och snabbt biologiskt nedbrytbara i naturen. Ull och tr\u00e4 \u00e4r biologiskt nedbrytbara b\u00e5de i jord- och vattenmilj\u00f6. <\/p>\n<ul data-start=\"138\" data-end=\"378\">\n<li data-start=\"138\" data-end=\"218\">\n<p data-start=\"140\" data-end=\"218\">100 % ull bryts ned till cirka 95 % inom 3\u20134 m\u00e5nader n\u00e4r den gravs\u00e4tts.<\/p>\n<\/li>\n<li data-start=\"219\" data-end=\"299\">\n<p data-start=\"221\" data-end=\"299\">Tester visar att nedbrytningen \u00e4r synlig redan efter cirka tre veckor.<\/p>\n<\/li>\n<\/ul>\n<\/div>\n\t\t\t\t<\/div>\n\t\t\t\t\t\t\t\t<\/div>\n\t\t\t\t\t\t<\/div>\n\t\t\t\t<\/div>\n\t\t\t\t<\/div>\n\t\t\t\t<\/div>\n\t\t\t\t<\/div>\n\t\t","protected":false},"excerpt":{"rendered":"<p>VANLIGA FR\u00c5GOR Vilken urna ska jag v\u00e4lja? M\u00e4ngden aska beror p\u00e5 benmassa och bent\u00e4thet, som utvecklas under livets g\u00e5ng. Det g\u00e5r inte att avg\u00f6ra m\u00e4ngden utifr\u00e5n kroppsvikt, men den kan uppskattas med f\u00f6ljande tumregel: 1 kg \u2192 ca 0,04 l. Till exempel minskar bent\u00e4theten med \u00e5ldern hos \u00e4ldre personer, vilket inneb\u00e4r att \u00e4ven m\u00e4ngden aska&#8230;<\/p>\n","protected":false},"author":1,"featured_media":3912,"parent":0,"menu_order":0,"comment_status":"closed","ping_status":"closed","template":"elementor_header_footer","meta":{"_monsterinsights_skip_tracking":false,"_monsterinsights_sitenote_active":false,"_monsterinsights_sitenote_note":"","_monsterinsights_sitenote_category":0,"footnotes":""},"class_list":["post-3916","page","type-page","status-publish","has-post-thumbnail","hentry"],"yoast_head":"<!-- This site is optimized with the Yoast SEO plugin v26.6 - https:\/\/yoast.com\/wordpress\/plugins\/seo\/ -->\n<title>Vanliga fr\u00e5gor - WURN urnid<\/title>\n<meta name=\"description\" content=\"Svar p\u00e5 vanliga fr\u00e5gor om WURNs ullurnor: best\u00e4llning, leverans, produktens s\u00e4rskilda egenskaper, storlekar och material. Hitta den information du beh\u00f6ver enkelt.\" \/>\n<meta name=\"robots\" content=\"index, follow, max-snippet:-1, max-image-preview:large, max-video-preview:-1\" \/>\n<link rel=\"canonical\" href=\"https:\/\/wurn.eu\/sv\/vanliga-fragor\/\" \/>\n<meta property=\"og:locale\" content=\"sv_SE\" \/>\n<meta property=\"og:type\" content=\"article\" \/>\n<meta property=\"og:title\" content=\"Vanliga fr\u00e5gor - WURN urnid\" \/>\n<meta property=\"og:description\" content=\"Svar p\u00e5 vanliga fr\u00e5gor om WURNs ullurnor: best\u00e4llning, leverans, produktens s\u00e4rskilda egenskaper, storlekar och material. Hitta den information du beh\u00f6ver enkelt.\" \/>\n<meta property=\"og:url\" content=\"https:\/\/wurn.eu\/sv\/vanliga-fragor\/\" \/>\n<meta property=\"og:site_name\" content=\"WURN urnid\" \/>\n<meta property=\"article:modified_time\" content=\"2026-04-20T13:14:46+00:00\" \/>\n<meta property=\"og:image\" content=\"https:\/\/wurn.eu\/wp-content\/uploads\/2024\/10\/DSCF9447-1-scaled.jpg\" \/>\n\t<meta property=\"og:image:width\" content=\"2560\" \/>\n\t<meta property=\"og:image:height\" content=\"1707\" \/>\n\t<meta property=\"og:image:type\" content=\"image\/jpeg\" \/>\n<meta name=\"twitter:card\" content=\"summary_large_image\" \/>\n<meta name=\"twitter:label1\" content=\"Ber\u00e4knad l\u00e4stid\" \/>\n\t<meta name=\"twitter:data1\" content=\"3 minuter\" \/>\n<script type=\"application\/ld+json\" class=\"yoast-schema-graph\">{\"@context\":\"https:\/\/schema.org\",\"@graph\":[{\"@type\":\"WebPage\",\"@id\":\"https:\/\/wurn.eu\/sv\/vanliga-fragor\/\",\"url\":\"https:\/\/wurn.eu\/sv\/vanliga-fragor\/\",\"name\":\"Vanliga fr\u00e5gor - WURN urnid\",\"isPartOf\":{\"@id\":\"https:\/\/wurn.eu\/#website\"},\"primaryImageOfPage\":{\"@id\":\"https:\/\/wurn.eu\/sv\/vanliga-fragor\/#primaryimage\"},\"image\":{\"@id\":\"https:\/\/wurn.eu\/sv\/vanliga-fragor\/#primaryimage\"},\"thumbnailUrl\":\"https:\/\/wurn.eu\/wp-content\/uploads\/2024\/10\/DSCF9447-1-scaled.jpg\",\"datePublished\":\"2024-10-20T14:11:28+00:00\",\"dateModified\":\"2026-04-20T13:14:46+00:00\",\"description\":\"Svar p\u00e5 vanliga fr\u00e5gor om WURNs ullurnor: best\u00e4llning, leverans, produktens s\u00e4rskilda egenskaper, storlekar och material. Hitta den information du beh\u00f6ver enkelt.\",\"breadcrumb\":{\"@id\":\"https:\/\/wurn.eu\/sv\/vanliga-fragor\/#breadcrumb\"},\"inLanguage\":\"sv-SE\",\"potentialAction\":[{\"@type\":\"ReadAction\",\"target\":[\"https:\/\/wurn.eu\/sv\/vanliga-fragor\/\"]}]},{\"@type\":\"ImageObject\",\"inLanguage\":\"sv-SE\",\"@id\":\"https:\/\/wurn.eu\/sv\/vanliga-fragor\/#primaryimage\",\"url\":\"https:\/\/wurn.eu\/wp-content\/uploads\/2024\/10\/DSCF9447-1-scaled.jpg\",\"contentUrl\":\"https:\/\/wurn.eu\/wp-content\/uploads\/2024\/10\/DSCF9447-1-scaled.jpg\",\"width\":2560,\"height\":1707,\"caption\":\"WURN urn tuhaurnid\"},{\"@type\":\"BreadcrumbList\",\"@id\":\"https:\/\/wurn.eu\/sv\/vanliga-fragor\/#breadcrumb\",\"itemListElement\":[{\"@type\":\"ListItem\",\"position\":1,\"name\":\"Home\",\"item\":\"https:\/\/wurn.eu\/\"},{\"@type\":\"ListItem\",\"position\":2,\"name\":\"Vanliga fr\u00e5gor\"}]},{\"@type\":\"WebSite\",\"@id\":\"https:\/\/wurn.eu\/#website\",\"url\":\"https:\/\/wurn.eu\/\",\"name\":\"WURN urnid\",\"description\":\"Lambavillasest vildist ja v\u00e4\u00e4rispuidust birolagunevad urnid\",\"publisher\":{\"@id\":\"https:\/\/wurn.eu\/#organization\"},\"potentialAction\":[{\"@type\":\"SearchAction\",\"target\":{\"@type\":\"EntryPoint\",\"urlTemplate\":\"https:\/\/wurn.eu\/?s={search_term_string}\"},\"query-input\":{\"@type\":\"PropertyValueSpecification\",\"valueRequired\":true,\"valueName\":\"search_term_string\"}}],\"inLanguage\":\"sv-SE\"},{\"@type\":\"Organization\",\"@id\":\"https:\/\/wurn.eu\/#organization\",\"name\":\"WURN urnid\",\"url\":\"https:\/\/wurn.eu\/\",\"logo\":{\"@type\":\"ImageObject\",\"inLanguage\":\"sv-SE\",\"@id\":\"https:\/\/wurn.eu\/#\/schema\/logo\/image\/\",\"url\":\"https:\/\/wurn.eu\/wp-content\/uploads\/2024\/10\/WURN_logo_UUS_v3_1_original_black.png\",\"contentUrl\":\"https:\/\/wurn.eu\/wp-content\/uploads\/2024\/10\/WURN_logo_UUS_v3_1_original_black.png\",\"width\":270,\"height\":316,\"caption\":\"WURN urnid\"},\"image\":{\"@id\":\"https:\/\/wurn.eu\/#\/schema\/logo\/image\/\"}}]}<\/script>\n<!-- \/ Yoast SEO plugin. -->","yoast_head_json":{"title":"Vanliga fr\u00e5gor - WURN urnid","description":"Svar p\u00e5 vanliga fr\u00e5gor om WURNs ullurnor: best\u00e4llning, leverans, produktens s\u00e4rskilda egenskaper, storlekar och material. Hitta den information du beh\u00f6ver enkelt.","robots":{"index":"index","follow":"follow","max-snippet":"max-snippet:-1","max-image-preview":"max-image-preview:large","max-video-preview":"max-video-preview:-1"},"canonical":"https:\/\/wurn.eu\/sv\/vanliga-fragor\/","og_locale":"sv_SE","og_type":"article","og_title":"Vanliga fr\u00e5gor - WURN urnid","og_description":"Svar p\u00e5 vanliga fr\u00e5gor om WURNs ullurnor: best\u00e4llning, leverans, produktens s\u00e4rskilda egenskaper, storlekar och material. Hitta den information du beh\u00f6ver enkelt.","og_url":"https:\/\/wurn.eu\/sv\/vanliga-fragor\/","og_site_name":"WURN urnid","article_modified_time":"2026-04-20T13:14:46+00:00","og_image":[{"width":2560,"height":1707,"url":"https:\/\/wurn.eu\/wp-content\/uploads\/2024\/10\/DSCF9447-1-scaled.jpg","type":"image\/jpeg"}],"twitter_card":"summary_large_image","twitter_misc":{"Ber\u00e4knad l\u00e4stid":"3 minuter"},"schema":{"@context":"https:\/\/schema.org","@graph":[{"@type":"WebPage","@id":"https:\/\/wurn.eu\/sv\/vanliga-fragor\/","url":"https:\/\/wurn.eu\/sv\/vanliga-fragor\/","name":"Vanliga fr\u00e5gor - WURN urnid","isPartOf":{"@id":"https:\/\/wurn.eu\/#website"},"primaryImageOfPage":{"@id":"https:\/\/wurn.eu\/sv\/vanliga-fragor\/#primaryimage"},"image":{"@id":"https:\/\/wurn.eu\/sv\/vanliga-fragor\/#primaryimage"},"thumbnailUrl":"https:\/\/wurn.eu\/wp-content\/uploads\/2024\/10\/DSCF9447-1-scaled.jpg","datePublished":"2024-10-20T14:11:28+00:00","dateModified":"2026-04-20T13:14:46+00:00","description":"Svar p\u00e5 vanliga fr\u00e5gor om WURNs ullurnor: best\u00e4llning, leverans, produktens s\u00e4rskilda egenskaper, storlekar och material. Hitta den information du beh\u00f6ver enkelt.","breadcrumb":{"@id":"https:\/\/wurn.eu\/sv\/vanliga-fragor\/#breadcrumb"},"inLanguage":"sv-SE","potentialAction":[{"@type":"ReadAction","target":["https:\/\/wurn.eu\/sv\/vanliga-fragor\/"]}]},{"@type":"ImageObject","inLanguage":"sv-SE","@id":"https:\/\/wurn.eu\/sv\/vanliga-fragor\/#primaryimage","url":"https:\/\/wurn.eu\/wp-content\/uploads\/2024\/10\/DSCF9447-1-scaled.jpg","contentUrl":"https:\/\/wurn.eu\/wp-content\/uploads\/2024\/10\/DSCF9447-1-scaled.jpg","width":2560,"height":1707,"caption":"WURN urn tuhaurnid"},{"@type":"BreadcrumbList","@id":"https:\/\/wurn.eu\/sv\/vanliga-fragor\/#breadcrumb","itemListElement":[{"@type":"ListItem","position":1,"name":"Home","item":"https:\/\/wurn.eu\/"},{"@type":"ListItem","position":2,"name":"Vanliga fr\u00e5gor"}]},{"@type":"WebSite","@id":"https:\/\/wurn.eu\/#website","url":"https:\/\/wurn.eu\/","name":"WURN urnid","description":"Lambavillasest vildist ja v\u00e4\u00e4rispuidust birolagunevad urnid","publisher":{"@id":"https:\/\/wurn.eu\/#organization"},"potentialAction":[{"@type":"SearchAction","target":{"@type":"EntryPoint","urlTemplate":"https:\/\/wurn.eu\/?s={search_term_string}"},"query-input":{"@type":"PropertyValueSpecification","valueRequired":true,"valueName":"search_term_string"}}],"inLanguage":"sv-SE"},{"@type":"Organization","@id":"https:\/\/wurn.eu\/#organization","name":"WURN urnid","url":"https:\/\/wurn.eu\/","logo":{"@type":"ImageObject","inLanguage":"sv-SE","@id":"https:\/\/wurn.eu\/#\/schema\/logo\/image\/","url":"https:\/\/wurn.eu\/wp-content\/uploads\/2024\/10\/WURN_logo_UUS_v3_1_original_black.png","contentUrl":"https:\/\/wurn.eu\/wp-content\/uploads\/2024\/10\/WURN_logo_UUS_v3_1_original_black.png","width":270,"height":316,"caption":"WURN urnid"},"image":{"@id":"https:\/\/wurn.eu\/#\/schema\/logo\/image\/"}}]}},"jetpack_sharing_enabled":true,"_links":{"self":[{"href":"https:\/\/wurn.eu\/sv\/wp-json\/wp\/v2\/pages\/3916","targetHints":{"allow":["GET"]}}],"collection":[{"href":"https:\/\/wurn.eu\/sv\/wp-json\/wp\/v2\/pages"}],"about":[{"href":"https:\/\/wurn.eu\/sv\/wp-json\/wp\/v2\/types\/page"}],"author":[{"embeddable":true,"href":"https:\/\/wurn.eu\/sv\/wp-json\/wp\/v2\/users\/1"}],"replies":[{"embeddable":true,"href":"https:\/\/wurn.eu\/sv\/wp-json\/wp\/v2\/comments?post=3916"}],"version-history":[{"count":13,"href":"https:\/\/wurn.eu\/sv\/wp-json\/wp\/v2\/pages\/3916\/revisions"}],"predecessor-version":[{"id":4190,"href":"https:\/\/wurn.eu\/sv\/wp-json\/wp\/v2\/pages\/3916\/revisions\/4190"}],"wp:featuredmedia":[{"embeddable":true,"href":"https:\/\/wurn.eu\/sv\/wp-json\/wp\/v2\/media\/3912"}],"wp:attachment":[{"href":"https:\/\/wurn.eu\/sv\/wp-json\/wp\/v2\/media?parent=3916"}],"curies":[{"name":"wp","href":"https:\/\/api.w.org\/{rel}","templated":true}]}}