{"id":4738,"date":"2024-10-22T15:14:21","date_gmt":"2024-10-22T15:14:21","guid":{"rendered":"https:\/\/wurn.eu\/toode\/stor-urne\/"},"modified":"2026-05-12T17:53:04","modified_gmt":"2026-05-12T14:53:04","slug":"stor-urne","status":"publish","type":"product","link":"https:\/\/wurn.eu\/no\/toode\/stor-urne\/","title":{"rendered":"Stor urne"},"content":{"rendered":"<p>En stor Wurn av h\u00f8y kvalitet, h\u00e5ndlaget av mestere fra Saaremaa, er laget av 100 % saueull og eik. Formen og utformingen av Wurn er unik. Filt og eik er sterke og holdbare materialer. <strong>Denne naturvennlige l\u00f8sningen<\/strong> f\u00f8lger den avd\u00f8de tilbake til naturen \u2013 b\u00e5de i jorden og i vannet.  <\/p>\n<p>Tilgjengelig i tre naturlige nyanser: gr\u00e5, brun og hvit.<\/p>\n<p>Lukking og \u00e5pning uten spesialverkt\u00f8y \u2013 <strong>trygt<\/strong> og <strong>verdig<\/strong>.<\/p>\n<p>Wurn st\u00f8tter alle ritualer knyttet til kremasjon og egner seg som minneurne, til nedsettelse og askespredning. Som minneurne \u2013 uten nedsettelse \u2013 bevares urnen lenge. Etter askespredningsritualet kan urnen settes ned i jorden. Den milj\u00f8vennlige urnen brytes raskt ned. Den store urnen er utstyrt med nedsettingssnorer.    <\/p>\n<p><strong>For voksen<\/strong><\/p>\n","protected":false},"excerpt":{"rendered":"<p>En stor Wurn av h\u00f8y kvalitet, h\u00e5ndlaget av mestere fra Saaremaa, er laget av 100 % saueull og eik. Formen og utformingen av Wurn er unik. Filt og eik er sterke og holdbare materialer. <strong>Denne naturvennlige l\u00f8sningen<\/strong> f\u00f8lger den avd\u00f8de tilbake til naturen \u2013 b\u00e5de i jorden og i vannet.  <\/p>\n<p>Tilgjengelig i tre naturlige nyanser: gr\u00e5, brun og hvit.<\/p>\n<p>Lukking og \u00e5pning uten spesialverkt\u00f8y \u2013 <strong>trygt<\/strong> og <strong>verdig<\/strong>.<\/p>\n<p>Wurn st\u00f8tter alle ritualer knyttet til kremasjon og egner seg som minneurne, til nedsettelse og askespredning. Som minneurne \u2013 uten nedsettelse \u2013 bevares urnen lenge. Etter askespredningsritualet kan urnen settes ned i jorden. Den milj\u00f8vennlige urnen brytes raskt ned. Den store urnen er utstyrt med nedsettingssnorer.    <\/p>\n<p><strong>For voksen<\/strong><\/p>\n","protected":false},"featured_media":4740,"template":"","meta":{"_monsterinsights_skip_tracking":false,"_monsterinsights_sitenote_active":false,"_monsterinsights_sitenote_note":"","_monsterinsights_sitenote_category":0},"product_brand":[],"product_cat":[187],"product_tag":[188,202,194,197,200,199,198,192,193,190,201],"class_list":{"0":"post-4738","1":"product","2":"type-product","3":"status-publish","4":"has-post-thumbnail","6":"product_cat-nettbutikk","7":"product_tag-askeurne","8":"product_tag-barneurne","9":"product_tag-biologisk-nedbrytbar-urne","10":"product_tag-handlaget-urne","11":"product_tag-stor-urne","12":"product_tag-urne-av-filt","13":"product_tag-urne-av-saueull","14":"product_tag-urne-for-hund","15":"product_tag-urne-for-katt","16":"product_tag-urne-for-kjaeledyr","17":"product_tag-urne-for-voksne","19":"first","20":"instock","21":"taxable","22":"shipping-taxable","23":"purchasable","24":"product-type-variable","25":"has-default-attributes"},"yoast_head":"<!-- This site is optimized with the Yoast SEO plugin v26.6 - https:\/\/yoast.com\/wordpress\/plugins\/seo\/ -->\n<title>Urne av saueull \u2013 estisk design, unik i verden<\/title>\n<meta name=\"description\" content=\"Designet i Estland, unik i verden! En biologisk nedbrytbar urne av saueull og eik \u2013 varm \u00e5 ta p\u00e5, et verdig valg for en naturn\u00e6r avskjed.\" \/>\n<meta name=\"robots\" content=\"index, follow, max-snippet:-1, max-image-preview:large, max-video-preview:-1\" \/>\n<link rel=\"canonical\" href=\"https:\/\/wurn.eu\/no\/toode\/stor-urne\/\" \/>\n<meta property=\"og:locale\" content=\"nb_NO\" \/>\n<meta property=\"og:type\" content=\"article\" \/>\n<meta property=\"og:title\" content=\"Urne av saueull \u2013 estisk design, unik i verden\" \/>\n<meta property=\"og:description\" content=\"Designet i Estland, unik i verden! En biologisk nedbrytbar urne av saueull og eik \u2013 varm \u00e5 ta p\u00e5, et verdig valg for en naturn\u00e6r avskjed.\" \/>\n<meta property=\"og:url\" content=\"https:\/\/wurn.eu\/no\/toode\/stor-urne\/\" \/>\n<meta property=\"og:site_name\" content=\"WURN urnid\" \/>\n<meta property=\"article:modified_time\" content=\"2026-05-12T14:53:04+00:00\" \/>\n<meta property=\"og:image\" content=\"https:\/\/wurn.eu\/wp-content\/uploads\/2025\/06\/DSCF0128-scaled.jpg\" \/>\n\t<meta property=\"og:image:width\" content=\"2560\" \/>\n\t<meta property=\"og:image:height\" content=\"1707\" \/>\n\t<meta property=\"og:image:type\" content=\"image\/jpeg\" \/>\n<meta name=\"twitter:card\" content=\"summary_large_image\" \/>\n<meta name=\"twitter:label1\" content=\"Ansl. lesetid\" \/>\n\t<meta name=\"twitter:data1\" content=\"1 minutt\" \/>\n<script type=\"application\/ld+json\" class=\"yoast-schema-graph\">{\"@context\":\"https:\/\/schema.org\",\"@graph\":[{\"@type\":\"WebPage\",\"@id\":\"https:\/\/wurn.eu\/no\/toode\/stor-urne\/\",\"url\":\"https:\/\/wurn.eu\/no\/toode\/stor-urne\/\",\"name\":\"Urne av saueull \u2013 estisk design, unik i verden\",\"isPartOf\":{\"@id\":\"https:\/\/wurn.eu\/#website\"},\"primaryImageOfPage\":{\"@id\":\"https:\/\/wurn.eu\/no\/toode\/stor-urne\/#primaryimage\"},\"image\":{\"@id\":\"https:\/\/wurn.eu\/no\/toode\/stor-urne\/#primaryimage\"},\"thumbnailUrl\":\"https:\/\/wurn.eu\/wp-content\/uploads\/2025\/06\/DSCF0128-scaled.jpg\",\"datePublished\":\"2024-10-22T15:14:21+00:00\",\"dateModified\":\"2026-05-12T14:53:04+00:00\",\"description\":\"Designet i Estland, unik i verden! En biologisk nedbrytbar urne av saueull og eik \u2013 varm \u00e5 ta p\u00e5, et verdig valg for en naturn\u00e6r avskjed.\",\"breadcrumb\":{\"@id\":\"https:\/\/wurn.eu\/no\/toode\/stor-urne\/#breadcrumb\"},\"inLanguage\":\"nb-NO\",\"potentialAction\":[{\"@type\":\"ReadAction\",\"target\":[\"https:\/\/wurn.eu\/no\/toode\/stor-urne\/\"]}]},{\"@type\":\"ImageObject\",\"inLanguage\":\"nb-NO\",\"@id\":\"https:\/\/wurn.eu\/no\/toode\/stor-urne\/#primaryimage\",\"url\":\"https:\/\/wurn.eu\/wp-content\/uploads\/2025\/06\/DSCF0128-scaled.jpg\",\"contentUrl\":\"https:\/\/wurn.eu\/wp-content\/uploads\/2025\/06\/DSCF0128-scaled.jpg\",\"width\":2560,\"height\":1707,\"caption\":\"Store Wurn-er\"},{\"@type\":\"BreadcrumbList\",\"@id\":\"https:\/\/wurn.eu\/no\/toode\/stor-urne\/#breadcrumb\",\"itemListElement\":[{\"@type\":\"ListItem\",\"position\":1,\"name\":\"Home\",\"item\":\"https:\/\/wurn.eu\/no\/forside\/\"},{\"@type\":\"ListItem\",\"position\":2,\"name\":\"Katalog\",\"item\":\"https:\/\/wurn.eu\/no\/katalog\/\"},{\"@type\":\"ListItem\",\"position\":3,\"name\":\"Stor urne\"}]},{\"@type\":\"WebSite\",\"@id\":\"https:\/\/wurn.eu\/#website\",\"url\":\"https:\/\/wurn.eu\/\",\"name\":\"WURN urnid\",\"description\":\"Lambavillasest vildist ja v\u00e4\u00e4rispuidust birolagunevad urnid\",\"publisher\":{\"@id\":\"https:\/\/wurn.eu\/#organization\"},\"potentialAction\":[{\"@type\":\"SearchAction\",\"target\":{\"@type\":\"EntryPoint\",\"urlTemplate\":\"https:\/\/wurn.eu\/?s={search_term_string}\"},\"query-input\":{\"@type\":\"PropertyValueSpecification\",\"valueRequired\":true,\"valueName\":\"search_term_string\"}}],\"inLanguage\":\"nb-NO\"},{\"@type\":\"Organization\",\"@id\":\"https:\/\/wurn.eu\/#organization\",\"name\":\"WURN urnid\",\"url\":\"https:\/\/wurn.eu\/\",\"logo\":{\"@type\":\"ImageObject\",\"inLanguage\":\"nb-NO\",\"@id\":\"https:\/\/wurn.eu\/#\/schema\/logo\/image\/\",\"url\":\"https:\/\/wurn.eu\/wp-content\/uploads\/2024\/10\/WURN_logo_UUS_v3_1_original_black.png\",\"contentUrl\":\"https:\/\/wurn.eu\/wp-content\/uploads\/2024\/10\/WURN_logo_UUS_v3_1_original_black.png\",\"width\":270,\"height\":316,\"caption\":\"WURN urnid\"},\"image\":{\"@id\":\"https:\/\/wurn.eu\/#\/schema\/logo\/image\/\"}}]}<\/script>\n<!-- \/ Yoast SEO plugin. -->","yoast_head_json":{"title":"Urne av saueull \u2013 estisk design, unik i verden","description":"Designet i Estland, unik i verden! En biologisk nedbrytbar urne av saueull og eik \u2013 varm \u00e5 ta p\u00e5, et verdig valg for en naturn\u00e6r avskjed.","robots":{"index":"index","follow":"follow","max-snippet":"max-snippet:-1","max-image-preview":"max-image-preview:large","max-video-preview":"max-video-preview:-1"},"canonical":"https:\/\/wurn.eu\/no\/toode\/stor-urne\/","og_locale":"nb_NO","og_type":"article","og_title":"Urne av saueull \u2013 estisk design, unik i verden","og_description":"Designet i Estland, unik i verden! En biologisk nedbrytbar urne av saueull og eik \u2013 varm \u00e5 ta p\u00e5, et verdig valg for en naturn\u00e6r avskjed.","og_url":"https:\/\/wurn.eu\/no\/toode\/stor-urne\/","og_site_name":"WURN urnid","article_modified_time":"2026-05-12T14:53:04+00:00","og_image":[{"width":2560,"height":1707,"url":"https:\/\/wurn.eu\/wp-content\/uploads\/2025\/06\/DSCF0128-scaled.jpg","type":"image\/jpeg"}],"twitter_card":"summary_large_image","twitter_misc":{"Ansl. lesetid":"1 minutt"},"schema":{"@context":"https:\/\/schema.org","@graph":[{"@type":"WebPage","@id":"https:\/\/wurn.eu\/no\/toode\/stor-urne\/","url":"https:\/\/wurn.eu\/no\/toode\/stor-urne\/","name":"Urne av saueull \u2013 estisk design, unik i verden","isPartOf":{"@id":"https:\/\/wurn.eu\/#website"},"primaryImageOfPage":{"@id":"https:\/\/wurn.eu\/no\/toode\/stor-urne\/#primaryimage"},"image":{"@id":"https:\/\/wurn.eu\/no\/toode\/stor-urne\/#primaryimage"},"thumbnailUrl":"https:\/\/wurn.eu\/wp-content\/uploads\/2025\/06\/DSCF0128-scaled.jpg","datePublished":"2024-10-22T15:14:21+00:00","dateModified":"2026-05-12T14:53:04+00:00","description":"Designet i Estland, unik i verden! En biologisk nedbrytbar urne av saueull og eik \u2013 varm \u00e5 ta p\u00e5, et verdig valg for en naturn\u00e6r avskjed.","breadcrumb":{"@id":"https:\/\/wurn.eu\/no\/toode\/stor-urne\/#breadcrumb"},"inLanguage":"nb-NO","potentialAction":[{"@type":"ReadAction","target":["https:\/\/wurn.eu\/no\/toode\/stor-urne\/"]}]},{"@type":"ImageObject","inLanguage":"nb-NO","@id":"https:\/\/wurn.eu\/no\/toode\/stor-urne\/#primaryimage","url":"https:\/\/wurn.eu\/wp-content\/uploads\/2025\/06\/DSCF0128-scaled.jpg","contentUrl":"https:\/\/wurn.eu\/wp-content\/uploads\/2025\/06\/DSCF0128-scaled.jpg","width":2560,"height":1707,"caption":"Store Wurn-er"},{"@type":"BreadcrumbList","@id":"https:\/\/wurn.eu\/no\/toode\/stor-urne\/#breadcrumb","itemListElement":[{"@type":"ListItem","position":1,"name":"Home","item":"https:\/\/wurn.eu\/no\/forside\/"},{"@type":"ListItem","position":2,"name":"Katalog","item":"https:\/\/wurn.eu\/no\/katalog\/"},{"@type":"ListItem","position":3,"name":"Stor urne"}]},{"@type":"WebSite","@id":"https:\/\/wurn.eu\/#website","url":"https:\/\/wurn.eu\/","name":"WURN urnid","description":"Lambavillasest vildist ja v\u00e4\u00e4rispuidust birolagunevad urnid","publisher":{"@id":"https:\/\/wurn.eu\/#organization"},"potentialAction":[{"@type":"SearchAction","target":{"@type":"EntryPoint","urlTemplate":"https:\/\/wurn.eu\/?s={search_term_string}"},"query-input":{"@type":"PropertyValueSpecification","valueRequired":true,"valueName":"search_term_string"}}],"inLanguage":"nb-NO"},{"@type":"Organization","@id":"https:\/\/wurn.eu\/#organization","name":"WURN urnid","url":"https:\/\/wurn.eu\/","logo":{"@type":"ImageObject","inLanguage":"nb-NO","@id":"https:\/\/wurn.eu\/#\/schema\/logo\/image\/","url":"https:\/\/wurn.eu\/wp-content\/uploads\/2024\/10\/WURN_logo_UUS_v3_1_original_black.png","contentUrl":"https:\/\/wurn.eu\/wp-content\/uploads\/2024\/10\/WURN_logo_UUS_v3_1_original_black.png","width":270,"height":316,"caption":"WURN urnid"},"image":{"@id":"https:\/\/wurn.eu\/#\/schema\/logo\/image\/"}}]}},"jetpack_sharing_enabled":true,"_links":{"self":[{"href":"https:\/\/wurn.eu\/no\/wp-json\/wp\/v2\/product\/4738","targetHints":{"allow":["GET"]}}],"collection":[{"href":"https:\/\/wurn.eu\/no\/wp-json\/wp\/v2\/product"}],"about":[{"href":"https:\/\/wurn.eu\/no\/wp-json\/wp\/v2\/types\/product"}],"version-history":[{"count":3,"href":"https:\/\/wurn.eu\/no\/wp-json\/wp\/v2\/product\/4738\/revisions"}],"predecessor-version":[{"id":4761,"href":"https:\/\/wurn.eu\/no\/wp-json\/wp\/v2\/product\/4738\/revisions\/4761"}],"wp:featuredmedia":[{"embeddable":true,"href":"https:\/\/wurn.eu\/no\/wp-json\/wp\/v2\/media\/4740"}],"wp:attachment":[{"href":"https:\/\/wurn.eu\/no\/wp-json\/wp\/v2\/media?parent=4738"}],"wp:term":[{"taxonomy":"product_brand","embeddable":true,"href":"https:\/\/wurn.eu\/no\/wp-json\/wp\/v2\/product_brand?post=4738"},{"taxonomy":"product_cat","embeddable":true,"href":"https:\/\/wurn.eu\/no\/wp-json\/wp\/v2\/product_cat?post=4738"},{"taxonomy":"product_tag","embeddable":true,"href":"https:\/\/wurn.eu\/no\/wp-json\/wp\/v2\/product_tag?post=4738"}],"curies":[{"name":"wp","href":"https:\/\/api.w.org\/{rel}","templated":true}]}}