{"id":4702,"date":"2025-08-25T18:34:54","date_gmt":"2025-08-25T15:34:54","guid":{"rendered":"https:\/\/wurn.eu\/toode\/liten-urne\/"},"modified":"2026-05-12T17:44:07","modified_gmt":"2026-05-12T14:44:07","slug":"liten-urne","status":"publish","type":"product","link":"https:\/\/wurn.eu\/no\/toode\/liten-urne\/","title":{"rendered":"Liten urne"},"content":{"rendered":"<p>En liten Wurn av h\u00f8y kvalitet, h\u00e5ndlaget av mestere fra Saaremaa, er laget av 100 % saueull og eik. Formen og utformingen av Wurn er unik. Filt og eik er sterke og holdbare materialer. <strong>Denne naturvennlige l\u00f8sningen<\/strong> f\u00f8lger den avd\u00f8de tilbake til naturen \u2013 b\u00e5de i jorden og i vannet.  <\/p>\n<p>Tilgjengelig i tre naturlige nyanser: gr\u00e5, brun og hvit.<\/p>\n<p>Lukking og \u00e5pning uten spesialverkt\u00f8y \u2013 <strong>trygt<\/strong> og <strong>verdig<\/strong>.<\/p>\n<p>Wurn st\u00f8tter alle ritualer knyttet til kremasjon og egner seg som minneurne, til nedsettelse og askespredning. Som minneurne \u2013 uten nedsettelse \u2013 bevares urnen lenge. Etter askespredningsritualet kan urnen settes ned i jorden. Den milj\u00f8vennlige urnen brytes raskt ned. P\u00e5 foresp\u00f8rsel monterer vi nedsettingssnorer p\u00e5 urnen.    <\/p>\n<p>Mengden aske avhenger av benmasse og bentetthet, som utvikles gjennom livet. Det kan ikke fastsl\u00e5s ut fra kroppsvekt alene, men kan likevel estimeres med f\u00f8lgende formel: For hver <strong>1 kg<\/strong> kroppsvekt oppst\u00e5r det i gjennomsnitt <strong>0,04 l<\/strong> askelevninger. Liten Wurn rommer <strong>0,7 l.<\/strong> <\/p>\n<p><strong>For sm\u00e5 barn<\/strong> (opptil 4 \u00e5r)<\/p>\n<p><strong>For kj\u00e6ledyr<\/strong> (opptil 17,5 kg)<\/p>\n","protected":false},"excerpt":{"rendered":"<p>En liten Wurn av h\u00f8y kvalitet, h\u00e5ndlaget av mestere fra Saaremaa, er laget av 100 % saueull og eik. Formen og utformingen av Wurn er unik. Filt og eik er sterke og holdbare materialer. <strong>Denne naturvennlige l\u00f8sningen<\/strong> f\u00f8lger den avd\u00f8de tilbake til naturen \u2013 b\u00e5de i jorden og i vannet.  <\/p>\n<p>Tilgjengelig i tre naturlige nyanser: gr\u00e5, brun og hvit.<\/p>\n<p>Lukking og \u00e5pning uten spesialverkt\u00f8y \u2013 <strong>trygt<\/strong> og <strong>verdig<\/strong>.<\/p>\n<p>Wurn st\u00f8tter alle ritualer knyttet til kremasjon og egner seg som minneurne, til nedsettelse og askespredning. Som minneurne \u2013 uten nedsettelse \u2013 bevares urnen lenge. Etter askespredningsritualet kan urnen settes ned i jorden. Den milj\u00f8vennlige urnen brytes raskt ned. P\u00e5 foresp\u00f8rsel monterer vi nedsettingssnorer p\u00e5 urnen.    <\/p>\n<p>Mengden aske avhenger av benmasse og bentetthet, som utvikles gjennom livet. Det kan ikke fastsl\u00e5s ut fra kroppsvekt alene, men kan likevel estimeres med f\u00f8lgende formel: For hver <strong>1 kg<\/strong> kroppsvekt oppst\u00e5r det i gjennomsnitt <strong>0,04 l<\/strong> askelevninger. Liten Wurn rommer <strong>0,7 l.<\/strong> <\/p>\n<p><strong>For sm\u00e5 barn<\/strong> (opptil 4 \u00e5r)<\/p>\n<p><strong>For kj\u00e6ledyr<\/strong> (opptil 17,5 kg)<\/p>\n","protected":false},"featured_media":4704,"template":"","meta":{"_monsterinsights_skip_tracking":false,"_monsterinsights_sitenote_active":false,"_monsterinsights_sitenote_note":"","_monsterinsights_sitenote_category":0},"product_brand":[],"product_cat":[187],"product_tag":[188,194,189,191,192,193,190,195],"class_list":{"0":"post-4702","1":"product","2":"type-product","3":"status-publish","4":"has-post-thumbnail","6":"product_cat-nettbutikk","7":"product_tag-askeurne","8":"product_tag-biologisk-nedbrytbar-urne","9":"product_tag-liten-urne","10":"product_tag-urne-for-barn","11":"product_tag-urne-for-hund","12":"product_tag-urne-for-katt","13":"product_tag-urne-for-kjaeledyr","14":"product_tag-urne-for-spedbarn","16":"first","17":"instock","18":"taxable","19":"shipping-taxable","20":"purchasable","21":"product-type-variable","22":"has-default-attributes"},"yoast_head":"<!-- This site is optimized with the Yoast SEO plugin v26.6 - https:\/\/yoast.com\/wordpress\/plugins\/seo\/ -->\n<title>Liten urne \u2013 estisk design, unik i verden<\/title>\n<meta name=\"description\" content=\"Designet i Estland, unik i verden! En biologisk nedbrytbar urne av saueull og eik \u2013 varm \u00e5 ta p\u00e5, et verdig valg for en naturn\u00e6r avskjed.\" \/>\n<meta name=\"robots\" content=\"index, follow, max-snippet:-1, max-image-preview:large, max-video-preview:-1\" \/>\n<link rel=\"canonical\" href=\"https:\/\/wurn.eu\/no\/toode\/liten-urne\/\" \/>\n<meta property=\"og:locale\" content=\"nb_NO\" \/>\n<meta property=\"og:type\" content=\"article\" \/>\n<meta property=\"og:title\" content=\"Liten urne \u2013 estisk design, unik i verden\" \/>\n<meta property=\"og:description\" content=\"Designet i Estland, unik i verden! En biologisk nedbrytbar urne av saueull og eik \u2013 varm \u00e5 ta p\u00e5, et verdig valg for en naturn\u00e6r avskjed.\" \/>\n<meta property=\"og:url\" content=\"https:\/\/wurn.eu\/no\/toode\/liten-urne\/\" \/>\n<meta property=\"og:site_name\" content=\"WURN urnid\" \/>\n<meta property=\"article:modified_time\" content=\"2026-05-12T14:44:07+00:00\" \/>\n<meta property=\"og:image\" content=\"https:\/\/wurn.eu\/wp-content\/uploads\/2025\/08\/vaikesed-tuhaurnid-scaled.jpg\" \/>\n\t<meta property=\"og:image:width\" content=\"2560\" \/>\n\t<meta property=\"og:image:height\" content=\"1707\" \/>\n\t<meta property=\"og:image:type\" content=\"image\/jpeg\" \/>\n<meta name=\"twitter:card\" content=\"summary_large_image\" \/>\n<meta name=\"twitter:label1\" content=\"Ansl. lesetid\" \/>\n\t<meta name=\"twitter:data1\" content=\"1 minutt\" \/>\n<script type=\"application\/ld+json\" class=\"yoast-schema-graph\">{\"@context\":\"https:\/\/schema.org\",\"@graph\":[{\"@type\":\"WebPage\",\"@id\":\"https:\/\/wurn.eu\/no\/toode\/liten-urne\/\",\"url\":\"https:\/\/wurn.eu\/no\/toode\/liten-urne\/\",\"name\":\"Liten urne \u2013 estisk design, unik i verden\",\"isPartOf\":{\"@id\":\"https:\/\/wurn.eu\/#website\"},\"primaryImageOfPage\":{\"@id\":\"https:\/\/wurn.eu\/no\/toode\/liten-urne\/#primaryimage\"},\"image\":{\"@id\":\"https:\/\/wurn.eu\/no\/toode\/liten-urne\/#primaryimage\"},\"thumbnailUrl\":\"https:\/\/wurn.eu\/wp-content\/uploads\/2025\/08\/vaikesed-tuhaurnid-scaled.jpg\",\"datePublished\":\"2025-08-25T15:34:54+00:00\",\"dateModified\":\"2026-05-12T14:44:07+00:00\",\"description\":\"Designet i Estland, unik i verden! En biologisk nedbrytbar urne av saueull og eik \u2013 varm \u00e5 ta p\u00e5, et verdig valg for en naturn\u00e6r avskjed.\",\"breadcrumb\":{\"@id\":\"https:\/\/wurn.eu\/no\/toode\/liten-urne\/#breadcrumb\"},\"inLanguage\":\"nb-NO\",\"potentialAction\":[{\"@type\":\"ReadAction\",\"target\":[\"https:\/\/wurn.eu\/no\/toode\/liten-urne\/\"]}]},{\"@type\":\"ImageObject\",\"inLanguage\":\"nb-NO\",\"@id\":\"https:\/\/wurn.eu\/no\/toode\/liten-urne\/#primaryimage\",\"url\":\"https:\/\/wurn.eu\/wp-content\/uploads\/2025\/08\/vaikesed-tuhaurnid-scaled.jpg\",\"contentUrl\":\"https:\/\/wurn.eu\/wp-content\/uploads\/2025\/08\/vaikesed-tuhaurnid-scaled.jpg\",\"width\":2560,\"height\":1707,\"caption\":\"Sm\u00e5 Wurn-er\"},{\"@type\":\"BreadcrumbList\",\"@id\":\"https:\/\/wurn.eu\/no\/toode\/liten-urne\/#breadcrumb\",\"itemListElement\":[{\"@type\":\"ListItem\",\"position\":1,\"name\":\"Home\",\"item\":\"https:\/\/wurn.eu\/no\/forside\/\"},{\"@type\":\"ListItem\",\"position\":2,\"name\":\"Katalog\",\"item\":\"https:\/\/wurn.eu\/no\/katalog\/\"},{\"@type\":\"ListItem\",\"position\":3,\"name\":\"Liten urne\"}]},{\"@type\":\"WebSite\",\"@id\":\"https:\/\/wurn.eu\/#website\",\"url\":\"https:\/\/wurn.eu\/\",\"name\":\"WURN urnid\",\"description\":\"Lambavillasest vildist ja v\u00e4\u00e4rispuidust birolagunevad urnid\",\"publisher\":{\"@id\":\"https:\/\/wurn.eu\/#organization\"},\"potentialAction\":[{\"@type\":\"SearchAction\",\"target\":{\"@type\":\"EntryPoint\",\"urlTemplate\":\"https:\/\/wurn.eu\/?s={search_term_string}\"},\"query-input\":{\"@type\":\"PropertyValueSpecification\",\"valueRequired\":true,\"valueName\":\"search_term_string\"}}],\"inLanguage\":\"nb-NO\"},{\"@type\":\"Organization\",\"@id\":\"https:\/\/wurn.eu\/#organization\",\"name\":\"WURN urnid\",\"url\":\"https:\/\/wurn.eu\/\",\"logo\":{\"@type\":\"ImageObject\",\"inLanguage\":\"nb-NO\",\"@id\":\"https:\/\/wurn.eu\/#\/schema\/logo\/image\/\",\"url\":\"https:\/\/wurn.eu\/wp-content\/uploads\/2024\/10\/WURN_logo_UUS_v3_1_original_black.png\",\"contentUrl\":\"https:\/\/wurn.eu\/wp-content\/uploads\/2024\/10\/WURN_logo_UUS_v3_1_original_black.png\",\"width\":270,\"height\":316,\"caption\":\"WURN urnid\"},\"image\":{\"@id\":\"https:\/\/wurn.eu\/#\/schema\/logo\/image\/\"}}]}<\/script>\n<!-- \/ Yoast SEO plugin. -->","yoast_head_json":{"title":"Liten urne \u2013 estisk design, unik i verden","description":"Designet i Estland, unik i verden! En biologisk nedbrytbar urne av saueull og eik \u2013 varm \u00e5 ta p\u00e5, et verdig valg for en naturn\u00e6r avskjed.","robots":{"index":"index","follow":"follow","max-snippet":"max-snippet:-1","max-image-preview":"max-image-preview:large","max-video-preview":"max-video-preview:-1"},"canonical":"https:\/\/wurn.eu\/no\/toode\/liten-urne\/","og_locale":"nb_NO","og_type":"article","og_title":"Liten urne \u2013 estisk design, unik i verden","og_description":"Designet i Estland, unik i verden! En biologisk nedbrytbar urne av saueull og eik \u2013 varm \u00e5 ta p\u00e5, et verdig valg for en naturn\u00e6r avskjed.","og_url":"https:\/\/wurn.eu\/no\/toode\/liten-urne\/","og_site_name":"WURN urnid","article_modified_time":"2026-05-12T14:44:07+00:00","og_image":[{"width":2560,"height":1707,"url":"https:\/\/wurn.eu\/wp-content\/uploads\/2025\/08\/vaikesed-tuhaurnid-scaled.jpg","type":"image\/jpeg"}],"twitter_card":"summary_large_image","twitter_misc":{"Ansl. lesetid":"1 minutt"},"schema":{"@context":"https:\/\/schema.org","@graph":[{"@type":"WebPage","@id":"https:\/\/wurn.eu\/no\/toode\/liten-urne\/","url":"https:\/\/wurn.eu\/no\/toode\/liten-urne\/","name":"Liten urne \u2013 estisk design, unik i verden","isPartOf":{"@id":"https:\/\/wurn.eu\/#website"},"primaryImageOfPage":{"@id":"https:\/\/wurn.eu\/no\/toode\/liten-urne\/#primaryimage"},"image":{"@id":"https:\/\/wurn.eu\/no\/toode\/liten-urne\/#primaryimage"},"thumbnailUrl":"https:\/\/wurn.eu\/wp-content\/uploads\/2025\/08\/vaikesed-tuhaurnid-scaled.jpg","datePublished":"2025-08-25T15:34:54+00:00","dateModified":"2026-05-12T14:44:07+00:00","description":"Designet i Estland, unik i verden! En biologisk nedbrytbar urne av saueull og eik \u2013 varm \u00e5 ta p\u00e5, et verdig valg for en naturn\u00e6r avskjed.","breadcrumb":{"@id":"https:\/\/wurn.eu\/no\/toode\/liten-urne\/#breadcrumb"},"inLanguage":"nb-NO","potentialAction":[{"@type":"ReadAction","target":["https:\/\/wurn.eu\/no\/toode\/liten-urne\/"]}]},{"@type":"ImageObject","inLanguage":"nb-NO","@id":"https:\/\/wurn.eu\/no\/toode\/liten-urne\/#primaryimage","url":"https:\/\/wurn.eu\/wp-content\/uploads\/2025\/08\/vaikesed-tuhaurnid-scaled.jpg","contentUrl":"https:\/\/wurn.eu\/wp-content\/uploads\/2025\/08\/vaikesed-tuhaurnid-scaled.jpg","width":2560,"height":1707,"caption":"Sm\u00e5 Wurn-er"},{"@type":"BreadcrumbList","@id":"https:\/\/wurn.eu\/no\/toode\/liten-urne\/#breadcrumb","itemListElement":[{"@type":"ListItem","position":1,"name":"Home","item":"https:\/\/wurn.eu\/no\/forside\/"},{"@type":"ListItem","position":2,"name":"Katalog","item":"https:\/\/wurn.eu\/no\/katalog\/"},{"@type":"ListItem","position":3,"name":"Liten urne"}]},{"@type":"WebSite","@id":"https:\/\/wurn.eu\/#website","url":"https:\/\/wurn.eu\/","name":"WURN urnid","description":"Lambavillasest vildist ja v\u00e4\u00e4rispuidust birolagunevad urnid","publisher":{"@id":"https:\/\/wurn.eu\/#organization"},"potentialAction":[{"@type":"SearchAction","target":{"@type":"EntryPoint","urlTemplate":"https:\/\/wurn.eu\/?s={search_term_string}"},"query-input":{"@type":"PropertyValueSpecification","valueRequired":true,"valueName":"search_term_string"}}],"inLanguage":"nb-NO"},{"@type":"Organization","@id":"https:\/\/wurn.eu\/#organization","name":"WURN urnid","url":"https:\/\/wurn.eu\/","logo":{"@type":"ImageObject","inLanguage":"nb-NO","@id":"https:\/\/wurn.eu\/#\/schema\/logo\/image\/","url":"https:\/\/wurn.eu\/wp-content\/uploads\/2024\/10\/WURN_logo_UUS_v3_1_original_black.png","contentUrl":"https:\/\/wurn.eu\/wp-content\/uploads\/2024\/10\/WURN_logo_UUS_v3_1_original_black.png","width":270,"height":316,"caption":"WURN urnid"},"image":{"@id":"https:\/\/wurn.eu\/#\/schema\/logo\/image\/"}}]}},"jetpack_sharing_enabled":true,"_links":{"self":[{"href":"https:\/\/wurn.eu\/no\/wp-json\/wp\/v2\/product\/4702","targetHints":{"allow":["GET"]}}],"collection":[{"href":"https:\/\/wurn.eu\/no\/wp-json\/wp\/v2\/product"}],"about":[{"href":"https:\/\/wurn.eu\/no\/wp-json\/wp\/v2\/types\/product"}],"version-history":[{"count":1,"href":"https:\/\/wurn.eu\/no\/wp-json\/wp\/v2\/product\/4702\/revisions"}],"predecessor-version":[{"id":4710,"href":"https:\/\/wurn.eu\/no\/wp-json\/wp\/v2\/product\/4702\/revisions\/4710"}],"wp:featuredmedia":[{"embeddable":true,"href":"https:\/\/wurn.eu\/no\/wp-json\/wp\/v2\/media\/4704"}],"wp:attachment":[{"href":"https:\/\/wurn.eu\/no\/wp-json\/wp\/v2\/media?parent=4702"}],"wp:term":[{"taxonomy":"product_brand","embeddable":true,"href":"https:\/\/wurn.eu\/no\/wp-json\/wp\/v2\/product_brand?post=4702"},{"taxonomy":"product_cat","embeddable":true,"href":"https:\/\/wurn.eu\/no\/wp-json\/wp\/v2\/product_cat?post=4702"},{"taxonomy":"product_tag","embeddable":true,"href":"https:\/\/wurn.eu\/no\/wp-json\/wp\/v2\/product_tag?post=4702"}],"curies":[{"name":"wp","href":"https:\/\/api.w.org\/{rel}","templated":true}]}}