{"id":3286,"date":"2025-08-25T18:34:54","date_gmt":"2025-08-25T15:34:54","guid":{"rendered":"https:\/\/wurn.eu\/?post_type=product&#038;p=3286"},"modified":"2026-01-04T20:56:43","modified_gmt":"2026-01-04T18:56:43","slug":"vaike-urn","status":"publish","type":"product","link":"https:\/\/wurn.eu\/no\/toode\/vaike-urn\/","title":{"rendered":"V\u00e4ike urn"},"content":{"rendered":"<p>Saaremaa meistrite k\u00e4tes valminud kvaliteetne v\u00e4ike Wurn on 100 % lambavillast ja tammepuidust. Wurnide vorm ja lahendus on unikaalsed. Vilt ja tamm on tugevad materjalid. <strong>Looduss\u00f5bralik <\/strong>lahendus kannab lahkunu loodusesse nii maap\u00f5ues kui vees\u00e4ngis.<\/p>\n<p>Valikus on kolm naturaalset tooni: hall, pruun ja valge.<\/p>\n<p>Sulgemine ja avamine ilma erivahenditeta- <strong>turvaline<\/strong> ja <strong>v\u00e4\u00e4rikas<\/strong>.<\/p>\n<p>Wurn toetab k\u00f5iki tuhastusmatuse rituaale, sobides m\u00e4lestusurniks, s\u00e4ngitamiseks ja tuhapuisteks. M\u00e4lestusurnina- s\u00e4ngitamata, s\u00e4ilib urn kaua. Tuhapuiste rituaali-j\u00e4rgselt v\u00f5ite urni s\u00e4ngitada maap\u00f5ue. Keskkonnas\u00f5bralik urn laguneb kiiresti. Soovi korral paigaldame urnile s\u00e4ngitusn\u00f6\u00f6rid.<\/p>\n<p>Tuha hulk tuleneb luumassist ja luutihedusest, mis kujuneb elatud aastatega. Kehakaalu j\u00e4rgi seda \u00f6elda ei saa, kuid siiski saab seda tuletada j\u00e4rgmise valemi j\u00e4rgi:\u00a0<strong>1 kg<\/strong>\u00a0kehakaalust tekib keskmiselt <strong>0,04 l <\/strong>tuhas\u00e4ilmeid<strong>. <\/strong>V\u00e4ike wurn on<strong> 0,7 l.<\/strong><\/p>\n<p><strong>V\u00e4ikelapsele<\/strong>\u00a0(kuni 4 eluaastat)<\/p>\n<p><strong>Lemmikloomale <\/strong>(kuni 17,5 kg)<\/p>\n","protected":false},"excerpt":{"rendered":"<p>Saaremaa meistrite k\u00e4tes valminud kvaliteetne v\u00e4ike Wurn on 100 % lambavillast ja tammepuidust. Wurnide vorm ja lahendus on unikaalsed. Vilt ja tamm on tugevad materjalid. <strong>Looduss\u00f5bralik <\/strong>lahendus kannab lahkunu loodusesse nii maap\u00f5ues kui vees\u00e4ngis.<\/p>\n<p>Valikus on kolm naturaalset tooni: hall, pruun ja valge.<\/p>\n<p>Sulgemine ja avamine ilma erivahenditeta- <strong>turvaline<\/strong> ja <strong>v\u00e4\u00e4rikas<\/strong>.<\/p>\n<p>Wurn toetab k\u00f5iki tuhastusmatuse rituaale, sobides m\u00e4lestusurniks, s\u00e4ngitamiseks ja tuhapuisteks. M\u00e4lestusurnina- s\u00e4ngitamata, s\u00e4ilib urn kaua. Tuhapuiste rituaali-j\u00e4rgselt v\u00f5ite urni s\u00e4ngitada maap\u00f5ue. Keskkonnas\u00f5bralik urn laguneb kiiresti. Soovi korral paigaldame urnile s\u00e4ngitusn\u00f6\u00f6rid.<\/p>\n<p>Tuha hulk tuleneb luumassist ja luutihedusest, mis kujuneb elatud aastatega. Kehakaalu j\u00e4rgi seda \u00f6elda ei saa, kuid siiski saab seda tuletada j\u00e4rgmise valemi j\u00e4rgi:\u00a0<strong>1 kg<\/strong>\u00a0kehakaalust tekib keskmiselt <strong>0,04 l <\/strong>tuhas\u00e4ilmeid<strong>. <\/strong>V\u00e4ike wurn on<strong> 0,7 l.<\/strong><\/p>\n<p><strong>V\u00e4ikelapsele<\/strong>\u00a0(kuni 4 eluaastat)<\/p>\n<p><strong>Lemmikloomale <\/strong>(kuni 17,5 kg)<\/p>\n","protected":false},"featured_media":3274,"template":"","meta":{"_monsterinsights_skip_tracking":false,"_monsterinsights_sitenote_active":false,"_monsterinsights_sitenote_note":"","_monsterinsights_sitenote_category":0},"product_brand":[],"product_cat":[33],"product_tag":[97,31,123,96,95,94,93,91],"class_list":{"0":"post-3286","1":"product","2":"type-product","3":"status-publish","4":"has-post-thumbnail","6":"product_cat-pood","7":"product_tag-biolagunev-urn","8":"product_tag-tuhaurn","9":"product_tag-urn-imikule","10":"product_tag-urn-kassile","11":"product_tag-urn-koerale","12":"product_tag-urn-lapsele","13":"product_tag-urn-lemmikloomale","14":"product_tag-vaike-urn","16":"first","17":"instock","18":"taxable","19":"shipping-taxable","20":"purchasable","21":"product-type-variable","22":"has-default-attributes"},"yoast_head":"<!-- This site is optimized with the Yoast SEO plugin v26.6 - https:\/\/yoast.com\/wordpress\/plugins\/seo\/ -->\n<title>V\u00e4ike urn \u2013 Eesti disain, ainulaadne maailmas<\/title>\n<meta name=\"description\" content=\"Eestis disainitud, maailmas ainulaadne! Biolagunev urn lambavillast ja tammepuust \u2013 soe puudutusele, v\u00e4\u00e4rikas valik loodusl\u00e4hedaseks h\u00fcvastij\u00e4tuks.\" \/>\n<meta name=\"robots\" content=\"index, follow, max-snippet:-1, max-image-preview:large, max-video-preview:-1\" \/>\n<link rel=\"canonical\" href=\"https:\/\/wurn.eu\/toode\/vaike-urn\/\" \/>\n<meta property=\"og:locale\" content=\"nb_NO\" \/>\n<meta property=\"og:type\" content=\"article\" \/>\n<meta property=\"og:title\" content=\"V\u00e4ike urn \u2013 Eesti disain, ainulaadne maailmas\" \/>\n<meta property=\"og:description\" content=\"Eestis disainitud, maailmas ainulaadne! Biolagunev urn lambavillast ja tammepuust \u2013 soe puudutusele, v\u00e4\u00e4rikas valik loodusl\u00e4hedaseks h\u00fcvastij\u00e4tuks.\" \/>\n<meta property=\"og:url\" content=\"https:\/\/wurn.eu\/toode\/vaike-urn\/\" \/>\n<meta property=\"og:site_name\" content=\"WURN urnid\" \/>\n<meta property=\"article:modified_time\" content=\"2026-01-04T18:56:43+00:00\" \/>\n<meta property=\"og:image\" content=\"https:\/\/wurn.eu\/wp-content\/uploads\/2025\/08\/vaikesed-tuhaurnid-scaled.jpg\" \/>\n\t<meta property=\"og:image:width\" content=\"2560\" \/>\n\t<meta property=\"og:image:height\" content=\"1707\" \/>\n\t<meta property=\"og:image:type\" content=\"image\/jpeg\" \/>\n<meta name=\"twitter:card\" content=\"summary_large_image\" \/>\n<meta name=\"twitter:label1\" content=\"Ansl. lesetid\" \/>\n\t<meta name=\"twitter:data1\" content=\"1 minutt\" \/>\n<script type=\"application\/ld+json\" class=\"yoast-schema-graph\">{\"@context\":\"https:\/\/schema.org\",\"@graph\":[{\"@type\":\"WebPage\",\"@id\":\"https:\/\/wurn.eu\/toode\/vaike-urn\/\",\"url\":\"https:\/\/wurn.eu\/toode\/vaike-urn\/\",\"name\":\"V\u00e4ike urn \u2013 Eesti disain, ainulaadne maailmas\",\"isPartOf\":{\"@id\":\"https:\/\/wurn.eu\/#website\"},\"primaryImageOfPage\":{\"@id\":\"https:\/\/wurn.eu\/toode\/vaike-urn\/#primaryimage\"},\"image\":{\"@id\":\"https:\/\/wurn.eu\/toode\/vaike-urn\/#primaryimage\"},\"thumbnailUrl\":\"https:\/\/wurn.eu\/wp-content\/uploads\/2025\/08\/vaikesed-tuhaurnid-scaled.jpg\",\"datePublished\":\"2025-08-25T15:34:54+00:00\",\"dateModified\":\"2026-01-04T18:56:43+00:00\",\"description\":\"Eestis disainitud, maailmas ainulaadne! Biolagunev urn lambavillast ja tammepuust \u2013 soe puudutusele, v\u00e4\u00e4rikas valik loodusl\u00e4hedaseks h\u00fcvastij\u00e4tuks.\",\"breadcrumb\":{\"@id\":\"https:\/\/wurn.eu\/toode\/vaike-urn\/#breadcrumb\"},\"inLanguage\":\"nb-NO\",\"potentialAction\":[{\"@type\":\"ReadAction\",\"target\":[\"https:\/\/wurn.eu\/toode\/vaike-urn\/\"]}]},{\"@type\":\"ImageObject\",\"inLanguage\":\"nb-NO\",\"@id\":\"https:\/\/wurn.eu\/toode\/vaike-urn\/#primaryimage\",\"url\":\"https:\/\/wurn.eu\/wp-content\/uploads\/2025\/08\/vaikesed-tuhaurnid-scaled.jpg\",\"contentUrl\":\"https:\/\/wurn.eu\/wp-content\/uploads\/2025\/08\/vaikesed-tuhaurnid-scaled.jpg\",\"width\":2560,\"height\":1707,\"caption\":\"V\u00e4ikesed Wurnid\"},{\"@type\":\"BreadcrumbList\",\"@id\":\"https:\/\/wurn.eu\/toode\/vaike-urn\/#breadcrumb\",\"itemListElement\":[{\"@type\":\"ListItem\",\"position\":1,\"name\":\"Home\",\"item\":\"https:\/\/wurn.eu\/\"},{\"@type\":\"ListItem\",\"position\":2,\"name\":\"Kataloog\",\"item\":\"https:\/\/wurn.eu\/kataloog\/\"},{\"@type\":\"ListItem\",\"position\":3,\"name\":\"V\u00e4ike urn\"}]},{\"@type\":\"WebSite\",\"@id\":\"https:\/\/wurn.eu\/#website\",\"url\":\"https:\/\/wurn.eu\/\",\"name\":\"WURN urnid\",\"description\":\"Lambavillasest vildist ja v\u00e4\u00e4rispuidust birolagunevad urnid\",\"potentialAction\":[{\"@type\":\"SearchAction\",\"target\":{\"@type\":\"EntryPoint\",\"urlTemplate\":\"https:\/\/wurn.eu\/?s={search_term_string}\"},\"query-input\":{\"@type\":\"PropertyValueSpecification\",\"valueRequired\":true,\"valueName\":\"search_term_string\"}}],\"inLanguage\":\"nb-NO\"}]}<\/script>\n<!-- \/ Yoast SEO plugin. -->","yoast_head_json":{"title":"V\u00e4ike urn \u2013 Eesti disain, ainulaadne maailmas","description":"Eestis disainitud, maailmas ainulaadne! Biolagunev urn lambavillast ja tammepuust \u2013 soe puudutusele, v\u00e4\u00e4rikas valik loodusl\u00e4hedaseks h\u00fcvastij\u00e4tuks.","robots":{"index":"index","follow":"follow","max-snippet":"max-snippet:-1","max-image-preview":"max-image-preview:large","max-video-preview":"max-video-preview:-1"},"canonical":"https:\/\/wurn.eu\/toode\/vaike-urn\/","og_locale":"nb_NO","og_type":"article","og_title":"V\u00e4ike urn \u2013 Eesti disain, ainulaadne maailmas","og_description":"Eestis disainitud, maailmas ainulaadne! Biolagunev urn lambavillast ja tammepuust \u2013 soe puudutusele, v\u00e4\u00e4rikas valik loodusl\u00e4hedaseks h\u00fcvastij\u00e4tuks.","og_url":"https:\/\/wurn.eu\/toode\/vaike-urn\/","og_site_name":"WURN urnid","article_modified_time":"2026-01-04T18:56:43+00:00","og_image":[{"width":2560,"height":1707,"url":"https:\/\/wurn.eu\/wp-content\/uploads\/2025\/08\/vaikesed-tuhaurnid-scaled.jpg","type":"image\/jpeg"}],"twitter_card":"summary_large_image","twitter_misc":{"Ansl. lesetid":"1 minutt"},"schema":{"@context":"https:\/\/schema.org","@graph":[{"@type":"WebPage","@id":"https:\/\/wurn.eu\/toode\/vaike-urn\/","url":"https:\/\/wurn.eu\/toode\/vaike-urn\/","name":"V\u00e4ike urn \u2013 Eesti disain, ainulaadne maailmas","isPartOf":{"@id":"https:\/\/wurn.eu\/#website"},"primaryImageOfPage":{"@id":"https:\/\/wurn.eu\/toode\/vaike-urn\/#primaryimage"},"image":{"@id":"https:\/\/wurn.eu\/toode\/vaike-urn\/#primaryimage"},"thumbnailUrl":"https:\/\/wurn.eu\/wp-content\/uploads\/2025\/08\/vaikesed-tuhaurnid-scaled.jpg","datePublished":"2025-08-25T15:34:54+00:00","dateModified":"2026-01-04T18:56:43+00:00","description":"Eestis disainitud, maailmas ainulaadne! Biolagunev urn lambavillast ja tammepuust \u2013 soe puudutusele, v\u00e4\u00e4rikas valik loodusl\u00e4hedaseks h\u00fcvastij\u00e4tuks.","breadcrumb":{"@id":"https:\/\/wurn.eu\/toode\/vaike-urn\/#breadcrumb"},"inLanguage":"nb-NO","potentialAction":[{"@type":"ReadAction","target":["https:\/\/wurn.eu\/toode\/vaike-urn\/"]}]},{"@type":"ImageObject","inLanguage":"nb-NO","@id":"https:\/\/wurn.eu\/toode\/vaike-urn\/#primaryimage","url":"https:\/\/wurn.eu\/wp-content\/uploads\/2025\/08\/vaikesed-tuhaurnid-scaled.jpg","contentUrl":"https:\/\/wurn.eu\/wp-content\/uploads\/2025\/08\/vaikesed-tuhaurnid-scaled.jpg","width":2560,"height":1707,"caption":"V\u00e4ikesed Wurnid"},{"@type":"BreadcrumbList","@id":"https:\/\/wurn.eu\/toode\/vaike-urn\/#breadcrumb","itemListElement":[{"@type":"ListItem","position":1,"name":"Home","item":"https:\/\/wurn.eu\/"},{"@type":"ListItem","position":2,"name":"Kataloog","item":"https:\/\/wurn.eu\/kataloog\/"},{"@type":"ListItem","position":3,"name":"V\u00e4ike urn"}]},{"@type":"WebSite","@id":"https:\/\/wurn.eu\/#website","url":"https:\/\/wurn.eu\/","name":"WURN urnid","description":"Lambavillasest vildist ja v\u00e4\u00e4rispuidust birolagunevad urnid","potentialAction":[{"@type":"SearchAction","target":{"@type":"EntryPoint","urlTemplate":"https:\/\/wurn.eu\/?s={search_term_string}"},"query-input":{"@type":"PropertyValueSpecification","valueRequired":true,"valueName":"search_term_string"}}],"inLanguage":"nb-NO"}]}},"jetpack_sharing_enabled":true,"_links":{"self":[{"href":"https:\/\/wurn.eu\/no\/wp-json\/wp\/v2\/product\/3286","targetHints":{"allow":["GET"]}}],"collection":[{"href":"https:\/\/wurn.eu\/no\/wp-json\/wp\/v2\/product"}],"about":[{"href":"https:\/\/wurn.eu\/no\/wp-json\/wp\/v2\/types\/product"}],"version-history":[{"count":5,"href":"https:\/\/wurn.eu\/no\/wp-json\/wp\/v2\/product\/3286\/revisions"}],"predecessor-version":[{"id":3803,"href":"https:\/\/wurn.eu\/no\/wp-json\/wp\/v2\/product\/3286\/revisions\/3803"}],"wp:featuredmedia":[{"embeddable":true,"href":"https:\/\/wurn.eu\/no\/wp-json\/wp\/v2\/media\/3274"}],"wp:attachment":[{"href":"https:\/\/wurn.eu\/no\/wp-json\/wp\/v2\/media?parent=3286"}],"wp:term":[{"taxonomy":"product_brand","embeddable":true,"href":"https:\/\/wurn.eu\/no\/wp-json\/wp\/v2\/product_brand?post=3286"},{"taxonomy":"product_cat","embeddable":true,"href":"https:\/\/wurn.eu\/no\/wp-json\/wp\/v2\/product_cat?post=3286"},{"taxonomy":"product_tag","embeddable":true,"href":"https:\/\/wurn.eu\/no\/wp-json\/wp\/v2\/product_tag?post=3286"}],"curies":[{"name":"wp","href":"https:\/\/api.w.org\/{rel}","templated":true}]}}