{"id":324,"date":"2024-10-22T15:14:21","date_gmt":"2024-10-22T15:14:21","guid":{"rendered":"http:\/\/wurn.eu\/?post_type=product&#038;p=324"},"modified":"2026-01-05T09:01:50","modified_gmt":"2026-01-05T07:01:50","slug":"suur-urn","status":"publish","type":"product","link":"https:\/\/wurn.eu\/no\/toode\/suur-urn\/","title":{"rendered":"Suur urn"},"content":{"rendered":"<p>Saaremaa meistrite k\u00e4tes valminud kvaliteetne suur Wurn on 100 % lambavillast ja tammepuidust. Wurnide vorm ja lahendus on unikaalsed. Vilt ja tamm on tugevad materjalid. <strong>Looduss\u00f5bralik <\/strong>lahendus kannab lahkunu loodusesse nii maap\u00f5ues kui vees\u00e4ngis.<\/p>\n<p>Valikus on kolm naturaalset tooni: hall, pruun ja valge.<\/p>\n<p>Sulgemine ja avamine ilma erivahenditeta- <strong>turvaline<\/strong> ja <strong>v\u00e4\u00e4rikas<\/strong>.<\/p>\n<p>Wurn toetab k\u00f5iki tuhastusmatuse rituaale, sobides m\u00e4lestusurniks, s\u00e4ngitamiseks ja tuhapuisteks. M\u00e4lestusurnina- s\u00e4ngitamata, s\u00e4ilib urn kaua. Tuhapuiste rituaali-j\u00e4rgselt v\u00f5ite urni s\u00e4ngitada maap\u00f5ue. Keskkonnas\u00f5bralik urn laguneb kiiresti. Suurele urnile on paigaldatud s\u00e4ngitusn\u00f6\u00f6rid.<\/p>\n<p><strong>T\u00e4iskasvanule<\/strong><\/p>\n","protected":false},"excerpt":{"rendered":"<p>Saaremaa meistrite k\u00e4tes valminud kvaliteetne suur Wurn on 100 % lambavillast ja tammepuidust. Wurnide vorm ja lahendus on unikaalsed. Vilt ja tamm on tugevad materjalid. <strong>Looduss\u00f5bralik <\/strong>lahendus kannab lahkunu loodusesse nii maap\u00f5ues kui vees\u00e4ngis.<\/p>\n<p>Valikus on kolm naturaalset tooni: hall, pruun ja valge.<\/p>\n<p>Sulgemine ja avamine ilma erivahenditeta- <strong>turvaline<\/strong> ja <strong>v\u00e4\u00e4rikas<\/strong>.<\/p>\n<p>Wurn toetab k\u00f5iki tuhastusmatuse rituaale, sobides m\u00e4lestusurniks, s\u00e4ngitamiseks ja tuhapuisteks. M\u00e4lestusurnina- s\u00e4ngitamata, s\u00e4ilib urn kaua. Tuhapuiste rituaali-j\u00e4rgselt v\u00f5ite urni s\u00e4ngitada maap\u00f5ue. Keskkonnas\u00f5bralik urn laguneb kiiresti. Suurele urnile on paigaldatud s\u00e4ngitusn\u00f6\u00f6rid.<\/p>\n<p><strong>T\u00e4iskasvanule<\/strong><\/p>\n","protected":false},"featured_media":3192,"template":"","meta":{"_monsterinsights_skip_tracking":false,"_monsterinsights_sitenote_active":false,"_monsterinsights_sitenote_note":"","_monsterinsights_sitenote_category":0},"product_brand":[],"product_cat":[33],"product_tag":[97,98,99,103,101,31,96,95,93,102,100],"class_list":{"0":"post-324","1":"product","2":"type-product","3":"status-publish","4":"has-post-thumbnail","6":"product_cat-pood","7":"product_tag-biolagunev-urn","8":"product_tag-kasitoo-urn","9":"product_tag-lambavillast-urn","10":"product_tag-lapse-urn","11":"product_tag-suur-urn","12":"product_tag-tuhaurn","13":"product_tag-urn-kassile","14":"product_tag-urn-koerale","15":"product_tag-urn-lemmikloomale","16":"product_tag-urn-taiskavanutele","17":"product_tag-vildist-urn","19":"first","20":"instock","21":"taxable","22":"shipping-taxable","23":"purchasable","24":"product-type-variable","25":"has-default-attributes"},"yoast_head":"<!-- This site is optimized with the Yoast SEO plugin v26.6 - https:\/\/yoast.com\/wordpress\/plugins\/seo\/ -->\n<title>Lambavillast urn - Eesti disain, ainulaadne maailmas<\/title>\n<meta name=\"description\" content=\"Eestis disainitud, maailmas ainulaadne! Biolagunev urn lambavillast ja tammepuust \u2013 soe puudutusele, v\u00e4\u00e4rikas valik loodusl\u00e4hedaseks h\u00fcvastij\u00e4tuks.\" \/>\n<meta name=\"robots\" content=\"index, follow, max-snippet:-1, max-image-preview:large, max-video-preview:-1\" \/>\n<link rel=\"canonical\" href=\"https:\/\/wurn.eu\/toode\/suur-urn\/\" \/>\n<meta property=\"og:locale\" content=\"nb_NO\" \/>\n<meta property=\"og:type\" content=\"article\" \/>\n<meta property=\"og:title\" content=\"Lambavillast urn - Eesti disain, ainulaadne maailmas\" \/>\n<meta property=\"og:description\" content=\"Eestis disainitud, maailmas ainulaadne! Biolagunev urn lambavillast ja tammepuust \u2013 soe puudutusele, v\u00e4\u00e4rikas valik loodusl\u00e4hedaseks h\u00fcvastij\u00e4tuks.\" \/>\n<meta property=\"og:url\" content=\"https:\/\/wurn.eu\/toode\/suur-urn\/\" \/>\n<meta property=\"og:site_name\" content=\"WURN urnid\" \/>\n<meta property=\"article:modified_time\" content=\"2026-01-05T07:01:50+00:00\" \/>\n<meta property=\"og:image\" content=\"https:\/\/wurn.eu\/wp-content\/uploads\/2025\/06\/DSCF0128-scaled.jpg\" \/>\n\t<meta property=\"og:image:width\" content=\"2560\" \/>\n\t<meta property=\"og:image:height\" content=\"1707\" \/>\n\t<meta property=\"og:image:type\" content=\"image\/jpeg\" \/>\n<meta name=\"twitter:card\" content=\"summary_large_image\" \/>\n<meta name=\"twitter:label1\" content=\"Ansl. lesetid\" \/>\n\t<meta name=\"twitter:data1\" content=\"1 minutt\" \/>\n<script type=\"application\/ld+json\" class=\"yoast-schema-graph\">{\"@context\":\"https:\/\/schema.org\",\"@graph\":[{\"@type\":\"WebPage\",\"@id\":\"https:\/\/wurn.eu\/toode\/suur-urn\/\",\"url\":\"https:\/\/wurn.eu\/toode\/suur-urn\/\",\"name\":\"Lambavillast urn - Eesti disain, ainulaadne maailmas\",\"isPartOf\":{\"@id\":\"https:\/\/wurn.eu\/#website\"},\"primaryImageOfPage\":{\"@id\":\"https:\/\/wurn.eu\/toode\/suur-urn\/#primaryimage\"},\"image\":{\"@id\":\"https:\/\/wurn.eu\/toode\/suur-urn\/#primaryimage\"},\"thumbnailUrl\":\"https:\/\/wurn.eu\/wp-content\/uploads\/2025\/06\/DSCF0128-scaled.jpg\",\"datePublished\":\"2024-10-22T15:14:21+00:00\",\"dateModified\":\"2026-01-05T07:01:50+00:00\",\"description\":\"Eestis disainitud, maailmas ainulaadne! Biolagunev urn lambavillast ja tammepuust \u2013 soe puudutusele, v\u00e4\u00e4rikas valik loodusl\u00e4hedaseks h\u00fcvastij\u00e4tuks.\",\"breadcrumb\":{\"@id\":\"https:\/\/wurn.eu\/toode\/suur-urn\/#breadcrumb\"},\"inLanguage\":\"nb-NO\",\"potentialAction\":[{\"@type\":\"ReadAction\",\"target\":[\"https:\/\/wurn.eu\/toode\/suur-urn\/\"]}]},{\"@type\":\"ImageObject\",\"inLanguage\":\"nb-NO\",\"@id\":\"https:\/\/wurn.eu\/toode\/suur-urn\/#primaryimage\",\"url\":\"https:\/\/wurn.eu\/wp-content\/uploads\/2025\/06\/DSCF0128-scaled.jpg\",\"contentUrl\":\"https:\/\/wurn.eu\/wp-content\/uploads\/2025\/06\/DSCF0128-scaled.jpg\",\"width\":2560,\"height\":1707,\"caption\":\"Suured Wurnid\"},{\"@type\":\"BreadcrumbList\",\"@id\":\"https:\/\/wurn.eu\/toode\/suur-urn\/#breadcrumb\",\"itemListElement\":[{\"@type\":\"ListItem\",\"position\":1,\"name\":\"Home\",\"item\":\"https:\/\/wurn.eu\/\"},{\"@type\":\"ListItem\",\"position\":2,\"name\":\"Kataloog\",\"item\":\"https:\/\/wurn.eu\/kataloog\/\"},{\"@type\":\"ListItem\",\"position\":3,\"name\":\"Suur urn\"}]},{\"@type\":\"WebSite\",\"@id\":\"https:\/\/wurn.eu\/#website\",\"url\":\"https:\/\/wurn.eu\/\",\"name\":\"WURN urnid\",\"description\":\"Lambavillasest vildist ja v\u00e4\u00e4rispuidust birolagunevad urnid\",\"potentialAction\":[{\"@type\":\"SearchAction\",\"target\":{\"@type\":\"EntryPoint\",\"urlTemplate\":\"https:\/\/wurn.eu\/?s={search_term_string}\"},\"query-input\":{\"@type\":\"PropertyValueSpecification\",\"valueRequired\":true,\"valueName\":\"search_term_string\"}}],\"inLanguage\":\"nb-NO\"}]}<\/script>\n<!-- \/ Yoast SEO plugin. -->","yoast_head_json":{"title":"Lambavillast urn - Eesti disain, ainulaadne maailmas","description":"Eestis disainitud, maailmas ainulaadne! Biolagunev urn lambavillast ja tammepuust \u2013 soe puudutusele, v\u00e4\u00e4rikas valik loodusl\u00e4hedaseks h\u00fcvastij\u00e4tuks.","robots":{"index":"index","follow":"follow","max-snippet":"max-snippet:-1","max-image-preview":"max-image-preview:large","max-video-preview":"max-video-preview:-1"},"canonical":"https:\/\/wurn.eu\/toode\/suur-urn\/","og_locale":"nb_NO","og_type":"article","og_title":"Lambavillast urn - Eesti disain, ainulaadne maailmas","og_description":"Eestis disainitud, maailmas ainulaadne! Biolagunev urn lambavillast ja tammepuust \u2013 soe puudutusele, v\u00e4\u00e4rikas valik loodusl\u00e4hedaseks h\u00fcvastij\u00e4tuks.","og_url":"https:\/\/wurn.eu\/toode\/suur-urn\/","og_site_name":"WURN urnid","article_modified_time":"2026-01-05T07:01:50+00:00","og_image":[{"width":2560,"height":1707,"url":"https:\/\/wurn.eu\/wp-content\/uploads\/2025\/06\/DSCF0128-scaled.jpg","type":"image\/jpeg"}],"twitter_card":"summary_large_image","twitter_misc":{"Ansl. lesetid":"1 minutt"},"schema":{"@context":"https:\/\/schema.org","@graph":[{"@type":"WebPage","@id":"https:\/\/wurn.eu\/toode\/suur-urn\/","url":"https:\/\/wurn.eu\/toode\/suur-urn\/","name":"Lambavillast urn - Eesti disain, ainulaadne maailmas","isPartOf":{"@id":"https:\/\/wurn.eu\/#website"},"primaryImageOfPage":{"@id":"https:\/\/wurn.eu\/toode\/suur-urn\/#primaryimage"},"image":{"@id":"https:\/\/wurn.eu\/toode\/suur-urn\/#primaryimage"},"thumbnailUrl":"https:\/\/wurn.eu\/wp-content\/uploads\/2025\/06\/DSCF0128-scaled.jpg","datePublished":"2024-10-22T15:14:21+00:00","dateModified":"2026-01-05T07:01:50+00:00","description":"Eestis disainitud, maailmas ainulaadne! Biolagunev urn lambavillast ja tammepuust \u2013 soe puudutusele, v\u00e4\u00e4rikas valik loodusl\u00e4hedaseks h\u00fcvastij\u00e4tuks.","breadcrumb":{"@id":"https:\/\/wurn.eu\/toode\/suur-urn\/#breadcrumb"},"inLanguage":"nb-NO","potentialAction":[{"@type":"ReadAction","target":["https:\/\/wurn.eu\/toode\/suur-urn\/"]}]},{"@type":"ImageObject","inLanguage":"nb-NO","@id":"https:\/\/wurn.eu\/toode\/suur-urn\/#primaryimage","url":"https:\/\/wurn.eu\/wp-content\/uploads\/2025\/06\/DSCF0128-scaled.jpg","contentUrl":"https:\/\/wurn.eu\/wp-content\/uploads\/2025\/06\/DSCF0128-scaled.jpg","width":2560,"height":1707,"caption":"Suured Wurnid"},{"@type":"BreadcrumbList","@id":"https:\/\/wurn.eu\/toode\/suur-urn\/#breadcrumb","itemListElement":[{"@type":"ListItem","position":1,"name":"Home","item":"https:\/\/wurn.eu\/"},{"@type":"ListItem","position":2,"name":"Kataloog","item":"https:\/\/wurn.eu\/kataloog\/"},{"@type":"ListItem","position":3,"name":"Suur urn"}]},{"@type":"WebSite","@id":"https:\/\/wurn.eu\/#website","url":"https:\/\/wurn.eu\/","name":"WURN urnid","description":"Lambavillasest vildist ja v\u00e4\u00e4rispuidust birolagunevad urnid","potentialAction":[{"@type":"SearchAction","target":{"@type":"EntryPoint","urlTemplate":"https:\/\/wurn.eu\/?s={search_term_string}"},"query-input":{"@type":"PropertyValueSpecification","valueRequired":true,"valueName":"search_term_string"}}],"inLanguage":"nb-NO"}]}},"jetpack_sharing_enabled":true,"_links":{"self":[{"href":"https:\/\/wurn.eu\/no\/wp-json\/wp\/v2\/product\/324","targetHints":{"allow":["GET"]}}],"collection":[{"href":"https:\/\/wurn.eu\/no\/wp-json\/wp\/v2\/product"}],"about":[{"href":"https:\/\/wurn.eu\/no\/wp-json\/wp\/v2\/types\/product"}],"version-history":[{"count":5,"href":"https:\/\/wurn.eu\/no\/wp-json\/wp\/v2\/product\/324\/revisions"}],"predecessor-version":[{"id":325,"href":"https:\/\/wurn.eu\/no\/wp-json\/wp\/v2\/product\/324\/revisions\/325"}],"wp:featuredmedia":[{"embeddable":true,"href":"https:\/\/wurn.eu\/no\/wp-json\/wp\/v2\/media\/3192"}],"wp:attachment":[{"href":"https:\/\/wurn.eu\/no\/wp-json\/wp\/v2\/media?parent=324"}],"wp:term":[{"taxonomy":"product_brand","embeddable":true,"href":"https:\/\/wurn.eu\/no\/wp-json\/wp\/v2\/product_brand?post=324"},{"taxonomy":"product_cat","embeddable":true,"href":"https:\/\/wurn.eu\/no\/wp-json\/wp\/v2\/product_cat?post=324"},{"taxonomy":"product_tag","embeddable":true,"href":"https:\/\/wurn.eu\/no\/wp-json\/wp\/v2\/product_tag?post=324"}],"curies":[{"name":"wp","href":"https:\/\/api.w.org\/{rel}","templated":true}]}}