{"id":4800,"date":"2024-10-20T17:11:28","date_gmt":"2024-10-20T14:11:28","guid":{"rendered":"https:\/\/wurn.eu\/faq\/"},"modified":"2026-05-12T19:04:43","modified_gmt":"2026-05-12T16:04:43","slug":"faq","status":"publish","type":"page","link":"https:\/\/wurn.eu\/no\/faq\/","title":{"rendered":"FAQ"},"content":{"rendered":"\t\t<div data-elementor-type=\"wp-page\" data-elementor-id=\"4800\" class=\"elementor elementor-4800 elementor-263\" data-elementor-post-type=\"page\">\n\t\t\t\t<div class=\"elementor-element elementor-element-2a9411d8 e-con-full e-flex e-con e-parent\" data-id=\"2a9411d8\" data-element_type=\"container\" data-e-type=\"container\">\n\t\t\t\t<div class=\"elementor-element elementor-element-2d8d816d elementor-widget elementor-widget-heading\" data-id=\"2d8d816d\" data-element_type=\"widget\" data-e-type=\"widget\" data-widget_type=\"heading.default\">\n\t\t\t\t<div class=\"elementor-widget-container\">\n\t\t\t\t\t<h3 class=\"elementor-heading-title elementor-size-default\">Ofte stilte sp\u00f8rsm\u00e5l<\/h3>\t\t\t\t<\/div>\n\t\t\t\t<\/div>\n\t\t<div class=\"elementor-element elementor-element-6d52b0c8 e-con-full e-flex e-con e-child\" data-id=\"6d52b0c8\" data-element_type=\"container\" data-e-type=\"container\">\n\t\t\t\t<div class=\"elementor-element elementor-element-51843bc6 elementor-widget elementor-widget-toggle\" data-id=\"51843bc6\" data-element_type=\"widget\" data-e-type=\"widget\" data-widget_type=\"toggle.default\">\n\t\t\t\t<div class=\"elementor-widget-container\">\n\t\t\t\t\t\t\t<div class=\"elementor-toggle\">\n\t\t\t\t\t\t\t<div class=\"elementor-toggle-item\">\n\t\t\t\t\t<h1 id=\"elementor-tab-title-1361\" class=\"elementor-tab-title\" data-tab=\"1\" role=\"button\" aria-controls=\"elementor-tab-content-1361\" aria-expanded=\"false\">\n\t\t\t\t\t\t\t\t\t\t\t\t<a class=\"elementor-toggle-title\" tabindex=\"0\">Hvilken urne skal jeg velge?<\/a>\n\t\t\t\t\t<\/h1>\n\n\t\t\t\t\t<div id=\"elementor-tab-content-1361\" class=\"elementor-tab-content elementor-clearfix\" data-tab=\"1\" role=\"region\" aria-labelledby=\"elementor-tab-title-1361\"><p data-start=\"378\" data-end=\"644\">Mengden aske avhenger av benmasse og bentetthet, som utvikles gjennom livet. Det kan ikke fastsl\u00e5s ut fra kroppsvekt alene, men kan likevel estimeres med f\u00f8lgende formel: <strong data-start=\"235\" data-end=\"243\">1 kg<\/strong> \u2192 ~<strong>0,04 l<\/strong>. <\/p>\n<p data-start=\"378\" data-end=\"644\">For eksempel reduseres bentettheten hos eldre mennesker over tid, og dermed blir ogs\u00e5 mengden aske mindre.<\/p>\n<p data-start=\"537\" data-end=\"674\"><strong>Etter en voksen eller ungdom<\/strong> blir det i gjennomsnitt igjen 2,4\u20134,5 liter aske, og <strong>en stor urne <\/strong>passer derfor best.<\/p>\n<p data-start=\"855\" data-end=\"975\">Fra barn fra 2-\u00e5rsalderen blir det i gjennomsnitt igjen 0,5\u20132,4 liter aske.  <strong> En mellomstor urne passer godt. Den egner seg ogs\u00e5 for en eldre person av mindre vekst. <\/strong><\/p>\n<p data-start=\"855\" data-end=\"975\"><strong>For kj\u00e6ledyr<\/strong> (opptil 16 kg) blir det i gjennomsnitt igjen 0,6 l aske, og <strong>en liten urne<\/strong> passer godt.<\/p>\n<p data-start=\"855\" data-end=\"975\">For sm\u00e5 barn opptil 2 \u00e5r passer <strong>en liten urne<\/strong>.<\/p>\n<\/div>\n\t\t\t\t<\/div>\n\t\t\t\t\t\t\t<div class=\"elementor-toggle-item\">\n\t\t\t\t\t<h1 id=\"elementor-tab-title-1362\" class=\"elementor-tab-title\" data-tab=\"2\" role=\"button\" aria-controls=\"elementor-tab-content-1362\" aria-expanded=\"false\">\n\t\t\t\t\t\t\t\t\t\t\t\t<a class=\"elementor-toggle-title\" tabindex=\"0\">Til begravelsesbyr\u00e5et med en urne du selv har anskaffet?<\/a>\n\t\t\t\t\t<\/h1>\n\n\t\t\t\t\t<div id=\"elementor-tab-content-1362\" class=\"elementor-tab-content elementor-clearfix\" data-tab=\"2\" role=\"region\" aria-labelledby=\"elementor-tab-title-1362\"><p>Bruken av en WURN-urne ved kremasjon er enkel og rask.<\/p>\n<ol>\n<li>\n<p><strong>Katalog<\/strong> \u2013 velg en passende urne. Ved behov kan du sp\u00f8rre om r\u00e5d \u2013 vi hjelper deg med \u00e5 ta et valg. <\/p>\n<\/li>\n<li>\n<p>Ta kontakt \u2013 etter r\u00e5dgivning klargj\u00f8r og pakker vi urnen du har valgt.<\/p>\n<\/li>\n<li>\n<p><strong>Levering <\/strong>\u2013 vi sender urnen til pakkeautomaten du har valgt. Forventet leveringstid til Norge er <strong>9\u201311 virkedager<\/strong>. <\/p>\n<\/li>\n<li>\n<p>Bruk \u2013 n\u00e5r urnen er mottatt, leveres den til begravelsesbyr\u00e5et. Plassering av aske i urnen h\u00e5ndteres enten av krematoriet eller begravelsesbyr\u00e5et. \u00c5pning og lukking er enkel, noe som gj\u00f8r prosessen b\u00e5de enkel og verdig.  <\/p>\n<\/li>\n<\/ol>\n<p><strong style=\"letter-spacing: 0px; word-spacing: 0em;\">Sammendrag:<\/strong><\/p>\n<p>\u2013 ved bestilling hjelper vi deg<br \/>\u2013 levering skjer innen et par virkedager<br \/>\u2013 bruken er enkel<\/p>\n<\/div>\n\t\t\t\t<\/div>\n\t\t\t\t\t\t\t<div class=\"elementor-toggle-item\">\n\t\t\t\t\t<h1 id=\"elementor-tab-title-1363\" class=\"elementor-tab-title\" data-tab=\"3\" role=\"button\" aria-controls=\"elementor-tab-content-1363\" aria-expanded=\"false\">\n\t\t\t\t\t\t\t\t\t\t\t\t<a class=\"elementor-toggle-title\" tabindex=\"0\">Ritualer etter kremasjon med urne?<\/a>\n\t\t\t\t\t<\/h1>\n\n\t\t\t\t\t<div id=\"elementor-tab-content-1363\" class=\"elementor-tab-content elementor-clearfix\" data-tab=\"3\" role=\"region\" aria-labelledby=\"elementor-tab-title-1363\"><p>Kremasjon er i dag den mest vanlige formen for gravferd. Det finnes ingen faste regler her. Om \u00f8nskelig kan ulike ritualer gjennomf\u00f8res med urnen.  <\/p>\n<p><strong>Nedsettelse<\/strong> \u2013 det finnes flere gode grunner til \u00e5 velge kremasjon, blant annet at det krever lite plass p\u00e5 gravplassen. P\u00e5 denne m\u00e5ten kan de p\u00e5r\u00f8rende settes ned ved siden av hverandre. <\/p>\n<p>Minnested \u2013 etter avskjeden med den avd\u00f8de kan urnen oppbevares hjemme. Slik kan de p\u00e5r\u00f8rende planlegge tidspunktet for nedsettelsen over en lengre periode. <\/p>\n<p><strong>Askespredning <\/strong>\u2013 om \u00f8nskelig kan asken spres p\u00e5 et sted som er viktig for deg og den avd\u00f8de. Etter askespredningsritualet kan urnen senere settes ned i jorden. Urnen brytes raskt ned.  <\/p>\n<\/div>\n\t\t\t\t<\/div>\n\t\t\t\t\t\t\t<div class=\"elementor-toggle-item\">\n\t\t\t\t\t<h1 id=\"elementor-tab-title-1364\" class=\"elementor-tab-title\" data-tab=\"4\" role=\"button\" aria-controls=\"elementor-tab-content-1364\" aria-expanded=\"false\">\n\t\t\t\t\t\t\t\t\t\t\t\t<a class=\"elementor-toggle-title\" tabindex=\"0\">Leveringstid?<\/a>\n\t\t\t\t\t<\/h1>\n\n\t\t\t\t\t<div id=\"elementor-tab-content-1364\" class=\"elementor-tab-content elementor-clearfix\" data-tab=\"4\" role=\"region\" aria-labelledby=\"elementor-tab-title-1364\"><p data-start=\"133\" data-end=\"291\">Forventet leveringstid til Norge er 9\u201311 virkedager.<\/p>\n<p data-start=\"293\" data-end=\"625\"><strong data-start=\"293\" data-end=\"323\">M\u00e5 jeg bestille raskt?<\/strong><br data-start=\"323\" data-end=\"326\">Det er ingen grunn til bekymring eller hastverk. Etter avskjeden med den avd\u00f8de planlegges kremasjonen. Dette er en periode hvor man i ro og mak kan velge urne. Begravelsesbyr\u00e5ene er im\u00f8tekommende og hjelper med bruken av urnen du har valgt.   <\/p>\n<\/div>\n\t\t\t\t<\/div>\n\t\t\t\t\t\t\t<div class=\"elementor-toggle-item\">\n\t\t\t\t\t<h1 id=\"elementor-tab-title-1365\" class=\"elementor-tab-title\" data-tab=\"5\" role=\"button\" aria-controls=\"elementor-tab-content-1365\" aria-expanded=\"false\">\n\t\t\t\t\t\t\t\t\t\t\t\t<a class=\"elementor-toggle-title\" tabindex=\"0\">Materiale<\/a>\n\t\t\t\t\t<\/h1>\n\n\t\t\t\t\t<div id=\"elementor-tab-content-1365\" class=\"elementor-tab-content elementor-clearfix\" data-tab=\"5\" role=\"region\" aria-labelledby=\"elementor-tab-title-1365\"><p data-start=\"9\" data-end=\"136\">WURN-urnene er laget av ren <strong>saueull <\/strong>og <strong>eik<\/strong> \u2013 myke og varme \u00e5 ta p\u00e5, med utmerket holdbarhet og rask biologisk nedbrytning i naturen. Ull og tre er biologisk nedbrytbare b\u00e5de i jord og i vann. <\/p>\n<ul data-start=\"138\" data-end=\"378\">\n<li data-start=\"138\" data-end=\"218\">\n<p data-start=\"140\" data-end=\"218\">100 % <strong>ull <\/strong>brytes ned til omtrent 95 % innen <strong>3\u2013<\/strong><strong data-start=\"50\" data-end=\"94\">4 m\u00e5neder<\/strong> etter nedsettelse.<\/p>\n<\/li>\n<li data-start=\"219\" data-end=\"299\">\n<p data-start=\"221\" data-end=\"299\">Tester viser at nedbrytningen er synlig <strong>etter 3 <\/strong><strong data-start=\"72\" data-end=\"93\" data-is-last-node=\"\">uker.<\/strong><\/p>\n<\/li>\n<\/ul>\n<\/div>\n\t\t\t\t<\/div>\n\t\t\t\t\t\t\t\t<\/div>\n\t\t\t\t\t\t<\/div>\n\t\t\t\t<\/div>\n\t\t\t\t<\/div>\n\t\t\t\t<\/div>\n\t\t\t\t<\/div>\n\t\t","protected":false},"excerpt":{"rendered":"<p>Ofte stilte sp\u00f8rsm\u00e5l Hvilken urne skal jeg velge? Mengden aske avhenger av benmasse og bentetthet, som utvikles gjennom livet. Det kan ikke fastsl\u00e5s ut fra kroppsvekt alene, men kan likevel estimeres med f\u00f8lgende formel: 1 kg \u2192 ~0,04 l. For eksempel reduseres bentettheten hos eldre mennesker over tid, og dermed blir ogs\u00e5 mengden aske mindre&#8230;.<\/p>\n","protected":false},"author":1,"featured_media":4750,"parent":0,"menu_order":0,"comment_status":"closed","ping_status":"closed","template":"elementor_header_footer","meta":{"_monsterinsights_skip_tracking":false,"_monsterinsights_sitenote_active":false,"_monsterinsights_sitenote_note":"","_monsterinsights_sitenote_category":0,"footnotes":""},"class_list":["post-4800","page","type-page","status-publish","has-post-thumbnail","hentry"],"yoast_head":"<!-- This site is optimized with the Yoast SEO plugin v26.6 - https:\/\/yoast.com\/wordpress\/plugins\/seo\/ -->\n<title>FAQ - WURN urnid<\/title>\n<meta name=\"description\" content=\"Svar p\u00e5 vanlige sp\u00f8rsm\u00e5l om WURN-urner i filt: bestilling, levering, produktegenskaper, st\u00f8rrelser og materialer. Finn enkelt informasjonen du trenger.\" \/>\n<meta name=\"robots\" content=\"index, follow, max-snippet:-1, max-image-preview:large, max-video-preview:-1\" \/>\n<link rel=\"canonical\" href=\"https:\/\/wurn.eu\/no\/faq\/\" \/>\n<meta property=\"og:locale\" content=\"nb_NO\" \/>\n<meta property=\"og:type\" content=\"article\" \/>\n<meta property=\"og:title\" content=\"FAQ - WURN urnid\" \/>\n<meta property=\"og:description\" content=\"Svar p\u00e5 vanlige sp\u00f8rsm\u00e5l om WURN-urner i filt: bestilling, levering, produktegenskaper, st\u00f8rrelser og materialer. Finn enkelt informasjonen du trenger.\" \/>\n<meta property=\"og:url\" content=\"https:\/\/wurn.eu\/no\/faq\/\" \/>\n<meta property=\"og:site_name\" content=\"WURN urnid\" \/>\n<meta property=\"article:modified_time\" content=\"2026-05-12T16:04:43+00:00\" \/>\n<meta property=\"og:image\" content=\"https:\/\/wurn.eu\/wp-content\/uploads\/2024\/10\/DSCF9447-1-scaled.jpg\" \/>\n\t<meta property=\"og:image:width\" content=\"2560\" \/>\n\t<meta property=\"og:image:height\" content=\"1707\" \/>\n\t<meta property=\"og:image:type\" content=\"image\/jpeg\" \/>\n<meta name=\"twitter:card\" content=\"summary_large_image\" \/>\n<meta name=\"twitter:label1\" content=\"Ansl. lesetid\" \/>\n\t<meta name=\"twitter:data1\" content=\"2 minutter\" \/>\n<script type=\"application\/ld+json\" class=\"yoast-schema-graph\">{\"@context\":\"https:\/\/schema.org\",\"@graph\":[{\"@type\":\"WebPage\",\"@id\":\"https:\/\/wurn.eu\/no\/faq\/\",\"url\":\"https:\/\/wurn.eu\/no\/faq\/\",\"name\":\"FAQ - WURN urnid\",\"isPartOf\":{\"@id\":\"https:\/\/wurn.eu\/#website\"},\"primaryImageOfPage\":{\"@id\":\"https:\/\/wurn.eu\/no\/faq\/#primaryimage\"},\"image\":{\"@id\":\"https:\/\/wurn.eu\/no\/faq\/#primaryimage\"},\"thumbnailUrl\":\"https:\/\/wurn.eu\/wp-content\/uploads\/2024\/10\/DSCF9447-1-scaled.jpg\",\"datePublished\":\"2024-10-20T14:11:28+00:00\",\"dateModified\":\"2026-05-12T16:04:43+00:00\",\"description\":\"Svar p\u00e5 vanlige sp\u00f8rsm\u00e5l om WURN-urner i filt: bestilling, levering, produktegenskaper, st\u00f8rrelser og materialer. Finn enkelt informasjonen du trenger.\",\"breadcrumb\":{\"@id\":\"https:\/\/wurn.eu\/no\/faq\/#breadcrumb\"},\"inLanguage\":\"nb-NO\",\"potentialAction\":[{\"@type\":\"ReadAction\",\"target\":[\"https:\/\/wurn.eu\/no\/faq\/\"]}]},{\"@type\":\"ImageObject\",\"inLanguage\":\"nb-NO\",\"@id\":\"https:\/\/wurn.eu\/no\/faq\/#primaryimage\",\"url\":\"https:\/\/wurn.eu\/wp-content\/uploads\/2024\/10\/DSCF9447-1-scaled.jpg\",\"contentUrl\":\"https:\/\/wurn.eu\/wp-content\/uploads\/2024\/10\/DSCF9447-1-scaled.jpg\",\"width\":2560,\"height\":1707,\"caption\":\"WURN urn tuhaurnid\"},{\"@type\":\"BreadcrumbList\",\"@id\":\"https:\/\/wurn.eu\/no\/faq\/#breadcrumb\",\"itemListElement\":[{\"@type\":\"ListItem\",\"position\":1,\"name\":\"Home\",\"item\":\"https:\/\/wurn.eu\/no\/forside\/\"},{\"@type\":\"ListItem\",\"position\":2,\"name\":\"FAQ\"}]},{\"@type\":\"WebSite\",\"@id\":\"https:\/\/wurn.eu\/#website\",\"url\":\"https:\/\/wurn.eu\/\",\"name\":\"WURN urnid\",\"description\":\"Lambavillasest vildist ja v\u00e4\u00e4rispuidust birolagunevad urnid\",\"publisher\":{\"@id\":\"https:\/\/wurn.eu\/#organization\"},\"potentialAction\":[{\"@type\":\"SearchAction\",\"target\":{\"@type\":\"EntryPoint\",\"urlTemplate\":\"https:\/\/wurn.eu\/?s={search_term_string}\"},\"query-input\":{\"@type\":\"PropertyValueSpecification\",\"valueRequired\":true,\"valueName\":\"search_term_string\"}}],\"inLanguage\":\"nb-NO\"},{\"@type\":\"Organization\",\"@id\":\"https:\/\/wurn.eu\/#organization\",\"name\":\"WURN urnid\",\"url\":\"https:\/\/wurn.eu\/\",\"logo\":{\"@type\":\"ImageObject\",\"inLanguage\":\"nb-NO\",\"@id\":\"https:\/\/wurn.eu\/#\/schema\/logo\/image\/\",\"url\":\"https:\/\/wurn.eu\/wp-content\/uploads\/2024\/10\/WURN_logo_UUS_v3_1_original_black.png\",\"contentUrl\":\"https:\/\/wurn.eu\/wp-content\/uploads\/2024\/10\/WURN_logo_UUS_v3_1_original_black.png\",\"width\":270,\"height\":316,\"caption\":\"WURN urnid\"},\"image\":{\"@id\":\"https:\/\/wurn.eu\/#\/schema\/logo\/image\/\"}}]}<\/script>\n<!-- \/ Yoast SEO plugin. -->","yoast_head_json":{"title":"FAQ - WURN urnid","description":"Svar p\u00e5 vanlige sp\u00f8rsm\u00e5l om WURN-urner i filt: bestilling, levering, produktegenskaper, st\u00f8rrelser og materialer. Finn enkelt informasjonen du trenger.","robots":{"index":"index","follow":"follow","max-snippet":"max-snippet:-1","max-image-preview":"max-image-preview:large","max-video-preview":"max-video-preview:-1"},"canonical":"https:\/\/wurn.eu\/no\/faq\/","og_locale":"nb_NO","og_type":"article","og_title":"FAQ - WURN urnid","og_description":"Svar p\u00e5 vanlige sp\u00f8rsm\u00e5l om WURN-urner i filt: bestilling, levering, produktegenskaper, st\u00f8rrelser og materialer. Finn enkelt informasjonen du trenger.","og_url":"https:\/\/wurn.eu\/no\/faq\/","og_site_name":"WURN urnid","article_modified_time":"2026-05-12T16:04:43+00:00","og_image":[{"width":2560,"height":1707,"url":"https:\/\/wurn.eu\/wp-content\/uploads\/2024\/10\/DSCF9447-1-scaled.jpg","type":"image\/jpeg"}],"twitter_card":"summary_large_image","twitter_misc":{"Ansl. lesetid":"2 minutter"},"schema":{"@context":"https:\/\/schema.org","@graph":[{"@type":"WebPage","@id":"https:\/\/wurn.eu\/no\/faq\/","url":"https:\/\/wurn.eu\/no\/faq\/","name":"FAQ - WURN urnid","isPartOf":{"@id":"https:\/\/wurn.eu\/#website"},"primaryImageOfPage":{"@id":"https:\/\/wurn.eu\/no\/faq\/#primaryimage"},"image":{"@id":"https:\/\/wurn.eu\/no\/faq\/#primaryimage"},"thumbnailUrl":"https:\/\/wurn.eu\/wp-content\/uploads\/2024\/10\/DSCF9447-1-scaled.jpg","datePublished":"2024-10-20T14:11:28+00:00","dateModified":"2026-05-12T16:04:43+00:00","description":"Svar p\u00e5 vanlige sp\u00f8rsm\u00e5l om WURN-urner i filt: bestilling, levering, produktegenskaper, st\u00f8rrelser og materialer. Finn enkelt informasjonen du trenger.","breadcrumb":{"@id":"https:\/\/wurn.eu\/no\/faq\/#breadcrumb"},"inLanguage":"nb-NO","potentialAction":[{"@type":"ReadAction","target":["https:\/\/wurn.eu\/no\/faq\/"]}]},{"@type":"ImageObject","inLanguage":"nb-NO","@id":"https:\/\/wurn.eu\/no\/faq\/#primaryimage","url":"https:\/\/wurn.eu\/wp-content\/uploads\/2024\/10\/DSCF9447-1-scaled.jpg","contentUrl":"https:\/\/wurn.eu\/wp-content\/uploads\/2024\/10\/DSCF9447-1-scaled.jpg","width":2560,"height":1707,"caption":"WURN urn tuhaurnid"},{"@type":"BreadcrumbList","@id":"https:\/\/wurn.eu\/no\/faq\/#breadcrumb","itemListElement":[{"@type":"ListItem","position":1,"name":"Home","item":"https:\/\/wurn.eu\/no\/forside\/"},{"@type":"ListItem","position":2,"name":"FAQ"}]},{"@type":"WebSite","@id":"https:\/\/wurn.eu\/#website","url":"https:\/\/wurn.eu\/","name":"WURN urnid","description":"Lambavillasest vildist ja v\u00e4\u00e4rispuidust birolagunevad urnid","publisher":{"@id":"https:\/\/wurn.eu\/#organization"},"potentialAction":[{"@type":"SearchAction","target":{"@type":"EntryPoint","urlTemplate":"https:\/\/wurn.eu\/?s={search_term_string}"},"query-input":{"@type":"PropertyValueSpecification","valueRequired":true,"valueName":"search_term_string"}}],"inLanguage":"nb-NO"},{"@type":"Organization","@id":"https:\/\/wurn.eu\/#organization","name":"WURN urnid","url":"https:\/\/wurn.eu\/","logo":{"@type":"ImageObject","inLanguage":"nb-NO","@id":"https:\/\/wurn.eu\/#\/schema\/logo\/image\/","url":"https:\/\/wurn.eu\/wp-content\/uploads\/2024\/10\/WURN_logo_UUS_v3_1_original_black.png","contentUrl":"https:\/\/wurn.eu\/wp-content\/uploads\/2024\/10\/WURN_logo_UUS_v3_1_original_black.png","width":270,"height":316,"caption":"WURN urnid"},"image":{"@id":"https:\/\/wurn.eu\/#\/schema\/logo\/image\/"}}]}},"jetpack_sharing_enabled":true,"_links":{"self":[{"href":"https:\/\/wurn.eu\/no\/wp-json\/wp\/v2\/pages\/4800","targetHints":{"allow":["GET"]}}],"collection":[{"href":"https:\/\/wurn.eu\/no\/wp-json\/wp\/v2\/pages"}],"about":[{"href":"https:\/\/wurn.eu\/no\/wp-json\/wp\/v2\/types\/page"}],"author":[{"embeddable":true,"href":"https:\/\/wurn.eu\/no\/wp-json\/wp\/v2\/users\/1"}],"replies":[{"embeddable":true,"href":"https:\/\/wurn.eu\/no\/wp-json\/wp\/v2\/comments?post=4800"}],"version-history":[{"count":3,"href":"https:\/\/wurn.eu\/no\/wp-json\/wp\/v2\/pages\/4800\/revisions"}],"predecessor-version":[{"id":4803,"href":"https:\/\/wurn.eu\/no\/wp-json\/wp\/v2\/pages\/4800\/revisions\/4803"}],"wp:featuredmedia":[{"embeddable":true,"href":"https:\/\/wurn.eu\/no\/wp-json\/wp\/v2\/media\/4750"}],"wp:attachment":[{"href":"https:\/\/wurn.eu\/no\/wp-json\/wp\/v2\/media?parent=4800"}],"curies":[{"name":"wp","href":"https:\/\/api.w.org\/{rel}","templated":true}]}}