{"id":4796,"date":"2026-04-17T13:44:40","date_gmt":"2026-04-17T10:44:40","guid":{"rendered":"https:\/\/wurn.eu\/om-oss\/"},"modified":"2026-05-12T18:46:44","modified_gmt":"2026-05-12T15:46:44","slug":"om-oss","status":"publish","type":"page","link":"https:\/\/wurn.eu\/no\/om-oss\/","title":{"rendered":"Om oss"},"content":{"rendered":"\t\t<div data-elementor-type=\"wp-page\" data-elementor-id=\"4796\" class=\"elementor elementor-4796 elementor-4094\" data-elementor-post-type=\"page\">\n\t\t\t\t<div class=\"elementor-element elementor-element-5e7c42b e-flex e-con-boxed e-con e-parent\" data-id=\"5e7c42b\" data-element_type=\"container\" data-e-type=\"container\" data-settings=\"{&quot;background_background&quot;:&quot;classic&quot;}\">\n\t\t\t\t\t<div class=\"e-con-inner\">\n\t\t<div class=\"elementor-element elementor-element-74fe59d e-con-full e-flex e-con e-child\" data-id=\"74fe59d\" data-element_type=\"container\" data-e-type=\"container\">\n\t\t\t\t<div class=\"elementor-element elementor-element-5c41858 elementor-widget elementor-widget-heading\" data-id=\"5c41858\" data-element_type=\"widget\" data-e-type=\"widget\" data-widget_type=\"heading.default\">\n\t\t\t\t<div class=\"elementor-widget-container\">\n\t\t\t\t\t<h2 class=\"elementor-heading-title elementor-size-default\">V\u00e5r historie<\/h2>\t\t\t\t<\/div>\n\t\t\t\t<\/div>\n\t\t\t\t<div class=\"elementor-element elementor-element-8732b94 elementor-widget elementor-widget-heading\" data-id=\"8732b94\" data-element_type=\"widget\" data-e-type=\"widget\" data-widget_type=\"heading.default\">\n\t\t\t\t<div class=\"elementor-widget-container\">\n\t\t\t\t\t<h3 class=\"elementor-heading-title elementor-size-default\">En felles interesse mellom to mennesker vokste til en reise. <\/h3>\t\t\t\t<\/div>\n\t\t\t\t<\/div>\n\t\t\t\t<div class=\"elementor-element elementor-element-009e123 elementor-widget elementor-widget-text-editor\" data-id=\"009e123\" data-element_type=\"widget\" data-e-type=\"widget\" data-widget_type=\"text-editor.default\">\n\t\t\t\t<div class=\"elementor-widget-container\">\n\t\t\t\t\t\t\t\t\t<p>V\u00e5r reise dit begynte med spaserturer p\u00e5 gamle kirkeg\u00e5rder og samtaler om det som omgir avskjeden med den avd\u00f8de. <\/p><p>Den opprinnelige ideen var \u00e5 utforske begravelsestjenester n\u00e6rmere. Vi bestemte oss for \u00e5 kombinere det spennende med det nyttige.  <\/p><p>P\u00e5 dette bildet, i 2019, mottok vi sertifikater gjennom et entrepren\u00f8rskapskurs etter \u00e5 ha forsvart en forretningsplan for etablering av et begravelsesbyr\u00e5. <\/p><p>I 2020 var vi i forhandlinger om \u00e5 kj\u00f8pe et begravelsesbyr\u00e5 i Tallinn.<\/p>\t\t\t\t\t\t\t\t<\/div>\n\t\t\t\t<\/div>\n\t\t\t\t<\/div>\n\t\t<div class=\"elementor-element elementor-element-31629e9 e-con-full e-flex e-con e-child\" data-id=\"31629e9\" data-element_type=\"container\" data-e-type=\"container\">\n\t\t\t\t<div class=\"elementor-element elementor-element-b3a81af elementor-widget elementor-widget-image\" data-id=\"b3a81af\" data-element_type=\"widget\" data-e-type=\"widget\" data-widget_type=\"image.default\">\n\t\t\t\t<div class=\"elementor-widget-container\">\n\t\t\t\t\t\t\t\t\t\t\t\t\t\t\t<img fetchpriority=\"high\" decoding=\"async\" width=\"640\" height=\"838\" src=\"https:\/\/wurn.eu\/wp-content\/uploads\/2026\/04\/Prenden-ja-Triin-2-782x1024.jpg\" class=\"attachment-large size-large wp-image-4333\" alt=\"\" srcset=\"https:\/\/wurn.eu\/wp-content\/uploads\/2026\/04\/Prenden-ja-Triin-2-782x1024.jpg 782w, https:\/\/wurn.eu\/wp-content\/uploads\/2026\/04\/Prenden-ja-Triin-2-229x300.jpg 229w, https:\/\/wurn.eu\/wp-content\/uploads\/2026\/04\/Prenden-ja-Triin-2-768x1006.jpg 768w, https:\/\/wurn.eu\/wp-content\/uploads\/2026\/04\/Prenden-ja-Triin-2-1172x1536.jpg 1172w, https:\/\/wurn.eu\/wp-content\/uploads\/2026\/04\/Prenden-ja-Triin-2-1563x2048.jpg 1563w, https:\/\/wurn.eu\/wp-content\/uploads\/2026\/04\/Prenden-ja-Triin-2-300x393.jpg 300w, https:\/\/wurn.eu\/wp-content\/uploads\/2026\/04\/Prenden-ja-Triin-2-850x1114.jpg 850w, https:\/\/wurn.eu\/wp-content\/uploads\/2026\/04\/Prenden-ja-Triin-2-1320x1729.jpg 1320w, https:\/\/wurn.eu\/wp-content\/uploads\/2026\/04\/Prenden-ja-Triin-2-1500x1965.jpg 1500w, https:\/\/wurn.eu\/wp-content\/uploads\/2026\/04\/Prenden-ja-Triin-2.jpg 1777w\" sizes=\"(max-width: 640px) 100vw, 640px\" \/>\t\t\t\t\t\t\t\t\t\t\t\t\t\t\t<\/div>\n\t\t\t\t<\/div>\n\t\t\t\t<\/div>\n\t\t\t\t\t<\/div>\n\t\t\t\t<\/div>\n\t\t<div class=\"elementor-element elementor-element-0d2c790 e-flex e-con-boxed e-con e-parent\" data-id=\"0d2c790\" data-element_type=\"container\" data-e-type=\"container\">\n\t\t\t\t\t<div class=\"e-con-inner\">\n\t\t\t\t<div class=\"elementor-element elementor-element-8996bc5 elementor-widget elementor-widget-heading\" data-id=\"8996bc5\" data-element_type=\"widget\" data-e-type=\"widget\" data-widget_type=\"heading.default\">\n\t\t\t\t<div class=\"elementor-widget-container\">\n\t\t\t\t\t<h2 class=\"elementor-heading-title elementor-size-default\">Et skjebnesvangert vendepunkt<\/h2>\t\t\t\t<\/div>\n\t\t\t\t<\/div>\n\t\t\t\t<div class=\"elementor-element elementor-element-1ae62cb elementor-widget elementor-widget-text-editor\" data-id=\"1ae62cb\" data-element_type=\"widget\" data-e-type=\"widget\" data-widget_type=\"text-editor.default\">\n\t\t\t\t<div class=\"elementor-widget-container\">\n\t\t\t\t\t\t\t\t\t<p data-start=\"48\" data-end=\"171\">Livsveier er ofte uforutsigbare. I 2021 endret alt seg.  <\/p><p data-start=\"48\" data-end=\"171\">Prendens bestefar, Matti Noogen, gikk uventet bort og etterlot slektsg\u00e5rden i hjertet av Saaremaa. Det m\u00e5tte tas en beslutning om veien videre. Saaremaa trengte ikke et nytt begravelsesbyr\u00e5.   <\/p><p data-start=\"48\" data-end=\"171\">Forfedrenes arv er uvurderlig, og i dag videref\u00f8rer vi deres arv som fjerde generasjon p\u00e5 Luha g\u00e5rd. <\/p>\t\t\t\t\t\t\t\t<\/div>\n\t\t\t\t<\/div>\n\t\t\t\t<div class=\"elementor-element elementor-element-c7c8446 elementor-widget__width-inherit elementor-widget elementor-widget-image\" data-id=\"c7c8446\" data-element_type=\"widget\" data-e-type=\"widget\" data-widget_type=\"image.default\">\n\t\t\t\t<div class=\"elementor-widget-container\">\n\t\t\t\t\t\t\t\t\t\t\t\t\t\t\t<img decoding=\"async\" width=\"640\" height=\"427\" src=\"https:\/\/wurn.eu\/wp-content\/uploads\/2026\/04\/Matti-Noogen-1024x683.jpg\" class=\"attachment-large size-large wp-image-4302\" alt=\"\" srcset=\"https:\/\/wurn.eu\/wp-content\/uploads\/2026\/04\/Matti-Noogen-1024x683.jpg 1024w, https:\/\/wurn.eu\/wp-content\/uploads\/2026\/04\/Matti-Noogen-300x200.jpg 300w, https:\/\/wurn.eu\/wp-content\/uploads\/2026\/04\/Matti-Noogen-768x512.jpg 768w, https:\/\/wurn.eu\/wp-content\/uploads\/2026\/04\/Matti-Noogen-1536x1024.jpg 1536w, https:\/\/wurn.eu\/wp-content\/uploads\/2026\/04\/Matti-Noogen-2048x1365.jpg 2048w, https:\/\/wurn.eu\/wp-content\/uploads\/2026\/04\/Matti-Noogen-850x567.jpg 850w, https:\/\/wurn.eu\/wp-content\/uploads\/2026\/04\/Matti-Noogen-1320x880.jpg 1320w, https:\/\/wurn.eu\/wp-content\/uploads\/2026\/04\/Matti-Noogen-1500x1000.jpg 1500w\" sizes=\"(max-width: 640px) 100vw, 640px\" \/>\t\t\t\t\t\t\t\t\t\t\t\t\t\t\t<\/div>\n\t\t\t\t<\/div>\n\t\t\t\t\t<\/div>\n\t\t\t\t<\/div>\n\t\t<div class=\"elementor-element elementor-element-b2ea022 e-flex e-con-boxed e-con e-parent\" data-id=\"b2ea022\" data-element_type=\"container\" data-e-type=\"container\">\n\t\t\t\t\t<div class=\"e-con-inner\">\n\t\t<div class=\"elementor-element elementor-element-6911747 e-con-full e-flex e-con e-child\" data-id=\"6911747\" data-element_type=\"container\" data-e-type=\"container\">\n\t\t\t\t<div class=\"elementor-element elementor-element-f6220f8 elementor-widget elementor-widget-image\" data-id=\"f6220f8\" data-element_type=\"widget\" data-e-type=\"widget\" data-widget_type=\"image.default\">\n\t\t\t\t<div class=\"elementor-widget-container\">\n\t\t\t\t\t\t\t\t\t\t\t\t\t\t\t<img decoding=\"async\" width=\"424\" height=\"848\" src=\"https:\/\/wurn.eu\/wp-content\/uploads\/2026\/04\/Eskiis-2.jpg\" class=\"attachment-large size-large wp-image-4329\" alt=\"\" srcset=\"https:\/\/wurn.eu\/wp-content\/uploads\/2026\/04\/Eskiis-2.jpg 424w, https:\/\/wurn.eu\/wp-content\/uploads\/2026\/04\/Eskiis-2-150x300.jpg 150w, https:\/\/wurn.eu\/wp-content\/uploads\/2026\/04\/Eskiis-2-300x600.jpg 300w\" sizes=\"(max-width: 424px) 100vw, 424px\" \/>\t\t\t\t\t\t\t\t\t\t\t\t\t\t\t<\/div>\n\t\t\t\t<\/div>\n\t\t\t\t<\/div>\n\t\t<div class=\"elementor-element elementor-element-6023549 e-con-full e-flex e-con e-child\" data-id=\"6023549\" data-element_type=\"container\" data-e-type=\"container\">\n\t\t\t\t<div class=\"elementor-element elementor-element-a4cb788 elementor-widget elementor-widget-heading\" data-id=\"a4cb788\" data-element_type=\"widget\" data-e-type=\"widget\" data-widget_type=\"heading.default\">\n\t\t\t\t<div class=\"elementor-widget-container\">\n\t\t\t\t\t<h2 class=\"elementor-heading-title elementor-size-default\">Et nytt m\u00e5l \u2013 en urne i filt av saueull<\/h2>\t\t\t\t<\/div>\n\t\t\t\t<\/div>\n\t\t\t\t<div class=\"elementor-element elementor-element-8447757 elementor-widget elementor-widget-text-editor\" data-id=\"8447757\" data-element_type=\"widget\" data-e-type=\"widget\" data-widget_type=\"text-editor.default\">\n\t\t\t\t<div class=\"elementor-widget-container\">\n\t\t\t\t\t\t\t\t\t<p>I 2020 unders\u00f8kte Prenden sammen med Triin utviklingen innen estiske begravelsestradisjoner som en del av avslutningsoppgaven ved Haapsalu College, Tallinns universitet. Vi satte oss som m\u00e5l \u00e5 designe en ny type begravelsesurne tilpasset mer moderne trender. <\/p><p>Denne skissen viser ett av id\u00e9utkastene som senere ble fulgt av produktutvikling frem til 2025. <\/p><p>Alt dette formet v\u00e5r visjon \u2013 \u00e5 bringe nytenkning inn i begravelsestradisjoner og tilby l\u00f8sninger som forener forfedrenes tradisjoner med en moderne forst\u00e5else av verden. <\/p><p>Slik hjelper vi p\u00e5r\u00f8rende med \u00e5 minnes sine kj\u00e6re p\u00e5 en verdig m\u00e5te.<\/p>\t\t\t\t\t\t\t\t<\/div>\n\t\t\t\t<\/div>\n\t\t\t\t<\/div>\n\t\t\t\t\t<\/div>\n\t\t\t\t<\/div>\n\t\t<div class=\"elementor-element elementor-element-25fce03 e-flex e-con-boxed e-con e-parent\" data-id=\"25fce03\" data-element_type=\"container\" data-e-type=\"container\">\n\t\t\t\t\t<div class=\"e-con-inner\">\n\t\t<div class=\"elementor-element elementor-element-76524e5 e-con-full e-flex e-con e-child\" data-id=\"76524e5\" data-element_type=\"container\" data-e-type=\"container\">\n\t\t\t\t<div class=\"elementor-element elementor-element-74dfbfc elementor-widget elementor-widget-heading\" data-id=\"74dfbfc\" data-element_type=\"widget\" data-e-type=\"widget\" data-widget_type=\"heading.default\">\n\t\t\t\t<div class=\"elementor-widget-container\">\n\t\t\t\t\t<h2 class=\"elementor-heading-title elementor-size-default\">Lokale materialer og h\u00e5ndverkstradisjoner<\/h2>\t\t\t\t<\/div>\n\t\t\t\t<\/div>\n\t\t\t\t<div class=\"elementor-element elementor-element-0d52259 elementor-widget elementor-widget-text-editor\" data-id=\"0d52259\" data-element_type=\"widget\" data-e-type=\"widget\" data-widget_type=\"text-editor.default\">\n\t\t\t\t<div class=\"elementor-widget-container\">\n\t\t\t\t\t\t\t\t\t<p>Et bevisst valg for WURN er \u00e5 verdsette lokale ressurser \u2013 b\u00e5de materialer og h\u00e5ndverkskunnskap. P\u00e5 det historiske bildet sees saueflokken p\u00e5 Luha g\u00e5rd. <\/p><p>Vi bruker fornybare r\u00e5materialer som kommer s\u00e5 n\u00e6rt v\u00e5rt eget lokalsamfunn som mulig \u2013 slik st\u00f8tter vi mindre produsenter og bidrar til \u00e5 holde tradisjonelle ferdigheter i live. <\/p><p>Vi gj\u00f8r ogs\u00e5 v\u00e5rt beste for \u00e5 involvere lokal h\u00e5ndverkskompetanse i arbeidsprosessene \u2013 kvalitet og omtanke vi kjenner personlig. <\/p><p>Denne tiln\u00e6rmingen gj\u00f8r det mulig for oss \u00e5 opprettholde en kortere verdikjede, sikre st\u00f8rre \u00e5penhet og styrke forbindelsen mellom mennesker, materialer og natur.<\/p>\t\t\t\t\t\t\t\t<\/div>\n\t\t\t\t<\/div>\n\t\t\t\t<\/div>\n\t\t<div class=\"elementor-element elementor-element-fbcb70c e-con-full e-flex e-con e-child\" data-id=\"fbcb70c\" data-element_type=\"container\" data-e-type=\"container\">\n\t\t\t\t<div class=\"elementor-element elementor-element-ce654c4 elementor-widget elementor-widget-image\" data-id=\"ce654c4\" data-element_type=\"widget\" data-e-type=\"widget\" data-widget_type=\"image.default\">\n\t\t\t\t<div class=\"elementor-widget-container\">\n\t\t\t\t\t\t\t\t\t\t\t\t\t\t\t<img loading=\"lazy\" decoding=\"async\" width=\"640\" height=\"480\" src=\"https:\/\/wurn.eu\/wp-content\/uploads\/2026\/04\/IMG_9051-1024x768.jpeg\" class=\"attachment-large size-large wp-image-4310\" alt=\"\" srcset=\"https:\/\/wurn.eu\/wp-content\/uploads\/2026\/04\/IMG_9051-1024x768.jpeg 1024w, https:\/\/wurn.eu\/wp-content\/uploads\/2026\/04\/IMG_9051-300x225.jpeg 300w, https:\/\/wurn.eu\/wp-content\/uploads\/2026\/04\/IMG_9051-768x576.jpeg 768w, https:\/\/wurn.eu\/wp-content\/uploads\/2026\/04\/IMG_9051-1536x1152.jpeg 1536w, https:\/\/wurn.eu\/wp-content\/uploads\/2026\/04\/IMG_9051-2048x1536.jpeg 2048w, https:\/\/wurn.eu\/wp-content\/uploads\/2026\/04\/IMG_9051-850x638.jpeg 850w, https:\/\/wurn.eu\/wp-content\/uploads\/2026\/04\/IMG_9051-1320x990.jpeg 1320w, https:\/\/wurn.eu\/wp-content\/uploads\/2026\/04\/IMG_9051-1500x1125.jpeg 1500w\" sizes=\"(max-width: 640px) 100vw, 640px\" \/>\t\t\t\t\t\t\t\t\t\t\t\t\t\t\t<\/div>\n\t\t\t\t<\/div>\n\t\t\t\t<\/div>\n\t\t\t\t\t<\/div>\n\t\t\t\t<\/div>\n\t\t<div class=\"elementor-element elementor-element-a0ea6d9 e-flex e-con-boxed e-con e-parent\" data-id=\"a0ea6d9\" data-element_type=\"container\" data-e-type=\"container\">\n\t\t\t\t\t<div class=\"e-con-inner\">\n\t\t<div class=\"elementor-element elementor-element-0407824 e-con-full e-flex e-con e-child\" data-id=\"0407824\" data-element_type=\"container\" data-e-type=\"container\">\n\t\t\t\t<div class=\"elementor-element elementor-element-e585cb0 elementor-widget elementor-widget-image\" data-id=\"e585cb0\" data-element_type=\"widget\" data-e-type=\"widget\" data-widget_type=\"image.default\">\n\t\t\t\t<div class=\"elementor-widget-container\">\n\t\t\t\t\t\t\t\t\t\t\t\t\t\t\t<img loading=\"lazy\" decoding=\"async\" width=\"640\" height=\"427\" src=\"https:\/\/wurn.eu\/wp-content\/uploads\/2024\/10\/DSCF9369-1024x683.jpg\" class=\"attachment-large size-large wp-image-2201\" alt=\"\" srcset=\"https:\/\/wurn.eu\/wp-content\/uploads\/2024\/10\/DSCF9369-1024x683.jpg 1024w, https:\/\/wurn.eu\/wp-content\/uploads\/2024\/10\/DSCF9369-scaled-1500x1000.jpg 1500w, https:\/\/wurn.eu\/wp-content\/uploads\/2024\/10\/DSCF9369-300x200.jpg 300w, https:\/\/wurn.eu\/wp-content\/uploads\/2024\/10\/DSCF9369-768x512.jpg 768w, https:\/\/wurn.eu\/wp-content\/uploads\/2024\/10\/DSCF9369-1536x1024.jpg 1536w, https:\/\/wurn.eu\/wp-content\/uploads\/2024\/10\/DSCF9369-2048x1365.jpg 2048w, https:\/\/wurn.eu\/wp-content\/uploads\/2024\/10\/DSCF9369-850x567.jpg 850w, https:\/\/wurn.eu\/wp-content\/uploads\/2024\/10\/DSCF9369-1320x880.jpg 1320w\" sizes=\"(max-width: 640px) 100vw, 640px\" \/>\t\t\t\t\t\t\t\t\t\t\t\t\t\t\t<\/div>\n\t\t\t\t<\/div>\n\t\t\t\t<\/div>\n\t\t<div class=\"elementor-element elementor-element-a647017 e-con-full e-flex e-con e-child\" data-id=\"a647017\" data-element_type=\"container\" data-e-type=\"container\">\n\t\t\t\t<div class=\"elementor-element elementor-element-5f52492 elementor-widget elementor-widget-heading\" data-id=\"5f52492\" data-element_type=\"widget\" data-e-type=\"widget\" data-widget_type=\"heading.default\">\n\t\t\t\t<div class=\"elementor-widget-container\">\n\t\t\t\t\t<h2 class=\"elementor-heading-title elementor-size-default\">WURN<\/h2>\t\t\t\t<\/div>\n\t\t\t\t<\/div>\n\t\t\t\t<div class=\"elementor-element elementor-element-519de74 elementor-widget elementor-widget-text-editor\" data-id=\"519de74\" data-element_type=\"widget\" data-e-type=\"widget\" data-widget_type=\"text-editor.default\">\n\t\t\t\t<div class=\"elementor-widget-container\">\n\t\t\t\t\t\t\t\t\t<p>WURN er en unik tiln\u00e6rming til \u00e5 bevare minner, der naturlige materialer som har st\u00e5tt tidens pr\u00f8ve skaper en trygg og fredfull opplevelse. <\/p><p>Kolleksjonen \u00abNordisk sjel\u00bb er grundig gjennomtenkt. Vi involverte rundt 350 personer i produktutviklingen. <\/p><p>\u00a9 WURN. Alle rettigheter forbeholdt. <\/p><p>En estisk historie.<\/p>\t\t\t\t\t\t\t\t<\/div>\n\t\t\t\t<\/div>\n\t\t\t\t<div class=\"elementor-element elementor-element-b914e8c elementor-align-left elementor-hidden-tablet elementor-hidden-mobile elementor-widget elementor-widget-button\" data-id=\"b914e8c\" data-element_type=\"widget\" data-e-type=\"widget\" data-widget_type=\"button.default\">\n\t\t\t\t<div class=\"elementor-widget-container\">\n\t\t\t\t\t\t\t\t\t<div class=\"elementor-button-wrapper\">\n\t\t\t\t\t<a class=\"elementor-button elementor-button-link elementor-size-sm\" href=\"https:\/\/wurn.eu\/no\/katalog\/\">\n\t\t\t\t\t\t<span class=\"elementor-button-content-wrapper\">\n\t\t\t\t\t\t\t\t\t<span class=\"elementor-button-text\">Katalog<\/span>\n\t\t\t\t\t<\/span>\n\t\t\t\t\t<\/a>\n\t\t\t\t<\/div>\n\t\t\t\t\t\t\t\t<\/div>\n\t\t\t\t<\/div>\n\t\t\t\t<\/div>\n\t\t\t\t\t<\/div>\n\t\t\t\t<\/div>\n\t\t<div class=\"elementor-element elementor-element-a9f7575 elementor-hidden-desktop e-flex e-con-boxed e-con e-parent\" data-id=\"a9f7575\" data-element_type=\"container\" data-e-type=\"container\">\n\t\t\t\t\t<div class=\"e-con-inner\">\n\t\t\t\t<div class=\"elementor-element elementor-element-2e31952 elementor-align-left elementor-tablet-align-center elementor-mobile-align-center elementor-widget elementor-widget-button\" data-id=\"2e31952\" data-element_type=\"widget\" data-e-type=\"widget\" data-widget_type=\"button.default\">\n\t\t\t\t<div class=\"elementor-widget-container\">\n\t\t\t\t\t\t\t\t\t<div class=\"elementor-button-wrapper\">\n\t\t\t\t\t<a class=\"elementor-button elementor-button-link elementor-size-sm\" href=\"https:\/\/wurn.eu\/no\/katalog\/\">\n\t\t\t\t\t\t<span class=\"elementor-button-content-wrapper\">\n\t\t\t\t\t\t\t\t\t<span class=\"elementor-button-text\">Katalog<\/span>\n\t\t\t\t\t<\/span>\n\t\t\t\t\t<\/a>\n\t\t\t\t<\/div>\n\t\t\t\t\t\t\t\t<\/div>\n\t\t\t\t<\/div>\n\t\t\t\t\t<\/div>\n\t\t\t\t<\/div>\n\t\t\t\t<\/div>\n\t\t","protected":false},"excerpt":{"rendered":"<p>V\u00e5r historie En felles interesse mellom to mennesker vokste til en reise. V\u00e5r reise dit begynte med spaserturer p\u00e5 gamle kirkeg\u00e5rder og samtaler om det som omgir avskjeden med den avd\u00f8de. Den opprinnelige ideen var \u00e5 utforske begravelsestjenester n\u00e6rmere. Vi bestemte oss for \u00e5 kombinere det spennende med det nyttige. P\u00e5 dette bildet, i 2019,&#8230;<\/p>\n","protected":false},"author":3,"featured_media":0,"parent":0,"menu_order":0,"comment_status":"closed","ping_status":"closed","template":"elementor_header_footer","meta":{"_monsterinsights_skip_tracking":false,"_monsterinsights_sitenote_active":false,"_monsterinsights_sitenote_note":"","_monsterinsights_sitenote_category":0,"footnotes":""},"class_list":["post-4796","page","type-page","status-publish","hentry"],"yoast_head":"<!-- This site is optimized with the Yoast SEO plugin v26.6 - https:\/\/yoast.com\/wordpress\/plugins\/seo\/ -->\n<title>Om oss - WURN urnid<\/title>\n<meta name=\"robots\" content=\"index, follow, max-snippet:-1, max-image-preview:large, max-video-preview:-1\" \/>\n<link rel=\"canonical\" href=\"https:\/\/wurn.eu\/no\/om-oss\/\" \/>\n<meta property=\"og:locale\" content=\"nb_NO\" \/>\n<meta property=\"og:type\" content=\"article\" \/>\n<meta property=\"og:title\" content=\"Om oss - WURN urnid\" \/>\n<meta property=\"og:description\" content=\"V\u00e5r historie En felles interesse mellom to mennesker vokste til en reise. V\u00e5r reise dit begynte med spaserturer p\u00e5 gamle kirkeg\u00e5rder og samtaler om det som omgir avskjeden med den avd\u00f8de. Den opprinnelige ideen var \u00e5 utforske begravelsestjenester n\u00e6rmere. Vi bestemte oss for \u00e5 kombinere det spennende med det nyttige. P\u00e5 dette bildet, i 2019,...\" \/>\n<meta property=\"og:url\" content=\"https:\/\/wurn.eu\/no\/om-oss\/\" \/>\n<meta property=\"og:site_name\" content=\"WURN urnid\" \/>\n<meta property=\"article:modified_time\" content=\"2026-05-12T15:46:44+00:00\" \/>\n<meta property=\"og:image\" content=\"https:\/\/wurn.eu\/wp-content\/uploads\/2026\/04\/Prenden-ja-Triin-2.jpg\" \/>\n\t<meta property=\"og:image:width\" content=\"1777\" \/>\n\t<meta property=\"og:image:height\" content=\"2328\" \/>\n\t<meta property=\"og:image:type\" content=\"image\/jpeg\" \/>\n<meta name=\"twitter:card\" content=\"summary_large_image\" \/>\n<meta name=\"twitter:label1\" content=\"Ansl. lesetid\" \/>\n\t<meta name=\"twitter:data1\" content=\"2 minutter\" \/>\n<script type=\"application\/ld+json\" class=\"yoast-schema-graph\">{\"@context\":\"https:\/\/schema.org\",\"@graph\":[{\"@type\":\"WebPage\",\"@id\":\"https:\/\/wurn.eu\/no\/om-oss\/\",\"url\":\"https:\/\/wurn.eu\/no\/om-oss\/\",\"name\":\"Om oss - WURN urnid\",\"isPartOf\":{\"@id\":\"https:\/\/wurn.eu\/#website\"},\"primaryImageOfPage\":{\"@id\":\"https:\/\/wurn.eu\/no\/om-oss\/#primaryimage\"},\"image\":{\"@id\":\"https:\/\/wurn.eu\/no\/om-oss\/#primaryimage\"},\"thumbnailUrl\":\"https:\/\/wurn.eu\/wp-content\/uploads\/2026\/04\/Prenden-ja-Triin-2-782x1024.jpg\",\"datePublished\":\"2026-04-17T10:44:40+00:00\",\"dateModified\":\"2026-05-12T15:46:44+00:00\",\"breadcrumb\":{\"@id\":\"https:\/\/wurn.eu\/no\/om-oss\/#breadcrumb\"},\"inLanguage\":\"nb-NO\",\"potentialAction\":[{\"@type\":\"ReadAction\",\"target\":[\"https:\/\/wurn.eu\/no\/om-oss\/\"]}]},{\"@type\":\"ImageObject\",\"inLanguage\":\"nb-NO\",\"@id\":\"https:\/\/wurn.eu\/no\/om-oss\/#primaryimage\",\"url\":\"https:\/\/wurn.eu\/wp-content\/uploads\/2026\/04\/Prenden-ja-Triin-2-782x1024.jpg\",\"contentUrl\":\"https:\/\/wurn.eu\/wp-content\/uploads\/2026\/04\/Prenden-ja-Triin-2-782x1024.jpg\"},{\"@type\":\"BreadcrumbList\",\"@id\":\"https:\/\/wurn.eu\/no\/om-oss\/#breadcrumb\",\"itemListElement\":[{\"@type\":\"ListItem\",\"position\":1,\"name\":\"Home\",\"item\":\"https:\/\/wurn.eu\/no\/forside\/\"},{\"@type\":\"ListItem\",\"position\":2,\"name\":\"Om oss\"}]},{\"@type\":\"WebSite\",\"@id\":\"https:\/\/wurn.eu\/#website\",\"url\":\"https:\/\/wurn.eu\/\",\"name\":\"WURN urnid\",\"description\":\"Lambavillasest vildist ja v\u00e4\u00e4rispuidust birolagunevad urnid\",\"publisher\":{\"@id\":\"https:\/\/wurn.eu\/#organization\"},\"potentialAction\":[{\"@type\":\"SearchAction\",\"target\":{\"@type\":\"EntryPoint\",\"urlTemplate\":\"https:\/\/wurn.eu\/?s={search_term_string}\"},\"query-input\":{\"@type\":\"PropertyValueSpecification\",\"valueRequired\":true,\"valueName\":\"search_term_string\"}}],\"inLanguage\":\"nb-NO\"},{\"@type\":\"Organization\",\"@id\":\"https:\/\/wurn.eu\/#organization\",\"name\":\"WURN urnid\",\"url\":\"https:\/\/wurn.eu\/\",\"logo\":{\"@type\":\"ImageObject\",\"inLanguage\":\"nb-NO\",\"@id\":\"https:\/\/wurn.eu\/#\/schema\/logo\/image\/\",\"url\":\"https:\/\/wurn.eu\/wp-content\/uploads\/2024\/10\/WURN_logo_UUS_v3_1_original_black.png\",\"contentUrl\":\"https:\/\/wurn.eu\/wp-content\/uploads\/2024\/10\/WURN_logo_UUS_v3_1_original_black.png\",\"width\":270,\"height\":316,\"caption\":\"WURN urnid\"},\"image\":{\"@id\":\"https:\/\/wurn.eu\/#\/schema\/logo\/image\/\"}}]}<\/script>\n<!-- \/ Yoast SEO plugin. -->","yoast_head_json":{"title":"Om oss - WURN urnid","robots":{"index":"index","follow":"follow","max-snippet":"max-snippet:-1","max-image-preview":"max-image-preview:large","max-video-preview":"max-video-preview:-1"},"canonical":"https:\/\/wurn.eu\/no\/om-oss\/","og_locale":"nb_NO","og_type":"article","og_title":"Om oss - WURN urnid","og_description":"V\u00e5r historie En felles interesse mellom to mennesker vokste til en reise. V\u00e5r reise dit begynte med spaserturer p\u00e5 gamle kirkeg\u00e5rder og samtaler om det som omgir avskjeden med den avd\u00f8de. Den opprinnelige ideen var \u00e5 utforske begravelsestjenester n\u00e6rmere. Vi bestemte oss for \u00e5 kombinere det spennende med det nyttige. P\u00e5 dette bildet, i 2019,...","og_url":"https:\/\/wurn.eu\/no\/om-oss\/","og_site_name":"WURN urnid","article_modified_time":"2026-05-12T15:46:44+00:00","og_image":[{"width":1777,"height":2328,"url":"https:\/\/wurn.eu\/wp-content\/uploads\/2026\/04\/Prenden-ja-Triin-2.jpg","type":"image\/jpeg"}],"twitter_card":"summary_large_image","twitter_misc":{"Ansl. lesetid":"2 minutter"},"schema":{"@context":"https:\/\/schema.org","@graph":[{"@type":"WebPage","@id":"https:\/\/wurn.eu\/no\/om-oss\/","url":"https:\/\/wurn.eu\/no\/om-oss\/","name":"Om oss - WURN urnid","isPartOf":{"@id":"https:\/\/wurn.eu\/#website"},"primaryImageOfPage":{"@id":"https:\/\/wurn.eu\/no\/om-oss\/#primaryimage"},"image":{"@id":"https:\/\/wurn.eu\/no\/om-oss\/#primaryimage"},"thumbnailUrl":"https:\/\/wurn.eu\/wp-content\/uploads\/2026\/04\/Prenden-ja-Triin-2-782x1024.jpg","datePublished":"2026-04-17T10:44:40+00:00","dateModified":"2026-05-12T15:46:44+00:00","breadcrumb":{"@id":"https:\/\/wurn.eu\/no\/om-oss\/#breadcrumb"},"inLanguage":"nb-NO","potentialAction":[{"@type":"ReadAction","target":["https:\/\/wurn.eu\/no\/om-oss\/"]}]},{"@type":"ImageObject","inLanguage":"nb-NO","@id":"https:\/\/wurn.eu\/no\/om-oss\/#primaryimage","url":"https:\/\/wurn.eu\/wp-content\/uploads\/2026\/04\/Prenden-ja-Triin-2-782x1024.jpg","contentUrl":"https:\/\/wurn.eu\/wp-content\/uploads\/2026\/04\/Prenden-ja-Triin-2-782x1024.jpg"},{"@type":"BreadcrumbList","@id":"https:\/\/wurn.eu\/no\/om-oss\/#breadcrumb","itemListElement":[{"@type":"ListItem","position":1,"name":"Home","item":"https:\/\/wurn.eu\/no\/forside\/"},{"@type":"ListItem","position":2,"name":"Om oss"}]},{"@type":"WebSite","@id":"https:\/\/wurn.eu\/#website","url":"https:\/\/wurn.eu\/","name":"WURN urnid","description":"Lambavillasest vildist ja v\u00e4\u00e4rispuidust birolagunevad urnid","publisher":{"@id":"https:\/\/wurn.eu\/#organization"},"potentialAction":[{"@type":"SearchAction","target":{"@type":"EntryPoint","urlTemplate":"https:\/\/wurn.eu\/?s={search_term_string}"},"query-input":{"@type":"PropertyValueSpecification","valueRequired":true,"valueName":"search_term_string"}}],"inLanguage":"nb-NO"},{"@type":"Organization","@id":"https:\/\/wurn.eu\/#organization","name":"WURN urnid","url":"https:\/\/wurn.eu\/","logo":{"@type":"ImageObject","inLanguage":"nb-NO","@id":"https:\/\/wurn.eu\/#\/schema\/logo\/image\/","url":"https:\/\/wurn.eu\/wp-content\/uploads\/2024\/10\/WURN_logo_UUS_v3_1_original_black.png","contentUrl":"https:\/\/wurn.eu\/wp-content\/uploads\/2024\/10\/WURN_logo_UUS_v3_1_original_black.png","width":270,"height":316,"caption":"WURN urnid"},"image":{"@id":"https:\/\/wurn.eu\/#\/schema\/logo\/image\/"}}]}},"jetpack_sharing_enabled":true,"_links":{"self":[{"href":"https:\/\/wurn.eu\/no\/wp-json\/wp\/v2\/pages\/4796","targetHints":{"allow":["GET"]}}],"collection":[{"href":"https:\/\/wurn.eu\/no\/wp-json\/wp\/v2\/pages"}],"about":[{"href":"https:\/\/wurn.eu\/no\/wp-json\/wp\/v2\/types\/page"}],"author":[{"embeddable":true,"href":"https:\/\/wurn.eu\/no\/wp-json\/wp\/v2\/users\/3"}],"replies":[{"embeddable":true,"href":"https:\/\/wurn.eu\/no\/wp-json\/wp\/v2\/comments?post=4796"}],"version-history":[{"count":2,"href":"https:\/\/wurn.eu\/no\/wp-json\/wp\/v2\/pages\/4796\/revisions"}],"predecessor-version":[{"id":4798,"href":"https:\/\/wurn.eu\/no\/wp-json\/wp\/v2\/pages\/4796\/revisions\/4798"}],"wp:attachment":[{"href":"https:\/\/wurn.eu\/no\/wp-json\/wp\/v2\/media?parent=4796"}],"curies":[{"name":"wp","href":"https:\/\/api.w.org\/{rel}","templated":true}]}}