{"id":4762,"date":"2024-10-29T19:53:06","date_gmt":"2024-10-29T17:53:06","guid":{"rendered":"https:\/\/wurn.eu\/forside\/"},"modified":"2026-05-12T18:46:44","modified_gmt":"2026-05-12T15:46:44","slug":"forside","status":"publish","type":"page","link":"https:\/\/wurn.eu\/no\/","title":{"rendered":"Forside"},"content":{"rendered":"\t\t<div data-elementor-type=\"wp-page\" data-elementor-id=\"4762\" class=\"elementor elementor-4762 elementor-906\" data-elementor-post-type=\"page\">\n\t\t\t\t<div class=\"elementor-element elementor-element-3ad352a e-con-full e-flex e-con e-parent\" data-id=\"3ad352a\" data-element_type=\"container\" data-e-type=\"container\" data-settings=\"{&quot;background_background&quot;:&quot;slideshow&quot;,&quot;background_slideshow_gallery&quot;:[{&quot;id&quot;:4478,&quot;url&quot;:&quot;https:\\\/\\\/wurn.eu\\\/wp-content\\\/uploads\\\/2026\\\/05\\\/SP-ja-KP-looduses-scaled.jpg&quot;},{&quot;id&quot;:4466,&quot;url&quot;:&quot;https:\\\/\\\/wurn.eu\\\/wp-content\\\/uploads\\\/2026\\\/05\\\/Valge-suur-stuudio-omblus.jpg&quot;},{&quot;id&quot;:4460,&quot;url&quot;:&quot;https:\\\/\\\/wurn.eu\\\/wp-content\\\/uploads\\\/2026\\\/05\\\/SH-Stuudio-kork-lahedalt-scaled.jpg&quot;},{&quot;id&quot;:4454,&quot;url&quot;:&quot;https:\\\/\\\/wurn.eu\\\/wp-content\\\/uploads\\\/2026\\\/05\\\/Suur-valge-stuudio-alt-lahedalt-scaled.jpg&quot;},{&quot;id&quot;:4490,&quot;url&quot;:&quot;https:\\\/\\\/wurn.eu\\\/wp-content\\\/uploads\\\/2026\\\/05\\\/Kolm-keskmist-looduses-scaled.jpg&quot;}],&quot;background_slideshow_slide_duration&quot;:4500,&quot;background_slideshow_loop&quot;:&quot;yes&quot;,&quot;background_slideshow_slide_transition&quot;:&quot;fade&quot;,&quot;background_slideshow_transition_duration&quot;:500}\">\n\t\t\t\t<\/div>\n\t\t<div class=\"elementor-element elementor-element-0974675 e-con-full e-flex e-con e-parent\" data-id=\"0974675\" data-element_type=\"container\" data-e-type=\"container\">\n\t\t<div class=\"elementor-element elementor-element-619c2d9 e-con-full e-flex e-con e-child\" data-id=\"619c2d9\" data-element_type=\"container\" data-e-type=\"container\">\n\t\t\t\t<div class=\"elementor-element elementor-element-08b0a4a elementor-widget elementor-widget-spacer\" data-id=\"08b0a4a\" data-element_type=\"widget\" data-e-type=\"widget\" data-widget_type=\"spacer.default\">\n\t\t\t\t<div class=\"elementor-widget-container\">\n\t\t\t\t\t\t\t<div class=\"elementor-spacer\">\n\t\t\t<div class=\"elementor-spacer-inner\"><\/div>\n\t\t<\/div>\n\t\t\t\t\t\t<\/div>\n\t\t\t\t<\/div>\n\t\t\t\t<div class=\"elementor-element elementor-element-78e8a72 elementor-widget elementor-widget-heading\" data-id=\"78e8a72\" data-element_type=\"widget\" data-e-type=\"widget\" data-widget_type=\"heading.default\">\n\t\t\t\t<div class=\"elementor-widget-container\">\n\t\t\t\t\t<h1 class=\"elementor-heading-title elementor-size-default\">WURN \u2013 urne i filt av saueull<\/h1>\t\t\t\t<\/div>\n\t\t\t\t<\/div>\n\t\t\t\t<div class=\"elementor-element elementor-element-37567a7 elementor-widget__width-inherit elementor-widget elementor-widget-text-editor\" data-id=\"37567a7\" data-element_type=\"widget\" data-e-type=\"widget\" data-widget_type=\"text-editor.default\">\n\t\t\t\t<div class=\"elementor-widget-container\">\n\t\t\t\t\t\t\t\t\t<p>Wurn-er av h\u00f8y kvalitet, anerkjent av estiske begravelsesbyr\u00e5er og krematorier, h\u00e5ndlages av naturlig filt av saueull og eik. Det naturinspirerte designet virker tr\u00f8stende. Urnene i serien Nordisk sjel passer til alle ritualer etter kremasjon \u2013 som minneurne, ved nedsettelse og til askespredning.  <\/p><p>Den milj\u00f8vennlige urnen brytes ned b\u00e5de i jord og vann. Dette er en urneserie som er unik i verden, utviklet i Estland \u2013 i hjertet av Saaremaa. Serien \u00abNordisk sjel\u00bb finnes i tre st\u00f8rrelser og tre fargetoner. Hver urne er som et lerret \u2013 kan personaliseres med et minneobjekt eller en liten blomsterdekorasjon som gjenspeiler den avd\u00f8de.   <\/p><p>Urnen leveres med nedsettingssnorer. Finn en passende urne i v\u00e5r katalog. <\/p>\t\t\t\t\t\t\t\t<\/div>\n\t\t\t\t<\/div>\n\t\t\t\t<div class=\"elementor-element elementor-element-67bda67 elementor-align-center elementor-widget__width-auto elementor-widget elementor-widget-button\" data-id=\"67bda67\" data-element_type=\"widget\" data-e-type=\"widget\" data-widget_type=\"button.default\">\n\t\t\t\t<div class=\"elementor-widget-container\">\n\t\t\t\t\t\t\t\t\t<div class=\"elementor-button-wrapper\">\n\t\t\t\t\t<a class=\"elementor-button elementor-button-link elementor-size-sm\" href=\"https:\/\/wurn.eu\/no\/katalog\/\">\n\t\t\t\t\t\t<span class=\"elementor-button-content-wrapper\">\n\t\t\t\t\t\t\t\t\t<span class=\"elementor-button-text\">Se katalogen<\/span>\n\t\t\t\t\t<\/span>\n\t\t\t\t\t<\/a>\n\t\t\t\t<\/div>\n\t\t\t\t\t\t\t\t<\/div>\n\t\t\t\t<\/div>\n\t\t\t\t<div class=\"elementor-element elementor-element-7b544b3 elementor-widget elementor-widget-spacer\" data-id=\"7b544b3\" data-element_type=\"widget\" data-e-type=\"widget\" data-widget_type=\"spacer.default\">\n\t\t\t\t<div class=\"elementor-widget-container\">\n\t\t\t\t\t\t\t<div class=\"elementor-spacer\">\n\t\t\t<div class=\"elementor-spacer-inner\"><\/div>\n\t\t<\/div>\n\t\t\t\t\t\t<\/div>\n\t\t\t\t<\/div>\n\t\t\t\t<div class=\"elementor-element elementor-element-f3c6cce elementor-widget elementor-widget-gallery\" data-id=\"f3c6cce\" data-element_type=\"widget\" data-e-type=\"widget\" data-settings=\"{&quot;columns&quot;:3,&quot;lazyload&quot;:&quot;yes&quot;,&quot;gallery_layout&quot;:&quot;grid&quot;,&quot;columns_tablet&quot;:2,&quot;columns_mobile&quot;:1,&quot;gap&quot;:{&quot;unit&quot;:&quot;px&quot;,&quot;size&quot;:10,&quot;sizes&quot;:[]},&quot;gap_tablet&quot;:{&quot;unit&quot;:&quot;px&quot;,&quot;size&quot;:10,&quot;sizes&quot;:[]},&quot;gap_mobile&quot;:{&quot;unit&quot;:&quot;px&quot;,&quot;size&quot;:10,&quot;sizes&quot;:[]},&quot;link_to&quot;:&quot;file&quot;,&quot;aspect_ratio&quot;:&quot;3:2&quot;,&quot;overlay_background&quot;:&quot;yes&quot;,&quot;content_hover_animation&quot;:&quot;fade-in&quot;}\" data-widget_type=\"gallery.default\">\n\t\t\t\t<div class=\"elementor-widget-container\">\n\t\t\t\t\t\t\t<div class=\"elementor-gallery__container\">\n\t\t\t\t\t\t\t<a class=\"e-gallery-item elementor-gallery-item elementor-animated-content\" href=\"https:\/\/wurn.eu\/wp-content\/uploads\/2025\/08\/DSCF0206-scaled.jpg\" data-elementor-open-lightbox=\"yes\" data-elementor-lightbox-slideshow=\"f3c6cce\" data-e-action-hash=\"#elementor-action%3Aaction%3Dlightbox%26settings%3DeyJpZCI6NDQzMywidXJsIjoiaHR0cHM6XC9cL3d1cm4uZXVcL3dwLWNvbnRlbnRcL3VwbG9hZHNcLzIwMjVcLzA4XC9EU0NGMDIwNi1zY2FsZWQuanBnIiwic2xpZGVzaG93IjoiZjNjNmNjZSJ9\">\n\t\t\t\t\t<div class=\"e-gallery-image elementor-gallery-item__image\" data-thumbnail=\"https:\/\/wurn.eu\/wp-content\/uploads\/2025\/08\/DSCF0206-1024x683.jpg\" data-width=\"640\" data-height=\"427\" aria-label=\"WURN urn tuhaurn\" role=\"img\" ><\/div>\n\t\t\t\t\t\t\t\t\t\t\t<div class=\"elementor-gallery-item__overlay\"><\/div>\n\t\t\t\t\t\t\t\t\t\t\t\t\t\t<\/a>\n\t\t\t\t\t\t\t<a class=\"e-gallery-item elementor-gallery-item elementor-animated-content\" href=\"https:\/\/wurn.eu\/wp-content\/uploads\/2025\/08\/vaikesed-tuhaurnid-scaled.jpg\" data-elementor-open-lightbox=\"yes\" data-elementor-lightbox-slideshow=\"f3c6cce\" data-e-action-hash=\"#elementor-action%3Aaction%3Dlightbox%26settings%3DeyJpZCI6NDcwNCwidXJsIjoiaHR0cHM6XC9cL3d1cm4uZXVcL3dwLWNvbnRlbnRcL3VwbG9hZHNcLzIwMjVcLzA4XC92YWlrZXNlZC10dWhhdXJuaWQtc2NhbGVkLmpwZyIsInNsaWRlc2hvdyI6ImYzYzZjY2UifQ%3D%3D\">\n\t\t\t\t\t<div class=\"e-gallery-image elementor-gallery-item__image\" data-thumbnail=\"https:\/\/wurn.eu\/wp-content\/uploads\/2025\/08\/vaikesed-tuhaurnid-1024x683.jpg\" data-width=\"640\" data-height=\"427\" aria-label=\"WURN askeurne\" role=\"img\" ><\/div>\n\t\t\t\t\t\t\t\t\t\t\t<div class=\"elementor-gallery-item__overlay\"><\/div>\n\t\t\t\t\t\t\t\t\t\t\t\t\t\t<\/a>\n\t\t\t\t\t\t\t<a class=\"e-gallery-item elementor-gallery-item elementor-animated-content\" href=\"https:\/\/wurn.eu\/wp-content\/uploads\/2025\/06\/DSCF0061-scaled.jpg\" data-elementor-open-lightbox=\"yes\" data-elementor-lightbox-slideshow=\"f3c6cce\" data-e-action-hash=\"#elementor-action%3Aaction%3Dlightbox%26settings%3DeyJpZCI6NDQ0MiwidXJsIjoiaHR0cHM6XC9cL3d1cm4uZXVcL3dwLWNvbnRlbnRcL3VwbG9hZHNcLzIwMjVcLzA2XC9EU0NGMDA2MS1zY2FsZWQuanBnIiwic2xpZGVzaG93IjoiZjNjNmNjZSJ9\">\n\t\t\t\t\t<div class=\"e-gallery-image elementor-gallery-item__image\" data-thumbnail=\"https:\/\/wurn.eu\/wp-content\/uploads\/2025\/06\/DSCF0061-1024x683.jpg\" data-width=\"640\" data-height=\"427\" aria-label=\"WURN askeurne\" role=\"img\" ><\/div>\n\t\t\t\t\t\t\t\t\t\t\t<div class=\"elementor-gallery-item__overlay\"><\/div>\n\t\t\t\t\t\t\t\t\t\t\t\t\t\t<\/a>\n\t\t\t\t\t<\/div>\n\t\t\t\t\t<\/div>\n\t\t\t\t<\/div>\n\t\t\t\t<div class=\"elementor-element elementor-element-aa49e32 elementor-widget elementor-widget-spacer\" data-id=\"aa49e32\" data-element_type=\"widget\" data-e-type=\"widget\" data-widget_type=\"spacer.default\">\n\t\t\t\t<div class=\"elementor-widget-container\">\n\t\t\t\t\t\t\t<div class=\"elementor-spacer\">\n\t\t\t<div class=\"elementor-spacer-inner\"><\/div>\n\t\t<\/div>\n\t\t\t\t\t\t<\/div>\n\t\t\t\t<\/div>\n\t\t\t\t<div class=\"elementor-element elementor-element-d839a00 elementor-widget elementor-widget-heading\" data-id=\"d839a00\" data-element_type=\"widget\" data-e-type=\"widget\" data-widget_type=\"heading.default\">\n\t\t\t\t<div class=\"elementor-widget-container\">\n\t\t\t\t\t<h1 class=\"elementor-heading-title elementor-size-default\">Personlig st\u00f8tte<\/h1>\t\t\t\t<\/div>\n\t\t\t\t<\/div>\n\t\t\t\t<div class=\"elementor-element elementor-element-6cb88b9 elementor-widget elementor-widget-text-editor\" data-id=\"6cb88b9\" data-element_type=\"widget\" data-e-type=\"widget\" data-widget_type=\"text-editor.default\">\n\t\t\t\t<div class=\"elementor-widget-container\">\n\t\t\t\t\t\t\t\t\t<p data-pm-slice=\"0 0 []\">WURN er en unik og innovativ tiln\u00e6rming til \u00e5 bevare minner. Produktfamilien best\u00e5r av store, mellomstore og sm\u00e5 urner i rolige, naturlige nyanser. Vi hjelper deg gjerne b\u00e5de med \u00e5 finne riktig valg og med praktiske sp\u00f8rsm\u00e5l \u2013 ta gjerne kontakt med oss p\u00e5 den m\u00e5ten som passer deg best. Leveringen er enkel og rask og skjer i henhold til dine \u00f8nsker. P\u00e5 Luha g\u00e5rd p\u00e5 Saaremaa er det ogs\u00e5 mulig \u00e5 se urnene p\u00e5 stedet.    <\/p>\t\t\t\t\t\t\t\t<\/div>\n\t\t\t\t<\/div>\n\t\t\t\t<div class=\"elementor-element elementor-element-1e53857 elementor-align-center elementor-widget__width-inherit elementor-widget elementor-widget-button\" data-id=\"1e53857\" data-element_type=\"widget\" data-e-type=\"widget\" data-widget_type=\"button.default\">\n\t\t\t\t<div class=\"elementor-widget-container\">\n\t\t\t\t\t\t\t\t\t<div class=\"elementor-button-wrapper\">\n\t\t\t\t\t<a class=\"elementor-button elementor-button-link elementor-size-sm\" href=\"https:\/\/wurn.eu\/no\/kontakt\/\">\n\t\t\t\t\t\t<span class=\"elementor-button-content-wrapper\">\n\t\t\t\t\t\t\t\t\t<span class=\"elementor-button-text\">Ta kontakt<\/span>\n\t\t\t\t\t<\/span>\n\t\t\t\t\t<\/a>\n\t\t\t\t<\/div>\n\t\t\t\t\t\t\t\t<\/div>\n\t\t\t\t<\/div>\n\t\t\t\t<div class=\"elementor-element elementor-element-1a5919b elementor-widget elementor-widget-spacer\" data-id=\"1a5919b\" data-element_type=\"widget\" data-e-type=\"widget\" data-widget_type=\"spacer.default\">\n\t\t\t\t<div class=\"elementor-widget-container\">\n\t\t\t\t\t\t\t<div class=\"elementor-spacer\">\n\t\t\t<div class=\"elementor-spacer-inner\"><\/div>\n\t\t<\/div>\n\t\t\t\t\t\t<\/div>\n\t\t\t\t<\/div>\n\t\t\t\t<\/div>\n\t\t\t\t<\/div>\n\t\t<div class=\"elementor-element elementor-element-undefined-549ffa2 e-con-full e-flex e-con e-parent\" data-id=\"undefined-549ffa2\" data-element_type=\"container\" data-e-type=\"container\" data-settings=\"{&quot;background_background&quot;:&quot;classic&quot;}\">\n\t\t<div class=\"elementor-element elementor-element-undefined-915aebc e-con-full e-flex e-con e-child\" data-id=\"undefined-915aebc\" data-element_type=\"container\" data-e-type=\"container\">\n\t\t\t\t<div class=\"elementor-element elementor-element-undefined-00d9b61 elementor-cta--skin-cover elementor-cta--valign-bottom elementor-widget__width-inherit elementor-widget-tablet__width-initial elementor-widget-mobile__width-inherit elementor-animated-content elementor-bg-transform elementor-bg-transform-zoom-in elementor-widget elementor-widget-call-to-action\" data-id=\"undefined-00d9b61\" data-element_type=\"widget\" data-e-type=\"widget\" data-widget_type=\"call-to-action.default\">\n\t\t\t\t<div class=\"elementor-widget-container\">\n\t\t\t\t\t\t\t<div class=\"elementor-cta\">\n\t\t\t\t\t<div class=\"elementor-cta__bg-wrapper\">\n\t\t\t\t<div class=\"elementor-cta__bg elementor-bg\" style=\"background-image: url(https:\/\/wurn.eu\/wp-content\/uploads\/2025\/06\/pisem-pilt-prenn-854x1024.jpg);\" role=\"img\" aria-label=\"pisem pilt prenn\"><\/div>\n\t\t\t\t<div class=\"elementor-cta__bg-overlay\"><\/div>\n\t\t\t<\/div>\n\t\t\t\t\t\t\t<div class=\"elementor-cta__content\">\n\t\t\t\t\n\t\t\t\t\t\t\t\t\t<h2 class=\"elementor-cta__title elementor-cta__content-item elementor-content-item elementor-animated-item--grow\">\n\t\t\t\t\t\tPrenden Noogen\t\t\t\t\t<\/h2>\n\t\t\t\t\n\t\t\t\t\t\t\t\t\t<div class=\"elementor-cta__description elementor-cta__content-item elementor-content-item elementor-animated-item--grow\">\n\t\t\t\t\t\tMedgr\u00fcnder\t\t\t\t\t<\/div>\n\t\t\t\t\n\t\t\t\t\t\t\t<\/div>\n\t\t\t\t\t\t<\/div>\n\t\t\t\t\t\t<\/div>\n\t\t\t\t<\/div>\n\t\t\t\t<div class=\"elementor-element elementor-element-undefined-23f02b7 elementor-cta--skin-cover elementor-cta--valign-bottom elementor-widget__width-inherit elementor-widget-tablet__width-initial elementor-widget-mobile__width-inherit elementor-animated-content elementor-bg-transform elementor-bg-transform-zoom-in elementor-widget elementor-widget-call-to-action\" data-id=\"undefined-23f02b7\" data-element_type=\"widget\" data-e-type=\"widget\" data-widget_type=\"call-to-action.default\">\n\t\t\t\t<div class=\"elementor-widget-container\">\n\t\t\t\t\t\t\t<div class=\"elementor-cta\">\n\t\t\t\t\t<div class=\"elementor-cta__bg-wrapper\">\n\t\t\t\t<div class=\"elementor-cta__bg elementor-bg\" style=\"background-image: url(https:\/\/wurn.eu\/wp-content\/uploads\/2025\/06\/DSC00950-1-scaled-e1748845325482-639x1024.jpg);\" role=\"img\" aria-label=\"DSC00950 (1)\"><\/div>\n\t\t\t\t<div class=\"elementor-cta__bg-overlay\"><\/div>\n\t\t\t<\/div>\n\t\t\t\t\t\t\t<div class=\"elementor-cta__content\">\n\t\t\t\t\n\t\t\t\t\t\t\t\t\t<h2 class=\"elementor-cta__title elementor-cta__content-item elementor-content-item elementor-animated-item--grow\">\n\t\t\t\t\t\tTriin Juurma\t\t\t\t\t<\/h2>\n\t\t\t\t\n\t\t\t\t\t\t\t\t\t<div class=\"elementor-cta__description elementor-cta__content-item elementor-content-item elementor-animated-item--grow\">\n\t\t\t\t\t\tMedgr\u00fcnder\t\t\t\t\t<\/div>\n\t\t\t\t\n\t\t\t\t\t\t\t<\/div>\n\t\t\t\t\t\t<\/div>\n\t\t\t\t\t\t<\/div>\n\t\t\t\t<\/div>\n\t\t\t\t<div class=\"elementor-element elementor-element-8df61eb elementor-cta--skin-cover elementor-cta--valign-bottom elementor-widget__width-inherit elementor-widget-tablet__width-initial elementor-widget-mobile__width-inherit elementor-animated-content elementor-bg-transform elementor-bg-transform-zoom-in elementor-widget elementor-widget-call-to-action\" data-id=\"8df61eb\" data-element_type=\"widget\" data-e-type=\"widget\" data-widget_type=\"call-to-action.default\">\n\t\t\t\t<div class=\"elementor-widget-container\">\n\t\t\t\t\t\t\t<div class=\"elementor-cta\">\n\t\t\t\t\t<div class=\"elementor-cta__bg-wrapper\">\n\t\t\t\t<div class=\"elementor-cta__bg elementor-bg\" style=\"background-image: url(https:\/\/wurn.eu\/wp-content\/uploads\/2025\/06\/thumbnail_IMG_0443-686x1024.jpg);\" role=\"img\" aria-label=\"thumbnail_IMG_0443\"><\/div>\n\t\t\t\t<div class=\"elementor-cta__bg-overlay\"><\/div>\n\t\t\t<\/div>\n\t\t\t\t\t\t\t<div class=\"elementor-cta__content\">\n\t\t\t\t\n\t\t\t\t\t\t\t\t\t<h2 class=\"elementor-cta__title elementor-cta__content-item elementor-content-item elementor-animated-item--grow\">\n\t\t\t\t\t\tMOOSI\t\t\t\t\t<\/h2>\n\t\t\t\t\n\t\t\t\t\t\t\t\t\t<div class=\"elementor-cta__description elementor-cta__content-item elementor-content-item elementor-animated-item--grow\">\n\t\t\t\t\t\tSjelevenn\t\t\t\t\t<\/div>\n\t\t\t\t\n\t\t\t\t\t\t\t<\/div>\n\t\t\t\t\t\t<\/div>\n\t\t\t\t\t\t<\/div>\n\t\t\t\t<\/div>\n\t\t\t\t<\/div>\n\t\t\t\t<div class=\"elementor-element elementor-element-f3401d2 elementor-mobile-align-center elementor-widget-mobile__width-inherit elementor-widget elementor-widget-button\" data-id=\"f3401d2\" data-element_type=\"widget\" data-e-type=\"widget\" data-widget_type=\"button.default\">\n\t\t\t\t<div class=\"elementor-widget-container\">\n\t\t\t\t\t\t\t\t\t<div class=\"elementor-button-wrapper\">\n\t\t\t\t\t<a class=\"elementor-button elementor-button-link elementor-size-sm\" href=\"https:\/\/wurn.eu\/no\/om-oss\/\" target=\"_blank\">\n\t\t\t\t\t\t<span class=\"elementor-button-content-wrapper\">\n\t\t\t\t\t\t\t\t\t<span class=\"elementor-button-text\">Om oss<\/span>\n\t\t\t\t\t<\/span>\n\t\t\t\t\t<\/a>\n\t\t\t\t<\/div>\n\t\t\t\t\t\t\t\t<\/div>\n\t\t\t\t<\/div>\n\t\t\t\t<\/div>\n\t\t\t\t<\/div>\n\t\t","protected":false},"excerpt":{"rendered":"<p>WURN \u2013 urne i filt av saueull Wurn-er av h\u00f8y kvalitet, anerkjent av estiske begravelsesbyr\u00e5er og krematorier, h\u00e5ndlages av naturlig filt av saueull og eik. Det naturinspirerte designet virker tr\u00f8stende. Urnene i serien Nordisk sjel passer til alle ritualer etter kremasjon \u2013 som minneurne, ved nedsettelse og til askespredning. Den milj\u00f8vennlige urnen brytes ned b\u00e5de&#8230;<\/p>\n","protected":false},"author":1,"featured_media":4775,"parent":0,"menu_order":0,"comment_status":"closed","ping_status":"closed","template":"elementor_header_footer","meta":{"_monsterinsights_skip_tracking":false,"_monsterinsights_sitenote_active":false,"_monsterinsights_sitenote_note":"","_monsterinsights_sitenote_category":0,"footnotes":""},"class_list":["post-4762","page","type-page","status-publish","has-post-thumbnail","hentry"],"yoast_head":"<!-- This site is optimized with the Yoast SEO plugin v26.6 - https:\/\/yoast.com\/wordpress\/plugins\/seo\/ -->\n<title>H\u00e5ndlagde askeurner i filt \u2013 WURN | Estisk design<\/title>\n<meta name=\"description\" content=\"WURN skaper h\u00e5ndlagde urner i filt som er naturn\u00e6re, estetiske og verdige. Hver urne er unik. Bestill trygt direkte fra produsenten.\" \/>\n<meta name=\"robots\" content=\"index, follow, max-snippet:-1, max-image-preview:large, max-video-preview:-1\" \/>\n<link rel=\"canonical\" href=\"https:\/\/wurn.eu\/no\/forside\/\" \/>\n<meta property=\"og:locale\" content=\"nb_NO\" \/>\n<meta property=\"og:type\" content=\"article\" \/>\n<meta property=\"og:title\" content=\"H\u00e5ndlagde askeurner i filt \u2013 WURN | Estisk design\" \/>\n<meta property=\"og:description\" content=\"WURN skaper h\u00e5ndlagde urner i filt som er naturn\u00e6re, estetiske og verdige. Hver urne er unik. Bestill trygt direkte fra produsenten.\" \/>\n<meta property=\"og:url\" content=\"https:\/\/wurn.eu\/no\/forside\/\" \/>\n<meta property=\"og:site_name\" content=\"WURN urnid\" \/>\n<meta property=\"article:modified_time\" content=\"2026-05-12T15:46:44+00:00\" \/>\n<meta property=\"og:image\" content=\"https:\/\/wurn.eu\/wp-content\/uploads\/2025\/06\/DSCF9454-scaled.jpg\" \/>\n\t<meta property=\"og:image:width\" content=\"2560\" \/>\n\t<meta property=\"og:image:height\" content=\"1707\" \/>\n\t<meta property=\"og:image:type\" content=\"image\/jpeg\" \/>\n<meta name=\"twitter:card\" content=\"summary_large_image\" \/>\n<meta name=\"twitter:label1\" content=\"Ansl. lesetid\" \/>\n\t<meta name=\"twitter:data1\" content=\"1 minutt\" \/>\n<script type=\"application\/ld+json\" class=\"yoast-schema-graph\">{\"@context\":\"https:\/\/schema.org\",\"@graph\":[{\"@type\":\"WebPage\",\"@id\":\"https:\/\/wurn.eu\/no\/forside\/\",\"url\":\"https:\/\/wurn.eu\/no\/forside\/\",\"name\":\"H\u00e5ndlagde askeurner i filt \u2013 WURN | Estisk design\",\"isPartOf\":{\"@id\":\"https:\/\/wurn.eu\/#website\"},\"primaryImageOfPage\":{\"@id\":\"https:\/\/wurn.eu\/no\/forside\/#primaryimage\"},\"image\":{\"@id\":\"https:\/\/wurn.eu\/no\/forside\/#primaryimage\"},\"thumbnailUrl\":\"https:\/\/wurn.eu\/wp-content\/uploads\/2025\/06\/DSCF9454-scaled.jpg\",\"datePublished\":\"2024-10-29T17:53:06+00:00\",\"dateModified\":\"2026-05-12T15:46:44+00:00\",\"description\":\"WURN skaper h\u00e5ndlagde urner i filt som er naturn\u00e6re, estetiske og verdige. Hver urne er unik. Bestill trygt direkte fra produsenten.\",\"breadcrumb\":{\"@id\":\"https:\/\/wurn.eu\/no\/forside\/#breadcrumb\"},\"inLanguage\":\"nb-NO\",\"potentialAction\":[{\"@type\":\"ReadAction\",\"target\":[\"https:\/\/wurn.eu\/no\/forside\/\"]}]},{\"@type\":\"ImageObject\",\"inLanguage\":\"nb-NO\",\"@id\":\"https:\/\/wurn.eu\/no\/forside\/#primaryimage\",\"url\":\"https:\/\/wurn.eu\/wp-content\/uploads\/2025\/06\/DSCF9454-scaled.jpg\",\"contentUrl\":\"https:\/\/wurn.eu\/wp-content\/uploads\/2025\/06\/DSCF9454-scaled.jpg\",\"width\":2560,\"height\":1707,\"caption\":\"WURN urn tuhaurnid\"},{\"@type\":\"BreadcrumbList\",\"@id\":\"https:\/\/wurn.eu\/no\/forside\/#breadcrumb\",\"itemListElement\":[{\"@type\":\"ListItem\",\"position\":1,\"name\":\"Home\",\"item\":\"https:\/\/wurn.eu\/no\/forside\/\"},{\"@type\":\"ListItem\",\"position\":2,\"name\":\"Forside\"}]},{\"@type\":\"WebSite\",\"@id\":\"https:\/\/wurn.eu\/#website\",\"url\":\"https:\/\/wurn.eu\/\",\"name\":\"WURN urnid\",\"description\":\"Lambavillasest vildist ja v\u00e4\u00e4rispuidust birolagunevad urnid\",\"publisher\":{\"@id\":\"https:\/\/wurn.eu\/#organization\"},\"potentialAction\":[{\"@type\":\"SearchAction\",\"target\":{\"@type\":\"EntryPoint\",\"urlTemplate\":\"https:\/\/wurn.eu\/?s={search_term_string}\"},\"query-input\":{\"@type\":\"PropertyValueSpecification\",\"valueRequired\":true,\"valueName\":\"search_term_string\"}}],\"inLanguage\":\"nb-NO\"},{\"@type\":\"Organization\",\"@id\":\"https:\/\/wurn.eu\/#organization\",\"name\":\"WURN urnid\",\"url\":\"https:\/\/wurn.eu\/\",\"logo\":{\"@type\":\"ImageObject\",\"inLanguage\":\"nb-NO\",\"@id\":\"https:\/\/wurn.eu\/#\/schema\/logo\/image\/\",\"url\":\"https:\/\/wurn.eu\/wp-content\/uploads\/2024\/10\/WURN_logo_UUS_v3_1_original_black.png\",\"contentUrl\":\"https:\/\/wurn.eu\/wp-content\/uploads\/2024\/10\/WURN_logo_UUS_v3_1_original_black.png\",\"width\":270,\"height\":316,\"caption\":\"WURN urnid\"},\"image\":{\"@id\":\"https:\/\/wurn.eu\/#\/schema\/logo\/image\/\"}}]}<\/script>\n<!-- \/ Yoast SEO plugin. -->","yoast_head_json":{"title":"H\u00e5ndlagde askeurner i filt \u2013 WURN | Estisk design","description":"WURN skaper h\u00e5ndlagde urner i filt som er naturn\u00e6re, estetiske og verdige. Hver urne er unik. Bestill trygt direkte fra produsenten.","robots":{"index":"index","follow":"follow","max-snippet":"max-snippet:-1","max-image-preview":"max-image-preview:large","max-video-preview":"max-video-preview:-1"},"canonical":"https:\/\/wurn.eu\/no\/forside\/","og_locale":"nb_NO","og_type":"article","og_title":"H\u00e5ndlagde askeurner i filt \u2013 WURN | Estisk design","og_description":"WURN skaper h\u00e5ndlagde urner i filt som er naturn\u00e6re, estetiske og verdige. Hver urne er unik. Bestill trygt direkte fra produsenten.","og_url":"https:\/\/wurn.eu\/no\/forside\/","og_site_name":"WURN urnid","article_modified_time":"2026-05-12T15:46:44+00:00","og_image":[{"width":2560,"height":1707,"url":"https:\/\/wurn.eu\/wp-content\/uploads\/2025\/06\/DSCF9454-scaled.jpg","type":"image\/jpeg"}],"twitter_card":"summary_large_image","twitter_misc":{"Ansl. lesetid":"1 minutt"},"schema":{"@context":"https:\/\/schema.org","@graph":[{"@type":"WebPage","@id":"https:\/\/wurn.eu\/no\/forside\/","url":"https:\/\/wurn.eu\/no\/forside\/","name":"H\u00e5ndlagde askeurner i filt \u2013 WURN | Estisk design","isPartOf":{"@id":"https:\/\/wurn.eu\/#website"},"primaryImageOfPage":{"@id":"https:\/\/wurn.eu\/no\/forside\/#primaryimage"},"image":{"@id":"https:\/\/wurn.eu\/no\/forside\/#primaryimage"},"thumbnailUrl":"https:\/\/wurn.eu\/wp-content\/uploads\/2025\/06\/DSCF9454-scaled.jpg","datePublished":"2024-10-29T17:53:06+00:00","dateModified":"2026-05-12T15:46:44+00:00","description":"WURN skaper h\u00e5ndlagde urner i filt som er naturn\u00e6re, estetiske og verdige. Hver urne er unik. Bestill trygt direkte fra produsenten.","breadcrumb":{"@id":"https:\/\/wurn.eu\/no\/forside\/#breadcrumb"},"inLanguage":"nb-NO","potentialAction":[{"@type":"ReadAction","target":["https:\/\/wurn.eu\/no\/forside\/"]}]},{"@type":"ImageObject","inLanguage":"nb-NO","@id":"https:\/\/wurn.eu\/no\/forside\/#primaryimage","url":"https:\/\/wurn.eu\/wp-content\/uploads\/2025\/06\/DSCF9454-scaled.jpg","contentUrl":"https:\/\/wurn.eu\/wp-content\/uploads\/2025\/06\/DSCF9454-scaled.jpg","width":2560,"height":1707,"caption":"WURN urn tuhaurnid"},{"@type":"BreadcrumbList","@id":"https:\/\/wurn.eu\/no\/forside\/#breadcrumb","itemListElement":[{"@type":"ListItem","position":1,"name":"Home","item":"https:\/\/wurn.eu\/no\/forside\/"},{"@type":"ListItem","position":2,"name":"Forside"}]},{"@type":"WebSite","@id":"https:\/\/wurn.eu\/#website","url":"https:\/\/wurn.eu\/","name":"WURN urnid","description":"Lambavillasest vildist ja v\u00e4\u00e4rispuidust birolagunevad urnid","publisher":{"@id":"https:\/\/wurn.eu\/#organization"},"potentialAction":[{"@type":"SearchAction","target":{"@type":"EntryPoint","urlTemplate":"https:\/\/wurn.eu\/?s={search_term_string}"},"query-input":{"@type":"PropertyValueSpecification","valueRequired":true,"valueName":"search_term_string"}}],"inLanguage":"nb-NO"},{"@type":"Organization","@id":"https:\/\/wurn.eu\/#organization","name":"WURN urnid","url":"https:\/\/wurn.eu\/","logo":{"@type":"ImageObject","inLanguage":"nb-NO","@id":"https:\/\/wurn.eu\/#\/schema\/logo\/image\/","url":"https:\/\/wurn.eu\/wp-content\/uploads\/2024\/10\/WURN_logo_UUS_v3_1_original_black.png","contentUrl":"https:\/\/wurn.eu\/wp-content\/uploads\/2024\/10\/WURN_logo_UUS_v3_1_original_black.png","width":270,"height":316,"caption":"WURN urnid"},"image":{"@id":"https:\/\/wurn.eu\/#\/schema\/logo\/image\/"}}]}},"jetpack_sharing_enabled":true,"_links":{"self":[{"href":"https:\/\/wurn.eu\/no\/wp-json\/wp\/v2\/pages\/4762","targetHints":{"allow":["GET"]}}],"collection":[{"href":"https:\/\/wurn.eu\/no\/wp-json\/wp\/v2\/pages"}],"about":[{"href":"https:\/\/wurn.eu\/no\/wp-json\/wp\/v2\/types\/page"}],"author":[{"embeddable":true,"href":"https:\/\/wurn.eu\/no\/wp-json\/wp\/v2\/users\/1"}],"replies":[{"embeddable":true,"href":"https:\/\/wurn.eu\/no\/wp-json\/wp\/v2\/comments?post=4762"}],"version-history":[{"count":2,"href":"https:\/\/wurn.eu\/no\/wp-json\/wp\/v2\/pages\/4762\/revisions"}],"predecessor-version":[{"id":4799,"href":"https:\/\/wurn.eu\/no\/wp-json\/wp\/v2\/pages\/4762\/revisions\/4799"}],"wp:featuredmedia":[{"embeddable":true,"href":"https:\/\/wurn.eu\/no\/wp-json\/wp\/v2\/media\/4775"}],"wp:attachment":[{"href":"https:\/\/wurn.eu\/no\/wp-json\/wp\/v2\/media?parent=4762"}],"curies":[{"name":"wp","href":"https:\/\/api.w.org\/{rel}","templated":true}]}}