{"id":4687,"date":"2024-11-14T13:56:33","date_gmt":"2024-11-14T11:56:33","guid":{"rendered":"https:\/\/wurn.eu\/leveringsinformasjon\/"},"modified":"2026-05-13T09:39:36","modified_gmt":"2026-05-13T06:39:36","slug":"leveringsinformasjon","status":"publish","type":"page","link":"https:\/\/wurn.eu\/no\/leveringsinformasjon\/","title":{"rendered":"Leveringsinformasjon"},"content":{"rendered":"\t\t<div data-elementor-type=\"wp-page\" data-elementor-id=\"4687\" class=\"elementor elementor-4687 elementor-1150\" data-elementor-post-type=\"page\">\n\t\t\t\t<div class=\"elementor-element elementor-element-e06b703 e-flex e-con-boxed e-con e-parent\" data-id=\"e06b703\" data-element_type=\"container\" data-e-type=\"container\">\n\t\t\t\t\t<div class=\"e-con-inner\">\n\t\t\t\t<div class=\"elementor-element elementor-element-cba7a00 elementor-widget elementor-widget-text-editor\" data-id=\"cba7a00\" data-element_type=\"widget\" data-e-type=\"widget\" data-widget_type=\"text-editor.default\">\n\t\t\t\t<div class=\"elementor-widget-container\">\n\t\t\t\t\t\t\t\t\t<p>Vi leverer varer raskt og trygt til deg b\u00e5de i Estland, Skandinavia og ellers i Europa, Storbritannia, USA og Canada. Leveringsm\u00e5te og pris avtales ved bekreftelse av bestillingen. <\/p><h3>Tarnepiirkonnad<\/h3><ul><li>Estland<\/li><li>Baltikum (Latvia, Litauen)<\/li><li>Skandinavia (Finland, Sverige, Danmark, Norge)<\/li><li>Europeiske land<\/li><li>Storbritannia<\/li><li>USA<\/li><li>Canada<\/li><\/ul><h3>Leveringsm\u00e5ter<\/h3><ul><li>Jeg henter selv. Vi \u00f8nsker deg velkommen til Luha g\u00e5rd p\u00e5 Saaremaa etter avtale.  +372 5628 6826<\/li><li>Pakkeboks<\/li><li>Budtjeneste<\/li><\/ul><h3>Leveringstid<\/h3><ul><li>Forsendelser til Norge leveres vanligvis innen 9\u201311 virkedager fra kj\u00f8psavtalen trer i kraft.<\/li><li>Leveringstiden for bestillinger til Baltikum, Skandinavia, Europa, USA, Canada og Storbritannia avhenger av mottakerlandet og valgt leveringsm\u00e5te.<\/li><\/ul><h3>Leveringsgebyr<\/h3><p>Leveringsgebyret beregnes ut fra destinasjon, pakkest\u00f8rrelse og leveringsm\u00e5te. Dersom du bestiller for f\u00f8rste gang, kontakter vi deg f\u00f8r sending og finner den beste l\u00f8sningen. <\/p><h3>Mottak av varer<\/h3><ul><li>Ved levering til pakkeboks mottar du varsel p\u00e5 SMS og e-post med d\u00f8rkode.<\/li><li>Ved levering med bud tar budet kontakt med deg per telefon f\u00f8r levering.<\/li><\/ul><p>Ved sp\u00f8rsm\u00e5l eller spesielle \u00f8nsker er du velkommen til \u00e5 kontakte oss:<\/p><p><a href=\"mailto:info@wurn.eu\">info@wurn.eu<\/a><\/p><p><a href=\"tel:+37256286826\">+372 5628 6826<\/a><\/p>\t\t\t\t\t\t\t\t<\/div>\n\t\t\t\t<\/div>\n\t\t\t\t\t<\/div>\n\t\t\t\t<\/div>\n\t\t\t\t<\/div>\n\t\t","protected":false},"excerpt":{"rendered":"<p>Vi leverer varer raskt og trygt til deg b\u00e5de i Estland, Skandinavia og ellers i Europa, Storbritannia, USA og Canada. Leveringsm\u00e5te og pris avtales ved bekreftelse av bestillingen. Tarnepiirkonnad Estland Baltikum (Latvia, Litauen) Skandinavia (Finland, Sverige, Danmark, Norge) Europeiske land Storbritannia USA Canada Leveringsm\u00e5ter Jeg henter selv. Vi \u00f8nsker deg velkommen til Luha g\u00e5rd p\u00e5&#8230;<\/p>\n","protected":false},"author":1,"featured_media":0,"parent":0,"menu_order":0,"comment_status":"closed","ping_status":"closed","template":"","meta":{"_monsterinsights_skip_tracking":false,"_monsterinsights_sitenote_active":false,"_monsterinsights_sitenote_note":"","_monsterinsights_sitenote_category":0,"footnotes":""},"class_list":["post-4687","page","type-page","status-publish","hentry"],"yoast_head":"<!-- This site is optimized with the Yoast SEO plugin v26.6 - https:\/\/yoast.com\/wordpress\/plugins\/seo\/ -->\n<title>Leveringsinformasjon - WURN urnid<\/title>\n<meta name=\"description\" content=\"Finn ut hvordan og hvor raskt bestillingen din leveres. Vi organiserer internasjonal levering.\" \/>\n<meta name=\"robots\" content=\"index, follow, max-snippet:-1, max-image-preview:large, max-video-preview:-1\" \/>\n<link rel=\"canonical\" href=\"https:\/\/wurn.eu\/no\/leveringsinformasjon\/\" \/>\n<meta property=\"og:locale\" content=\"nb_NO\" \/>\n<meta property=\"og:type\" content=\"article\" \/>\n<meta property=\"og:title\" content=\"Leveringsinformasjon - WURN urnid\" \/>\n<meta property=\"og:description\" content=\"Finn ut hvordan og hvor raskt bestillingen din leveres. Vi organiserer internasjonal levering.\" \/>\n<meta property=\"og:url\" content=\"https:\/\/wurn.eu\/no\/leveringsinformasjon\/\" \/>\n<meta property=\"og:site_name\" content=\"WURN urnid\" \/>\n<meta property=\"article:modified_time\" content=\"2026-05-13T06:39:36+00:00\" \/>\n<meta name=\"twitter:card\" content=\"summary_large_image\" \/>\n<meta name=\"twitter:label1\" content=\"Ansl. lesetid\" \/>\n\t<meta name=\"twitter:data1\" content=\"1 minutt\" \/>\n<script type=\"application\/ld+json\" class=\"yoast-schema-graph\">{\"@context\":\"https:\/\/schema.org\",\"@graph\":[{\"@type\":\"WebPage\",\"@id\":\"https:\/\/wurn.eu\/no\/leveringsinformasjon\/\",\"url\":\"https:\/\/wurn.eu\/no\/leveringsinformasjon\/\",\"name\":\"Leveringsinformasjon - WURN urnid\",\"isPartOf\":{\"@id\":\"https:\/\/wurn.eu\/#website\"},\"datePublished\":\"2024-11-14T11:56:33+00:00\",\"dateModified\":\"2026-05-13T06:39:36+00:00\",\"description\":\"Finn ut hvordan og hvor raskt bestillingen din leveres. Vi organiserer internasjonal levering.\",\"breadcrumb\":{\"@id\":\"https:\/\/wurn.eu\/no\/leveringsinformasjon\/#breadcrumb\"},\"inLanguage\":\"nb-NO\",\"potentialAction\":[{\"@type\":\"ReadAction\",\"target\":[\"https:\/\/wurn.eu\/no\/leveringsinformasjon\/\"]}]},{\"@type\":\"BreadcrumbList\",\"@id\":\"https:\/\/wurn.eu\/no\/leveringsinformasjon\/#breadcrumb\",\"itemListElement\":[{\"@type\":\"ListItem\",\"position\":1,\"name\":\"Home\",\"item\":\"https:\/\/wurn.eu\/no\/forside\/\"},{\"@type\":\"ListItem\",\"position\":2,\"name\":\"Leveringsinformasjon\"}]},{\"@type\":\"WebSite\",\"@id\":\"https:\/\/wurn.eu\/#website\",\"url\":\"https:\/\/wurn.eu\/\",\"name\":\"WURN urnid\",\"description\":\"Lambavillasest vildist ja v\u00e4\u00e4rispuidust birolagunevad urnid\",\"publisher\":{\"@id\":\"https:\/\/wurn.eu\/#organization\"},\"potentialAction\":[{\"@type\":\"SearchAction\",\"target\":{\"@type\":\"EntryPoint\",\"urlTemplate\":\"https:\/\/wurn.eu\/?s={search_term_string}\"},\"query-input\":{\"@type\":\"PropertyValueSpecification\",\"valueRequired\":true,\"valueName\":\"search_term_string\"}}],\"inLanguage\":\"nb-NO\"},{\"@type\":\"Organization\",\"@id\":\"https:\/\/wurn.eu\/#organization\",\"name\":\"WURN urnid\",\"url\":\"https:\/\/wurn.eu\/\",\"logo\":{\"@type\":\"ImageObject\",\"inLanguage\":\"nb-NO\",\"@id\":\"https:\/\/wurn.eu\/#\/schema\/logo\/image\/\",\"url\":\"https:\/\/wurn.eu\/wp-content\/uploads\/2024\/10\/WURN_logo_UUS_v3_1_original_black.png\",\"contentUrl\":\"https:\/\/wurn.eu\/wp-content\/uploads\/2024\/10\/WURN_logo_UUS_v3_1_original_black.png\",\"width\":270,\"height\":316,\"caption\":\"WURN urnid\"},\"image\":{\"@id\":\"https:\/\/wurn.eu\/#\/schema\/logo\/image\/\"}}]}<\/script>\n<!-- \/ Yoast SEO plugin. -->","yoast_head_json":{"title":"Leveringsinformasjon - WURN urnid","description":"Finn ut hvordan og hvor raskt bestillingen din leveres. Vi organiserer internasjonal levering.","robots":{"index":"index","follow":"follow","max-snippet":"max-snippet:-1","max-image-preview":"max-image-preview:large","max-video-preview":"max-video-preview:-1"},"canonical":"https:\/\/wurn.eu\/no\/leveringsinformasjon\/","og_locale":"nb_NO","og_type":"article","og_title":"Leveringsinformasjon - WURN urnid","og_description":"Finn ut hvordan og hvor raskt bestillingen din leveres. Vi organiserer internasjonal levering.","og_url":"https:\/\/wurn.eu\/no\/leveringsinformasjon\/","og_site_name":"WURN urnid","article_modified_time":"2026-05-13T06:39:36+00:00","twitter_card":"summary_large_image","twitter_misc":{"Ansl. lesetid":"1 minutt"},"schema":{"@context":"https:\/\/schema.org","@graph":[{"@type":"WebPage","@id":"https:\/\/wurn.eu\/no\/leveringsinformasjon\/","url":"https:\/\/wurn.eu\/no\/leveringsinformasjon\/","name":"Leveringsinformasjon - WURN urnid","isPartOf":{"@id":"https:\/\/wurn.eu\/#website"},"datePublished":"2024-11-14T11:56:33+00:00","dateModified":"2026-05-13T06:39:36+00:00","description":"Finn ut hvordan og hvor raskt bestillingen din leveres. Vi organiserer internasjonal levering.","breadcrumb":{"@id":"https:\/\/wurn.eu\/no\/leveringsinformasjon\/#breadcrumb"},"inLanguage":"nb-NO","potentialAction":[{"@type":"ReadAction","target":["https:\/\/wurn.eu\/no\/leveringsinformasjon\/"]}]},{"@type":"BreadcrumbList","@id":"https:\/\/wurn.eu\/no\/leveringsinformasjon\/#breadcrumb","itemListElement":[{"@type":"ListItem","position":1,"name":"Home","item":"https:\/\/wurn.eu\/no\/forside\/"},{"@type":"ListItem","position":2,"name":"Leveringsinformasjon"}]},{"@type":"WebSite","@id":"https:\/\/wurn.eu\/#website","url":"https:\/\/wurn.eu\/","name":"WURN urnid","description":"Lambavillasest vildist ja v\u00e4\u00e4rispuidust birolagunevad urnid","publisher":{"@id":"https:\/\/wurn.eu\/#organization"},"potentialAction":[{"@type":"SearchAction","target":{"@type":"EntryPoint","urlTemplate":"https:\/\/wurn.eu\/?s={search_term_string}"},"query-input":{"@type":"PropertyValueSpecification","valueRequired":true,"valueName":"search_term_string"}}],"inLanguage":"nb-NO"},{"@type":"Organization","@id":"https:\/\/wurn.eu\/#organization","name":"WURN urnid","url":"https:\/\/wurn.eu\/","logo":{"@type":"ImageObject","inLanguage":"nb-NO","@id":"https:\/\/wurn.eu\/#\/schema\/logo\/image\/","url":"https:\/\/wurn.eu\/wp-content\/uploads\/2024\/10\/WURN_logo_UUS_v3_1_original_black.png","contentUrl":"https:\/\/wurn.eu\/wp-content\/uploads\/2024\/10\/WURN_logo_UUS_v3_1_original_black.png","width":270,"height":316,"caption":"WURN urnid"},"image":{"@id":"https:\/\/wurn.eu\/#\/schema\/logo\/image\/"}}]}},"jetpack_sharing_enabled":true,"_links":{"self":[{"href":"https:\/\/wurn.eu\/no\/wp-json\/wp\/v2\/pages\/4687","targetHints":{"allow":["GET"]}}],"collection":[{"href":"https:\/\/wurn.eu\/no\/wp-json\/wp\/v2\/pages"}],"about":[{"href":"https:\/\/wurn.eu\/no\/wp-json\/wp\/v2\/types\/page"}],"author":[{"embeddable":true,"href":"https:\/\/wurn.eu\/no\/wp-json\/wp\/v2\/users\/1"}],"replies":[{"embeddable":true,"href":"https:\/\/wurn.eu\/no\/wp-json\/wp\/v2\/comments?post=4687"}],"version-history":[{"count":3,"href":"https:\/\/wurn.eu\/no\/wp-json\/wp\/v2\/pages\/4687\/revisions"}],"predecessor-version":[{"id":4805,"href":"https:\/\/wurn.eu\/no\/wp-json\/wp\/v2\/pages\/4687\/revisions\/4805"}],"wp:attachment":[{"href":"https:\/\/wurn.eu\/no\/wp-json\/wp\/v2\/media?parent=4687"}],"curies":[{"name":"wp","href":"https:\/\/api.w.org\/{rel}","templated":true}]}}