{"id":4685,"date":"2024-10-09T15:35:58","date_gmt":"2024-10-09T12:35:58","guid":{"rendered":"https:\/\/wurn.eu\/personvernerklaering\/"},"modified":"2026-05-12T12:13:11","modified_gmt":"2026-05-12T09:13:11","slug":"personvernerklaering","status":"publish","type":"page","link":"https:\/\/wurn.eu\/no\/personvernerklaering\/","title":{"rendered":"Personvernerkl\u00e6ring"},"content":{"rendered":"\t\t<div data-elementor-type=\"wp-page\" data-elementor-id=\"4685\" class=\"elementor elementor-4685 elementor-3\" data-elementor-post-type=\"page\">\n\t\t\t\t<div class=\"elementor-element elementor-element-6865e40c e-flex e-con-boxed e-con e-parent\" data-id=\"6865e40c\" data-element_type=\"container\" data-e-type=\"container\">\n\t\t\t\t\t<div class=\"e-con-inner\">\n\t\t\t\t<div class=\"elementor-element elementor-element-6da93331 elementor-widget elementor-widget-text-editor\" data-id=\"6da93331\" data-element_type=\"widget\" data-e-type=\"widget\" data-widget_type=\"text-editor.default\">\n\t\t\t\t<div class=\"elementor-widget-container\">\n\t\t\t\t\t\t\t\t\t<h2 data-start=\"285\" data-end=\"311\">BEHANDLING AV PERSONOPPLYSNINGER<\/h2><p data-start=\"313\" data-end=\"392\">Behandlingsansvarlig for personopplysningene p\u00e5 nettstedet <a class=\"decorated-link\" href=\"http:\/\/www.wurn.eu\" target=\"_new\" rel=\"noopener\" data-start=\"323\" data-end=\"334\">www.wurn.eu<\/a> (heretter \u00abNettstedet\u00bb) er:<\/p><p data-start=\"394\" data-end=\"521\"><strong data-start=\"394\" data-end=\"405\">Wurn O\u00dc<\/strong><br data-start=\"405\" data-end=\"408\">Organisasjonsnummer: 17231525<br data-start=\"430\" data-end=\"433\">Adresse: Haeska landsby, Saaremaa, Estland<br data-start=\"470\" data-end=\"473\">E-post: <a class=\"decorated-link cursor-pointer\" rel=\"noopener\" data-start=\"481\" data-end=\"493\">info@wurn.eu<\/a><br data-start=\"493\" data-end=\"496\">Telefon: +372 5628 6826<\/p><p data-start=\"523\" data-end=\"676\">Wurn O\u00dc respekterer ditt personvern og behandler personopplysninger i samsvar med EUs personvernforordning (GDPR) og Republikken Estlands lovgivning.<\/p><hr data-start=\"678\" data-end=\"681\"><h2 data-start=\"683\" data-end=\"720\">Hvilke personopplysninger behandles<\/h2><p data-start=\"722\" data-end=\"766\">Wurn O\u00dc kan behandle f\u00f8lgende personopplysninger:<\/p><ul data-start=\"768\" data-end=\"1027\"><li data-start=\"768\" data-end=\"776\"><p data-start=\"770\" data-end=\"776\">navn<\/p><\/li><li data-start=\"777\" data-end=\"795\"><p data-start=\"779\" data-end=\"795\">telefonnummer<\/p><\/li><li data-start=\"796\" data-end=\"815\"><p data-start=\"798\" data-end=\"815\">e-postadresse<\/p><\/li><li data-start=\"816\" data-end=\"832\"><p data-start=\"818\" data-end=\"832\">leveringsadresse<\/p><\/li><li data-start=\"833\" data-end=\"895\"><p data-start=\"835\" data-end=\"895\">opplysninger knyttet til bestillingen (produktnavn, mengde, pris)<\/p><\/li><li data-start=\"896\" data-end=\"930\"><p data-start=\"898\" data-end=\"930\">opplysninger som er n\u00f8dvendige for fakturering<\/p><\/li><li data-start=\"931\" data-end=\"964\"><p data-start=\"933\" data-end=\"964\">informasjon knyttet til kundekommunikasjon<\/p><\/li><li data-start=\"965\" data-end=\"1027\"><p data-start=\"967\" data-end=\"1027\">IP-adresse og tekniske loggopplysninger ved bes\u00f8k p\u00e5 nettstedet<\/p><\/li><\/ul><hr data-start=\"1029\" data-end=\"1032\"><h2 data-start=\"1034\" data-end=\"1068\">Form\u00e5let med behandling av personopplysninger<\/h2><p data-start=\"1070\" data-end=\"1095\">Personopplysninger brukes til:<\/p><ul data-start=\"1097\" data-end=\"1324\"><li data-start=\"1097\" data-end=\"1137\"><p data-start=\"1099\" data-end=\"1137\">\u00e5 administrere og oppfylle bestillinger<\/p><\/li><li data-start=\"1138\" data-end=\"1169\"><p data-start=\"1140\" data-end=\"1169\">\u00e5 levere varer<\/p><\/li><li data-start=\"1170\" data-end=\"1212\"><p data-start=\"1172\" data-end=\"1212\">til kundekommunikasjon og oppf\u00f8lging<\/p><\/li><li data-start=\"1213\" data-end=\"1274\"><p data-start=\"1215\" data-end=\"1274\">til \u00e5 utarbeide fakturaer og oppfylle regnskapsforpliktelser<\/p><\/li><li data-start=\"1275\" data-end=\"1324\"><p data-start=\"1277\" data-end=\"1324\">for \u00e5 sikre nettstedets funksjon og sikkerhet<\/p><\/li><\/ul><p data-start=\"1326\" data-end=\"1426\">Nyhetsbrev eller markedsf\u00f8ringsmeldinger sendes kun dersom personen har gitt s\u00e6rskilt samtykke til dette.<\/p><hr data-start=\"1428\" data-end=\"1431\"><h2 data-start=\"1433\" data-end=\"1449\">Rettslig grunnlag<\/h2><p data-start=\"1451\" data-end=\"1482\">Behandling av personopplysninger skjer:<\/p><ul data-start=\"1484\" data-end=\"1680\"><li data-start=\"1484\" data-end=\"1525\"><p data-start=\"1486\" data-end=\"1525\">for \u00e5 oppfylle avtalen som er inng\u00e5tt med kunden<\/p><\/li><li data-start=\"1526\" data-end=\"1583\"><p data-start=\"1528\" data-end=\"1583\">for \u00e5 oppfylle en rettslig forpliktelse, for eksempel regnskapsf\u00f8ring<\/p><\/li><li data-start=\"1584\" data-end=\"1636\"><p data-start=\"1586\" data-end=\"1636\">p\u00e5 grunnlag av berettiget interesse, for eksempel nettstedets sikkerhet<\/p><\/li><li data-start=\"1637\" data-end=\"1680\"><p data-start=\"1639\" data-end=\"1680\">p\u00e5 grunnlag av kundens samtykke, for eksempel nyhetsbrev<\/p><\/li><\/ul><hr data-start=\"1682\" data-end=\"1685\"><h2 data-start=\"1687\" data-end=\"1713\">Overf\u00f8ring av personopplysninger<\/h2><p data-start=\"1715\" data-end=\"1773\">Isikuandmeid ei m\u00fc\u00fcda ega edastata kolmandatele isikutele.<\/p><p data-start=\"1775\" data-end=\"1808\">Opplysningene kan kun overf\u00f8res til:<\/p><ul data-start=\"1810\" data-end=\"2037\"><li data-start=\"1810\" data-end=\"1893\"><p data-start=\"1812\" data-end=\"1893\">transpordleverand\u00f8ren (DHL, Omniva \/ Itella \/ Posti) for levering av varen<\/p><\/li><li data-start=\"1894\" data-end=\"1972\"><p data-start=\"1896\" data-end=\"1972\">regnskapsleverand\u00f8ren for \u00e5 oppfylle lovp\u00e5lagte forpliktelser<\/p><\/li><li data-start=\"1973\" data-end=\"2037\"><p data-start=\"1975\" data-end=\"2037\">leverand\u00f8ren av webhotell for levering av tekniske tjenester<\/p><\/li><\/ul><p data-start=\"2039\" data-end=\"2119\">Alle databehandlere er forpliktet til \u00e5 sikre trygg behandling av personopplysninger.<\/p><hr data-start=\"2121\" data-end=\"2124\"><h2 data-start=\"2126\" data-end=\"2148\">Lagring av opplysninger<\/h2><p data-start=\"2150\" data-end=\"2212\">Personopplysninger lagres kun s\u00e5 lenge det er n\u00f8dvendig:<\/p><ul data-start=\"2214\" data-end=\"2445\"><li data-start=\"2214\" data-end=\"2305\"><p data-start=\"2216\" data-end=\"2305\">opplysninger knyttet til bestillinger lagres i henhold til regnskapsloven (7 \u00e5r)<\/p><\/li><li data-start=\"2306\" data-end=\"2377\"><p data-start=\"2308\" data-end=\"2377\">opplysninger knyttet til kundekommunikasjon lagres frem til eventuelle krav er foreldet<\/p><\/li><li data-start=\"2378\" data-end=\"2445\"><p data-start=\"2380\" data-end=\"2445\">samtykker til markedsf\u00f8ring lagres frem til samtykket trekkes tilbake.<\/p><\/li><\/ul><hr data-start=\"2447\" data-end=\"2450\"><h2 data-start=\"2452\" data-end=\"2468\">Den registrertes rettigheter<\/h2><p data-start=\"2470\" data-end=\"2484\">Du har rett til \u00e5:<\/p><ul data-start=\"2486\" data-end=\"2735\"><li data-start=\"2486\" data-end=\"2536\"><p data-start=\"2488\" data-end=\"2536\">f\u00e5 informasjon om behandlingen av dine personopplysninger<\/p><\/li><li data-start=\"2537\" data-end=\"2566\"><p data-start=\"2539\" data-end=\"2566\">kreve retting av opplysninger<\/p><\/li><li data-start=\"2567\" data-end=\"2628\"><p data-start=\"2569\" data-end=\"2628\">kreve sletting av opplysninger, dersom dette er i samsvar med loven<\/p><\/li><li data-start=\"2629\" data-end=\"2659\"><p data-start=\"2631\" data-end=\"2659\">begrense behandlingen av opplysninger<\/p><\/li><li data-start=\"2660\" data-end=\"2689\"><p data-start=\"2662\" data-end=\"2689\">trekke tilbake ditt samtykke<\/p><\/li><li data-start=\"2690\" data-end=\"2735\"><p data-start=\"2692\" data-end=\"2735\">protestere mot behandling av opplysninger<\/p><\/li><\/ul><p data-start=\"2737\" data-end=\"2791\">Foresp\u00f8rsler bes sendes til e-postadressen: <a class=\"decorated-link cursor-pointer\" rel=\"noopener\" data-start=\"2779\" data-end=\"2791\">info@wurn.eu<\/a><\/p><p data-start=\"2793\" data-end=\"2827\">Vi svarer senest innen tre virkedager.<\/p><hr data-start=\"2829\" data-end=\"2832\"><h2 data-start=\"2834\" data-end=\"2847\">Sikkerhet<\/h2><p data-start=\"2849\" data-end=\"3013\">Wurn O\u00dc iverksetter egnede tekniske og organisatoriske sikkerhetstiltak for \u00e5 beskytte personopplysninger mot uautorisert tilgang, endring, offentliggj\u00f8ring eller \u00f8deleggelse.<\/p><p data-start=\"3015\" data-end=\"3100\">Nettstedets servere er plassert innenfor Den europeiske union eller Det europeiske \u00f8konomiske samarbeidsomr\u00e5det.<\/p><hr data-start=\"3102\" data-end=\"3105\"><h2 data-start=\"3107\" data-end=\"3131\">Tvistel\u00f8sning<\/h2><p data-start=\"3133\" data-end=\"3243\">Ved sp\u00f8rsm\u00e5l knyttet til behandling av personopplysninger ber vi deg f\u00f8rst kontakte oss via e-post p\u00e5 <a class=\"decorated-link cursor-pointer\" rel=\"noopener\" data-start=\"3230\" data-end=\"3242\">info@wurn.eu<\/a>.<\/p><p data-start=\"3245\" data-end=\"3311\">Tilsynsmyndigheten i Estland er Andmekaitse Inspektsioon (<a class=\"decorated-link\" href=\"http:\/\/www.aki.ee\" target=\"_new\" rel=\"noopener\" data-start=\"3299\" data-end=\"3309\">www.aki.ee<\/a>).<\/p>\t\t\t\t\t\t\t\t<\/div>\n\t\t\t\t<\/div>\n\t\t\t\t\t<\/div>\n\t\t\t\t<\/div>\n\t\t\t\t<\/div>\n\t\t","protected":false},"excerpt":{"rendered":"<p>BEHANDLING AV PERSONOPPLYSNINGER Behandlingsansvarlig for personopplysningene p\u00e5 nettstedet www.wurn.eu (heretter \u00abNettstedet\u00bb) er: Wurn O\u00dcOrganisasjonsnummer: 17231525Adresse: Haeska landsby, Saaremaa, EstlandE-post: info@wurn.euTelefon: +372 5628 6826 Wurn O\u00dc respekterer ditt personvern og behandler personopplysninger i samsvar med EUs personvernforordning (GDPR) og Republikken Estlands lovgivning. Hvilke personopplysninger behandles Wurn O\u00dc kan behandle f\u00f8lgende personopplysninger: navn telefonnummer e-postadresse leveringsadresse opplysninger&#8230;<\/p>\n","protected":false},"author":1,"featured_media":0,"parent":0,"menu_order":0,"comment_status":"closed","ping_status":"open","template":"","meta":{"_monsterinsights_skip_tracking":false,"_monsterinsights_sitenote_active":false,"_monsterinsights_sitenote_note":"","_monsterinsights_sitenote_category":0,"footnotes":""},"class_list":["post-4685","page","type-page","status-publish","hentry"],"yoast_head":"<!-- This site is optimized with the Yoast SEO plugin v26.6 - https:\/\/yoast.com\/wordpress\/plugins\/seo\/ -->\n<title>Personvernerkl\u00e6ring - WURN urnid<\/title>\n<meta name=\"description\" content=\"Les hvordan vi samler inn, bruker og beskytter dine personopplysninger. Personvern er viktig for oss \u2013 les mer om v\u00e5r policy.\" \/>\n<meta name=\"robots\" content=\"index, follow, max-snippet:-1, max-image-preview:large, max-video-preview:-1\" \/>\n<link rel=\"canonical\" href=\"https:\/\/wurn.eu\/no\/personvernerklaering\/\" \/>\n<meta property=\"og:locale\" content=\"nb_NO\" \/>\n<meta property=\"og:type\" content=\"article\" \/>\n<meta property=\"og:title\" content=\"Personvernerkl\u00e6ring - WURN urnid\" \/>\n<meta property=\"og:description\" content=\"Les hvordan vi samler inn, bruker og beskytter dine personopplysninger. Personvern er viktig for oss \u2013 les mer om v\u00e5r policy.\" \/>\n<meta property=\"og:url\" content=\"https:\/\/wurn.eu\/no\/personvernerklaering\/\" \/>\n<meta property=\"og:site_name\" content=\"WURN urnid\" \/>\n<meta property=\"article:modified_time\" content=\"2026-05-12T09:13:11+00:00\" \/>\n<meta name=\"twitter:card\" content=\"summary_large_image\" \/>\n<meta name=\"twitter:label1\" content=\"Ansl. lesetid\" \/>\n\t<meta name=\"twitter:data1\" content=\"2 minutter\" \/>\n<script type=\"application\/ld+json\" class=\"yoast-schema-graph\">{\"@context\":\"https:\/\/schema.org\",\"@graph\":[{\"@type\":\"WebPage\",\"@id\":\"https:\/\/wurn.eu\/no\/personvernerklaering\/\",\"url\":\"https:\/\/wurn.eu\/no\/personvernerklaering\/\",\"name\":\"Personvernerkl\u00e6ring - WURN urnid\",\"isPartOf\":{\"@id\":\"https:\/\/wurn.eu\/#website\"},\"datePublished\":\"2024-10-09T12:35:58+00:00\",\"dateModified\":\"2026-05-12T09:13:11+00:00\",\"description\":\"Les hvordan vi samler inn, bruker og beskytter dine personopplysninger. Personvern er viktig for oss \u2013 les mer om v\u00e5r policy.\",\"breadcrumb\":{\"@id\":\"https:\/\/wurn.eu\/no\/personvernerklaering\/#breadcrumb\"},\"inLanguage\":\"nb-NO\",\"potentialAction\":[{\"@type\":\"ReadAction\",\"target\":[\"https:\/\/wurn.eu\/no\/personvernerklaering\/\"]}]},{\"@type\":\"BreadcrumbList\",\"@id\":\"https:\/\/wurn.eu\/no\/personvernerklaering\/#breadcrumb\",\"itemListElement\":[{\"@type\":\"ListItem\",\"position\":1,\"name\":\"Home\",\"item\":\"https:\/\/wurn.eu\/no\/forside\/\"},{\"@type\":\"ListItem\",\"position\":2,\"name\":\"Personvernerkl\u00e6ring\"}]},{\"@type\":\"WebSite\",\"@id\":\"https:\/\/wurn.eu\/#website\",\"url\":\"https:\/\/wurn.eu\/\",\"name\":\"WURN urnid\",\"description\":\"Lambavillasest vildist ja v\u00e4\u00e4rispuidust birolagunevad urnid\",\"publisher\":{\"@id\":\"https:\/\/wurn.eu\/#organization\"},\"potentialAction\":[{\"@type\":\"SearchAction\",\"target\":{\"@type\":\"EntryPoint\",\"urlTemplate\":\"https:\/\/wurn.eu\/?s={search_term_string}\"},\"query-input\":{\"@type\":\"PropertyValueSpecification\",\"valueRequired\":true,\"valueName\":\"search_term_string\"}}],\"inLanguage\":\"nb-NO\"},{\"@type\":\"Organization\",\"@id\":\"https:\/\/wurn.eu\/#organization\",\"name\":\"WURN urnid\",\"url\":\"https:\/\/wurn.eu\/\",\"logo\":{\"@type\":\"ImageObject\",\"inLanguage\":\"nb-NO\",\"@id\":\"https:\/\/wurn.eu\/#\/schema\/logo\/image\/\",\"url\":\"https:\/\/wurn.eu\/wp-content\/uploads\/2024\/10\/WURN_logo_UUS_v3_1_original_black.png\",\"contentUrl\":\"https:\/\/wurn.eu\/wp-content\/uploads\/2024\/10\/WURN_logo_UUS_v3_1_original_black.png\",\"width\":270,\"height\":316,\"caption\":\"WURN urnid\"},\"image\":{\"@id\":\"https:\/\/wurn.eu\/#\/schema\/logo\/image\/\"}}]}<\/script>\n<!-- \/ Yoast SEO plugin. -->","yoast_head_json":{"title":"Personvernerkl\u00e6ring - WURN urnid","description":"Les hvordan vi samler inn, bruker og beskytter dine personopplysninger. Personvern er viktig for oss \u2013 les mer om v\u00e5r policy.","robots":{"index":"index","follow":"follow","max-snippet":"max-snippet:-1","max-image-preview":"max-image-preview:large","max-video-preview":"max-video-preview:-1"},"canonical":"https:\/\/wurn.eu\/no\/personvernerklaering\/","og_locale":"nb_NO","og_type":"article","og_title":"Personvernerkl\u00e6ring - WURN urnid","og_description":"Les hvordan vi samler inn, bruker og beskytter dine personopplysninger. Personvern er viktig for oss \u2013 les mer om v\u00e5r policy.","og_url":"https:\/\/wurn.eu\/no\/personvernerklaering\/","og_site_name":"WURN urnid","article_modified_time":"2026-05-12T09:13:11+00:00","twitter_card":"summary_large_image","twitter_misc":{"Ansl. lesetid":"2 minutter"},"schema":{"@context":"https:\/\/schema.org","@graph":[{"@type":"WebPage","@id":"https:\/\/wurn.eu\/no\/personvernerklaering\/","url":"https:\/\/wurn.eu\/no\/personvernerklaering\/","name":"Personvernerkl\u00e6ring - WURN urnid","isPartOf":{"@id":"https:\/\/wurn.eu\/#website"},"datePublished":"2024-10-09T12:35:58+00:00","dateModified":"2026-05-12T09:13:11+00:00","description":"Les hvordan vi samler inn, bruker og beskytter dine personopplysninger. Personvern er viktig for oss \u2013 les mer om v\u00e5r policy.","breadcrumb":{"@id":"https:\/\/wurn.eu\/no\/personvernerklaering\/#breadcrumb"},"inLanguage":"nb-NO","potentialAction":[{"@type":"ReadAction","target":["https:\/\/wurn.eu\/no\/personvernerklaering\/"]}]},{"@type":"BreadcrumbList","@id":"https:\/\/wurn.eu\/no\/personvernerklaering\/#breadcrumb","itemListElement":[{"@type":"ListItem","position":1,"name":"Home","item":"https:\/\/wurn.eu\/no\/forside\/"},{"@type":"ListItem","position":2,"name":"Personvernerkl\u00e6ring"}]},{"@type":"WebSite","@id":"https:\/\/wurn.eu\/#website","url":"https:\/\/wurn.eu\/","name":"WURN urnid","description":"Lambavillasest vildist ja v\u00e4\u00e4rispuidust birolagunevad urnid","publisher":{"@id":"https:\/\/wurn.eu\/#organization"},"potentialAction":[{"@type":"SearchAction","target":{"@type":"EntryPoint","urlTemplate":"https:\/\/wurn.eu\/?s={search_term_string}"},"query-input":{"@type":"PropertyValueSpecification","valueRequired":true,"valueName":"search_term_string"}}],"inLanguage":"nb-NO"},{"@type":"Organization","@id":"https:\/\/wurn.eu\/#organization","name":"WURN urnid","url":"https:\/\/wurn.eu\/","logo":{"@type":"ImageObject","inLanguage":"nb-NO","@id":"https:\/\/wurn.eu\/#\/schema\/logo\/image\/","url":"https:\/\/wurn.eu\/wp-content\/uploads\/2024\/10\/WURN_logo_UUS_v3_1_original_black.png","contentUrl":"https:\/\/wurn.eu\/wp-content\/uploads\/2024\/10\/WURN_logo_UUS_v3_1_original_black.png","width":270,"height":316,"caption":"WURN urnid"},"image":{"@id":"https:\/\/wurn.eu\/#\/schema\/logo\/image\/"}}]}},"jetpack_sharing_enabled":true,"_links":{"self":[{"href":"https:\/\/wurn.eu\/no\/wp-json\/wp\/v2\/pages\/4685","targetHints":{"allow":["GET"]}}],"collection":[{"href":"https:\/\/wurn.eu\/no\/wp-json\/wp\/v2\/pages"}],"about":[{"href":"https:\/\/wurn.eu\/no\/wp-json\/wp\/v2\/types\/page"}],"author":[{"embeddable":true,"href":"https:\/\/wurn.eu\/no\/wp-json\/wp\/v2\/users\/1"}],"replies":[{"embeddable":true,"href":"https:\/\/wurn.eu\/no\/wp-json\/wp\/v2\/comments?post=4685"}],"version-history":[{"count":1,"href":"https:\/\/wurn.eu\/no\/wp-json\/wp\/v2\/pages\/4685\/revisions"}],"predecessor-version":[{"id":4686,"href":"https:\/\/wurn.eu\/no\/wp-json\/wp\/v2\/pages\/4685\/revisions\/4686"}],"wp:attachment":[{"href":"https:\/\/wurn.eu\/no\/wp-json\/wp\/v2\/media?parent=4685"}],"curies":[{"name":"wp","href":"https:\/\/api.w.org\/{rel}","templated":true}]}}