{"id":3349,"date":"2024-10-22T15:14:21","date_gmt":"2024-10-22T15:14:21","guid":{"rendered":"https:\/\/wurn.eu\/toode\/suuri-valkoinen-uurna\/"},"modified":"2026-02-17T12:17:12","modified_gmt":"2026-02-17T10:17:12","slug":"suuri-uurna","status":"publish","type":"product","link":"https:\/\/wurn.eu\/fi\/toode\/suuri-uurna\/","title":{"rendered":"Suuri uurna"},"content":{"rendered":"<p>Suomen Hautaustoiminnan Keskusliitto ry:n tunnustama ja Saarenmaan mestareiden k\u00e4siss\u00e4 valmistettu laadukas suuri Wurn on valmistettu 100 % lampaanvillasta ja tammipuusta. Wurn-uurnien muoto ja rakenneratkaisu ovat ainutlaatuisia. Huopa ja tammi ovat ymp\u00e4rist\u00f6yst\u00e4v\u00e4llisi\u00e4 ja kest\u00e4vi\u00e4 materiaaleja. <strong>Ymp\u00e4rist\u00f6yst\u00e4v\u00e4llinen <\/strong>ratkaisu saattaa vainajan luontoon sek\u00e4 maaper\u00e4ss\u00e4 ett\u00e4 vesiymp\u00e4rist\u00f6ss\u00e4.  <\/p>\n<p>Valikoimassa on kolme luonnollista s\u00e4vy\u00e4: harmaa, ruskea ja valkoinen.<\/p>\n<p>Sulkeminen ja avaaminen ilman erikoisty\u00f6kaluja \u2013 <strong>turvallinen <\/strong>ja <strong>arvokas<\/strong>.<\/p>\n<p>Wurn tukee kaikkia polttohautausrituaaleja, ja se sopii muistouurnille, polttohautauksille ja tuhkapuille. Muistouurnana &#8211; hautaamattomana uurna kest\u00e4\u00e4 pitk\u00e4\u00e4n. Tuhkapuiden rituaalin j\u00e4lkeen voit haudata uurnan maahan. Ymp\u00e4rist\u00f6yst\u00e4v\u00e4llinen uurna hajoaa nopeasti. Suuressa uurnassa on hautausmerkit.<\/p>\n<p><strong>Aikuiselle<\/strong><\/p>\n","protected":false},"excerpt":{"rendered":"<p>Suomen Hautaustoiminnan Keskusliitto ry:n tunnustama ja Saarenmaan mestareiden k\u00e4siss\u00e4 valmistettu laadukas suuri Wurn on valmistettu 100 % lampaanvillasta ja tammipuusta. Wurn-uurnien muoto ja rakenneratkaisu ovat ainutlaatuisia. Huopa ja tammi ovat ymp\u00e4rist\u00f6yst\u00e4v\u00e4llisi\u00e4 ja kest\u00e4vi\u00e4 materiaaleja. <strong>Ymp\u00e4rist\u00f6yst\u00e4v\u00e4llinen <\/strong>ratkaisu saattaa vainajan luontoon sek\u00e4 maaper\u00e4ss\u00e4 ett\u00e4 vesiymp\u00e4rist\u00f6ss\u00e4.  <\/p>\n<p>Valikoimassa on kolme luonnollista s\u00e4vy\u00e4: harmaa, ruskea ja valkoinen.<\/p>\n<p>Sulkeminen ja avaaminen ilman erikoisty\u00f6kaluja \u2013 <strong>turvallinen <\/strong>ja <strong>arvokas<\/strong>.<\/p>\n<p>Wurn tukee kaikkia polttohautausrituaaleja, ja se sopii muistouurnille, polttohautauksille ja tuhkapuille. Muistouurnana &#8211; hautaamattomana uurna kest\u00e4\u00e4 pitk\u00e4\u00e4n. Tuhkapuiden rituaalin j\u00e4lkeen voit haudata uurnan maahan. Ymp\u00e4rist\u00f6yst\u00e4v\u00e4llinen uurna hajoaa nopeasti. Suuressa uurnassa on hautausmerkit.<\/p>\n<p><strong>Aikuiselle<\/strong><\/p>\n","protected":false},"featured_media":3408,"template":"","meta":{"_monsterinsights_skip_tracking":false,"_monsterinsights_sitenote_active":false,"_monsterinsights_sitenote_note":"","_monsterinsights_sitenote_category":0},"product_brand":[],"product_cat":[124],"product_tag":[129,132,130,131,135,133,125,134,128,127,126],"class_list":{"0":"post-3349","1":"product","2":"type-product","3":"status-publish","4":"has-post-thumbnail","6":"product_cat-verkkokauppa","7":"product_tag-biohajoava-uurna","8":"product_tag-huopauurna","9":"product_tag-kasityouurna","10":"product_tag-lampaanvillauurna","11":"product_tag-lapsen-uurna","12":"product_tag-suuri-uurna","13":"product_tag-tuhkauurna","14":"product_tag-uurna-aikuisille","15":"product_tag-uurna-kissalle","16":"product_tag-uurna-koiralle","17":"product_tag-uurna-lemmikille","19":"first","20":"instock","21":"taxable","22":"shipping-taxable","23":"purchasable","24":"product-type-variable","25":"has-default-attributes"},"yoast_head":"<!-- This site is optimized with the Yoast SEO plugin v26.6 - https:\/\/yoast.com\/wordpress\/plugins\/seo\/ -->\n<title>Lampaanvillauurna \u2013 ainutlaatuinen maailmassa<\/title>\n<meta name=\"description\" content=\"Uurna on valmistettu 100 % lampaanvillasta ja tammesta \u2013 pehme\u00e4 ja l\u00e4mmin kosketettaessa, eritt\u00e4in kest\u00e4v\u00e4 ja biohajoava sek\u00e4 maaper\u00e4ss\u00e4 ett\u00e4 vesiymp\u00e4rist\u00f6ss\u00e4.\" \/>\n<meta name=\"robots\" content=\"index, follow, max-snippet:-1, max-image-preview:large, max-video-preview:-1\" \/>\n<link rel=\"canonical\" href=\"https:\/\/wurn.eu\/fi\/toode\/suuri-uurna\/\" \/>\n<meta property=\"og:locale\" content=\"fi_FI\" \/>\n<meta property=\"og:type\" content=\"article\" \/>\n<meta property=\"og:title\" content=\"Lampaanvillauurna \u2013 ainutlaatuinen maailmassa\" \/>\n<meta property=\"og:description\" content=\"Uurna on valmistettu 100 % lampaanvillasta ja tammesta \u2013 pehme\u00e4 ja l\u00e4mmin kosketettaessa, eritt\u00e4in kest\u00e4v\u00e4 ja biohajoava sek\u00e4 maaper\u00e4ss\u00e4 ett\u00e4 vesiymp\u00e4rist\u00f6ss\u00e4.\" \/>\n<meta property=\"og:url\" content=\"https:\/\/wurn.eu\/fi\/toode\/suuri-uurna\/\" \/>\n<meta property=\"og:site_name\" content=\"WURN urnid\" \/>\n<meta property=\"article:modified_time\" content=\"2026-02-17T10:17:12+00:00\" \/>\n<meta property=\"og:image\" content=\"https:\/\/wurn.eu\/wp-content\/uploads\/2025\/06\/DSCF0128-scaled.jpg\" \/>\n\t<meta property=\"og:image:width\" content=\"2560\" \/>\n\t<meta property=\"og:image:height\" content=\"1707\" \/>\n\t<meta property=\"og:image:type\" content=\"image\/jpeg\" \/>\n<meta name=\"twitter:card\" content=\"summary_large_image\" \/>\n<meta name=\"twitter:label1\" content=\"Arvioitu lukuaika\" \/>\n\t<meta name=\"twitter:data1\" content=\"1 minuutti\" \/>\n<script type=\"application\/ld+json\" class=\"yoast-schema-graph\">{\"@context\":\"https:\/\/schema.org\",\"@graph\":[{\"@type\":\"WebPage\",\"@id\":\"https:\/\/wurn.eu\/fi\/toode\/suuri-uurna\/\",\"url\":\"https:\/\/wurn.eu\/fi\/toode\/suuri-uurna\/\",\"name\":\"Lampaanvillauurna \u2013 ainutlaatuinen maailmassa\",\"isPartOf\":{\"@id\":\"https:\/\/wurn.eu\/#website\"},\"primaryImageOfPage\":{\"@id\":\"https:\/\/wurn.eu\/fi\/toode\/suuri-uurna\/#primaryimage\"},\"image\":{\"@id\":\"https:\/\/wurn.eu\/fi\/toode\/suuri-uurna\/#primaryimage\"},\"thumbnailUrl\":\"https:\/\/wurn.eu\/wp-content\/uploads\/2025\/06\/DSCF0128-scaled.jpg\",\"datePublished\":\"2024-10-22T15:14:21+00:00\",\"dateModified\":\"2026-02-17T10:17:12+00:00\",\"description\":\"Uurna on valmistettu 100 % lampaanvillasta ja tammesta \u2013 pehme\u00e4 ja l\u00e4mmin kosketettaessa, eritt\u00e4in kest\u00e4v\u00e4 ja biohajoava sek\u00e4 maaper\u00e4ss\u00e4 ett\u00e4 vesiymp\u00e4rist\u00f6ss\u00e4.\",\"breadcrumb\":{\"@id\":\"https:\/\/wurn.eu\/fi\/toode\/suuri-uurna\/#breadcrumb\"},\"inLanguage\":\"fi\",\"potentialAction\":[{\"@type\":\"ReadAction\",\"target\":[\"https:\/\/wurn.eu\/fi\/toode\/suuri-uurna\/\"]}]},{\"@type\":\"ImageObject\",\"inLanguage\":\"fi\",\"@id\":\"https:\/\/wurn.eu\/fi\/toode\/suuri-uurna\/#primaryimage\",\"url\":\"https:\/\/wurn.eu\/wp-content\/uploads\/2025\/06\/DSCF0128-scaled.jpg\",\"contentUrl\":\"https:\/\/wurn.eu\/wp-content\/uploads\/2025\/06\/DSCF0128-scaled.jpg\",\"width\":2560,\"height\":1707,\"caption\":\"Suuret Wurnit\"},{\"@type\":\"BreadcrumbList\",\"@id\":\"https:\/\/wurn.eu\/fi\/toode\/suuri-uurna\/#breadcrumb\",\"itemListElement\":[{\"@type\":\"ListItem\",\"position\":1,\"name\":\"Home\",\"item\":\"https:\/\/wurn.eu\/\"},{\"@type\":\"ListItem\",\"position\":2,\"name\":\"Katalogi\",\"item\":\"https:\/\/wurn.eu\/fi\/katalogi\/\"},{\"@type\":\"ListItem\",\"position\":3,\"name\":\"Suuri uurna\"}]},{\"@type\":\"WebSite\",\"@id\":\"https:\/\/wurn.eu\/#website\",\"url\":\"https:\/\/wurn.eu\/\",\"name\":\"WURN urnid\",\"description\":\"Lambavillasest vildist ja v\u00e4\u00e4rispuidust birolagunevad urnid\",\"publisher\":{\"@id\":\"https:\/\/wurn.eu\/#organization\"},\"potentialAction\":[{\"@type\":\"SearchAction\",\"target\":{\"@type\":\"EntryPoint\",\"urlTemplate\":\"https:\/\/wurn.eu\/?s={search_term_string}\"},\"query-input\":{\"@type\":\"PropertyValueSpecification\",\"valueRequired\":true,\"valueName\":\"search_term_string\"}}],\"inLanguage\":\"fi\"},{\"@type\":\"Organization\",\"@id\":\"https:\/\/wurn.eu\/#organization\",\"name\":\"WURN urnid\",\"url\":\"https:\/\/wurn.eu\/\",\"logo\":{\"@type\":\"ImageObject\",\"inLanguage\":\"fi\",\"@id\":\"https:\/\/wurn.eu\/#\/schema\/logo\/image\/\",\"url\":\"https:\/\/wurn.eu\/wp-content\/uploads\/2024\/10\/WURN_logo_UUS_v3_1_original_black.png\",\"contentUrl\":\"https:\/\/wurn.eu\/wp-content\/uploads\/2024\/10\/WURN_logo_UUS_v3_1_original_black.png\",\"width\":270,\"height\":316,\"caption\":\"WURN urnid\"},\"image\":{\"@id\":\"https:\/\/wurn.eu\/#\/schema\/logo\/image\/\"}}]}<\/script>\n<!-- \/ Yoast SEO plugin. -->","yoast_head_json":{"title":"Lampaanvillauurna \u2013 ainutlaatuinen maailmassa","description":"Uurna on valmistettu 100 % lampaanvillasta ja tammesta \u2013 pehme\u00e4 ja l\u00e4mmin kosketettaessa, eritt\u00e4in kest\u00e4v\u00e4 ja biohajoava sek\u00e4 maaper\u00e4ss\u00e4 ett\u00e4 vesiymp\u00e4rist\u00f6ss\u00e4.","robots":{"index":"index","follow":"follow","max-snippet":"max-snippet:-1","max-image-preview":"max-image-preview:large","max-video-preview":"max-video-preview:-1"},"canonical":"https:\/\/wurn.eu\/fi\/toode\/suuri-uurna\/","og_locale":"fi_FI","og_type":"article","og_title":"Lampaanvillauurna \u2013 ainutlaatuinen maailmassa","og_description":"Uurna on valmistettu 100 % lampaanvillasta ja tammesta \u2013 pehme\u00e4 ja l\u00e4mmin kosketettaessa, eritt\u00e4in kest\u00e4v\u00e4 ja biohajoava sek\u00e4 maaper\u00e4ss\u00e4 ett\u00e4 vesiymp\u00e4rist\u00f6ss\u00e4.","og_url":"https:\/\/wurn.eu\/fi\/toode\/suuri-uurna\/","og_site_name":"WURN urnid","article_modified_time":"2026-02-17T10:17:12+00:00","og_image":[{"width":2560,"height":1707,"url":"https:\/\/wurn.eu\/wp-content\/uploads\/2025\/06\/DSCF0128-scaled.jpg","type":"image\/jpeg"}],"twitter_card":"summary_large_image","twitter_misc":{"Arvioitu lukuaika":"1 minuutti"},"schema":{"@context":"https:\/\/schema.org","@graph":[{"@type":"WebPage","@id":"https:\/\/wurn.eu\/fi\/toode\/suuri-uurna\/","url":"https:\/\/wurn.eu\/fi\/toode\/suuri-uurna\/","name":"Lampaanvillauurna \u2013 ainutlaatuinen maailmassa","isPartOf":{"@id":"https:\/\/wurn.eu\/#website"},"primaryImageOfPage":{"@id":"https:\/\/wurn.eu\/fi\/toode\/suuri-uurna\/#primaryimage"},"image":{"@id":"https:\/\/wurn.eu\/fi\/toode\/suuri-uurna\/#primaryimage"},"thumbnailUrl":"https:\/\/wurn.eu\/wp-content\/uploads\/2025\/06\/DSCF0128-scaled.jpg","datePublished":"2024-10-22T15:14:21+00:00","dateModified":"2026-02-17T10:17:12+00:00","description":"Uurna on valmistettu 100 % lampaanvillasta ja tammesta \u2013 pehme\u00e4 ja l\u00e4mmin kosketettaessa, eritt\u00e4in kest\u00e4v\u00e4 ja biohajoava sek\u00e4 maaper\u00e4ss\u00e4 ett\u00e4 vesiymp\u00e4rist\u00f6ss\u00e4.","breadcrumb":{"@id":"https:\/\/wurn.eu\/fi\/toode\/suuri-uurna\/#breadcrumb"},"inLanguage":"fi","potentialAction":[{"@type":"ReadAction","target":["https:\/\/wurn.eu\/fi\/toode\/suuri-uurna\/"]}]},{"@type":"ImageObject","inLanguage":"fi","@id":"https:\/\/wurn.eu\/fi\/toode\/suuri-uurna\/#primaryimage","url":"https:\/\/wurn.eu\/wp-content\/uploads\/2025\/06\/DSCF0128-scaled.jpg","contentUrl":"https:\/\/wurn.eu\/wp-content\/uploads\/2025\/06\/DSCF0128-scaled.jpg","width":2560,"height":1707,"caption":"Suuret Wurnit"},{"@type":"BreadcrumbList","@id":"https:\/\/wurn.eu\/fi\/toode\/suuri-uurna\/#breadcrumb","itemListElement":[{"@type":"ListItem","position":1,"name":"Home","item":"https:\/\/wurn.eu\/"},{"@type":"ListItem","position":2,"name":"Katalogi","item":"https:\/\/wurn.eu\/fi\/katalogi\/"},{"@type":"ListItem","position":3,"name":"Suuri uurna"}]},{"@type":"WebSite","@id":"https:\/\/wurn.eu\/#website","url":"https:\/\/wurn.eu\/","name":"WURN urnid","description":"Lambavillasest vildist ja v\u00e4\u00e4rispuidust birolagunevad urnid","publisher":{"@id":"https:\/\/wurn.eu\/#organization"},"potentialAction":[{"@type":"SearchAction","target":{"@type":"EntryPoint","urlTemplate":"https:\/\/wurn.eu\/?s={search_term_string}"},"query-input":{"@type":"PropertyValueSpecification","valueRequired":true,"valueName":"search_term_string"}}],"inLanguage":"fi"},{"@type":"Organization","@id":"https:\/\/wurn.eu\/#organization","name":"WURN urnid","url":"https:\/\/wurn.eu\/","logo":{"@type":"ImageObject","inLanguage":"fi","@id":"https:\/\/wurn.eu\/#\/schema\/logo\/image\/","url":"https:\/\/wurn.eu\/wp-content\/uploads\/2024\/10\/WURN_logo_UUS_v3_1_original_black.png","contentUrl":"https:\/\/wurn.eu\/wp-content\/uploads\/2024\/10\/WURN_logo_UUS_v3_1_original_black.png","width":270,"height":316,"caption":"WURN urnid"},"image":{"@id":"https:\/\/wurn.eu\/#\/schema\/logo\/image\/"}}]}},"jetpack_sharing_enabled":true,"_links":{"self":[{"href":"https:\/\/wurn.eu\/fi\/wp-json\/wp\/v2\/product\/3349","targetHints":{"allow":["GET"]}}],"collection":[{"href":"https:\/\/wurn.eu\/fi\/wp-json\/wp\/v2\/product"}],"about":[{"href":"https:\/\/wurn.eu\/fi\/wp-json\/wp\/v2\/types\/product"}],"version-history":[{"count":5,"href":"https:\/\/wurn.eu\/fi\/wp-json\/wp\/v2\/product\/3349\/revisions"}],"predecessor-version":[{"id":4017,"href":"https:\/\/wurn.eu\/fi\/wp-json\/wp\/v2\/product\/3349\/revisions\/4017"}],"wp:featuredmedia":[{"embeddable":true,"href":"https:\/\/wurn.eu\/fi\/wp-json\/wp\/v2\/media\/3408"}],"wp:attachment":[{"href":"https:\/\/wurn.eu\/fi\/wp-json\/wp\/v2\/media?parent=3349"}],"wp:term":[{"taxonomy":"product_brand","embeddable":true,"href":"https:\/\/wurn.eu\/fi\/wp-json\/wp\/v2\/product_brand?post=3349"},{"taxonomy":"product_cat","embeddable":true,"href":"https:\/\/wurn.eu\/fi\/wp-json\/wp\/v2\/product_cat?post=3349"},{"taxonomy":"product_tag","embeddable":true,"href":"https:\/\/wurn.eu\/fi\/wp-json\/wp\/v2\/product_tag?post=3349"}],"curies":[{"name":"wp","href":"https:\/\/api.w.org\/{rel}","templated":true}]}}