{"id":4106,"date":"2026-04-17T13:44:40","date_gmt":"2026-04-17T10:44:40","guid":{"rendered":"https:\/\/wurn.eu\/tietoa-meista\/"},"modified":"2026-04-17T13:50:10","modified_gmt":"2026-04-17T10:50:10","slug":"tietoa-meista","status":"publish","type":"page","link":"https:\/\/wurn.eu\/fi\/tietoa-meista\/","title":{"rendered":"Tietoa meist\u00e4"},"content":{"rendered":"\t\t<div data-elementor-type=\"wp-page\" data-elementor-id=\"4106\" class=\"elementor elementor-4106 elementor-4094\" data-elementor-post-type=\"page\">\n\t\t\t\t<div class=\"elementor-element elementor-element-721f48b e-flex e-con-boxed e-con e-parent\" data-id=\"721f48b\" data-element_type=\"container\" data-e-type=\"container\">\n\t\t\t\t\t<div class=\"e-con-inner\">\n\t\t\t\t<div class=\"elementor-element elementor-element-ebf8c7c elementor-headline--style-highlight elementor-widget elementor-widget-animated-headline\" data-id=\"ebf8c7c\" data-element_type=\"widget\" data-e-type=\"widget\" data-settings=\"{&quot;marker&quot;:&quot;double&quot;,&quot;highlighted_text&quot;:&quot;uurnien valmistuksesta&quot;,&quot;headline_style&quot;:&quot;highlight&quot;,&quot;highlight_animation_duration&quot;:1200}\" data-widget_type=\"animated-headline.default\">\n\t\t\t\t<div class=\"elementor-widget-container\">\n\t\t\t\t\t\t\t<h3 class=\"elementor-headline\">\n\t\t\t\t\t<span class=\"elementor-headline-plain-text elementor-headline-text-wrapper\">Tietoa meist\u00e4 ja<\/span>\n\t\t\t\t<span class=\"elementor-headline-dynamic-wrapper elementor-headline-text-wrapper\">\n\t\t\t\t\t<span class=\"elementor-headline-dynamic-text elementor-headline-text-active\">uurnien valmistuksesta<\/span>\n\t\t\t\t<\/span>\n\t\t\t\t<\/h3>\n\t\t\t\t\t\t<\/div>\n\t\t\t\t<\/div>\n\t\t\t\t<div class=\"elementor-element elementor-element-ec1b4cd elementor-widget elementor-widget-text-editor\" data-id=\"ec1b4cd\" data-element_type=\"widget\" data-e-type=\"widget\" data-widget_type=\"text-editor.default\">\n\t\t\t\t<div class=\"elementor-widget-container\">\n\t\t\t\t\t\t\t\t\t<h2 data-start=\"812\" data-end=\"836\">Uteliaisuus ja yritt\u00e4jyys<\/h2>\n<p data-start=\"286\" data-end=\"578\">Olemme yritteli\u00e4s perhe Saarenmaalta, jolla on aina ollut merkityksellinen kiinnostus hautajaisaiheeseen. <b> <\/b>Matkamme perinnealalle alkoi vilpitt\u00f6m\u00e4st\u00e4 halusta ymm\u00e4rt\u00e4\u00e4, mik\u00e4 arvokkaita hautajaisia edelt\u00e4\u00e4 ja mink\u00e4laisia tuotteita ja palveluja tarjotaan.<\/p>\n<p data-start=\"580\" data-end=\"810\">Alkuper\u00e4inen idea oli tutkia hautajaistilaisuuksien j\u00e4rjest\u00e4mispalvelua tarkemmin. Suoritimme liiketoimintasuunnitelman laatimiskoulutuksen ja esittelimme suunnitelmamme. Neuvottelimme Tallinnassa sijaitsevan hautaustoimiston hankkimisesta.  <\/p>\n<h2 data-start=\"812\" data-end=\"836\">Kohtalokas k\u00e4\u00e4nnekohta ja lopputy\u00f6<\/h2>\n<p data-start=\"838\" data-end=\"1029\">El\u00e4m\u00e4npolut ovat usein arvaamattomia. Kaikki muuttui, kun Prendenin isois\u00e4 kuoli. H\u00e4n j\u00e4tti perinn\u00f6ksi esivanhempien tilan Saarenmaalla. Se johti p\u00e4\u00e4t\u00f6kseen muuttaa takaisin kotisaarelle.  &nbsp;<\/p>\n<p data-start=\"838\" data-end=\"1029\">Tuolloin Prenden oli suorittamassa Triinun kanssa yhteisohjauksessa Tallinnan yliopiston Haapsalun yksik\u00f6ss\u00e4 tutkimusty\u00f6t\u00e4 Viron hautajaistrendeist\u00e4. Lopputy\u00f6n tavoitteena oli luoda innovatiivinen hautausuurna muuttuvista trendeist\u00e4 johtuen. Se inspiroi meit\u00e4 miettim\u00e4\u00e4n suunnitelmiamme uudelleen ja keskittym\u00e4\u00e4n siihen, miten voisimme panostaa alaan tuotesuunnittelun kautta.  <\/p>\n<h2 data-start=\"1322\" data-end=\"1365\">Uusi tavoite \u2013 lampaanvillahuovasta valmistetut tuhkauurnat<\/h2>\n<p data-start=\"1367\" data-end=\"1649\">Palaute kannusti meit\u00e4. N\u00e4imme idean potentiaalin ja syntyi tavoite tuoda markkinoille ennenn\u00e4kem\u00e4t\u00f6n, lampaanvillahuovasta valmistettu tuhkauurna. Aloitimme j\u00e4rjestelm\u00e4llisen tuote- ja liiketoiminnan kehitysprosessin, jonka tavoitteena oli luoda tuoteperhe, joka tukee tuhkahautauksen rituaaleja.  &nbsp;<\/p>\n<p data-start=\"1367\" data-end=\"1649\">Kaikki edelt\u00e4v\u00e4 muovasi <strong>n\u00e4kemyst\u00e4mme <\/strong>tuoda perinnealalle tuoretta ajattelua ja tarjota ratkaisuja, jotka yhdist\u00e4v\u00e4t esi-isien perinteet nykyajan maailmankuvaan auttaen siten omaisia muistamaan rakkaitaan arvokkaasti. <\/p>\n<h2 data-start=\"1322\" data-end=\"1365\">Paikalliset materiaalit ja taidot&nbsp;<\/h2>\n<p><span style=\"font-weight: 400;\">WURNin tiimin tietoinen valinta on arvostaa paikallisia resursseja sek\u00e4 materiaalien ett\u00e4 taitojen osalta. K\u00e4yt\u00e4mme uusiutuvia raaka-aineita, jotka ovat per\u00e4isin mahdollisimman l\u00e4helt\u00e4 omasta yhteis\u00f6st\u00e4mme \u2013 n\u00e4in tuemme pieni\u00e4 tuottajia ja autamme yll\u00e4pit\u00e4m\u00e4\u00e4n perinteisi\u00e4 taitoja. Teemme my\u00f6s parhaamme, jotta voimme sis\u00e4llytt\u00e4\u00e4 ty\u00f6prosesseihin paikallista mestaritaitoa, jonka laadun ja v\u00e4litt\u00e4misen tunnemme henkil\u00f6kohtaisesti. T\u00e4llainen l\u00e4hestymistapa mahdollistaa lyhyemm\u00e4n toimitusketjun yll\u00e4pit\u00e4misen, suuremman l\u00e4pin\u00e4kyvyyden takaamisen ja ihmisten, materiaalien ja luonnon v\u00e4lisen yhteyden vahvistamisen.   <\/span><\/p>\n<h2 data-start=\"1322\" data-end=\"1365\">WURN<\/h2>\n<p>Tiimimme suurin tavoite on varmistaa, ett\u00e4 jokainen kontakti tuotteisiimme on l\u00e4mmin, luonnollinen ja miellytt\u00e4v\u00e4. Suunnittelumme perustuu materiaaleihin, jotka ihminen on oppinut tuntemaan jo el\u00e4m\u00e4n ensimm\u00e4isist\u00e4 hetkist\u00e4 \u2013 aito villa ja puu. Ne ovat pehmeit\u00e4, l\u00e4mpimi\u00e4 ja aikaa kest\u00e4vi\u00e4 luonnonmateriaaleja, jotka luovat turvallisen ja rauhallisen kokemuksen.  <\/p>\n<p><span style=\"font-weight: 400;\">WURN-uurnat erottuvat pehmeill\u00e4 muodoillaan, tasaisilla v\u00e4ris\u00e4vyill\u00e4\u00e4n ja merkityksellisill\u00e4 yksityiskohdillaan \u2013 se on maailmassa ainutlaatuinen ja innovatiivinen l\u00e4hestymistapa muiston s\u00e4ilytt\u00e4miseen. Tuotteemme on perusteellisesti mietitty, testattu ja t\u00e4ydennetty k\u00e4ytt\u00e4jien palautteen pohjalta. Jokainen muoto, ratkaisu ja mittasuhde on k\u00e4ynyt l\u00e4pi hienos\u00e4\u00e4d\u00f6n, jonka parissa Wurnin tiimi on ty\u00f6skennellyt johdonmukaisesti vuodesta 2019.    <\/span><\/p>\n<p><span style=\"font-weight: 400;\">WURN-tuotteet ovat suojattuja muotoiluratkaisuina (RCD) EUIPO-rekisterinumeroilla 015104906\u20130001 ja 015104906\u20130002.<\/span><\/p>\n<p data-start=\"1809\" data-end=\"2017\"><span style=\"font-size: 25px; font-weight: bold;\">Miksi tuhkahautaus?<\/span><\/p>\n<p data-start=\"2285\" data-end=\"2607\">Viime vuosina Virossa on havaittavissa selke\u00e4 muutos: tuhkahautauksesta on tullut suosituin hautaustapa. Se heijastaa muuttuvaa l\u00e4hestymistapaa suruun ja muistamiseen. Tuhkaus antaa perheille enemm\u00e4n joustavuutta ja aikaa hyv\u00e4stij\u00e4tt\u00f6\u00f6n mahdollistaen hautajaisten j\u00e4rjest\u00e4misen rauhallisemmin, henkil\u00f6kohtaisemmin ja usein my\u00f6s pienemmill\u00e4 kustannuksilla.  <\/p>\n<p data-start=\"2609\" data-end=\"2779\">Uurnaa voidaan k\u00e4ytt\u00e4\u00e4 muistouurnana, se voidaan haudata maahan tai suorittaa tuhkansirottelurituaali.<\/p>\t\t\t\t\t\t\t\t<\/div>\n\t\t\t\t<\/div>\n\t\t\t\t<div class=\"elementor-element elementor-element-45a2032 elementor-widget elementor-widget-gallery\" data-id=\"45a2032\" data-element_type=\"widget\" data-e-type=\"widget\" data-settings=\"{&quot;gallery_layout&quot;:&quot;justified&quot;,&quot;lazyload&quot;:&quot;yes&quot;,&quot;ideal_row_height&quot;:{&quot;unit&quot;:&quot;px&quot;,&quot;size&quot;:200,&quot;sizes&quot;:[]},&quot;ideal_row_height_tablet&quot;:{&quot;unit&quot;:&quot;px&quot;,&quot;size&quot;:150,&quot;sizes&quot;:[]},&quot;ideal_row_height_mobile&quot;:{&quot;unit&quot;:&quot;px&quot;,&quot;size&quot;:150,&quot;sizes&quot;:[]},&quot;gap&quot;:{&quot;unit&quot;:&quot;px&quot;,&quot;size&quot;:10,&quot;sizes&quot;:[]},&quot;gap_tablet&quot;:{&quot;unit&quot;:&quot;px&quot;,&quot;size&quot;:10,&quot;sizes&quot;:[]},&quot;gap_mobile&quot;:{&quot;unit&quot;:&quot;px&quot;,&quot;size&quot;:10,&quot;sizes&quot;:[]},&quot;link_to&quot;:&quot;file&quot;,&quot;overlay_background&quot;:&quot;yes&quot;,&quot;content_hover_animation&quot;:&quot;fade-in&quot;}\" data-widget_type=\"gallery.default\">\n\t\t\t\t<div class=\"elementor-widget-container\">\n\t\t\t\t\t\t\t<div class=\"elementor-gallery__container\">\n\t\t\t\t\t\t\t<a class=\"e-gallery-item elementor-gallery-item elementor-animated-content\" href=\"https:\/\/wurn.eu\/wp-content\/uploads\/2024\/10\/meie-scaled.jpg\" data-elementor-open-lightbox=\"yes\" data-elementor-lightbox-slideshow=\"45a2032\" data-e-action-hash=\"#elementor-action%3Aaction%3Dlightbox%26settings%3DeyJpZCI6NTcxLCJ1cmwiOiJodHRwczpcL1wvd3Vybi5ldVwvd3AtY29udGVudFwvdXBsb2Fkc1wvMjAyNFwvMTBcL21laWUtc2NhbGVkLmpwZyIsInNsaWRlc2hvdyI6IjQ1YTIwMzIifQ%3D%3D\">\n\t\t\t\t\t<div class=\"e-gallery-image elementor-gallery-item__image\" data-thumbnail=\"https:\/\/wurn.eu\/wp-content\/uploads\/2024\/10\/meie-768x1024.jpg\" data-width=\"640\" data-height=\"853\" aria-label=\"WURN O\u00dc asutajad diplomeid hoidmas p\u00e4rast ettev\u00f5tluskoolituse l\u00f5petamist, mille tulemusel valmis urnide tootmise \u00e4riplaan\" role=\"img\" ><\/div>\n\t\t\t\t\t\t\t\t\t\t\t<div class=\"elementor-gallery-item__overlay\"><\/div>\n\t\t\t\t\t\t\t\t\t\t\t\t\t\t<\/a>\n\t\t\t\t\t\t\t<a class=\"e-gallery-item elementor-gallery-item elementor-animated-content\" href=\"https:\/\/wurn.eu\/wp-content\/uploads\/2025\/06\/Eskiis.jpg\" data-elementor-open-lightbox=\"yes\" data-elementor-lightbox-slideshow=\"45a2032\" data-e-action-hash=\"#elementor-action%3Aaction%3Dlightbox%26settings%3DeyJpZCI6MjI3MiwidXJsIjoiaHR0cHM6XC9cL3d1cm4uZXVcL3dwLWNvbnRlbnRcL3VwbG9hZHNcLzIwMjVcLzA2XC9Fc2tpaXMuanBnIiwic2xpZGVzaG93IjoiNDVhMjAzMiJ9\">\n\t\t\t\t\t<div class=\"e-gallery-image elementor-gallery-item__image\" data-thumbnail=\"https:\/\/wurn.eu\/wp-content\/uploads\/2025\/06\/Eskiis.jpg\" data-width=\"640\" data-height=\"853\" aria-label=\"WURN urni esialgne visand vildist urnide tootearendusest, millest kasvas v\u00e4lja WURN O\u00dc tootesari\" role=\"img\" ><\/div>\n\t\t\t\t\t\t\t\t\t\t\t<div class=\"elementor-gallery-item__overlay\"><\/div>\n\t\t\t\t\t\t\t\t\t\t\t\t\t\t<\/a>\n\t\t\t\t\t\t\t<a class=\"e-gallery-item elementor-gallery-item elementor-animated-content\" href=\"https:\/\/wurn.eu\/wp-content\/uploads\/2025\/06\/Vormi-planeerimine.jpg\" data-elementor-open-lightbox=\"yes\" data-elementor-lightbox-slideshow=\"45a2032\" data-e-action-hash=\"#elementor-action%3Aaction%3Dlightbox%26settings%3DeyJpZCI6MjI3NiwidXJsIjoiaHR0cHM6XC9cL3d1cm4uZXVcL3dwLWNvbnRlbnRcL3VwbG9hZHNcLzIwMjVcLzA2XC9Wb3JtaS1wbGFuZWVyaW1pbmUuanBnIiwic2xpZGVzaG93IjoiNDVhMjAzMiJ9\">\n\t\t\t\t\t<div class=\"e-gallery-image elementor-gallery-item__image\" data-thumbnail=\"https:\/\/wurn.eu\/wp-content\/uploads\/2025\/06\/Vormi-planeerimine-768x1024.jpg\" data-width=\"640\" data-height=\"853\" aria-label=\"WURN urni esialgne l\u00f5ige vildile, vormiotsingu etapp WURNi tootearenduses\" role=\"img\" ><\/div>\n\t\t\t\t\t\t\t\t\t\t\t<div class=\"elementor-gallery-item__overlay\"><\/div>\n\t\t\t\t\t\t\t\t\t\t\t\t\t\t<\/a>\n\t\t\t\t\t\t\t<a class=\"e-gallery-item elementor-gallery-item elementor-animated-content\" href=\"https:\/\/wurn.eu\/wp-content\/uploads\/2025\/06\/Valmis-prototuup.jpg\" data-elementor-open-lightbox=\"yes\" data-elementor-lightbox-slideshow=\"45a2032\" data-e-action-hash=\"#elementor-action%3Aaction%3Dlightbox%26settings%3DeyJpZCI6MjI4MCwidXJsIjoiaHR0cHM6XC9cL3d1cm4uZXVcL3dwLWNvbnRlbnRcL3VwbG9hZHNcLzIwMjVcLzA2XC9WYWxtaXMtcHJvdG90dXVwLmpwZyIsInNsaWRlc2hvdyI6IjQ1YTIwMzIifQ%3D%3D\">\n\t\t\t\t\t<div class=\"e-gallery-image elementor-gallery-item__image\" data-thumbnail=\"https:\/\/wurn.eu\/wp-content\/uploads\/2025\/06\/Valmis-prototuup-768x768.jpg\" data-width=\"640\" data-height=\"640\" aria-label=\"WURN urni esimene valmis protot\u00fc\u00fcp \u2013 k\u00e4sit\u00f6\u00f6na valminud vildist tuhaurn\" role=\"img\" ><\/div>\n\t\t\t\t\t\t\t\t\t\t\t<div class=\"elementor-gallery-item__overlay\"><\/div>\n\t\t\t\t\t\t\t\t\t\t\t\t\t\t<\/a>\n\t\t\t\t\t\t\t<a class=\"e-gallery-item elementor-gallery-item elementor-animated-content\" href=\"https:\/\/wurn.eu\/wp-content\/uploads\/2024\/10\/2020suvi.png\" data-elementor-open-lightbox=\"yes\" data-elementor-lightbox-slideshow=\"45a2032\" data-e-action-hash=\"#elementor-action%3Aaction%3Dlightbox%26settings%3DeyJpZCI6NTM0LCJ1cmwiOiJodHRwczpcL1wvd3Vybi5ldVwvd3AtY29udGVudFwvdXBsb2Fkc1wvMjAyNFwvMTBcLzIwMjBzdXZpLnBuZyIsInNsaWRlc2hvdyI6IjQ1YTIwMzIifQ%3D%3D\">\n\t\t\t\t\t<div class=\"e-gallery-image elementor-gallery-item__image\" data-thumbnail=\"https:\/\/wurn.eu\/wp-content\/uploads\/2024\/10\/2020suvi-768x777.png\" data-width=\"640\" data-height=\"648\" aria-label=\"WURN urnide diplomit\u00f6\u00f6 n\u00e4ituse v\u00e4ljapanek \u2013 k\u00f5ik vildist tuhaurnide protot\u00fc\u00fcbid ja autor Prenden\" role=\"img\" ><\/div>\n\t\t\t\t\t\t\t\t\t\t\t<div class=\"elementor-gallery-item__overlay\"><\/div>\n\t\t\t\t\t\t\t\t\t\t\t\t\t\t<\/a>\n\t\t\t\t\t<\/div>\n\t\t\t\t\t<\/div>\n\t\t\t\t<\/div>\n\t\t\t\t\t<\/div>\n\t\t\t\t<\/div>\n\t\t<div class=\"elementor-element elementor-element-fd4e912 e-flex e-con-boxed e-con e-parent\" data-id=\"fd4e912\" data-element_type=\"container\" data-e-type=\"container\">\n\t\t\t\t\t<div class=\"e-con-inner\">\n\t\t\t\t<div class=\"elementor-element elementor-element-0683ee2 elementor-align-center elementor-widget__width-auto elementor-widget elementor-widget-button\" data-id=\"0683ee2\" data-element_type=\"widget\" data-e-type=\"widget\" data-widget_type=\"button.default\">\n\t\t\t\t<div class=\"elementor-widget-container\">\n\t\t\t\t\t\t\t\t\t<div class=\"elementor-button-wrapper\">\n\t\t\t\t\t<a class=\"elementor-button elementor-button-link elementor-size-sm\" href=\"https:\/\/wurn.eu\/fi\/katalogi\/\">\n\t\t\t\t\t\t<span class=\"elementor-button-content-wrapper\">\n\t\t\t\t\t\t\t\t\t<span class=\"elementor-button-text\">Tuotekatalogi<\/span>\n\t\t\t\t\t<\/span>\n\t\t\t\t\t<\/a>\n\t\t\t\t<\/div>\n\t\t\t\t\t\t\t\t<\/div>\n\t\t\t\t<\/div>\n\t\t\t\t\t<\/div>\n\t\t\t\t<\/div>\n\t\t\t\t<\/div>\n\t\t","protected":false},"excerpt":{"rendered":"<p>Tietoa meist\u00e4 ja uurnien valmistuksesta Uteliaisuus ja yritt\u00e4jyys Olemme yritteli\u00e4s perhe Saarenmaalta, jolla on aina ollut merkityksellinen kiinnostus hautajaisaiheeseen. Matkamme perinnealalle alkoi vilpitt\u00f6m\u00e4st\u00e4 halusta ymm\u00e4rt\u00e4\u00e4, mik\u00e4 arvokkaita hautajaisia edelt\u00e4\u00e4 ja mink\u00e4laisia tuotteita ja palveluja tarjotaan. Alkuper\u00e4inen idea oli tutkia hautajaistilaisuuksien j\u00e4rjest\u00e4mispalvelua tarkemmin. Suoritimme liiketoimintasuunnitelman laatimiskoulutuksen ja esittelimme suunnitelmamme. Neuvottelimme Tallinnassa sijaitsevan hautaustoimiston hankkimisesta. Kohtalokas k\u00e4\u00e4nnekohta&#8230;<\/p>\n","protected":false},"author":3,"featured_media":0,"parent":0,"menu_order":0,"comment_status":"closed","ping_status":"closed","template":"","meta":{"_monsterinsights_skip_tracking":false,"_monsterinsights_sitenote_active":false,"_monsterinsights_sitenote_note":"","_monsterinsights_sitenote_category":0,"footnotes":""},"class_list":["post-4106","page","type-page","status-publish","hentry"],"yoast_head":"<!-- This site is optimized with the Yoast SEO plugin v26.6 - https:\/\/yoast.com\/wordpress\/plugins\/seo\/ -->\n<title>Tietoa meist\u00e4 - WURN urnid<\/title>\n<meta name=\"robots\" content=\"index, follow, max-snippet:-1, max-image-preview:large, max-video-preview:-1\" \/>\n<link rel=\"canonical\" href=\"https:\/\/wurn.eu\/fi\/tietoa-meista\/\" \/>\n<meta property=\"og:locale\" content=\"fi_FI\" \/>\n<meta property=\"og:type\" content=\"article\" \/>\n<meta property=\"og:title\" content=\"Tietoa meist\u00e4 - WURN urnid\" \/>\n<meta property=\"og:description\" content=\"Tietoa meist\u00e4 ja uurnien valmistuksesta Uteliaisuus ja yritt\u00e4jyys Olemme yritteli\u00e4s perhe Saarenmaalta, jolla on aina ollut merkityksellinen kiinnostus hautajaisaiheeseen. Matkamme perinnealalle alkoi vilpitt\u00f6m\u00e4st\u00e4 halusta ymm\u00e4rt\u00e4\u00e4, mik\u00e4 arvokkaita hautajaisia edelt\u00e4\u00e4 ja mink\u00e4laisia tuotteita ja palveluja tarjotaan. Alkuper\u00e4inen idea oli tutkia hautajaistilaisuuksien j\u00e4rjest\u00e4mispalvelua tarkemmin. Suoritimme liiketoimintasuunnitelman laatimiskoulutuksen ja esittelimme suunnitelmamme. Neuvottelimme Tallinnassa sijaitsevan hautaustoimiston hankkimisesta. Kohtalokas k\u00e4\u00e4nnekohta...\" \/>\n<meta property=\"og:url\" content=\"https:\/\/wurn.eu\/fi\/tietoa-meista\/\" \/>\n<meta property=\"og:site_name\" content=\"WURN urnid\" \/>\n<meta property=\"article:modified_time\" content=\"2026-04-17T10:50:10+00:00\" \/>\n<meta name=\"twitter:card\" content=\"summary_large_image\" \/>\n<meta name=\"twitter:label1\" content=\"Arvioitu lukuaika\" \/>\n\t<meta name=\"twitter:data1\" content=\"2 minuuttia\" \/>\n<script type=\"application\/ld+json\" class=\"yoast-schema-graph\">{\"@context\":\"https:\/\/schema.org\",\"@graph\":[{\"@type\":\"WebPage\",\"@id\":\"https:\/\/wurn.eu\/fi\/tietoa-meista\/\",\"url\":\"https:\/\/wurn.eu\/fi\/tietoa-meista\/\",\"name\":\"Tietoa meist\u00e4 - WURN urnid\",\"isPartOf\":{\"@id\":\"https:\/\/wurn.eu\/#website\"},\"datePublished\":\"2026-04-17T10:44:40+00:00\",\"dateModified\":\"2026-04-17T10:50:10+00:00\",\"breadcrumb\":{\"@id\":\"https:\/\/wurn.eu\/fi\/tietoa-meista\/#breadcrumb\"},\"inLanguage\":\"fi\",\"potentialAction\":[{\"@type\":\"ReadAction\",\"target\":[\"https:\/\/wurn.eu\/fi\/tietoa-meista\/\"]}]},{\"@type\":\"BreadcrumbList\",\"@id\":\"https:\/\/wurn.eu\/fi\/tietoa-meista\/#breadcrumb\",\"itemListElement\":[{\"@type\":\"ListItem\",\"position\":1,\"name\":\"Home\",\"item\":\"https:\/\/wurn.eu\/fi\/kotisivu\/\"},{\"@type\":\"ListItem\",\"position\":2,\"name\":\"Tietoa meist\u00e4\"}]},{\"@type\":\"WebSite\",\"@id\":\"https:\/\/wurn.eu\/#website\",\"url\":\"https:\/\/wurn.eu\/\",\"name\":\"WURN urnid\",\"description\":\"Lambavillasest vildist ja v\u00e4\u00e4rispuidust birolagunevad urnid\",\"publisher\":{\"@id\":\"https:\/\/wurn.eu\/#organization\"},\"potentialAction\":[{\"@type\":\"SearchAction\",\"target\":{\"@type\":\"EntryPoint\",\"urlTemplate\":\"https:\/\/wurn.eu\/?s={search_term_string}\"},\"query-input\":{\"@type\":\"PropertyValueSpecification\",\"valueRequired\":true,\"valueName\":\"search_term_string\"}}],\"inLanguage\":\"fi\"},{\"@type\":\"Organization\",\"@id\":\"https:\/\/wurn.eu\/#organization\",\"name\":\"WURN urnid\",\"url\":\"https:\/\/wurn.eu\/\",\"logo\":{\"@type\":\"ImageObject\",\"inLanguage\":\"fi\",\"@id\":\"https:\/\/wurn.eu\/#\/schema\/logo\/image\/\",\"url\":\"https:\/\/wurn.eu\/wp-content\/uploads\/2024\/10\/WURN_logo_UUS_v3_1_original_black.png\",\"contentUrl\":\"https:\/\/wurn.eu\/wp-content\/uploads\/2024\/10\/WURN_logo_UUS_v3_1_original_black.png\",\"width\":270,\"height\":316,\"caption\":\"WURN urnid\"},\"image\":{\"@id\":\"https:\/\/wurn.eu\/#\/schema\/logo\/image\/\"}}]}<\/script>\n<!-- \/ Yoast SEO plugin. -->","yoast_head_json":{"title":"Tietoa meist\u00e4 - WURN urnid","robots":{"index":"index","follow":"follow","max-snippet":"max-snippet:-1","max-image-preview":"max-image-preview:large","max-video-preview":"max-video-preview:-1"},"canonical":"https:\/\/wurn.eu\/fi\/tietoa-meista\/","og_locale":"fi_FI","og_type":"article","og_title":"Tietoa meist\u00e4 - WURN urnid","og_description":"Tietoa meist\u00e4 ja uurnien valmistuksesta Uteliaisuus ja yritt\u00e4jyys Olemme yritteli\u00e4s perhe Saarenmaalta, jolla on aina ollut merkityksellinen kiinnostus hautajaisaiheeseen. Matkamme perinnealalle alkoi vilpitt\u00f6m\u00e4st\u00e4 halusta ymm\u00e4rt\u00e4\u00e4, mik\u00e4 arvokkaita hautajaisia edelt\u00e4\u00e4 ja mink\u00e4laisia tuotteita ja palveluja tarjotaan. Alkuper\u00e4inen idea oli tutkia hautajaistilaisuuksien j\u00e4rjest\u00e4mispalvelua tarkemmin. Suoritimme liiketoimintasuunnitelman laatimiskoulutuksen ja esittelimme suunnitelmamme. Neuvottelimme Tallinnassa sijaitsevan hautaustoimiston hankkimisesta. Kohtalokas k\u00e4\u00e4nnekohta...","og_url":"https:\/\/wurn.eu\/fi\/tietoa-meista\/","og_site_name":"WURN urnid","article_modified_time":"2026-04-17T10:50:10+00:00","twitter_card":"summary_large_image","twitter_misc":{"Arvioitu lukuaika":"2 minuuttia"},"schema":{"@context":"https:\/\/schema.org","@graph":[{"@type":"WebPage","@id":"https:\/\/wurn.eu\/fi\/tietoa-meista\/","url":"https:\/\/wurn.eu\/fi\/tietoa-meista\/","name":"Tietoa meist\u00e4 - WURN urnid","isPartOf":{"@id":"https:\/\/wurn.eu\/#website"},"datePublished":"2026-04-17T10:44:40+00:00","dateModified":"2026-04-17T10:50:10+00:00","breadcrumb":{"@id":"https:\/\/wurn.eu\/fi\/tietoa-meista\/#breadcrumb"},"inLanguage":"fi","potentialAction":[{"@type":"ReadAction","target":["https:\/\/wurn.eu\/fi\/tietoa-meista\/"]}]},{"@type":"BreadcrumbList","@id":"https:\/\/wurn.eu\/fi\/tietoa-meista\/#breadcrumb","itemListElement":[{"@type":"ListItem","position":1,"name":"Home","item":"https:\/\/wurn.eu\/fi\/kotisivu\/"},{"@type":"ListItem","position":2,"name":"Tietoa meist\u00e4"}]},{"@type":"WebSite","@id":"https:\/\/wurn.eu\/#website","url":"https:\/\/wurn.eu\/","name":"WURN urnid","description":"Lambavillasest vildist ja v\u00e4\u00e4rispuidust birolagunevad urnid","publisher":{"@id":"https:\/\/wurn.eu\/#organization"},"potentialAction":[{"@type":"SearchAction","target":{"@type":"EntryPoint","urlTemplate":"https:\/\/wurn.eu\/?s={search_term_string}"},"query-input":{"@type":"PropertyValueSpecification","valueRequired":true,"valueName":"search_term_string"}}],"inLanguage":"fi"},{"@type":"Organization","@id":"https:\/\/wurn.eu\/#organization","name":"WURN urnid","url":"https:\/\/wurn.eu\/","logo":{"@type":"ImageObject","inLanguage":"fi","@id":"https:\/\/wurn.eu\/#\/schema\/logo\/image\/","url":"https:\/\/wurn.eu\/wp-content\/uploads\/2024\/10\/WURN_logo_UUS_v3_1_original_black.png","contentUrl":"https:\/\/wurn.eu\/wp-content\/uploads\/2024\/10\/WURN_logo_UUS_v3_1_original_black.png","width":270,"height":316,"caption":"WURN urnid"},"image":{"@id":"https:\/\/wurn.eu\/#\/schema\/logo\/image\/"}}]}},"jetpack_sharing_enabled":true,"_links":{"self":[{"href":"https:\/\/wurn.eu\/fi\/wp-json\/wp\/v2\/pages\/4106","targetHints":{"allow":["GET"]}}],"collection":[{"href":"https:\/\/wurn.eu\/fi\/wp-json\/wp\/v2\/pages"}],"about":[{"href":"https:\/\/wurn.eu\/fi\/wp-json\/wp\/v2\/types\/page"}],"author":[{"embeddable":true,"href":"https:\/\/wurn.eu\/fi\/wp-json\/wp\/v2\/users\/3"}],"replies":[{"embeddable":true,"href":"https:\/\/wurn.eu\/fi\/wp-json\/wp\/v2\/comments?post=4106"}],"version-history":[{"count":1,"href":"https:\/\/wurn.eu\/fi\/wp-json\/wp\/v2\/pages\/4106\/revisions"}],"predecessor-version":[{"id":4107,"href":"https:\/\/wurn.eu\/fi\/wp-json\/wp\/v2\/pages\/4106\/revisions\/4107"}],"wp:attachment":[{"href":"https:\/\/wurn.eu\/fi\/wp-json\/wp\/v2\/media?parent=4106"}],"curies":[{"name":"wp","href":"https:\/\/api.w.org\/{rel}","templated":true}]}}