{"id":3259,"date":"2024-10-29T19:53:09","date_gmt":"2024-10-29T17:53:09","guid":{"rendered":"https:\/\/wurn.eu\/ostoehdot\/"},"modified":"2026-04-21T18:47:38","modified_gmt":"2026-04-21T15:47:38","slug":"ostoehdot","status":"publish","type":"page","link":"https:\/\/wurn.eu\/fi\/ostoehdot\/","title":{"rendered":"Ostoehdot"},"content":{"rendered":"\t\t<div data-elementor-type=\"wp-page\" data-elementor-id=\"3259\" class=\"elementor elementor-3259 elementor-928\" data-elementor-post-type=\"page\">\n\t\t\t\t<div class=\"elementor-element elementor-element-412ac26a e-flex e-con-boxed e-con e-parent\" data-id=\"412ac26a\" data-element_type=\"container\" data-e-type=\"container\">\n\t\t\t\t\t<div class=\"e-con-inner\">\n\t\t\t\t<div class=\"elementor-element elementor-element-29ae6b0e elementor-widget-mobile__width-inherit elementor-widget elementor-widget-heading\" data-id=\"29ae6b0e\" data-element_type=\"widget\" data-e-type=\"widget\" data-widget_type=\"heading.default\">\n\t\t\t\t<div class=\"elementor-widget-container\">\n\t\t\t\t\t<h2 class=\"elementor-heading-title elementor-size-default\">Ostoehdot<\/h2>\t\t\t\t<\/div>\n\t\t\t\t<\/div>\n\t\t\t\t<div class=\"elementor-element elementor-element-b919138 elementor-widget elementor-widget-text-editor\" data-id=\"b919138\" data-element_type=\"widget\" data-e-type=\"widget\" data-widget_type=\"text-editor.default\">\n\t\t\t\t<div class=\"elementor-widget-container\">\n\t\t\t\t\t\t\t\t\t<h1><span style=\"font-size: 15px; font-weight: 400;\">Verkkosivusto <\/span><a style=\"font-size: 15px; font-weight: 400;\" href=\"https:\/\/www.wurn.eu\">www.wurn.eu<\/a><span style=\"font-size: 15px; font-weight: 400;\"> (j\u00e4ljemp\u00e4n\u00e4 &#8221;Verkkosivusto&#8221;) kuuluu Wurn O\u00dc:lle (rekisterinumero 17231525, Haeska kyl\u00e4, Saaremaa, Viro).<\/span><\/h1><p>Verkkosivustolla esitetyt tuotteet on tarkoitettu tutustumista varten. Tilauksia tai j\u00e4lleenmyynti\u00e4 koskevissa tiedusteluissa pyyd\u00e4mme ottamaan meihin yhteytt\u00e4 osoitteeseen <a style=\"font-size: 16px;\" href=\"mailto:info@wurn.eu\">info@wurn.eu<\/a> tai puhelimitse numeroon <a href=\"tel:+37256286826\">+372 5628 6826<\/a>. Verkkosivustolla esitetyt tuotekuvaukset eiv\u00e4t ole sitova tarjous.  <\/p><hr><h2>1. Myyntisopimuksen voimassaolo ja tuotetiedot<\/h2><p>Myyntisopimus syntyy sen j\u00e4lkeen, kun asiakas on vahvistanut tilauksen ja Wurn O\u00dc on l\u00e4hett\u00e4nyt laskun. Kaikki tuotteet valmistetaan tai kootaan k\u00e4sity\u00f6n\u00e4. Tuotteen kuvaus ja ominaisuudet on esitetty kunkin tuotteen yhteydess\u00e4.  <\/p><h2>2. Tilauksen tekeminen<\/h2><p>Valitse jokin seuraavista vaihtoehdoista:<\/p><ul><li>valitse sopiva tuote ja napsauta<a href=\"https:\/\/wurn.eu\/fi\/yhteystiedot\/\" target=\"_blank\" rel=\"noopener\">&#8221;L\u00e4het\u00e4 kysely&#8221;.<\/a><\/li><li>kirjoittaa osoitteeseen <a href=\"mailto:info@wurn.eu\">info@wurn.eu<\/a><\/li><li>soita <a href=\"tel:+37256286826\" target=\"_blank\" rel=\"noopener\">+372 5628 6826<\/a><\/li><\/ul><p>Saatuamme tiedustelusi otamme sinuun yhteytt\u00e4 tilauksen tarkentamiseksi ja l\u00e4het\u00e4mme laskun maksua varten.<\/p><h2>3. Maksutavat<\/h2><p>Tilauksen voi maksaa laskun perusteella pankkisiirrolla.<\/p><p data-start=\"0\" data-end=\"34\"><strong data-start=\"0\" data-end=\"34\">Yrityksen laskutustiedot<\/strong><\/p><p data-start=\"36\" data-end=\"186\">Yrityksen nimi: Wurn O\u00dc<br data-start=\"59\" data-end=\"62\">Rekisterinumero: 17231525<br data-start=\"84\" data-end=\"87\">ALV-numero: EE102856330<br data-start=\"111\" data-end=\"114\">Osoite: Luha, Haeska kyl\u00e4, Saaremaan kunta, Saaremaan maakunta, 94142, Viro<\/p><p data-start=\"188\" data-end=\"236\">Pankki: AS LHV Pank<br data-start=\"205\" data-end=\"208\">IBAN: EE89770077101171818393<br data-start=\"46\" data-end=\"49\">SWIFT\/BIC: LHVBEE22<\/p><p data-start=\"238\" data-end=\"284\" data-is-last-node=\"\" data-is-only-node=\"\">S\u00e4hk\u00f6posti: <a rel=\"noopener\" data-start=\"246\" data-end=\"258\">info@wurn.eu<\/a><br data-start=\"258\" data-end=\"261\">Puhelin: +372 5628 6826.<\/p><h2>4. Toimitus<\/h2><div>Tarkemmat ehdot ja lis\u00e4tiedot: <a href=\"https:\/\/wurn.eu\/fi\/tilausten-toimitus\/\" target=\"_blank\" rel=\"noopener\">https:\/\/wurn.eu\/fi\/tilausten-toimitus\/<\/a><\/div><h2>5. Peruuttamisoikeus ja tuotteen palautus<\/h2><p>Kuluttajalla on oikeus peruuttaa sopimus ilman syyt\u00e4 14 p\u00e4iv\u00e4n kuluessa tavaran vastaanottamisesta. Peruuttamisoikeus ei koske tuotteita, jotka on valmistettu asiakkaan toiveiden tai tilauksen mukaisesti (esimerkiksi mittatilauksena valmistettu uurna). <\/p><p>Palautettavan tuotteen tulee olla k\u00e4ytt\u00e4m\u00e4t\u00f6n, vahingoittumaton ja alkuper\u00e4isess\u00e4 pakkauksessa. Palautuskustannuksista vastaa ostaja, ellei palautuksen syyn\u00e4 ole virheellinen tai viallinen tuote. <\/p><p>Peruuttamisesta tulee ilmoittaa l\u00e4hett\u00e4m\u00e4ll\u00e4 asiaa koskeva s\u00e4hk\u00f6posti osoitteeseen <a href=\"mailto:info@wurn.eu\">info@wurn.eu<\/a> viimeist\u00e4\u00e4n 14 p\u00e4iv\u00e4n kuluessa tavaran vastaanottamisesta. Maksu palautetaan 14 p\u00e4iv\u00e4n kuluessa palautetun tuotteen vastaanottamisesta. <\/p><h2>6. Reklamaatiot<\/h2><p>Wurn O\u00dc vastaa tuotteessa ilmenevist\u00e4 virheist\u00e4 kahden vuoden ajan luovutuksesta. Mik\u00e4li tuotteessa ilmenee virhe, pyyd\u00e4mme ottamaan yhteytt\u00e4: <a href=\"mailto:info@wurn.eu\">info@wurn.eu<\/a> tai puhelimitse <a href=\"tel:+37256286826\">+372 5628 6826<\/a>. <\/p><h2>7. Henkil\u00f6tietojen k\u00e4sittely<\/h2><p>Wurn O\u00dc k\u00e4ytt\u00e4\u00e4 asiakkaan henkil\u00f6tietoja ainoastaan tilauksen k\u00e4sittelyyn ja toimitukseen. Tietoja ei luovuteta kolmansille osapuolille, lukuun ottamatta kuljetuspalvelun tarjoajaa. <\/p><h2>8. J\u00e4lleenmyynti ja yhteisty\u00f6<\/h2><p>Wurn O\u00dc tekee yhteisty\u00f6t\u00e4 hautaustoimistojen ja j\u00e4lleenmyyjien kanssa Virossa ja kansainv\u00e4lisesti. Jos haluat lis\u00e4tietoja tuotteiden tukkuhinnoista, kumppaniehdoista tai yhteisty\u00f6mahdollisuuksista, ota yhteytt\u00e4 osoitteeseen <a href=\"mailto:info@wurn.eu\">info@wurn.eu<\/a> tai puhelimitse <a style=\"font-size: 16px;\" href=\"tel:+37256286826\" target=\"_blank\" rel=\"noopener\">+372 5628 6826<\/a>. <\/p><h2>9. Riitojen ratkaiseminen<\/h2><p>Jos sinulla on huomautuksia tai reklamaatioita, pyyd\u00e4mme ottamaan meihin yhteytt\u00e4 s\u00e4hk\u00f6postitse tai puhelimitse. Mik\u00e4li asiassa ei p\u00e4\u00e4st\u00e4 sopimukseen, kuluttajalla on oikeus k\u00e4\u00e4nty\u00e4 kuluttajariitalautakunnan tai EU:n verkkov\u00e4litteisen riidanratkaisualustan puoleen. <\/p>\t\t\t\t\t\t\t\t<\/div>\n\t\t\t\t<\/div>\n\t\t\t\t<div class=\"elementor-element elementor-element-fffe777 elementor-align-center elementor-widget__width-auto elementor-widget elementor-widget-button\" data-id=\"fffe777\" data-element_type=\"widget\" data-e-type=\"widget\" data-widget_type=\"button.default\">\n\t\t\t\t<div class=\"elementor-widget-container\">\n\t\t\t\t\t\t\t\t\t<div class=\"elementor-button-wrapper\">\n\t\t\t\t\t<a class=\"elementor-button elementor-button-link elementor-size-sm\" href=\"https:\/\/wurn.eu\/fi\/katalogi\/\">\n\t\t\t\t\t\t<span class=\"elementor-button-content-wrapper\">\n\t\t\t\t\t\t\t\t\t<span class=\"elementor-button-text\">Katalogi<\/span>\n\t\t\t\t\t<\/span>\n\t\t\t\t\t<\/a>\n\t\t\t\t<\/div>\n\t\t\t\t\t\t\t\t<\/div>\n\t\t\t\t<\/div>\n\t\t\t\t\t<\/div>\n\t\t\t\t<\/div>\n\t\t\t\t<\/div>\n\t\t","protected":false},"excerpt":{"rendered":"<p>Ostoehdot Verkkosivusto www.wurn.eu (j\u00e4ljemp\u00e4n\u00e4 &#8221;Verkkosivusto&#8221;) kuuluu Wurn O\u00dc:lle (rekisterinumero 17231525, Haeska kyl\u00e4, Saaremaa, Viro). Verkkosivustolla esitetyt tuotteet on tarkoitettu tutustumista varten. Tilauksia tai j\u00e4lleenmyynti\u00e4 koskevissa tiedusteluissa pyyd\u00e4mme ottamaan meihin yhteytt\u00e4 osoitteeseen info@wurn.eu tai puhelimitse numeroon +372 5628 6826. Verkkosivustolla esitetyt tuotekuvaukset eiv\u00e4t ole sitova tarjous. 1. Myyntisopimuksen voimassaolo ja tuotetiedot Myyntisopimus syntyy sen j\u00e4lkeen, kun&#8230;<\/p>\n","protected":false},"author":1,"featured_media":0,"parent":0,"menu_order":0,"comment_status":"closed","ping_status":"closed","template":"elementor_header_footer","meta":{"_monsterinsights_skip_tracking":false,"_monsterinsights_sitenote_active":false,"_monsterinsights_sitenote_note":"","_monsterinsights_sitenote_category":0,"footnotes":""},"class_list":["post-3259","page","type-page","status-publish","hentry"],"yoast_head":"<!-- This site is optimized with the Yoast SEO plugin v26.6 - https:\/\/yoast.com\/wordpress\/plugins\/seo\/ -->\n<title>Ostoehdot - WURN urnid<\/title>\n<meta name=\"description\" content=\"Tutustu WURN O\u00dc:n osto\u00adehtoihin. K\u00e4sintehdyt tuotteet, turvallinen tilaaminen, palautukset ja yksityisyys \u2013 kaikki selke\u00e4sti ja yksinkertaisesti esitettyn\u00e4.\" \/>\n<meta name=\"robots\" content=\"index, follow, max-snippet:-1, max-image-preview:large, max-video-preview:-1\" \/>\n<link rel=\"canonical\" href=\"https:\/\/wurn.eu\/ostutingimused\/\" \/>\n<meta property=\"og:locale\" content=\"fi_FI\" \/>\n<meta property=\"og:type\" content=\"article\" \/>\n<meta property=\"og:title\" content=\"Ostoehdot - WURN urnid\" \/>\n<meta property=\"og:description\" content=\"Tutustu WURN O\u00dc:n osto\u00adehtoihin. K\u00e4sintehdyt tuotteet, turvallinen tilaaminen, palautukset ja yksityisyys \u2013 kaikki selke\u00e4sti ja yksinkertaisesti esitettyn\u00e4.\" \/>\n<meta property=\"og:url\" content=\"https:\/\/wurn.eu\/ostutingimused\/\" \/>\n<meta property=\"og:site_name\" content=\"WURN urnid\" \/>\n<meta property=\"article:modified_time\" content=\"2026-04-21T15:47:38+00:00\" \/>\n<meta name=\"twitter:card\" content=\"summary_large_image\" \/>\n<meta name=\"twitter:label1\" content=\"Arvioitu lukuaika\" \/>\n\t<meta name=\"twitter:data1\" content=\"2 minuuttia\" \/>\n<script type=\"application\/ld+json\" class=\"yoast-schema-graph\">{\"@context\":\"https:\/\/schema.org\",\"@graph\":[{\"@type\":\"WebPage\",\"@id\":\"https:\/\/wurn.eu\/ostutingimused\/\",\"url\":\"https:\/\/wurn.eu\/ostutingimused\/\",\"name\":\"Ostoehdot - WURN urnid\",\"isPartOf\":{\"@id\":\"https:\/\/wurn.eu\/#website\"},\"datePublished\":\"2024-10-29T17:53:09+00:00\",\"dateModified\":\"2026-04-21T15:47:38+00:00\",\"description\":\"Tutustu WURN O\u00dc:n osto\u00adehtoihin. K\u00e4sintehdyt tuotteet, turvallinen tilaaminen, palautukset ja yksityisyys \u2013 kaikki selke\u00e4sti ja yksinkertaisesti esitettyn\u00e4.\",\"breadcrumb\":{\"@id\":\"https:\/\/wurn.eu\/ostutingimused\/#breadcrumb\"},\"inLanguage\":\"fi\",\"potentialAction\":[{\"@type\":\"ReadAction\",\"target\":[\"https:\/\/wurn.eu\/ostutingimused\/\"]}]},{\"@type\":\"BreadcrumbList\",\"@id\":\"https:\/\/wurn.eu\/ostutingimused\/#breadcrumb\",\"itemListElement\":[{\"@type\":\"ListItem\",\"position\":1,\"name\":\"Home\",\"item\":\"https:\/\/wurn.eu\/\"},{\"@type\":\"ListItem\",\"position\":2,\"name\":\"Ostoehdot\"}]},{\"@type\":\"WebSite\",\"@id\":\"https:\/\/wurn.eu\/#website\",\"url\":\"https:\/\/wurn.eu\/\",\"name\":\"WURN urnid\",\"description\":\"Lambavillasest vildist ja v\u00e4\u00e4rispuidust birolagunevad urnid\",\"publisher\":{\"@id\":\"https:\/\/wurn.eu\/#organization\"},\"potentialAction\":[{\"@type\":\"SearchAction\",\"target\":{\"@type\":\"EntryPoint\",\"urlTemplate\":\"https:\/\/wurn.eu\/?s={search_term_string}\"},\"query-input\":{\"@type\":\"PropertyValueSpecification\",\"valueRequired\":true,\"valueName\":\"search_term_string\"}}],\"inLanguage\":\"fi\"},{\"@type\":\"Organization\",\"@id\":\"https:\/\/wurn.eu\/#organization\",\"name\":\"WURN urnid\",\"url\":\"https:\/\/wurn.eu\/\",\"logo\":{\"@type\":\"ImageObject\",\"inLanguage\":\"fi\",\"@id\":\"https:\/\/wurn.eu\/#\/schema\/logo\/image\/\",\"url\":\"https:\/\/wurn.eu\/wp-content\/uploads\/2024\/10\/WURN_logo_UUS_v3_1_original_black.png\",\"contentUrl\":\"https:\/\/wurn.eu\/wp-content\/uploads\/2024\/10\/WURN_logo_UUS_v3_1_original_black.png\",\"width\":270,\"height\":316,\"caption\":\"WURN urnid\"},\"image\":{\"@id\":\"https:\/\/wurn.eu\/#\/schema\/logo\/image\/\"}}]}<\/script>\n<!-- \/ Yoast SEO plugin. -->","yoast_head_json":{"title":"Ostoehdot - WURN urnid","description":"Tutustu WURN O\u00dc:n osto\u00adehtoihin. K\u00e4sintehdyt tuotteet, turvallinen tilaaminen, palautukset ja yksityisyys \u2013 kaikki selke\u00e4sti ja yksinkertaisesti esitettyn\u00e4.","robots":{"index":"index","follow":"follow","max-snippet":"max-snippet:-1","max-image-preview":"max-image-preview:large","max-video-preview":"max-video-preview:-1"},"canonical":"https:\/\/wurn.eu\/ostutingimused\/","og_locale":"fi_FI","og_type":"article","og_title":"Ostoehdot - WURN urnid","og_description":"Tutustu WURN O\u00dc:n osto\u00adehtoihin. K\u00e4sintehdyt tuotteet, turvallinen tilaaminen, palautukset ja yksityisyys \u2013 kaikki selke\u00e4sti ja yksinkertaisesti esitettyn\u00e4.","og_url":"https:\/\/wurn.eu\/ostutingimused\/","og_site_name":"WURN urnid","article_modified_time":"2026-04-21T15:47:38+00:00","twitter_card":"summary_large_image","twitter_misc":{"Arvioitu lukuaika":"2 minuuttia"},"schema":{"@context":"https:\/\/schema.org","@graph":[{"@type":"WebPage","@id":"https:\/\/wurn.eu\/ostutingimused\/","url":"https:\/\/wurn.eu\/ostutingimused\/","name":"Ostoehdot - WURN urnid","isPartOf":{"@id":"https:\/\/wurn.eu\/#website"},"datePublished":"2024-10-29T17:53:09+00:00","dateModified":"2026-04-21T15:47:38+00:00","description":"Tutustu WURN O\u00dc:n osto\u00adehtoihin. K\u00e4sintehdyt tuotteet, turvallinen tilaaminen, palautukset ja yksityisyys \u2013 kaikki selke\u00e4sti ja yksinkertaisesti esitettyn\u00e4.","breadcrumb":{"@id":"https:\/\/wurn.eu\/ostutingimused\/#breadcrumb"},"inLanguage":"fi","potentialAction":[{"@type":"ReadAction","target":["https:\/\/wurn.eu\/ostutingimused\/"]}]},{"@type":"BreadcrumbList","@id":"https:\/\/wurn.eu\/ostutingimused\/#breadcrumb","itemListElement":[{"@type":"ListItem","position":1,"name":"Home","item":"https:\/\/wurn.eu\/"},{"@type":"ListItem","position":2,"name":"Ostoehdot"}]},{"@type":"WebSite","@id":"https:\/\/wurn.eu\/#website","url":"https:\/\/wurn.eu\/","name":"WURN urnid","description":"Lambavillasest vildist ja v\u00e4\u00e4rispuidust birolagunevad urnid","publisher":{"@id":"https:\/\/wurn.eu\/#organization"},"potentialAction":[{"@type":"SearchAction","target":{"@type":"EntryPoint","urlTemplate":"https:\/\/wurn.eu\/?s={search_term_string}"},"query-input":{"@type":"PropertyValueSpecification","valueRequired":true,"valueName":"search_term_string"}}],"inLanguage":"fi"},{"@type":"Organization","@id":"https:\/\/wurn.eu\/#organization","name":"WURN urnid","url":"https:\/\/wurn.eu\/","logo":{"@type":"ImageObject","inLanguage":"fi","@id":"https:\/\/wurn.eu\/#\/schema\/logo\/image\/","url":"https:\/\/wurn.eu\/wp-content\/uploads\/2024\/10\/WURN_logo_UUS_v3_1_original_black.png","contentUrl":"https:\/\/wurn.eu\/wp-content\/uploads\/2024\/10\/WURN_logo_UUS_v3_1_original_black.png","width":270,"height":316,"caption":"WURN urnid"},"image":{"@id":"https:\/\/wurn.eu\/#\/schema\/logo\/image\/"}}]}},"jetpack_sharing_enabled":true,"_links":{"self":[{"href":"https:\/\/wurn.eu\/fi\/wp-json\/wp\/v2\/pages\/3259","targetHints":{"allow":["GET"]}}],"collection":[{"href":"https:\/\/wurn.eu\/fi\/wp-json\/wp\/v2\/pages"}],"about":[{"href":"https:\/\/wurn.eu\/fi\/wp-json\/wp\/v2\/types\/page"}],"author":[{"embeddable":true,"href":"https:\/\/wurn.eu\/fi\/wp-json\/wp\/v2\/users\/1"}],"replies":[{"embeddable":true,"href":"https:\/\/wurn.eu\/fi\/wp-json\/wp\/v2\/comments?post=3259"}],"version-history":[{"count":7,"href":"https:\/\/wurn.eu\/fi\/wp-json\/wp\/v2\/pages\/3259\/revisions"}],"predecessor-version":[{"id":4268,"href":"https:\/\/wurn.eu\/fi\/wp-json\/wp\/v2\/pages\/3259\/revisions\/4268"}],"wp:attachment":[{"href":"https:\/\/wurn.eu\/fi\/wp-json\/wp\/v2\/media?parent=3259"}],"curies":[{"name":"wp","href":"https:\/\/api.w.org\/{rel}","templated":true}]}}