{"id":3243,"date":"2024-10-29T19:53:04","date_gmt":"2024-10-29T17:53:04","guid":{"rendered":"https:\/\/wurn.eu\/yhteystiedot\/"},"modified":"2026-04-19T11:39:12","modified_gmt":"2026-04-19T08:39:12","slug":"yhteystiedot","status":"publish","type":"page","link":"https:\/\/wurn.eu\/fi\/yhteystiedot\/","title":{"rendered":"Yhteystiedot"},"content":{"rendered":"\t\t<div data-elementor-type=\"wp-page\" data-elementor-id=\"3243\" class=\"elementor elementor-3243 elementor-901\" data-elementor-post-type=\"page\">\n\t\t\t\t<div class=\"elementor-element elementor-element-523c8098 e-flex e-con-boxed e-con e-parent\" data-id=\"523c8098\" data-element_type=\"container\" data-e-type=\"container\">\n\t\t\t\t\t<div class=\"e-con-inner\">\n\t\t\t\t<div class=\"elementor-element elementor-element-6b67e45f elementor-widget elementor-widget-heading\" data-id=\"6b67e45f\" data-element_type=\"widget\" data-e-type=\"widget\" data-widget_type=\"heading.default\">\n\t\t\t\t<div class=\"elementor-widget-container\">\n\t\t\t\t\t<h3 class=\"elementor-heading-title elementor-size-default\">KYSYMYKSET JA PALAUTE<\/h3>\t\t\t\t<\/div>\n\t\t\t\t<\/div>\n\t\t\t\t<div class=\"elementor-element elementor-element-365c3969 elementor-widget elementor-widget-text-editor\" data-id=\"365c3969\" data-element_type=\"widget\" data-e-type=\"widget\" data-widget_type=\"text-editor.default\">\n\t\t\t\t<div class=\"elementor-widget-container\">\n\t\t\t\t\t\t\t\t\t<p>Viestisi saapuu meille s\u00e4hk\u00f6postitse. Halutessasi voit ottaa meihin yhteytt\u00e4 my\u00f6s puhelimitse. Jos haluat tutustua uurnaan paikan p\u00e4\u00e4ll\u00e4 Saarenmaalla, soitathan etuk\u00e4teen. Odotamme my\u00f6s palautetta tuotteistamme. Jos olet yritysasiakas ja haluat lis\u00e4t\u00e4 uurniamme valikoimaasi, ota meihin yhteytt\u00e4 \u2013 kyseisi\u00e4 uurnia voi hankkia vain meilt\u00e4.    <\/p>\t\t\t\t\t\t\t\t<\/div>\n\t\t\t\t<\/div>\n\t\t\t\t<div class=\"elementor-element elementor-element-7304aaba elementor-button-align-start elementor-mobile-button-align-start elementor-widget elementor-widget-form\" data-id=\"7304aaba\" data-element_type=\"widget\" data-e-type=\"widget\" data-settings=\"{&quot;step_next_label&quot;:&quot;Seuraava&quot;,&quot;step_previous_label&quot;:&quot;Edellinen&quot;,&quot;button_width&quot;:&quot;100&quot;,&quot;step_type&quot;:&quot;number_text&quot;,&quot;step_icon_shape&quot;:&quot;circle&quot;}\" data-widget_type=\"form.default\">\n\t\t\t\t<div class=\"elementor-widget-container\">\n\t\t\t\t\t\t\t<form class=\"elementor-form\" method=\"post\" name=\"Yhteydenottolomake\" aria-label=\"Yhteydenottolomake\">\n\t\t\t<input type=\"hidden\" name=\"post_id\" value=\"3243\"\/>\n\t\t\t<input type=\"hidden\" name=\"form_id\" value=\"7304aaba\"\/>\n\t\t\t<input type=\"hidden\" name=\"referer_title\" value=\"Yhteystiedot - WURN urnid\" \/>\n\n\t\t\t\t\t\t\t<input type=\"hidden\" name=\"queried_id\" value=\"3243\"\/>\n\t\t\t\n\t\t\t<div class=\"elementor-form-fields-wrapper elementor-labels-\">\n\t\t\t\t\t\t\t\t<div class=\"elementor-field-type-text elementor-field-group elementor-column elementor-field-group-field_d5c06d1 elementor-col-50 elementor-field-required\">\n\t\t\t\t\t\t\t\t\t\t\t\t<label for=\"form-field-field_d5c06d1\" class=\"elementor-field-label elementor-screen-only\">\n\t\t\t\t\t\t\t\tNimi\t\t\t\t\t\t\t<\/label>\n\t\t\t\t\t\t\t\t\t\t\t\t\t\t<input size=\"1\" type=\"text\" name=\"form_fields[field_d5c06d1]\" id=\"form-field-field_d5c06d1\" class=\"elementor-field elementor-size-sm  elementor-field-textual\" placeholder=\"Nimi\" required=\"required\">\n\t\t\t\t\t\t\t\t\t\t\t<\/div>\n\t\t\t\t\t\t\t\t<div class=\"elementor-field-type-email elementor-field-group elementor-column elementor-field-group-field_1 elementor-col-50 elementor-field-required\">\n\t\t\t\t\t\t\t\t\t\t\t\t<label for=\"form-field-field_1\" class=\"elementor-field-label elementor-screen-only\">\n\t\t\t\t\t\t\t\tS\u00e4hk\u00f6postiosoite\t\t\t\t\t\t\t<\/label>\n\t\t\t\t\t\t\t\t\t\t\t\t\t\t<input size=\"1\" type=\"email\" name=\"form_fields[field_1]\" id=\"form-field-field_1\" class=\"elementor-field elementor-size-sm  elementor-field-textual\" placeholder=\"S\u00e4hk\u00f6postiosoite\" required=\"required\">\n\t\t\t\t\t\t\t\t\t\t\t<\/div>\n\t\t\t\t\t\t\t\t<div class=\"elementor-field-type-tel elementor-field-group elementor-column elementor-field-group-field_815e1ae elementor-col-100 elementor-field-required\">\n\t\t\t\t\t\t\t\t\t\t\t\t<label for=\"form-field-field_815e1ae\" class=\"elementor-field-label elementor-screen-only\">\n\t\t\t\t\t\t\t\tPuhelinnumero\t\t\t\t\t\t\t<\/label>\n\t\t\t\t\t\t\t\t<input size=\"1\" type=\"tel\" name=\"form_fields[field_815e1ae]\" id=\"form-field-field_815e1ae\" class=\"elementor-field elementor-size-sm  elementor-field-textual\" placeholder=\"Puhelinnumero\" required=\"required\" pattern=\"[0-9()#&amp;+*-=.]+\" title=\"Only numbers and phone characters (#, -, *, etc) are accepted.\">\n\n\t\t\t\t\t\t<\/div>\n\t\t\t\t\t\t\t\t<div class=\"elementor-field-type-text elementor-field-group elementor-column elementor-field-group-field_cc83741 elementor-col-100 elementor-field-required\">\n\t\t\t\t\t\t\t\t\t\t\t\t<label for=\"form-field-field_cc83741\" class=\"elementor-field-label elementor-screen-only\">\n\t\t\t\t\t\t\t\tOtsikko\t\t\t\t\t\t\t<\/label>\n\t\t\t\t\t\t\t\t\t\t\t\t\t\t<input size=\"1\" type=\"text\" name=\"form_fields[field_cc83741]\" id=\"form-field-field_cc83741\" class=\"elementor-field elementor-size-sm  elementor-field-textual\" placeholder=\"Otsikko\" required=\"required\">\n\t\t\t\t\t\t\t\t\t\t\t<\/div>\n\t\t\t\t\t\t\t\t<div class=\"elementor-field-type-textarea elementor-field-group elementor-column elementor-field-group-field_22322a7 elementor-col-100 elementor-field-required\">\n\t\t\t\t\t\t\t\t\t\t\t\t<label for=\"form-field-field_22322a7\" class=\"elementor-field-label elementor-screen-only\">\n\t\t\t\t\t\t\t\tViesti\t\t\t\t\t\t\t<\/label>\n\t\t\t\t\t\t<textarea class=\"elementor-field-textual elementor-field  elementor-size-sm\" name=\"form_fields[field_22322a7]\" id=\"form-field-field_22322a7\" rows=\"3\" placeholder=\"Viesti\" required=\"required\"><\/textarea>\t\t\t\t<\/div>\n\t\t\t\t\t\t\t\t<div class=\"elementor-field-type-recaptcha_v3 elementor-field-group elementor-column elementor-field-group-field_405e491 elementor-col-100 recaptcha_v3-bottomright\">\n\t\t\t\t\t<div class=\"elementor-field\" id=\"form-field-field_405e491\"><div class=\"elementor-g-recaptcha\" data-sitekey=\"6LdffS4rAAAAALUWhBbQ-IWVIEE2_UpiM1MekHk_\" data-type=\"v3\" data-action=\"Form\" data-badge=\"bottomright\" data-size=\"invisible\"><\/div><\/div>\t\t\t\t<\/div>\n\t\t\t\t\t\t\t\t<div class=\"elementor-field-group elementor-column elementor-field-type-submit elementor-col-100 e-form__buttons\">\n\t\t\t\t\t<button class=\"elementor-button elementor-size-sm\" type=\"submit\">\n\t\t\t\t\t\t<span class=\"elementor-button-content-wrapper\">\n\t\t\t\t\t\t\t\t\t\t\t\t\t\t\t<span class=\"elementor-button-icon\">\n\t\t\t\t\t\t\t\t\t<svg xmlns=\"http:\/\/www.w3.org\/2000\/svg\" id=\"bb19cefa-da70-4c4e-8494-ad25bbd47839\" data-name=\"Layer 1\" width=\"32.9204\" height=\"17.832\" viewBox=\"0 0 32.9204 17.832\"><polygon points=\"31.858 8.055 31.858 8.016 31.817 8.016 23.417 0 22.036 1.447 28.931 8.026 0 8.026 0.007 10.026 28.928 10.026 22.048 16.361 23.404 17.832 32.92 9.069 31.858 8.055\"><\/polygon><\/svg>\t\t\t\t\t\t\t\t\t\t\t\t\t\t\t\t\t<\/span>\n\t\t\t\t\t\t\t\t\t\t\t\t\t\t\t\t\t\t\t\t\t\t<span class=\"elementor-button-text\">L\u00e4het\u00e4<\/span>\n\t\t\t\t\t\t\t\t\t\t\t\t\t<\/span>\n\t\t\t\t\t<\/button>\n\t\t\t\t<\/div>\n\t\t\t<\/div>\n\t\t<\/form>\n\t\t\t\t\t\t<\/div>\n\t\t\t\t<\/div>\n\t\t\t\t\t<\/div>\n\t\t\t\t<\/div>\n\t\t\t\t<\/div>\n\t\t","protected":false},"excerpt":{"rendered":"<p>KYSYMYKSET JA PALAUTE Viestisi saapuu meille s\u00e4hk\u00f6postitse. Halutessasi voit ottaa meihin yhteytt\u00e4 my\u00f6s puhelimitse. Jos haluat tutustua uurnaan paikan p\u00e4\u00e4ll\u00e4 Saarenmaalla, soitathan etuk\u00e4teen. Odotamme my\u00f6s palautetta tuotteistamme. Jos olet yritysasiakas ja haluat lis\u00e4t\u00e4 uurniamme valikoimaasi, ota meihin yhteytt\u00e4 \u2013 kyseisi\u00e4 uurnia voi hankkia vain meilt\u00e4.<\/p>\n","protected":false},"author":1,"featured_media":3237,"parent":0,"menu_order":0,"comment_status":"closed","ping_status":"closed","template":"elementor_header_footer","meta":{"_monsterinsights_skip_tracking":false,"_monsterinsights_sitenote_active":false,"_monsterinsights_sitenote_note":"","_monsterinsights_sitenote_category":0,"footnotes":""},"class_list":["post-3243","page","type-page","status-publish","has-post-thumbnail","hentry"],"yoast_head":"<!-- This site is optimized with the Yoast SEO plugin v26.6 - https:\/\/yoast.com\/wordpress\/plugins\/seo\/ -->\n<title>Yhteystiedot - WURN urnid<\/title>\n<meta name=\"description\" content=\"Ota yhteytt\u00e4 WURNiin. T\u00e4\u00e4lt\u00e4 l\u00f6yd\u00e4t yhteystietomme, s\u00e4hk\u00f6postiosoitteen, puhelinnumerot ja yhteydenottolomakkeen.\" \/>\n<meta name=\"robots\" content=\"index, follow, max-snippet:-1, max-image-preview:large, max-video-preview:-1\" \/>\n<link rel=\"canonical\" href=\"https:\/\/wurn.eu\/fi\/yhteystiedot\/\" \/>\n<meta property=\"og:locale\" content=\"fi_FI\" \/>\n<meta property=\"og:type\" content=\"article\" \/>\n<meta property=\"og:title\" content=\"Yhteystiedot - WURN urnid\" \/>\n<meta property=\"og:description\" content=\"Ota yhteytt\u00e4 WURNiin. T\u00e4\u00e4lt\u00e4 l\u00f6yd\u00e4t yhteystietomme, s\u00e4hk\u00f6postiosoitteen, puhelinnumerot ja yhteydenottolomakkeen.\" \/>\n<meta property=\"og:url\" content=\"https:\/\/wurn.eu\/fi\/yhteystiedot\/\" \/>\n<meta property=\"og:site_name\" content=\"WURN urnid\" \/>\n<meta property=\"article:modified_time\" content=\"2026-04-19T08:39:12+00:00\" \/>\n<meta property=\"og:image\" content=\"https:\/\/wurn.eu\/wp-content\/uploads\/2024\/10\/DSCF9447-1-scaled.jpg\" \/>\n\t<meta property=\"og:image:width\" content=\"2560\" \/>\n\t<meta property=\"og:image:height\" content=\"1707\" \/>\n\t<meta property=\"og:image:type\" content=\"image\/jpeg\" \/>\n<meta name=\"twitter:card\" content=\"summary_large_image\" \/>\n<script type=\"application\/ld+json\" class=\"yoast-schema-graph\">{\"@context\":\"https:\/\/schema.org\",\"@graph\":[{\"@type\":\"WebPage\",\"@id\":\"https:\/\/wurn.eu\/fi\/yhteystiedot\/\",\"url\":\"https:\/\/wurn.eu\/fi\/yhteystiedot\/\",\"name\":\"Yhteystiedot - WURN urnid\",\"isPartOf\":{\"@id\":\"https:\/\/wurn.eu\/#website\"},\"primaryImageOfPage\":{\"@id\":\"https:\/\/wurn.eu\/fi\/yhteystiedot\/#primaryimage\"},\"image\":{\"@id\":\"https:\/\/wurn.eu\/fi\/yhteystiedot\/#primaryimage\"},\"thumbnailUrl\":\"https:\/\/wurn.eu\/wp-content\/uploads\/2024\/10\/DSCF9447-1-scaled.jpg\",\"datePublished\":\"2024-10-29T17:53:04+00:00\",\"dateModified\":\"2026-04-19T08:39:12+00:00\",\"description\":\"Ota yhteytt\u00e4 WURNiin. T\u00e4\u00e4lt\u00e4 l\u00f6yd\u00e4t yhteystietomme, s\u00e4hk\u00f6postiosoitteen, puhelinnumerot ja yhteydenottolomakkeen.\",\"breadcrumb\":{\"@id\":\"https:\/\/wurn.eu\/fi\/yhteystiedot\/#breadcrumb\"},\"inLanguage\":\"fi\",\"potentialAction\":[{\"@type\":\"ReadAction\",\"target\":[\"https:\/\/wurn.eu\/fi\/yhteystiedot\/\"]}]},{\"@type\":\"ImageObject\",\"inLanguage\":\"fi\",\"@id\":\"https:\/\/wurn.eu\/fi\/yhteystiedot\/#primaryimage\",\"url\":\"https:\/\/wurn.eu\/wp-content\/uploads\/2024\/10\/DSCF9447-1-scaled.jpg\",\"contentUrl\":\"https:\/\/wurn.eu\/wp-content\/uploads\/2024\/10\/DSCF9447-1-scaled.jpg\",\"width\":2560,\"height\":1707,\"caption\":\"WURN urn tuhaurnid\"},{\"@type\":\"BreadcrumbList\",\"@id\":\"https:\/\/wurn.eu\/fi\/yhteystiedot\/#breadcrumb\",\"itemListElement\":[{\"@type\":\"ListItem\",\"position\":1,\"name\":\"Home\",\"item\":\"https:\/\/wurn.eu\/\"},{\"@type\":\"ListItem\",\"position\":2,\"name\":\"Yhteystiedot\"}]},{\"@type\":\"WebSite\",\"@id\":\"https:\/\/wurn.eu\/#website\",\"url\":\"https:\/\/wurn.eu\/\",\"name\":\"WURN urnid\",\"description\":\"Lambavillasest vildist ja v\u00e4\u00e4rispuidust birolagunevad urnid\",\"publisher\":{\"@id\":\"https:\/\/wurn.eu\/#organization\"},\"potentialAction\":[{\"@type\":\"SearchAction\",\"target\":{\"@type\":\"EntryPoint\",\"urlTemplate\":\"https:\/\/wurn.eu\/?s={search_term_string}\"},\"query-input\":{\"@type\":\"PropertyValueSpecification\",\"valueRequired\":true,\"valueName\":\"search_term_string\"}}],\"inLanguage\":\"fi\"},{\"@type\":\"Organization\",\"@id\":\"https:\/\/wurn.eu\/#organization\",\"name\":\"WURN urnid\",\"url\":\"https:\/\/wurn.eu\/\",\"logo\":{\"@type\":\"ImageObject\",\"inLanguage\":\"fi\",\"@id\":\"https:\/\/wurn.eu\/#\/schema\/logo\/image\/\",\"url\":\"https:\/\/wurn.eu\/wp-content\/uploads\/2024\/10\/WURN_logo_UUS_v3_1_original_black.png\",\"contentUrl\":\"https:\/\/wurn.eu\/wp-content\/uploads\/2024\/10\/WURN_logo_UUS_v3_1_original_black.png\",\"width\":270,\"height\":316,\"caption\":\"WURN urnid\"},\"image\":{\"@id\":\"https:\/\/wurn.eu\/#\/schema\/logo\/image\/\"}}]}<\/script>\n<!-- \/ Yoast SEO plugin. -->","yoast_head_json":{"title":"Yhteystiedot - WURN urnid","description":"Ota yhteytt\u00e4 WURNiin. T\u00e4\u00e4lt\u00e4 l\u00f6yd\u00e4t yhteystietomme, s\u00e4hk\u00f6postiosoitteen, puhelinnumerot ja yhteydenottolomakkeen.","robots":{"index":"index","follow":"follow","max-snippet":"max-snippet:-1","max-image-preview":"max-image-preview:large","max-video-preview":"max-video-preview:-1"},"canonical":"https:\/\/wurn.eu\/fi\/yhteystiedot\/","og_locale":"fi_FI","og_type":"article","og_title":"Yhteystiedot - WURN urnid","og_description":"Ota yhteytt\u00e4 WURNiin. T\u00e4\u00e4lt\u00e4 l\u00f6yd\u00e4t yhteystietomme, s\u00e4hk\u00f6postiosoitteen, puhelinnumerot ja yhteydenottolomakkeen.","og_url":"https:\/\/wurn.eu\/fi\/yhteystiedot\/","og_site_name":"WURN urnid","article_modified_time":"2026-04-19T08:39:12+00:00","og_image":[{"width":2560,"height":1707,"url":"https:\/\/wurn.eu\/wp-content\/uploads\/2024\/10\/DSCF9447-1-scaled.jpg","type":"image\/jpeg"}],"twitter_card":"summary_large_image","schema":{"@context":"https:\/\/schema.org","@graph":[{"@type":"WebPage","@id":"https:\/\/wurn.eu\/fi\/yhteystiedot\/","url":"https:\/\/wurn.eu\/fi\/yhteystiedot\/","name":"Yhteystiedot - WURN urnid","isPartOf":{"@id":"https:\/\/wurn.eu\/#website"},"primaryImageOfPage":{"@id":"https:\/\/wurn.eu\/fi\/yhteystiedot\/#primaryimage"},"image":{"@id":"https:\/\/wurn.eu\/fi\/yhteystiedot\/#primaryimage"},"thumbnailUrl":"https:\/\/wurn.eu\/wp-content\/uploads\/2024\/10\/DSCF9447-1-scaled.jpg","datePublished":"2024-10-29T17:53:04+00:00","dateModified":"2026-04-19T08:39:12+00:00","description":"Ota yhteytt\u00e4 WURNiin. T\u00e4\u00e4lt\u00e4 l\u00f6yd\u00e4t yhteystietomme, s\u00e4hk\u00f6postiosoitteen, puhelinnumerot ja yhteydenottolomakkeen.","breadcrumb":{"@id":"https:\/\/wurn.eu\/fi\/yhteystiedot\/#breadcrumb"},"inLanguage":"fi","potentialAction":[{"@type":"ReadAction","target":["https:\/\/wurn.eu\/fi\/yhteystiedot\/"]}]},{"@type":"ImageObject","inLanguage":"fi","@id":"https:\/\/wurn.eu\/fi\/yhteystiedot\/#primaryimage","url":"https:\/\/wurn.eu\/wp-content\/uploads\/2024\/10\/DSCF9447-1-scaled.jpg","contentUrl":"https:\/\/wurn.eu\/wp-content\/uploads\/2024\/10\/DSCF9447-1-scaled.jpg","width":2560,"height":1707,"caption":"WURN urn tuhaurnid"},{"@type":"BreadcrumbList","@id":"https:\/\/wurn.eu\/fi\/yhteystiedot\/#breadcrumb","itemListElement":[{"@type":"ListItem","position":1,"name":"Home","item":"https:\/\/wurn.eu\/"},{"@type":"ListItem","position":2,"name":"Yhteystiedot"}]},{"@type":"WebSite","@id":"https:\/\/wurn.eu\/#website","url":"https:\/\/wurn.eu\/","name":"WURN urnid","description":"Lambavillasest vildist ja v\u00e4\u00e4rispuidust birolagunevad urnid","publisher":{"@id":"https:\/\/wurn.eu\/#organization"},"potentialAction":[{"@type":"SearchAction","target":{"@type":"EntryPoint","urlTemplate":"https:\/\/wurn.eu\/?s={search_term_string}"},"query-input":{"@type":"PropertyValueSpecification","valueRequired":true,"valueName":"search_term_string"}}],"inLanguage":"fi"},{"@type":"Organization","@id":"https:\/\/wurn.eu\/#organization","name":"WURN urnid","url":"https:\/\/wurn.eu\/","logo":{"@type":"ImageObject","inLanguage":"fi","@id":"https:\/\/wurn.eu\/#\/schema\/logo\/image\/","url":"https:\/\/wurn.eu\/wp-content\/uploads\/2024\/10\/WURN_logo_UUS_v3_1_original_black.png","contentUrl":"https:\/\/wurn.eu\/wp-content\/uploads\/2024\/10\/WURN_logo_UUS_v3_1_original_black.png","width":270,"height":316,"caption":"WURN urnid"},"image":{"@id":"https:\/\/wurn.eu\/#\/schema\/logo\/image\/"}}]}},"jetpack_sharing_enabled":true,"_links":{"self":[{"href":"https:\/\/wurn.eu\/fi\/wp-json\/wp\/v2\/pages\/3243","targetHints":{"allow":["GET"]}}],"collection":[{"href":"https:\/\/wurn.eu\/fi\/wp-json\/wp\/v2\/pages"}],"about":[{"href":"https:\/\/wurn.eu\/fi\/wp-json\/wp\/v2\/types\/page"}],"author":[{"embeddable":true,"href":"https:\/\/wurn.eu\/fi\/wp-json\/wp\/v2\/users\/1"}],"replies":[{"embeddable":true,"href":"https:\/\/wurn.eu\/fi\/wp-json\/wp\/v2\/comments?post=3243"}],"version-history":[{"count":6,"href":"https:\/\/wurn.eu\/fi\/wp-json\/wp\/v2\/pages\/3243\/revisions"}],"predecessor-version":[{"id":4143,"href":"https:\/\/wurn.eu\/fi\/wp-json\/wp\/v2\/pages\/3243\/revisions\/4143"}],"wp:featuredmedia":[{"embeddable":true,"href":"https:\/\/wurn.eu\/fi\/wp-json\/wp\/v2\/media\/3237"}],"wp:attachment":[{"href":"https:\/\/wurn.eu\/fi\/wp-json\/wp\/v2\/media?parent=3243"}],"curies":[{"name":"wp","href":"https:\/\/api.w.org\/{rel}","templated":true}]}}