{"id":3241,"date":"2024-10-20T17:11:28","date_gmt":"2024-10-20T14:11:28","guid":{"rendered":"https:\/\/wurn.eu\/faq\/"},"modified":"2025-10-13T12:54:09","modified_gmt":"2025-10-13T09:54:09","slug":"ukk","status":"publish","type":"page","link":"https:\/\/wurn.eu\/fi\/ukk\/","title":{"rendered":"UKK"},"content":{"rendered":"\t\t<div data-elementor-type=\"wp-page\" data-elementor-id=\"3241\" class=\"elementor elementor-3241 elementor-263\" data-elementor-post-type=\"page\">\n\t\t\t\t<div class=\"elementor-element elementor-element-2a9411d8 e-con-full e-flex e-con e-parent\" data-id=\"2a9411d8\" data-element_type=\"container\" data-e-type=\"container\">\n\t\t\t\t<div class=\"elementor-element elementor-element-2d8d816d elementor-widget elementor-widget-heading\" data-id=\"2d8d816d\" data-element_type=\"widget\" data-e-type=\"widget\" data-widget_type=\"heading.default\">\n\t\t\t\t<div class=\"elementor-widget-container\">\n\t\t\t\t\t<h3 class=\"elementor-heading-title elementor-size-default\">USEIN KYSYTTYJ\u00c4 KYSYMYKSI\u00c4<\/h3>\t\t\t\t<\/div>\n\t\t\t\t<\/div>\n\t\t<div class=\"elementor-element elementor-element-6d52b0c8 e-con-full e-flex e-con e-child\" data-id=\"6d52b0c8\" data-element_type=\"container\" data-e-type=\"container\">\n\t\t\t\t<div class=\"elementor-element elementor-element-51843bc6 elementor-widget elementor-widget-toggle\" data-id=\"51843bc6\" data-element_type=\"widget\" data-e-type=\"widget\" data-widget_type=\"toggle.default\">\n\t\t\t\t<div class=\"elementor-widget-container\">\n\t\t\t\t\t\t\t<div class=\"elementor-toggle\">\n\t\t\t\t\t\t\t<div class=\"elementor-toggle-item\">\n\t\t\t\t\t<h1 id=\"elementor-tab-title-1361\" class=\"elementor-tab-title\" data-tab=\"1\" role=\"button\" aria-controls=\"elementor-tab-content-1361\" aria-expanded=\"false\">\n\t\t\t\t\t\t\t\t\t\t\t\t<a class=\"elementor-toggle-title\" tabindex=\"0\">Millainen uurna kannattaa valita?<\/a>\n\t\t\t\t\t<\/h1>\n\n\t\t\t\t\t<div id=\"elementor-tab-content-1361\" class=\"elementor-tab-content elementor-clearfix\" data-tab=\"1\" role=\"region\" aria-labelledby=\"elementor-tab-title-1361\"><p data-start=\"378\" data-end=\"644\">Tuhkan m\u00e4\u00e4r\u00e4 riippuu luumassasta ja luuntiheydest\u00e4, joka muodostuu elettyjen vuosien my\u00f6t\u00e4. Sit\u00e4 ei voida sanoa kehon painon perusteella, mutta se voidaan kuitenkin johtaa seuraavalla kaavalla: <strong data-start=\"235\" data-end=\"243\">1 kg<\/strong> \u2192 <strong>~0,04 l<\/strong>. <\/p>\n<p data-start=\"378\" data-end=\"644\">Esimerkiksi vanhoilla ihmisill\u00e4 luuntiheys v\u00e4henee ajan my\u00f6t\u00e4, joten my\u00f6s tuhkam\u00e4\u00e4r\u00e4 pienenee<\/p>\n<p data-start=\"537\" data-end=\"674\"><strong>Aikuisesta ja nuoresta<\/strong> j\u00e4\u00e4 keskim\u00e4\u00e4rin 2,4\u20134,5 litraa tuhkaa ja t\u00e4ll\u00f6in <strong>suuri uurna<\/strong> on sopiva.<\/p>\n<p data-start=\"855\" data-end=\"975\">Yli 2-vuotiaasta lapsesta j\u00e4\u00e4 keskim\u00e4\u00e4rin 0,5\u20132,4 litraa tuhkaa ja t\u00e4ll\u00f6in keskikokoinen uurna on sopiva.  <strong> Se sopii my\u00f6s pienikokoiselle vanhemmalle ihmiselle. <\/strong><\/p>\n<p data-start=\"855\" data-end=\"975\"><strong>Lemmikkiel\u00e4imist\u00e4 <\/strong>(enint\u00e4\u00e4n 16 kg) j\u00e4\u00e4 keskim\u00e4\u00e4rin 0,6 l tuhkaa ja niille sopii <strong>pieni uurna.<\/strong><\/p>\n<p data-start=\"855\" data-end=\"975\">Alle 2-vuotiaalle lapselle sopii <strong>pieni uurna.<\/strong><\/p>\n<\/div>\n\t\t\t\t<\/div>\n\t\t\t\t\t\t\t<div class=\"elementor-toggle-item\">\n\t\t\t\t\t<h1 id=\"elementor-tab-title-1362\" class=\"elementor-tab-title\" data-tab=\"2\" role=\"button\" aria-controls=\"elementor-tab-content-1362\" aria-expanded=\"false\">\n\t\t\t\t\t\t\t\t\t\t\t\t<a class=\"elementor-toggle-title\" tabindex=\"0\">Itse ostetun uurnan kanssa hautaustoimistoon?<\/a>\n\t\t\t\t\t<\/h1>\n\n\t\t\t\t\t<div id=\"elementor-tab-content-1362\" class=\"elementor-tab-content elementor-clearfix\" data-tab=\"2\" role=\"region\" aria-labelledby=\"elementor-tab-title-1362\"><p>WURN-uurnan k\u00e4ytt\u00f6 tuhkahautauksessa on helppoa ja nopeaa.<\/p>\n<ol>\n<li>\n<p><strong>Katalogi <\/strong>\u2013 valitse sopiva uurna. Kysy tarvittaessa neuvoa \u2013 autamme valitsemaan. <\/p>\n<\/li>\n<li>\n<p><strong>Ota yhteytt\u00e4<\/strong> \u2013 neuvonnan j\u00e4lkeen kokoamme ja pakkaamme valitsemasi uurnan.<\/p>\n<\/li>\n<li>\n<p><strong>Toimitus <\/strong>\u2013 l\u00e4het\u00e4mme uurnan valitsemaasi pakettiautomaattiin. Viron sis\u00e4inen toimitus on yleens\u00e4 1-2 arkip\u00e4iv\u00e4\u00e4. <strong>Suomeen 2\u20134 arkip\u00e4iv\u00e4\u00e4.<\/strong> <\/p>\n<\/li>\n<li>\n<p><strong>K\u00e4ytt\u00f6 <\/strong>\u2013 uurnan saavuttua toimita se hautaustoimistoon. Tuhkan laittamisesta uurnaan huolehtii joko krematorio tai hautaustoimisto. Avaaminen ja sulkeminen on helppoa, mik\u00e4 tekee uurnan k\u00e4yt\u00f6st\u00e4 yksinkertaista ja kunnioittavaa.  <\/p>\n<\/li>\n<\/ol>\n<p><strong style=\"letter-spacing: 0px; word-spacing: 0em;\">Yhteenveto:<\/strong><\/p>\n<p>\u2013 autamme sinua tilaamisessa<br \/>\u2013 toimitus tapahtuu muutaman arkip\u00e4iv\u00e4n kuluessa<br \/>\u2013 k\u00e4ytt\u00f6 on helppoa<\/p>\n<\/div>\n\t\t\t\t<\/div>\n\t\t\t\t\t\t\t<div class=\"elementor-toggle-item\">\n\t\t\t\t\t<h1 id=\"elementor-tab-title-1363\" class=\"elementor-tab-title\" data-tab=\"3\" role=\"button\" aria-controls=\"elementor-tab-content-1363\" aria-expanded=\"false\">\n\t\t\t\t\t\t\t\t\t\t\t\t<a class=\"elementor-toggle-title\" tabindex=\"0\">J\u00e4lkipaleoliittiset rituaalit uurnalla?<\/a>\n\t\t\t\t\t<\/h1>\n\n\t\t\t\t\t<div id=\"elementor-tab-content-1363\" class=\"elementor-tab-content elementor-clearfix\" data-tab=\"3\" role=\"region\" aria-labelledby=\"elementor-tab-title-1363\"><p>Tuhkahautaus on nyky\u00e4\u00e4n yleisin tapa. Siihen ei ole ehdottomia s\u00e4\u00e4nt\u00f6j\u00e4. Haluttaessa uurnalla voidaan suorittaa erilaisia rituaaleja.  <\/p>\n<p><strong>Hautaaminen <\/strong>\u2013 tuhkahautauksen valitsemiseen on monia hyvi\u00e4 syit\u00e4, joista yksi on v\u00e4h\u00e4isen tilan tarve hautausmaalla. N\u00e4in l\u00e4heiset voidaan haudata toistensa viereen. <\/p>\n<p><strong>Muistouurna <\/strong>\u2013 tuhkauksen j\u00e4lkeen uurnaa voidaan s\u00e4ilytt\u00e4\u00e4 kotona. N\u00e4in voitte suunnitella hautaamisaikaa pidemp\u00e4\u00e4n omaisten kanssa. <\/p>\n<p><strong>Tuhkan sirottelu<\/strong> \u2013 haluttaessa tuhka voidaan sirotella omaisille ja vainajalle t\u00e4rke\u00e4\u00e4n paikkaan. Uurna voidaan haudata maahan my\u00f6hemmin esimerkiksi tuhkan sirottelurituaalin j\u00e4lkeen. Uurna maatuu nopeasti.  <\/p>\n<\/div>\n\t\t\t\t<\/div>\n\t\t\t\t\t\t\t<div class=\"elementor-toggle-item\">\n\t\t\t\t\t<h1 id=\"elementor-tab-title-1364\" class=\"elementor-tab-title\" data-tab=\"4\" role=\"button\" aria-controls=\"elementor-tab-content-1364\" aria-expanded=\"false\">\n\t\t\t\t\t\t\t\t\t\t\t\t<a class=\"elementor-toggle-title\" tabindex=\"0\">Toimitusaika?<\/a>\n\t\t\t\t\t<\/h1>\n\n\t\t\t\t\t<div id=\"elementor-tab-content-1364\" class=\"elementor-tab-content elementor-clearfix\" data-tab=\"4\" role=\"region\" aria-labelledby=\"elementor-tab-title-1364\"><p data-start=\"133\" data-end=\"291\">Toimitusaika Virossa on keskim\u00e4\u00e4rin 1\u20132 arkip\u00e4iv\u00e4\u00e4 tilauksen vahvistamisesta. Suomeen 2\u20134 arkip\u00e4iv\u00e4\u00e4.<\/p>\n<p data-start=\"293\" data-end=\"625\"><strong data-start=\"293\" data-end=\"323\">Onko minun tilattava nopeasti?<\/strong><br data-start=\"323\" data-end=\"326\">Sinun ei tarvitse huolehtia eik\u00e4 kiirehti\u00e4. Kuoleman j\u00e4lkeen suunnitellaan tuhkaus. Se on aika, jolloin voi rauhassa valita uurnan. Hautaustoimistot ovat avuliaita ja auttavat valitsemasi uurnan k\u00e4yt\u00f6ss\u00e4.   <\/p>\n<\/div>\n\t\t\t\t<\/div>\n\t\t\t\t\t\t\t<div class=\"elementor-toggle-item\">\n\t\t\t\t\t<h1 id=\"elementor-tab-title-1365\" class=\"elementor-tab-title\" data-tab=\"5\" role=\"button\" aria-controls=\"elementor-tab-content-1365\" aria-expanded=\"false\">\n\t\t\t\t\t\t\t\t\t\t\t\t<a class=\"elementor-toggle-title\" tabindex=\"0\">Materiaali?<\/a>\n\t\t\t\t\t<\/h1>\n\n\t\t\t\t\t<div id=\"elementor-tab-content-1365\" class=\"elementor-tab-content elementor-clearfix\" data-tab=\"5\" role=\"region\" aria-labelledby=\"elementor-tab-title-1365\"><p data-start=\"9\" data-end=\"136\">WURN-uurnat on valmistettu <strong>lampaanvillasta <\/strong>ja <strong>tammesta <\/strong>\u2013 pehmeit\u00e4 ja l\u00e4mpimi\u00e4 koskettaa, eritt\u00e4in kest\u00e4vi\u00e4 ja luonnossa nopeasti biohajoavia. Villa ja puu ovat biohajoavia sek\u00e4 maaper\u00e4ss\u00e4 ett\u00e4 vesiymp\u00e4rist\u00f6ss\u00e4. <\/p>\n<ul data-start=\"138\" data-end=\"378\">\n<li data-start=\"138\" data-end=\"218\">\n<p data-start=\"140\" data-end=\"218\">100 % <strong>villa <\/strong><strong>maatuu<\/strong> haudattuna noin 95 %:n laajuudessa <strong data-start=\"50\" data-end=\"94\">3\u20134 kuukaudessa.<\/strong><\/p>\n<\/li>\n<li data-start=\"219\" data-end=\"299\">\n<p data-start=\"221\" data-end=\"299\"><strong>Testit osoittavat<\/strong>, ett\u00e4 hajoaminen n\u00e4kyy 3 <strong data-start=\"72\" data-end=\"93\" data-is-last-node=\"\">viikon kuluttua.<\/strong><\/p>\n<\/li>\n<\/ul>\n<\/div>\n\t\t\t\t<\/div>\n\t\t\t\t\t\t\t\t<\/div>\n\t\t\t\t\t\t<\/div>\n\t\t\t\t<\/div>\n\t\t\t\t<\/div>\n\t\t\t\t<\/div>\n\t\t\t\t<\/div>\n\t\t","protected":false},"excerpt":{"rendered":"<p>USEIN KYSYTTYJ\u00c4 KYSYMYKSI\u00c4 Millainen uurna kannattaa valita? Tuhkan m\u00e4\u00e4r\u00e4 riippuu luumassasta ja luuntiheydest\u00e4, joka muodostuu elettyjen vuosien my\u00f6t\u00e4. Sit\u00e4 ei voida sanoa kehon painon perusteella, mutta se voidaan kuitenkin johtaa seuraavalla kaavalla: 1 kg \u2192 ~0,04 l. Esimerkiksi vanhoilla ihmisill\u00e4 luuntiheys v\u00e4henee ajan my\u00f6t\u00e4, joten my\u00f6s tuhkam\u00e4\u00e4r\u00e4 pienenee Aikuisesta ja nuoresta j\u00e4\u00e4 keskim\u00e4\u00e4rin 2,4\u20134,5 litraa&#8230;<\/p>\n","protected":false},"author":1,"featured_media":3237,"parent":0,"menu_order":0,"comment_status":"closed","ping_status":"closed","template":"elementor_header_footer","meta":{"_monsterinsights_skip_tracking":false,"_monsterinsights_sitenote_active":false,"_monsterinsights_sitenote_note":"","_monsterinsights_sitenote_category":0,"footnotes":""},"class_list":["post-3241","page","type-page","status-publish","has-post-thumbnail","hentry"],"yoast_head":"<!-- This site is optimized with the Yoast SEO plugin v26.6 - https:\/\/yoast.com\/wordpress\/plugins\/seo\/ -->\n<title>UKK - WURN urnid<\/title>\n<meta name=\"description\" content=\"Vastauksia yleisimpiin kysymyksiin WURN-huopauurnoista: tilaaminen, toimitus, tuotekohtaiset tiedot, koot ja materiaalit. L\u00f6yd\u00e4 tarvitsemasi tiedot helposti.\" \/>\n<meta name=\"robots\" content=\"index, follow, max-snippet:-1, max-image-preview:large, max-video-preview:-1\" \/>\n<link rel=\"canonical\" href=\"https:\/\/wurn.eu\/fi\/ukk\/\" \/>\n<meta property=\"og:locale\" content=\"fi_FI\" \/>\n<meta property=\"og:type\" content=\"article\" \/>\n<meta property=\"og:title\" content=\"UKK - WURN urnid\" \/>\n<meta property=\"og:description\" content=\"Vastauksia yleisimpiin kysymyksiin WURN-huopauurnoista: tilaaminen, toimitus, tuotekohtaiset tiedot, koot ja materiaalit. L\u00f6yd\u00e4 tarvitsemasi tiedot helposti.\" \/>\n<meta property=\"og:url\" content=\"https:\/\/wurn.eu\/fi\/ukk\/\" \/>\n<meta property=\"og:site_name\" content=\"WURN urnid\" \/>\n<meta property=\"article:modified_time\" content=\"2025-10-13T09:54:09+00:00\" \/>\n<meta property=\"og:image\" content=\"https:\/\/wurn.eu\/wp-content\/uploads\/2024\/10\/DSCF9447-1-scaled.jpg\" \/>\n\t<meta property=\"og:image:width\" content=\"2560\" \/>\n\t<meta property=\"og:image:height\" content=\"1707\" \/>\n\t<meta property=\"og:image:type\" content=\"image\/jpeg\" \/>\n<meta name=\"twitter:card\" content=\"summary_large_image\" \/>\n<meta name=\"twitter:label1\" content=\"Arvioitu lukuaika\" \/>\n\t<meta name=\"twitter:data1\" content=\"2 minuuttia\" \/>\n<script type=\"application\/ld+json\" class=\"yoast-schema-graph\">{\"@context\":\"https:\/\/schema.org\",\"@graph\":[{\"@type\":\"WebPage\",\"@id\":\"https:\/\/wurn.eu\/fi\/ukk\/\",\"url\":\"https:\/\/wurn.eu\/fi\/ukk\/\",\"name\":\"UKK - WURN urnid\",\"isPartOf\":{\"@id\":\"https:\/\/wurn.eu\/#website\"},\"primaryImageOfPage\":{\"@id\":\"https:\/\/wurn.eu\/fi\/ukk\/#primaryimage\"},\"image\":{\"@id\":\"https:\/\/wurn.eu\/fi\/ukk\/#primaryimage\"},\"thumbnailUrl\":\"https:\/\/wurn.eu\/wp-content\/uploads\/2024\/10\/DSCF9447-1-scaled.jpg\",\"datePublished\":\"2024-10-20T14:11:28+00:00\",\"dateModified\":\"2025-10-13T09:54:09+00:00\",\"description\":\"Vastauksia yleisimpiin kysymyksiin WURN-huopauurnoista: tilaaminen, toimitus, tuotekohtaiset tiedot, koot ja materiaalit. L\u00f6yd\u00e4 tarvitsemasi tiedot helposti.\",\"breadcrumb\":{\"@id\":\"https:\/\/wurn.eu\/fi\/ukk\/#breadcrumb\"},\"inLanguage\":\"fi\",\"potentialAction\":[{\"@type\":\"ReadAction\",\"target\":[\"https:\/\/wurn.eu\/fi\/ukk\/\"]}]},{\"@type\":\"ImageObject\",\"inLanguage\":\"fi\",\"@id\":\"https:\/\/wurn.eu\/fi\/ukk\/#primaryimage\",\"url\":\"https:\/\/wurn.eu\/wp-content\/uploads\/2024\/10\/DSCF9447-1-scaled.jpg\",\"contentUrl\":\"https:\/\/wurn.eu\/wp-content\/uploads\/2024\/10\/DSCF9447-1-scaled.jpg\",\"width\":2560,\"height\":1707,\"caption\":\"WURN urn tuhaurnid\"},{\"@type\":\"BreadcrumbList\",\"@id\":\"https:\/\/wurn.eu\/fi\/ukk\/#breadcrumb\",\"itemListElement\":[{\"@type\":\"ListItem\",\"position\":1,\"name\":\"Home\",\"item\":\"https:\/\/wurn.eu\/\"},{\"@type\":\"ListItem\",\"position\":2,\"name\":\"UKK\"}]},{\"@type\":\"WebSite\",\"@id\":\"https:\/\/wurn.eu\/#website\",\"url\":\"https:\/\/wurn.eu\/\",\"name\":\"WURN urnid\",\"description\":\"Lambavillasest vildist ja v\u00e4\u00e4rispuidust birolagunevad urnid\",\"publisher\":{\"@id\":\"https:\/\/wurn.eu\/#organization\"},\"potentialAction\":[{\"@type\":\"SearchAction\",\"target\":{\"@type\":\"EntryPoint\",\"urlTemplate\":\"https:\/\/wurn.eu\/?s={search_term_string}\"},\"query-input\":{\"@type\":\"PropertyValueSpecification\",\"valueRequired\":true,\"valueName\":\"search_term_string\"}}],\"inLanguage\":\"fi\"},{\"@type\":\"Organization\",\"@id\":\"https:\/\/wurn.eu\/#organization\",\"name\":\"WURN urnid\",\"url\":\"https:\/\/wurn.eu\/\",\"logo\":{\"@type\":\"ImageObject\",\"inLanguage\":\"fi\",\"@id\":\"https:\/\/wurn.eu\/#\/schema\/logo\/image\/\",\"url\":\"https:\/\/wurn.eu\/wp-content\/uploads\/2024\/10\/WURN_logo_UUS_v3_1_original_black.png\",\"contentUrl\":\"https:\/\/wurn.eu\/wp-content\/uploads\/2024\/10\/WURN_logo_UUS_v3_1_original_black.png\",\"width\":270,\"height\":316,\"caption\":\"WURN urnid\"},\"image\":{\"@id\":\"https:\/\/wurn.eu\/#\/schema\/logo\/image\/\"}}]}<\/script>\n<!-- \/ Yoast SEO plugin. -->","yoast_head_json":{"title":"UKK - WURN urnid","description":"Vastauksia yleisimpiin kysymyksiin WURN-huopauurnoista: tilaaminen, toimitus, tuotekohtaiset tiedot, koot ja materiaalit. L\u00f6yd\u00e4 tarvitsemasi tiedot helposti.","robots":{"index":"index","follow":"follow","max-snippet":"max-snippet:-1","max-image-preview":"max-image-preview:large","max-video-preview":"max-video-preview:-1"},"canonical":"https:\/\/wurn.eu\/fi\/ukk\/","og_locale":"fi_FI","og_type":"article","og_title":"UKK - WURN urnid","og_description":"Vastauksia yleisimpiin kysymyksiin WURN-huopauurnoista: tilaaminen, toimitus, tuotekohtaiset tiedot, koot ja materiaalit. L\u00f6yd\u00e4 tarvitsemasi tiedot helposti.","og_url":"https:\/\/wurn.eu\/fi\/ukk\/","og_site_name":"WURN urnid","article_modified_time":"2025-10-13T09:54:09+00:00","og_image":[{"width":2560,"height":1707,"url":"https:\/\/wurn.eu\/wp-content\/uploads\/2024\/10\/DSCF9447-1-scaled.jpg","type":"image\/jpeg"}],"twitter_card":"summary_large_image","twitter_misc":{"Arvioitu lukuaika":"2 minuuttia"},"schema":{"@context":"https:\/\/schema.org","@graph":[{"@type":"WebPage","@id":"https:\/\/wurn.eu\/fi\/ukk\/","url":"https:\/\/wurn.eu\/fi\/ukk\/","name":"UKK - WURN urnid","isPartOf":{"@id":"https:\/\/wurn.eu\/#website"},"primaryImageOfPage":{"@id":"https:\/\/wurn.eu\/fi\/ukk\/#primaryimage"},"image":{"@id":"https:\/\/wurn.eu\/fi\/ukk\/#primaryimage"},"thumbnailUrl":"https:\/\/wurn.eu\/wp-content\/uploads\/2024\/10\/DSCF9447-1-scaled.jpg","datePublished":"2024-10-20T14:11:28+00:00","dateModified":"2025-10-13T09:54:09+00:00","description":"Vastauksia yleisimpiin kysymyksiin WURN-huopauurnoista: tilaaminen, toimitus, tuotekohtaiset tiedot, koot ja materiaalit. L\u00f6yd\u00e4 tarvitsemasi tiedot helposti.","breadcrumb":{"@id":"https:\/\/wurn.eu\/fi\/ukk\/#breadcrumb"},"inLanguage":"fi","potentialAction":[{"@type":"ReadAction","target":["https:\/\/wurn.eu\/fi\/ukk\/"]}]},{"@type":"ImageObject","inLanguage":"fi","@id":"https:\/\/wurn.eu\/fi\/ukk\/#primaryimage","url":"https:\/\/wurn.eu\/wp-content\/uploads\/2024\/10\/DSCF9447-1-scaled.jpg","contentUrl":"https:\/\/wurn.eu\/wp-content\/uploads\/2024\/10\/DSCF9447-1-scaled.jpg","width":2560,"height":1707,"caption":"WURN urn tuhaurnid"},{"@type":"BreadcrumbList","@id":"https:\/\/wurn.eu\/fi\/ukk\/#breadcrumb","itemListElement":[{"@type":"ListItem","position":1,"name":"Home","item":"https:\/\/wurn.eu\/"},{"@type":"ListItem","position":2,"name":"UKK"}]},{"@type":"WebSite","@id":"https:\/\/wurn.eu\/#website","url":"https:\/\/wurn.eu\/","name":"WURN urnid","description":"Lambavillasest vildist ja v\u00e4\u00e4rispuidust birolagunevad urnid","publisher":{"@id":"https:\/\/wurn.eu\/#organization"},"potentialAction":[{"@type":"SearchAction","target":{"@type":"EntryPoint","urlTemplate":"https:\/\/wurn.eu\/?s={search_term_string}"},"query-input":{"@type":"PropertyValueSpecification","valueRequired":true,"valueName":"search_term_string"}}],"inLanguage":"fi"},{"@type":"Organization","@id":"https:\/\/wurn.eu\/#organization","name":"WURN urnid","url":"https:\/\/wurn.eu\/","logo":{"@type":"ImageObject","inLanguage":"fi","@id":"https:\/\/wurn.eu\/#\/schema\/logo\/image\/","url":"https:\/\/wurn.eu\/wp-content\/uploads\/2024\/10\/WURN_logo_UUS_v3_1_original_black.png","contentUrl":"https:\/\/wurn.eu\/wp-content\/uploads\/2024\/10\/WURN_logo_UUS_v3_1_original_black.png","width":270,"height":316,"caption":"WURN urnid"},"image":{"@id":"https:\/\/wurn.eu\/#\/schema\/logo\/image\/"}}]}},"jetpack_sharing_enabled":true,"_links":{"self":[{"href":"https:\/\/wurn.eu\/fi\/wp-json\/wp\/v2\/pages\/3241","targetHints":{"allow":["GET"]}}],"collection":[{"href":"https:\/\/wurn.eu\/fi\/wp-json\/wp\/v2\/pages"}],"about":[{"href":"https:\/\/wurn.eu\/fi\/wp-json\/wp\/v2\/types\/page"}],"author":[{"embeddable":true,"href":"https:\/\/wurn.eu\/fi\/wp-json\/wp\/v2\/users\/1"}],"replies":[{"embeddable":true,"href":"https:\/\/wurn.eu\/fi\/wp-json\/wp\/v2\/comments?post=3241"}],"version-history":[{"count":5,"href":"https:\/\/wurn.eu\/fi\/wp-json\/wp\/v2\/pages\/3241\/revisions"}],"predecessor-version":[{"id":3687,"href":"https:\/\/wurn.eu\/fi\/wp-json\/wp\/v2\/pages\/3241\/revisions\/3687"}],"wp:featuredmedia":[{"embeddable":true,"href":"https:\/\/wurn.eu\/fi\/wp-json\/wp\/v2\/media\/3237"}],"wp:attachment":[{"href":"https:\/\/wurn.eu\/fi\/wp-json\/wp\/v2\/media?parent=3241"}],"curies":[{"name":"wp","href":"https:\/\/api.w.org\/{rel}","templated":true}]}}