{"id":3234,"date":"2024-10-09T15:35:58","date_gmt":"2024-10-09T12:35:58","guid":{"rendered":"https:\/\/wurn.eu\/tietosuojakaytanto\/"},"modified":"2026-02-17T10:21:21","modified_gmt":"2026-02-17T08:21:21","slug":"tietosuojakaytanto","status":"publish","type":"page","link":"https:\/\/wurn.eu\/fi\/tietosuojakaytanto\/","title":{"rendered":"Tietosuojak\u00e4yt\u00e4nt\u00f6"},"content":{"rendered":"\t\t<div data-elementor-type=\"wp-page\" data-elementor-id=\"3234\" class=\"elementor elementor-3234 elementor-3\" data-elementor-post-type=\"page\">\n\t\t\t\t<div class=\"elementor-element elementor-element-6865e40c e-flex e-con-boxed e-con e-parent\" data-id=\"6865e40c\" data-element_type=\"container\" data-e-type=\"container\">\n\t\t\t\t\t<div class=\"e-con-inner\">\n\t\t\t\t<div class=\"elementor-element elementor-element-6da93331 elementor-widget elementor-widget-text-editor\" data-id=\"6da93331\" data-element_type=\"widget\" data-e-type=\"widget\" data-widget_type=\"text-editor.default\">\n\t\t\t\t<div class=\"elementor-widget-container\">\n\t\t\t\t\t\t\t\t\t<h2 data-start=\"285\" data-end=\"311\">HENKIL\u00d6TIETOJEN K\u00c4SITTELY<\/h2><p data-start=\"313\" data-end=\"392\">Verkkosivuston<a class=\"decorated-link\" href=\"http:\/\/www.wurn.eu\" target=\"_new\" rel=\"noopener\" data-start=\"323\" data-end=\"334\"> www.wurn.eu<\/a> (j\u00e4ljemp\u00e4n\u00e4 \u201dVerkkosivusto\u201d) henkil\u00f6tietojen rekisterinpit\u00e4j\u00e4 on:<\/p><p data-start=\"394\" data-end=\"521\">Wurn O\u00dc<br data-start=\"405\" data-end=\"408\">Y-tunnus (rekisterinumero): 17231525<br data-start=\"430\" data-end=\"433\">Osoite: Haeska kyl\u00e4, Saaremaa, Viro<br data-start=\"470\" data-end=\"473\">S\u00e4hk\u00f6posti:<strong data-start=\"394\" data-end=\"405\"> info@wurn.eu<\/strong><br data-start=\"493\" data-end=\"496\">Puhelin: <a class=\"decorated-link cursor-pointer\" rel=\"noopener\" data-start=\"481\" data-end=\"493\">+372 5628 6826<\/a><\/p><p data-start=\"523\" data-end=\"676\">Wurn O\u00dc kunnioittaa yksityisyytt\u00e4si ja k\u00e4sittelee henkil\u00f6tietoja Euroopan unionin yleisen tietosuoja-asetuksen (GDPR) sek\u00e4 Viron tasavallan lains\u00e4\u00e4d\u00e4nn\u00f6n mukaisesti.<\/p><hr data-start=\"678\" data-end=\"681\"><h2 data-start=\"683\" data-end=\"720\">Millaisia henkil\u00f6tietoja k\u00e4sitell\u00e4\u00e4n?<\/h2><p data-start=\"722\" data-end=\"766\">Wurn O\u00dc voi k\u00e4sitell\u00e4 seuraavia henkil\u00f6tietoja:<\/p><ul data-start=\"768\" data-end=\"1027\"><li data-start=\"768\" data-end=\"776\"><p data-start=\"770\" data-end=\"776\">nimi<\/p><\/li><li data-start=\"777\" data-end=\"795\"><p data-start=\"779\" data-end=\"795\">puhelinnumero<\/p><\/li><li data-start=\"796\" data-end=\"815\"><p data-start=\"798\" data-end=\"815\">s\u00e4hk\u00f6postiosoite<\/p><\/li><li data-start=\"816\" data-end=\"832\"><p data-start=\"818\" data-end=\"832\">toimitusosoite<\/p><\/li><li data-start=\"833\" data-end=\"895\"><p data-start=\"835\" data-end=\"895\">tilaukseen liittyv\u00e4t tiedot (tuotteen nimi, m\u00e4\u00e4r\u00e4, hinta)<\/p><\/li><li data-start=\"896\" data-end=\"930\"><p data-start=\"898\" data-end=\"930\">arveldamiseks vajalikud andmed<\/p><\/li><li data-start=\"931\" data-end=\"964\"><p data-start=\"933\" data-end=\"964\">asiakasviestint\u00e4\u00e4n liittyv\u00e4t tiedot<\/p><\/li><li data-start=\"965\" data-end=\"1027\"><p data-start=\"967\" data-end=\"1027\">verkkosivun vierailun yhteydess\u00e4 IP-osoite ja tekniset lokitiedot<\/p><\/li><\/ul><hr data-start=\"1029\" data-end=\"1032\"><h2 data-start=\"1034\" data-end=\"1068\">Henkil\u00f6tietojen k\u00e4sittelyn tarkoitus<\/h2><p data-start=\"1070\" data-end=\"1095\">Henkil\u00f6tietoja k\u00e4ytet\u00e4\u00e4n:<\/p><ul data-start=\"1097\" data-end=\"1324\"><li data-start=\"1097\" data-end=\"1137\"><p data-start=\"1099\" data-end=\"1137\">tilausten hallinnointiin ja toteuttamiseen<\/p><\/li><li data-start=\"1138\" data-end=\"1169\"><p data-start=\"1140\" data-end=\"1169\">tuotteiden toimittamiseen<\/p><\/li><li data-start=\"1170\" data-end=\"1212\"><p data-start=\"1172\" data-end=\"1212\">asiakasviestint\u00e4\u00e4n ja j\u00e4lkipalveluun<\/p><\/li><li data-start=\"1213\" data-end=\"1274\"><p data-start=\"1215\" data-end=\"1274\">laskujen laatimiseen ja kirjanpitovelvoitteiden t\u00e4ytt\u00e4miseen<\/p><\/li><li data-start=\"1275\" data-end=\"1324\"><p data-start=\"1277\" data-end=\"1324\">verkkosivun toiminnan ja turvallisuuden varmistamiseksi<\/p><\/li><\/ul><p data-start=\"1326\" data-end=\"1426\">Uutiskirjeit\u00e4 tai markkinointiviestej\u00e4 l\u00e4hetet\u00e4\u00e4n vain, jos henkil\u00f6 on antanut siihen erillisen suostumuksensa.<\/p><hr data-start=\"1428\" data-end=\"1431\"><h2 data-start=\"1433\" data-end=\"1449\">Oikeudellinen peruste<\/h2><p data-start=\"1451\" data-end=\"1482\">Henkil\u00f6tietojen k\u00e4sittely tapahtuu:<\/p><ul data-start=\"1484\" data-end=\"1680\"><li data-start=\"1484\" data-end=\"1525\"><p data-start=\"1486\" data-end=\"1525\">asiakkaan kanssa tehdyn sopimuksen t\u00e4ytt\u00e4miseksi<\/p><\/li><li data-start=\"1526\" data-end=\"1583\"><p data-start=\"1528\" data-end=\"1583\">lakis\u00e4\u00e4teisen velvoitteen t\u00e4ytt\u00e4miseksi (esim. kirjanpito)<\/p><\/li><li data-start=\"1584\" data-end=\"1636\"><p data-start=\"1586\" data-end=\"1636\">oikeutetun edun perusteella (esim. verkkosivun turvallisuus)<\/p><\/li><li data-start=\"1637\" data-end=\"1680\"><p data-start=\"1639\" data-end=\"1680\">asiakkaan suostumuksen perusteella (esim. uutiskirjeet)<\/p><\/li><\/ul><hr data-start=\"1682\" data-end=\"1685\"><h2 data-start=\"1687\" data-end=\"1713\">Henkil\u00f6tietojen luovuttaminen<\/h2><p data-start=\"1715\" data-end=\"1773\">Isikuandmeid ei m\u00fc\u00fcda ega edastata kolmandatele isikutele.<\/p><p data-start=\"1775\" data-end=\"1808\">Tietoja voidaan luovuttaa ainoastaan:<\/p><ul data-start=\"1810\" data-end=\"2037\"><li data-start=\"1810\" data-end=\"1893\"><p data-start=\"1812\" data-end=\"1893\">kuljetuspalvelun tarjoajalle (Omniva \/ Itella \/ Posti) tuotteiden toimittamista varten<\/p><\/li><li data-start=\"1894\" data-end=\"1972\"><p data-start=\"1896\" data-end=\"1972\">kirjanpitopalvelun tarjoajalle lakis\u00e4\u00e4teisten velvoitteiden t\u00e4ytt\u00e4miseksi<\/p><\/li><li data-start=\"1973\" data-end=\"2037\"><p data-start=\"1975\" data-end=\"2037\">verkkopalvelimen yll\u00e4pitopalvelun tarjoajalle teknisen palvelun toteuttamiseksi<\/p><\/li><\/ul><p data-start=\"2039\" data-end=\"2119\">Kaikkien henkil\u00f6tietojen k\u00e4sittelij\u00f6iden on varmistettava henkil\u00f6tietojen turvallinen k\u00e4sittely.<br><\/p><hr data-start=\"2121\" data-end=\"2124\"><h2 data-start=\"2126\" data-end=\"2148\">Andmete s\u00e4ilitamine<\/h2><p data-start=\"2150\" data-end=\"2212\">Henkil\u00f6tietoja s\u00e4ilytet\u00e4\u00e4n vain niin kauan kuin se on tarpeen:<\/p><ul data-start=\"2214\" data-end=\"2445\"><li data-start=\"2214\" data-end=\"2305\"><p data-start=\"2216\" data-end=\"2305\">tilauksiin liittyvi\u00e4 tietoja s\u00e4ilytet\u00e4\u00e4n kirjanpitolain mukaisesti (7 vuotta)<\/p><\/li><li data-start=\"2306\" data-end=\"2377\"><p data-start=\"2308\" data-end=\"2377\">asiakasviestint\u00e4\u00e4n liittyvi\u00e4 tietoja s\u00e4ilytet\u00e4\u00e4n vaatimuksen vanhentumiseen asti<\/p><\/li><li data-start=\"2378\" data-end=\"2445\"><p data-start=\"2380\" data-end=\"2445\">markkinointisuostumuksia s\u00e4ilytet\u00e4\u00e4n, kunnes suostumus peruutetaan<\/p><\/li><\/ul><hr data-start=\"2447\" data-end=\"2450\"><h2 data-start=\"2452\" data-end=\"2468\">Rekister\u00f6idyn oikeudet<br> <br><\/h2><p data-start=\"2470\" data-end=\"2484\">Sinulla on oikeus:<\/p><ul data-start=\"2486\" data-end=\"2735\"><li data-start=\"2486\" data-end=\"2536\"><p data-start=\"2488\" data-end=\"2536\">saada tietoa omien henkil\u00f6tietojesi k\u00e4sittelyst\u00e4<\/p><\/li><li data-start=\"2537\" data-end=\"2566\"><p data-start=\"2539\" data-end=\"2566\">vaatia tietojen oikaisemista<\/p><\/li><li data-start=\"2567\" data-end=\"2628\"><p data-start=\"2569\" data-end=\"2628\">vaatia tietojen poistamista, jos se on lainmukaista<\/p><\/li><li data-start=\"2629\" data-end=\"2659\"><p data-start=\"2631\" data-end=\"2659\">rajoittaa tietojen k\u00e4sittely\u00e4<\/p><\/li><li data-start=\"2660\" data-end=\"2689\"><p data-start=\"2662\" data-end=\"2689\">peruuttaa antamasi suostumus<\/p><\/li><li data-start=\"2690\" data-end=\"2735\"><p data-start=\"2692\" data-end=\"2735\">vastustaa tietojen k\u00e4sittely\u00e4<\/p><\/li><\/ul><p data-start=\"2737\" data-end=\"2791\">Pyyd\u00e4mme l\u00e4hett\u00e4m\u00e4\u00e4n pyynn\u00f6t s\u00e4hk\u00f6postiosoitteeseen: <a class=\"decorated-link cursor-pointer\" rel=\"noopener\" data-start=\"2779\" data-end=\"2791\">info@wurn.eu<\/a><\/p><p data-start=\"2793\" data-end=\"2827\">Vastaamme viimeist\u00e4\u00e4n kolmen arkip\u00e4iv\u00e4n kuluessa.<\/p><hr data-start=\"2829\" data-end=\"2832\"><h2 data-start=\"2834\" data-end=\"2847\">Tietoturva<\/h2><p data-start=\"2849\" data-end=\"3013\">Wurn O\u00dc toteuttaa asianmukaiset tekniset ja organisatoriset turvatoimenpiteet suojatakseen henkil\u00f6tietoja luvattomalta p\u00e4\u00e4sylt\u00e4, muuttamiselta, luovuttamiselta tai h\u00e4vitt\u00e4miselt\u00e4.<\/p><p data-start=\"3015\" data-end=\"3100\">Verkkosivun palvelimet sijaitsevat Euroopan unionin tai Euroopan talousalueen alueella.<\/p><hr data-start=\"3102\" data-end=\"3105\"><h2 data-start=\"3107\" data-end=\"3131\">Riitojen ratkaiseminen<\/h2><p data-start=\"3133\" data-end=\"3243\">Henkil\u00f6tietojen k\u00e4sittely\u00e4 koskevissa kysymyksiss\u00e4 pyyd\u00e4mme ensisijaisesti ottamaan meihin yhteytt\u00e4 s\u00e4hk\u00f6postitse osoitteeseen <a class=\"decorated-link cursor-pointer\" rel=\"noopener\" data-start=\"3230\" data-end=\"3242\">info@wurn.eu<\/a><\/p><p data-start=\"3245\" data-end=\"3311\">Valvontaviranomainen Virossa on Viron tietosuojavaltuutetun toimisto (<a class=\"decorated-link\" href=\"http:\/\/www.aki.ee\" target=\"_new\" rel=\"noopener\" data-start=\"3299\" data-end=\"3309\">www.aki.ee<\/a>).<\/p>\t\t\t\t\t\t\t\t<\/div>\n\t\t\t\t<\/div>\n\t\t\t\t\t<\/div>\n\t\t\t\t<\/div>\n\t\t\t\t<\/div>\n\t\t","protected":false},"excerpt":{"rendered":"<p>HENKIL\u00d6TIETOJEN K\u00c4SITTELY Verkkosivuston www.wurn.eu (j\u00e4ljemp\u00e4n\u00e4 \u201dVerkkosivusto\u201d) henkil\u00f6tietojen rekisterinpit\u00e4j\u00e4 on: Wurn O\u00dcY-tunnus (rekisterinumero): 17231525Osoite: Haeska kyl\u00e4, Saaremaa, ViroS\u00e4hk\u00f6posti: info@wurn.euPuhelin: +372 5628 6826 Wurn O\u00dc kunnioittaa yksityisyytt\u00e4si ja k\u00e4sittelee henkil\u00f6tietoja Euroopan unionin yleisen tietosuoja-asetuksen (GDPR) sek\u00e4 Viron tasavallan lains\u00e4\u00e4d\u00e4nn\u00f6n mukaisesti. Millaisia henkil\u00f6tietoja k\u00e4sitell\u00e4\u00e4n? Wurn O\u00dc voi k\u00e4sitell\u00e4 seuraavia henkil\u00f6tietoja: nimi puhelinnumero s\u00e4hk\u00f6postiosoite toimitusosoite tilaukseen liittyv\u00e4t tiedot (tuotteen&#8230;<\/p>\n","protected":false},"author":1,"featured_media":0,"parent":0,"menu_order":0,"comment_status":"closed","ping_status":"open","template":"","meta":{"_monsterinsights_skip_tracking":false,"_monsterinsights_sitenote_active":false,"_monsterinsights_sitenote_note":"","_monsterinsights_sitenote_category":0,"footnotes":""},"class_list":["post-3234","page","type-page","status-publish","hentry"],"yoast_head":"<!-- This site is optimized with the Yoast SEO plugin v26.6 - https:\/\/yoast.com\/wordpress\/plugins\/seo\/ -->\n<title>Tietosuojak\u00e4yt\u00e4nt\u00f6 - WURN urnid<\/title>\n<meta name=\"description\" content=\"Lue, miten ker\u00e4\u00e4mme, k\u00e4yt\u00e4mme ja suojaamme henkil\u00f6tietojasi. Tietosuoja on meille t\u00e4rke\u00e4\u00e4 - lue lis\u00e4\u00e4 k\u00e4yt\u00e4nn\u00f6ist\u00e4mme.\" \/>\n<meta name=\"robots\" content=\"index, follow, max-snippet:-1, max-image-preview:large, max-video-preview:-1\" \/>\n<link rel=\"canonical\" href=\"https:\/\/wurn.eu\/fi\/tietosuojakaytanto\/\" \/>\n<meta property=\"og:locale\" content=\"fi_FI\" \/>\n<meta property=\"og:type\" content=\"article\" \/>\n<meta property=\"og:title\" content=\"Tietosuojak\u00e4yt\u00e4nt\u00f6 - WURN urnid\" \/>\n<meta property=\"og:description\" content=\"Lue, miten ker\u00e4\u00e4mme, k\u00e4yt\u00e4mme ja suojaamme henkil\u00f6tietojasi. Tietosuoja on meille t\u00e4rke\u00e4\u00e4 - lue lis\u00e4\u00e4 k\u00e4yt\u00e4nn\u00f6ist\u00e4mme.\" \/>\n<meta property=\"og:url\" content=\"https:\/\/wurn.eu\/fi\/tietosuojakaytanto\/\" \/>\n<meta property=\"og:site_name\" content=\"WURN urnid\" \/>\n<meta property=\"article:modified_time\" content=\"2026-02-17T08:21:21+00:00\" \/>\n<meta name=\"twitter:card\" content=\"summary_large_image\" \/>\n<meta name=\"twitter:label1\" content=\"Arvioitu lukuaika\" \/>\n\t<meta name=\"twitter:data1\" content=\"2 minuuttia\" \/>\n<script type=\"application\/ld+json\" class=\"yoast-schema-graph\">{\"@context\":\"https:\/\/schema.org\",\"@graph\":[{\"@type\":\"WebPage\",\"@id\":\"https:\/\/wurn.eu\/fi\/tietosuojakaytanto\/\",\"url\":\"https:\/\/wurn.eu\/fi\/tietosuojakaytanto\/\",\"name\":\"Tietosuojak\u00e4yt\u00e4nt\u00f6 - WURN urnid\",\"isPartOf\":{\"@id\":\"https:\/\/wurn.eu\/#website\"},\"datePublished\":\"2024-10-09T12:35:58+00:00\",\"dateModified\":\"2026-02-17T08:21:21+00:00\",\"description\":\"Lue, miten ker\u00e4\u00e4mme, k\u00e4yt\u00e4mme ja suojaamme henkil\u00f6tietojasi. Tietosuoja on meille t\u00e4rke\u00e4\u00e4 - lue lis\u00e4\u00e4 k\u00e4yt\u00e4nn\u00f6ist\u00e4mme.\",\"breadcrumb\":{\"@id\":\"https:\/\/wurn.eu\/fi\/tietosuojakaytanto\/#breadcrumb\"},\"inLanguage\":\"fi\",\"potentialAction\":[{\"@type\":\"ReadAction\",\"target\":[\"https:\/\/wurn.eu\/fi\/tietosuojakaytanto\/\"]}]},{\"@type\":\"BreadcrumbList\",\"@id\":\"https:\/\/wurn.eu\/fi\/tietosuojakaytanto\/#breadcrumb\",\"itemListElement\":[{\"@type\":\"ListItem\",\"position\":1,\"name\":\"Home\",\"item\":\"https:\/\/wurn.eu\/\"},{\"@type\":\"ListItem\",\"position\":2,\"name\":\"Tietosuojak\u00e4yt\u00e4nt\u00f6\"}]},{\"@type\":\"WebSite\",\"@id\":\"https:\/\/wurn.eu\/#website\",\"url\":\"https:\/\/wurn.eu\/\",\"name\":\"WURN urnid\",\"description\":\"Lambavillasest vildist ja v\u00e4\u00e4rispuidust birolagunevad urnid\",\"publisher\":{\"@id\":\"https:\/\/wurn.eu\/#organization\"},\"potentialAction\":[{\"@type\":\"SearchAction\",\"target\":{\"@type\":\"EntryPoint\",\"urlTemplate\":\"https:\/\/wurn.eu\/?s={search_term_string}\"},\"query-input\":{\"@type\":\"PropertyValueSpecification\",\"valueRequired\":true,\"valueName\":\"search_term_string\"}}],\"inLanguage\":\"fi\"},{\"@type\":\"Organization\",\"@id\":\"https:\/\/wurn.eu\/#organization\",\"name\":\"WURN urnid\",\"url\":\"https:\/\/wurn.eu\/\",\"logo\":{\"@type\":\"ImageObject\",\"inLanguage\":\"fi\",\"@id\":\"https:\/\/wurn.eu\/#\/schema\/logo\/image\/\",\"url\":\"https:\/\/wurn.eu\/wp-content\/uploads\/2024\/10\/WURN_logo_UUS_v3_1_original_black.png\",\"contentUrl\":\"https:\/\/wurn.eu\/wp-content\/uploads\/2024\/10\/WURN_logo_UUS_v3_1_original_black.png\",\"width\":270,\"height\":316,\"caption\":\"WURN urnid\"},\"image\":{\"@id\":\"https:\/\/wurn.eu\/#\/schema\/logo\/image\/\"}}]}<\/script>\n<!-- \/ Yoast SEO plugin. -->","yoast_head_json":{"title":"Tietosuojak\u00e4yt\u00e4nt\u00f6 - WURN urnid","description":"Lue, miten ker\u00e4\u00e4mme, k\u00e4yt\u00e4mme ja suojaamme henkil\u00f6tietojasi. Tietosuoja on meille t\u00e4rke\u00e4\u00e4 - lue lis\u00e4\u00e4 k\u00e4yt\u00e4nn\u00f6ist\u00e4mme.","robots":{"index":"index","follow":"follow","max-snippet":"max-snippet:-1","max-image-preview":"max-image-preview:large","max-video-preview":"max-video-preview:-1"},"canonical":"https:\/\/wurn.eu\/fi\/tietosuojakaytanto\/","og_locale":"fi_FI","og_type":"article","og_title":"Tietosuojak\u00e4yt\u00e4nt\u00f6 - WURN urnid","og_description":"Lue, miten ker\u00e4\u00e4mme, k\u00e4yt\u00e4mme ja suojaamme henkil\u00f6tietojasi. Tietosuoja on meille t\u00e4rke\u00e4\u00e4 - lue lis\u00e4\u00e4 k\u00e4yt\u00e4nn\u00f6ist\u00e4mme.","og_url":"https:\/\/wurn.eu\/fi\/tietosuojakaytanto\/","og_site_name":"WURN urnid","article_modified_time":"2026-02-17T08:21:21+00:00","twitter_card":"summary_large_image","twitter_misc":{"Arvioitu lukuaika":"2 minuuttia"},"schema":{"@context":"https:\/\/schema.org","@graph":[{"@type":"WebPage","@id":"https:\/\/wurn.eu\/fi\/tietosuojakaytanto\/","url":"https:\/\/wurn.eu\/fi\/tietosuojakaytanto\/","name":"Tietosuojak\u00e4yt\u00e4nt\u00f6 - WURN urnid","isPartOf":{"@id":"https:\/\/wurn.eu\/#website"},"datePublished":"2024-10-09T12:35:58+00:00","dateModified":"2026-02-17T08:21:21+00:00","description":"Lue, miten ker\u00e4\u00e4mme, k\u00e4yt\u00e4mme ja suojaamme henkil\u00f6tietojasi. Tietosuoja on meille t\u00e4rke\u00e4\u00e4 - lue lis\u00e4\u00e4 k\u00e4yt\u00e4nn\u00f6ist\u00e4mme.","breadcrumb":{"@id":"https:\/\/wurn.eu\/fi\/tietosuojakaytanto\/#breadcrumb"},"inLanguage":"fi","potentialAction":[{"@type":"ReadAction","target":["https:\/\/wurn.eu\/fi\/tietosuojakaytanto\/"]}]},{"@type":"BreadcrumbList","@id":"https:\/\/wurn.eu\/fi\/tietosuojakaytanto\/#breadcrumb","itemListElement":[{"@type":"ListItem","position":1,"name":"Home","item":"https:\/\/wurn.eu\/"},{"@type":"ListItem","position":2,"name":"Tietosuojak\u00e4yt\u00e4nt\u00f6"}]},{"@type":"WebSite","@id":"https:\/\/wurn.eu\/#website","url":"https:\/\/wurn.eu\/","name":"WURN urnid","description":"Lambavillasest vildist ja v\u00e4\u00e4rispuidust birolagunevad urnid","publisher":{"@id":"https:\/\/wurn.eu\/#organization"},"potentialAction":[{"@type":"SearchAction","target":{"@type":"EntryPoint","urlTemplate":"https:\/\/wurn.eu\/?s={search_term_string}"},"query-input":{"@type":"PropertyValueSpecification","valueRequired":true,"valueName":"search_term_string"}}],"inLanguage":"fi"},{"@type":"Organization","@id":"https:\/\/wurn.eu\/#organization","name":"WURN urnid","url":"https:\/\/wurn.eu\/","logo":{"@type":"ImageObject","inLanguage":"fi","@id":"https:\/\/wurn.eu\/#\/schema\/logo\/image\/","url":"https:\/\/wurn.eu\/wp-content\/uploads\/2024\/10\/WURN_logo_UUS_v3_1_original_black.png","contentUrl":"https:\/\/wurn.eu\/wp-content\/uploads\/2024\/10\/WURN_logo_UUS_v3_1_original_black.png","width":270,"height":316,"caption":"WURN urnid"},"image":{"@id":"https:\/\/wurn.eu\/#\/schema\/logo\/image\/"}}]}},"jetpack_sharing_enabled":true,"_links":{"self":[{"href":"https:\/\/wurn.eu\/fi\/wp-json\/wp\/v2\/pages\/3234","targetHints":{"allow":["GET"]}}],"collection":[{"href":"https:\/\/wurn.eu\/fi\/wp-json\/wp\/v2\/pages"}],"about":[{"href":"https:\/\/wurn.eu\/fi\/wp-json\/wp\/v2\/types\/page"}],"author":[{"embeddable":true,"href":"https:\/\/wurn.eu\/fi\/wp-json\/wp\/v2\/users\/1"}],"replies":[{"embeddable":true,"href":"https:\/\/wurn.eu\/fi\/wp-json\/wp\/v2\/comments?post=3234"}],"version-history":[{"count":5,"href":"https:\/\/wurn.eu\/fi\/wp-json\/wp\/v2\/pages\/3234\/revisions"}],"predecessor-version":[{"id":3949,"href":"https:\/\/wurn.eu\/fi\/wp-json\/wp\/v2\/pages\/3234\/revisions\/3949"}],"wp:attachment":[{"href":"https:\/\/wurn.eu\/fi\/wp-json\/wp\/v2\/media?parent=3234"}],"curies":[{"name":"wp","href":"https:\/\/api.w.org\/{rel}","templated":true}]}}