{"id":3232,"date":"2024-11-14T13:56:33","date_gmt":"2024-11-14T11:56:33","guid":{"rendered":"https:\/\/wurn.eu\/tilausten-toimitus\/"},"modified":"2026-04-21T15:40:18","modified_gmt":"2026-04-21T12:40:18","slug":"tilausten-toimitus","status":"publish","type":"page","link":"https:\/\/wurn.eu\/fi\/tilausten-toimitus\/","title":{"rendered":"Toimitustiedot"},"content":{"rendered":"\t\t<div data-elementor-type=\"wp-page\" data-elementor-id=\"3232\" class=\"elementor elementor-3232 elementor-1150\" data-elementor-post-type=\"page\">\n\t\t\t\t<div class=\"elementor-element elementor-element-e06b703 e-flex e-con-boxed e-con e-parent\" data-id=\"e06b703\" data-element_type=\"container\" data-e-type=\"container\">\n\t\t\t\t\t<div class=\"e-con-inner\">\n\t\t\t\t<div class=\"elementor-element elementor-element-cba7a00 elementor-widget elementor-widget-text-editor\" data-id=\"cba7a00\" data-element_type=\"widget\" data-e-type=\"widget\" data-widget_type=\"text-editor.default\">\n\t\t\t\t<div class=\"elementor-widget-container\">\n\t\t\t\t\t\t\t\t\t<p>Toimitamme tuotteet nopeasti ja luotettavasti niin Viroon, Skandinaviaan kuin muualle Eurooppaan, Yhdistyneeseen kuningaskuntaan, Yhdysvaltoihin ja Kanadaan. Toimitustapa ja -hinta sovitaan tilausvahvistuksen yhteydess\u00e4. <\/p><h3>Toimitusalueet<\/h3><ul><li>Viro<\/li><li>Baltia (Latvia, Liettua)<\/li><li>Skandinavia (Suomi, Ruotsi, Tanska, Norja)<\/li><li>Euroopan maat<\/li><li>Yhdistynyt kuningaskunta<\/li><li>Yhdysvallat<\/li><li>Kanada<\/li><\/ul><h3>Toimitustavat<\/h3><ul><li>Nouto paikan p\u00e4\u00e4lt\u00e4. Tervetuloa Saaremaalle, Luha tilalle (ennakkoon sovittaessa).  +372 5628 6826<\/li><li>Pakettiautomaatti<\/li><li>Kuriiripalvelu<\/li><\/ul><h3>Toimitusaika<\/h3><ul><li>Suomen sis\u00e4iset l\u00e4hetykset saapuvat yleens\u00e4 perille 2\u20137 arkip\u00e4iv\u00e4n kuluessa myyntisopimuksen voimaantulosta.<\/li><li>Baltiaan, Skandinaviaan, Eurooppaan, Yhdysvaltoihin, Kanadaan ja Yhdistyneeseen kuningaskuntaan suuntautuvien tilausten toimitusaika riippuu kohdemaasta sek\u00e4 valitusta toimitustavasta.<\/li><\/ul><h3>Toimituskulut<\/h3><p>Toimituskulut m\u00e4\u00e4r\u00e4ytyv\u00e4t kohdemaan, l\u00e4hetyksen koon ja valitun toimitustavan mukaan. Ensimm\u00e4isen tilauksen yhteydess\u00e4 otamme sinuun yhteytt\u00e4 ennen l\u00e4hett\u00e4mist\u00e4 ja l\u00f6yd\u00e4mme yhdess\u00e4 parhaan ratkaisun. <\/p><h3>Tavaran vastaanottaminen<\/h3><ul><li>Tilatessasi pakettiautomaattiin saat tekstiviestin ja s\u00e4hk\u00f6posti-ilmoituksen, joka sis\u00e4lt\u00e4\u00e4 noutokoodin.<\/li><li>Kuriiritoimituksen yhteydess\u00e4 kuriiri ottaa sinuun yhteytt\u00e4 puhelimitse ennen toimitusta.<\/li><\/ul><p>Jos sinulla on kysymyksi\u00e4 tai erityistoiveita, ota rohkeasti yhteytt\u00e4:<\/p><p><a href=\"mailto:info@wurn.eu\">info@wurn.eu<\/a><\/p><p><a href=\"tel:+37256286826\">+372 5628 6826<\/a><\/p>\t\t\t\t\t\t\t\t<\/div>\n\t\t\t\t<\/div>\n\t\t\t\t\t<\/div>\n\t\t\t\t<\/div>\n\t\t\t\t<\/div>\n\t\t","protected":false},"excerpt":{"rendered":"<p>Toimitamme tuotteet nopeasti ja luotettavasti niin Viroon, Skandinaviaan kuin muualle Eurooppaan, Yhdistyneeseen kuningaskuntaan, Yhdysvaltoihin ja Kanadaan. Toimitustapa ja -hinta sovitaan tilausvahvistuksen yhteydess\u00e4. Toimitusalueet Viro Baltia (Latvia, Liettua) Skandinavia (Suomi, Ruotsi, Tanska, Norja) Euroopan maat Yhdistynyt kuningaskunta Yhdysvallat Kanada Toimitustavat Nouto paikan p\u00e4\u00e4lt\u00e4. Tervetuloa Saaremaalle, Luha tilalle (ennakkoon sovittaessa). +372 5628 6826 Pakettiautomaatti Kuriiripalvelu Toimitusaika Suomen&#8230;<\/p>\n","protected":false},"author":1,"featured_media":0,"parent":0,"menu_order":0,"comment_status":"closed","ping_status":"closed","template":"","meta":{"_monsterinsights_skip_tracking":false,"_monsterinsights_sitenote_active":false,"_monsterinsights_sitenote_note":"","_monsterinsights_sitenote_category":0,"footnotes":""},"class_list":["post-3232","page","type-page","status-publish","hentry"],"yoast_head":"<!-- This site is optimized with the Yoast SEO plugin v26.6 - https:\/\/yoast.com\/wordpress\/plugins\/seo\/ -->\n<title>Toimitustiedot - WURN urnid<\/title>\n<meta name=\"description\" content=\"Selvit\u00e4, miten ja kuinka nopeasti tilauksesi saapuu. Tarjoamme luotettavan toimituksen Virossa ja Euroopassa.\" \/>\n<meta name=\"robots\" content=\"index, follow, max-snippet:-1, max-image-preview:large, max-video-preview:-1\" \/>\n<link rel=\"canonical\" href=\"https:\/\/wurn.eu\/fi\/tilausten-toimitus\/\" \/>\n<meta property=\"og:locale\" content=\"fi_FI\" \/>\n<meta property=\"og:type\" content=\"article\" \/>\n<meta property=\"og:title\" content=\"Toimitustiedot - WURN urnid\" \/>\n<meta property=\"og:description\" content=\"Selvit\u00e4, miten ja kuinka nopeasti tilauksesi saapuu. Tarjoamme luotettavan toimituksen Virossa ja Euroopassa.\" \/>\n<meta property=\"og:url\" content=\"https:\/\/wurn.eu\/fi\/tilausten-toimitus\/\" \/>\n<meta property=\"og:site_name\" content=\"WURN urnid\" \/>\n<meta property=\"article:modified_time\" content=\"2026-04-21T12:40:18+00:00\" \/>\n<meta name=\"twitter:card\" content=\"summary_large_image\" \/>\n<meta name=\"twitter:label1\" content=\"Arvioitu lukuaika\" \/>\n\t<meta name=\"twitter:data1\" content=\"1 minuutti\" \/>\n<script type=\"application\/ld+json\" class=\"yoast-schema-graph\">{\"@context\":\"https:\/\/schema.org\",\"@graph\":[{\"@type\":\"WebPage\",\"@id\":\"https:\/\/wurn.eu\/fi\/tilausten-toimitus\/\",\"url\":\"https:\/\/wurn.eu\/fi\/tilausten-toimitus\/\",\"name\":\"Toimitustiedot - WURN urnid\",\"isPartOf\":{\"@id\":\"https:\/\/wurn.eu\/#website\"},\"datePublished\":\"2024-11-14T11:56:33+00:00\",\"dateModified\":\"2026-04-21T12:40:18+00:00\",\"description\":\"Selvit\u00e4, miten ja kuinka nopeasti tilauksesi saapuu. Tarjoamme luotettavan toimituksen Virossa ja Euroopassa.\",\"breadcrumb\":{\"@id\":\"https:\/\/wurn.eu\/fi\/tilausten-toimitus\/#breadcrumb\"},\"inLanguage\":\"fi\",\"potentialAction\":[{\"@type\":\"ReadAction\",\"target\":[\"https:\/\/wurn.eu\/fi\/tilausten-toimitus\/\"]}]},{\"@type\":\"BreadcrumbList\",\"@id\":\"https:\/\/wurn.eu\/fi\/tilausten-toimitus\/#breadcrumb\",\"itemListElement\":[{\"@type\":\"ListItem\",\"position\":1,\"name\":\"Home\",\"item\":\"https:\/\/wurn.eu\/\"},{\"@type\":\"ListItem\",\"position\":2,\"name\":\"Toimitustiedot\"}]},{\"@type\":\"WebSite\",\"@id\":\"https:\/\/wurn.eu\/#website\",\"url\":\"https:\/\/wurn.eu\/\",\"name\":\"WURN urnid\",\"description\":\"Lambavillasest vildist ja v\u00e4\u00e4rispuidust birolagunevad urnid\",\"publisher\":{\"@id\":\"https:\/\/wurn.eu\/#organization\"},\"potentialAction\":[{\"@type\":\"SearchAction\",\"target\":{\"@type\":\"EntryPoint\",\"urlTemplate\":\"https:\/\/wurn.eu\/?s={search_term_string}\"},\"query-input\":{\"@type\":\"PropertyValueSpecification\",\"valueRequired\":true,\"valueName\":\"search_term_string\"}}],\"inLanguage\":\"fi\"},{\"@type\":\"Organization\",\"@id\":\"https:\/\/wurn.eu\/#organization\",\"name\":\"WURN urnid\",\"url\":\"https:\/\/wurn.eu\/\",\"logo\":{\"@type\":\"ImageObject\",\"inLanguage\":\"fi\",\"@id\":\"https:\/\/wurn.eu\/#\/schema\/logo\/image\/\",\"url\":\"https:\/\/wurn.eu\/wp-content\/uploads\/2024\/10\/WURN_logo_UUS_v3_1_original_black.png\",\"contentUrl\":\"https:\/\/wurn.eu\/wp-content\/uploads\/2024\/10\/WURN_logo_UUS_v3_1_original_black.png\",\"width\":270,\"height\":316,\"caption\":\"WURN urnid\"},\"image\":{\"@id\":\"https:\/\/wurn.eu\/#\/schema\/logo\/image\/\"}}]}<\/script>\n<!-- \/ Yoast SEO plugin. -->","yoast_head_json":{"title":"Toimitustiedot - WURN urnid","description":"Selvit\u00e4, miten ja kuinka nopeasti tilauksesi saapuu. Tarjoamme luotettavan toimituksen Virossa ja Euroopassa.","robots":{"index":"index","follow":"follow","max-snippet":"max-snippet:-1","max-image-preview":"max-image-preview:large","max-video-preview":"max-video-preview:-1"},"canonical":"https:\/\/wurn.eu\/fi\/tilausten-toimitus\/","og_locale":"fi_FI","og_type":"article","og_title":"Toimitustiedot - WURN urnid","og_description":"Selvit\u00e4, miten ja kuinka nopeasti tilauksesi saapuu. Tarjoamme luotettavan toimituksen Virossa ja Euroopassa.","og_url":"https:\/\/wurn.eu\/fi\/tilausten-toimitus\/","og_site_name":"WURN urnid","article_modified_time":"2026-04-21T12:40:18+00:00","twitter_card":"summary_large_image","twitter_misc":{"Arvioitu lukuaika":"1 minuutti"},"schema":{"@context":"https:\/\/schema.org","@graph":[{"@type":"WebPage","@id":"https:\/\/wurn.eu\/fi\/tilausten-toimitus\/","url":"https:\/\/wurn.eu\/fi\/tilausten-toimitus\/","name":"Toimitustiedot - WURN urnid","isPartOf":{"@id":"https:\/\/wurn.eu\/#website"},"datePublished":"2024-11-14T11:56:33+00:00","dateModified":"2026-04-21T12:40:18+00:00","description":"Selvit\u00e4, miten ja kuinka nopeasti tilauksesi saapuu. Tarjoamme luotettavan toimituksen Virossa ja Euroopassa.","breadcrumb":{"@id":"https:\/\/wurn.eu\/fi\/tilausten-toimitus\/#breadcrumb"},"inLanguage":"fi","potentialAction":[{"@type":"ReadAction","target":["https:\/\/wurn.eu\/fi\/tilausten-toimitus\/"]}]},{"@type":"BreadcrumbList","@id":"https:\/\/wurn.eu\/fi\/tilausten-toimitus\/#breadcrumb","itemListElement":[{"@type":"ListItem","position":1,"name":"Home","item":"https:\/\/wurn.eu\/"},{"@type":"ListItem","position":2,"name":"Toimitustiedot"}]},{"@type":"WebSite","@id":"https:\/\/wurn.eu\/#website","url":"https:\/\/wurn.eu\/","name":"WURN urnid","description":"Lambavillasest vildist ja v\u00e4\u00e4rispuidust birolagunevad urnid","publisher":{"@id":"https:\/\/wurn.eu\/#organization"},"potentialAction":[{"@type":"SearchAction","target":{"@type":"EntryPoint","urlTemplate":"https:\/\/wurn.eu\/?s={search_term_string}"},"query-input":{"@type":"PropertyValueSpecification","valueRequired":true,"valueName":"search_term_string"}}],"inLanguage":"fi"},{"@type":"Organization","@id":"https:\/\/wurn.eu\/#organization","name":"WURN urnid","url":"https:\/\/wurn.eu\/","logo":{"@type":"ImageObject","inLanguage":"fi","@id":"https:\/\/wurn.eu\/#\/schema\/logo\/image\/","url":"https:\/\/wurn.eu\/wp-content\/uploads\/2024\/10\/WURN_logo_UUS_v3_1_original_black.png","contentUrl":"https:\/\/wurn.eu\/wp-content\/uploads\/2024\/10\/WURN_logo_UUS_v3_1_original_black.png","width":270,"height":316,"caption":"WURN urnid"},"image":{"@id":"https:\/\/wurn.eu\/#\/schema\/logo\/image\/"}}]}},"jetpack_sharing_enabled":true,"_links":{"self":[{"href":"https:\/\/wurn.eu\/fi\/wp-json\/wp\/v2\/pages\/3232","targetHints":{"allow":["GET"]}}],"collection":[{"href":"https:\/\/wurn.eu\/fi\/wp-json\/wp\/v2\/pages"}],"about":[{"href":"https:\/\/wurn.eu\/fi\/wp-json\/wp\/v2\/types\/page"}],"author":[{"embeddable":true,"href":"https:\/\/wurn.eu\/fi\/wp-json\/wp\/v2\/users\/1"}],"replies":[{"embeddable":true,"href":"https:\/\/wurn.eu\/fi\/wp-json\/wp\/v2\/comments?post=3232"}],"version-history":[{"count":8,"href":"https:\/\/wurn.eu\/fi\/wp-json\/wp\/v2\/pages\/3232\/revisions"}],"predecessor-version":[{"id":4213,"href":"https:\/\/wurn.eu\/fi\/wp-json\/wp\/v2\/pages\/3232\/revisions\/4213"}],"wp:attachment":[{"href":"https:\/\/wurn.eu\/fi\/wp-json\/wp\/v2\/media?parent=3232"}],"curies":[{"name":"wp","href":"https:\/\/api.w.org\/{rel}","templated":true}]}}