{"id":4629,"date":"2024-10-22T15:14:21","date_gmt":"2024-10-22T15:14:21","guid":{"rendered":"https:\/\/wurn.eu\/toode\/grosse-urne\/"},"modified":"2024-10-22T15:14:21","modified_gmt":"2024-10-22T12:14:21","slug":"grosse-urne","status":"publish","type":"product","link":"https:\/\/wurn.eu\/de\/toode\/grosse-urne\/","title":{"rendered":"Gro\u00dfe Urne"},"content":{"rendered":"<p>Die hochwertige gro\u00dfe WURN Urne wird in den H\u00e4nden erfahrener Kunsthandwerker auf Saaremaa gefertigt und besteht aus 100 % Schafwolle und Eichenholz. Form und Gestaltung der WURN Urnen sind einzigartig. Filz und Eiche sind langlebige und widerstandsf\u00e4hige Materialien. <strong>Diese naturnahe <\/strong>L\u00f6sung begleitet den Verstorbenen auf w\u00fcrdevolle Weise zur\u00fcck in die Natur \u2013 sowohl bei einer Erdbestattung als auch in einer Wasserbeisetzung.  <\/p>\n<p>Erh\u00e4ltlich in drei nat\u00fcrlichen Farbt\u00f6nen: Grau, Braun und Wei\u00df.<\/p>\n<p>\u00d6ffnen und Verschlie\u00dfen ohne Spezialwerkzeug \u2013 <strong>sicher <\/strong>und w\u00fcrdevoll.<\/p>\n<p>WURN unterst\u00fctzt alle Rituale der Feuerbestattung und eignet sich als Erinnerungsurne, f\u00fcr die Beisetzung sowie f\u00fcr die Ascheverstreuung. Als Erinnerungsurne \u2013 ohne Beisetzung \u2013 bleibt die Urne \u00fcber lange Zeit erhalten. Nach einer Zeremonie der Ascheverstreuung kann die Urne anschlie\u00dfend in der Erde beigesetzt werden. Die umweltfreundliche Urne zersetzt sich auf nat\u00fcrliche Weise in kurzer Zeit. Die gro\u00dfe Urne ist mit Beisetzungsb\u00e4ndern ausgestattet.    <\/p>\n<p><strong>F\u00fcr Erwachsene<\/strong><\/p>\n","protected":false},"excerpt":{"rendered":"<p>Die hochwertige gro\u00dfe WURN Urne wird in den H\u00e4nden erfahrener Kunsthandwerker auf Saaremaa gefertigt und besteht aus 100 % Schafwolle und Eichenholz. Form und Gestaltung der WURN Urnen sind einzigartig. Filz und Eiche sind langlebige und widerstandsf\u00e4hige Materialien. <strong>Diese naturnahe <\/strong>L\u00f6sung begleitet den Verstorbenen auf w\u00fcrdevolle Weise zur\u00fcck in die Natur \u2013 sowohl bei einer Erdbestattung als auch in einer Wasserbeisetzung.  <\/p>\n<p>Erh\u00e4ltlich in drei nat\u00fcrlichen Farbt\u00f6nen: Grau, Braun und Wei\u00df.<\/p>\n<p>\u00d6ffnen und Verschlie\u00dfen ohne Spezialwerkzeug \u2013 <strong>sicher <\/strong>und w\u00fcrdevoll.<\/p>\n<p>WURN unterst\u00fctzt alle Rituale der Feuerbestattung und eignet sich als Erinnerungsurne, f\u00fcr die Beisetzung sowie f\u00fcr die Ascheverstreuung. Als Erinnerungsurne \u2013 ohne Beisetzung \u2013 bleibt die Urne \u00fcber lange Zeit erhalten. Nach einer Zeremonie der Ascheverstreuung kann die Urne anschlie\u00dfend in der Erde beigesetzt werden. Die umweltfreundliche Urne zersetzt sich auf nat\u00fcrliche Weise in kurzer Zeit. Die gro\u00dfe Urne ist mit Beisetzungsb\u00e4ndern ausgestattet.    <\/p>\n<p><strong>F\u00fcr Erwachsene<\/strong><\/p>\n","protected":false},"featured_media":4631,"template":"","meta":{"_monsterinsights_skip_tracking":false,"_monsterinsights_sitenote_active":false,"_monsterinsights_sitenote_note":"","_monsterinsights_sitenote_category":0},"product_brand":[],"product_cat":[171],"product_tag":[172,178,183,184,181,186,182,185,174,176,177],"class_list":{"0":"post-4629","1":"product","2":"type-product","3":"status-publish","4":"has-post-thumbnail","6":"product_cat-onlineshop","7":"product_tag-ascheurne","8":"product_tag-biologisch-abbaubare-urne","9":"product_tag-filzurne","10":"product_tag-grose-urne","11":"product_tag-handgefertigte-urne","12":"product_tag-kinderurne","13":"product_tag-urne-aus-schafwolle","14":"product_tag-urne-fur-erwachsene","15":"product_tag-urne-fur-haustiere","16":"product_tag-urne-fur-hunde","17":"product_tag-urne-fur-katzen","19":"first","20":"instock","21":"taxable","22":"shipping-taxable","23":"purchasable","24":"product-type-variable","25":"has-default-attributes"},"yoast_head":"<!-- This site is optimized with the Yoast SEO plugin v26.6 - https:\/\/yoast.com\/wordpress\/plugins\/seo\/ -->\n<title>Urne aus Schafwolle \u2013 estnisches Design, weltweit einzigartig<\/title>\n<meta name=\"description\" content=\"In Estland entworfen, weltweit einzigartig! Biologisch abbaubare Urne aus Schafwolle und Eichenholz \u2013 warm in der Haptik und eine w\u00fcrdevolle Wahl f\u00fcr einen naturnahen Abschied.\" \/>\n<meta name=\"robots\" content=\"index, follow, max-snippet:-1, max-image-preview:large, max-video-preview:-1\" \/>\n<link rel=\"canonical\" href=\"https:\/\/wurn.eu\/de\/toode\/grosse-urne\/\" \/>\n<meta property=\"og:locale\" content=\"de_DE\" \/>\n<meta property=\"og:type\" content=\"article\" \/>\n<meta property=\"og:title\" content=\"Urne aus Schafwolle \u2013 estnisches Design, weltweit einzigartig\" \/>\n<meta property=\"og:description\" content=\"In Estland entworfen, weltweit einzigartig! Biologisch abbaubare Urne aus Schafwolle und Eichenholz \u2013 warm in der Haptik und eine w\u00fcrdevolle Wahl f\u00fcr einen naturnahen Abschied.\" \/>\n<meta property=\"og:url\" content=\"https:\/\/wurn.eu\/de\/toode\/grosse-urne\/\" \/>\n<meta property=\"og:site_name\" content=\"WURN urnid\" \/>\n<meta property=\"og:image\" content=\"https:\/\/wurn.eu\/wp-content\/uploads\/2025\/06\/DSCF0128-scaled.jpg\" \/>\n\t<meta property=\"og:image:width\" content=\"2560\" \/>\n\t<meta property=\"og:image:height\" content=\"1707\" \/>\n\t<meta property=\"og:image:type\" content=\"image\/jpeg\" \/>\n<meta name=\"twitter:card\" content=\"summary_large_image\" \/>\n<meta name=\"twitter:label1\" content=\"Gesch\u00e4tzte Lesezeit\" \/>\n\t<meta name=\"twitter:data1\" content=\"1\u00a0Minute\" \/>\n<script type=\"application\/ld+json\" class=\"yoast-schema-graph\">{\"@context\":\"https:\/\/schema.org\",\"@graph\":[{\"@type\":\"WebPage\",\"@id\":\"https:\/\/wurn.eu\/de\/toode\/grosse-urne\/\",\"url\":\"https:\/\/wurn.eu\/de\/toode\/grosse-urne\/\",\"name\":\"Urne aus Schafwolle \u2013 estnisches Design, weltweit einzigartig\",\"isPartOf\":{\"@id\":\"https:\/\/wurn.eu\/#website\"},\"primaryImageOfPage\":{\"@id\":\"https:\/\/wurn.eu\/de\/toode\/grosse-urne\/#primaryimage\"},\"image\":{\"@id\":\"https:\/\/wurn.eu\/de\/toode\/grosse-urne\/#primaryimage\"},\"thumbnailUrl\":\"https:\/\/wurn.eu\/wp-content\/uploads\/2025\/06\/DSCF0128-scaled.jpg\",\"datePublished\":\"2024-10-22T15:14:21+00:00\",\"description\":\"In Estland entworfen, weltweit einzigartig! Biologisch abbaubare Urne aus Schafwolle und Eichenholz \u2013 warm in der Haptik und eine w\u00fcrdevolle Wahl f\u00fcr einen naturnahen Abschied.\",\"breadcrumb\":{\"@id\":\"https:\/\/wurn.eu\/de\/toode\/grosse-urne\/#breadcrumb\"},\"inLanguage\":\"de\",\"potentialAction\":[{\"@type\":\"ReadAction\",\"target\":[\"https:\/\/wurn.eu\/de\/toode\/grosse-urne\/\"]}]},{\"@type\":\"ImageObject\",\"inLanguage\":\"de\",\"@id\":\"https:\/\/wurn.eu\/de\/toode\/grosse-urne\/#primaryimage\",\"url\":\"https:\/\/wurn.eu\/wp-content\/uploads\/2025\/06\/DSCF0128-scaled.jpg\",\"contentUrl\":\"https:\/\/wurn.eu\/wp-content\/uploads\/2025\/06\/DSCF0128-scaled.jpg\",\"width\":2560,\"height\":1707,\"caption\":\"Suured Wurnid\"},{\"@type\":\"BreadcrumbList\",\"@id\":\"https:\/\/wurn.eu\/de\/toode\/grosse-urne\/#breadcrumb\",\"itemListElement\":[{\"@type\":\"ListItem\",\"position\":1,\"name\":\"Home\",\"item\":\"https:\/\/wurn.eu\/de\/startseite\/\"},{\"@type\":\"ListItem\",\"position\":2,\"name\":\"Katalog\",\"item\":\"https:\/\/wurn.eu\/de\/katalog\/\"},{\"@type\":\"ListItem\",\"position\":3,\"name\":\"Gro\u00dfe Urne\"}]},{\"@type\":\"WebSite\",\"@id\":\"https:\/\/wurn.eu\/#website\",\"url\":\"https:\/\/wurn.eu\/\",\"name\":\"WURN urnid\",\"description\":\"Lambavillasest vildist ja v\u00e4\u00e4rispuidust birolagunevad urnid\",\"publisher\":{\"@id\":\"https:\/\/wurn.eu\/#organization\"},\"potentialAction\":[{\"@type\":\"SearchAction\",\"target\":{\"@type\":\"EntryPoint\",\"urlTemplate\":\"https:\/\/wurn.eu\/?s={search_term_string}\"},\"query-input\":{\"@type\":\"PropertyValueSpecification\",\"valueRequired\":true,\"valueName\":\"search_term_string\"}}],\"inLanguage\":\"de\"},{\"@type\":\"Organization\",\"@id\":\"https:\/\/wurn.eu\/#organization\",\"name\":\"WURN urnid\",\"url\":\"https:\/\/wurn.eu\/\",\"logo\":{\"@type\":\"ImageObject\",\"inLanguage\":\"de\",\"@id\":\"https:\/\/wurn.eu\/#\/schema\/logo\/image\/\",\"url\":\"https:\/\/wurn.eu\/wp-content\/uploads\/2024\/10\/WURN_logo_UUS_v3_1_original_black.png\",\"contentUrl\":\"https:\/\/wurn.eu\/wp-content\/uploads\/2024\/10\/WURN_logo_UUS_v3_1_original_black.png\",\"width\":270,\"height\":316,\"caption\":\"WURN urnid\"},\"image\":{\"@id\":\"https:\/\/wurn.eu\/#\/schema\/logo\/image\/\"}}]}<\/script>\n<!-- \/ Yoast SEO plugin. -->","yoast_head_json":{"title":"Urne aus Schafwolle \u2013 estnisches Design, weltweit einzigartig","description":"In Estland entworfen, weltweit einzigartig! Biologisch abbaubare Urne aus Schafwolle und Eichenholz \u2013 warm in der Haptik und eine w\u00fcrdevolle Wahl f\u00fcr einen naturnahen Abschied.","robots":{"index":"index","follow":"follow","max-snippet":"max-snippet:-1","max-image-preview":"max-image-preview:large","max-video-preview":"max-video-preview:-1"},"canonical":"https:\/\/wurn.eu\/de\/toode\/grosse-urne\/","og_locale":"de_DE","og_type":"article","og_title":"Urne aus Schafwolle \u2013 estnisches Design, weltweit einzigartig","og_description":"In Estland entworfen, weltweit einzigartig! Biologisch abbaubare Urne aus Schafwolle und Eichenholz \u2013 warm in der Haptik und eine w\u00fcrdevolle Wahl f\u00fcr einen naturnahen Abschied.","og_url":"https:\/\/wurn.eu\/de\/toode\/grosse-urne\/","og_site_name":"WURN urnid","og_image":[{"width":2560,"height":1707,"url":"https:\/\/wurn.eu\/wp-content\/uploads\/2025\/06\/DSCF0128-scaled.jpg","type":"image\/jpeg"}],"twitter_card":"summary_large_image","twitter_misc":{"Gesch\u00e4tzte Lesezeit":"1\u00a0Minute"},"schema":{"@context":"https:\/\/schema.org","@graph":[{"@type":"WebPage","@id":"https:\/\/wurn.eu\/de\/toode\/grosse-urne\/","url":"https:\/\/wurn.eu\/de\/toode\/grosse-urne\/","name":"Urne aus Schafwolle \u2013 estnisches Design, weltweit einzigartig","isPartOf":{"@id":"https:\/\/wurn.eu\/#website"},"primaryImageOfPage":{"@id":"https:\/\/wurn.eu\/de\/toode\/grosse-urne\/#primaryimage"},"image":{"@id":"https:\/\/wurn.eu\/de\/toode\/grosse-urne\/#primaryimage"},"thumbnailUrl":"https:\/\/wurn.eu\/wp-content\/uploads\/2025\/06\/DSCF0128-scaled.jpg","datePublished":"2024-10-22T15:14:21+00:00","description":"In Estland entworfen, weltweit einzigartig! Biologisch abbaubare Urne aus Schafwolle und Eichenholz \u2013 warm in der Haptik und eine w\u00fcrdevolle Wahl f\u00fcr einen naturnahen Abschied.","breadcrumb":{"@id":"https:\/\/wurn.eu\/de\/toode\/grosse-urne\/#breadcrumb"},"inLanguage":"de","potentialAction":[{"@type":"ReadAction","target":["https:\/\/wurn.eu\/de\/toode\/grosse-urne\/"]}]},{"@type":"ImageObject","inLanguage":"de","@id":"https:\/\/wurn.eu\/de\/toode\/grosse-urne\/#primaryimage","url":"https:\/\/wurn.eu\/wp-content\/uploads\/2025\/06\/DSCF0128-scaled.jpg","contentUrl":"https:\/\/wurn.eu\/wp-content\/uploads\/2025\/06\/DSCF0128-scaled.jpg","width":2560,"height":1707,"caption":"Suured Wurnid"},{"@type":"BreadcrumbList","@id":"https:\/\/wurn.eu\/de\/toode\/grosse-urne\/#breadcrumb","itemListElement":[{"@type":"ListItem","position":1,"name":"Home","item":"https:\/\/wurn.eu\/de\/startseite\/"},{"@type":"ListItem","position":2,"name":"Katalog","item":"https:\/\/wurn.eu\/de\/katalog\/"},{"@type":"ListItem","position":3,"name":"Gro\u00dfe Urne"}]},{"@type":"WebSite","@id":"https:\/\/wurn.eu\/#website","url":"https:\/\/wurn.eu\/","name":"WURN urnid","description":"Lambavillasest vildist ja v\u00e4\u00e4rispuidust birolagunevad urnid","publisher":{"@id":"https:\/\/wurn.eu\/#organization"},"potentialAction":[{"@type":"SearchAction","target":{"@type":"EntryPoint","urlTemplate":"https:\/\/wurn.eu\/?s={search_term_string}"},"query-input":{"@type":"PropertyValueSpecification","valueRequired":true,"valueName":"search_term_string"}}],"inLanguage":"de"},{"@type":"Organization","@id":"https:\/\/wurn.eu\/#organization","name":"WURN urnid","url":"https:\/\/wurn.eu\/","logo":{"@type":"ImageObject","inLanguage":"de","@id":"https:\/\/wurn.eu\/#\/schema\/logo\/image\/","url":"https:\/\/wurn.eu\/wp-content\/uploads\/2024\/10\/WURN_logo_UUS_v3_1_original_black.png","contentUrl":"https:\/\/wurn.eu\/wp-content\/uploads\/2024\/10\/WURN_logo_UUS_v3_1_original_black.png","width":270,"height":316,"caption":"WURN urnid"},"image":{"@id":"https:\/\/wurn.eu\/#\/schema\/logo\/image\/"}}]}},"jetpack_sharing_enabled":true,"_links":{"self":[{"href":"https:\/\/wurn.eu\/de\/wp-json\/wp\/v2\/product\/4629","targetHints":{"allow":["GET"]}}],"collection":[{"href":"https:\/\/wurn.eu\/de\/wp-json\/wp\/v2\/product"}],"about":[{"href":"https:\/\/wurn.eu\/de\/wp-json\/wp\/v2\/types\/product"}],"version-history":[{"count":0,"href":"https:\/\/wurn.eu\/de\/wp-json\/wp\/v2\/product\/4629\/revisions"}],"wp:featuredmedia":[{"embeddable":true,"href":"https:\/\/wurn.eu\/de\/wp-json\/wp\/v2\/media\/4631"}],"wp:attachment":[{"href":"https:\/\/wurn.eu\/de\/wp-json\/wp\/v2\/media?parent=4629"}],"wp:term":[{"taxonomy":"product_brand","embeddable":true,"href":"https:\/\/wurn.eu\/de\/wp-json\/wp\/v2\/product_brand?post=4629"},{"taxonomy":"product_cat","embeddable":true,"href":"https:\/\/wurn.eu\/de\/wp-json\/wp\/v2\/product_cat?post=4629"},{"taxonomy":"product_tag","embeddable":true,"href":"https:\/\/wurn.eu\/de\/wp-json\/wp\/v2\/product_tag?post=4629"}],"curies":[{"name":"wp","href":"https:\/\/api.w.org\/{rel}","templated":true}]}}