{"id":4591,"date":"2025-05-05T11:21:21","date_gmt":"2025-05-05T11:21:21","guid":{"rendered":"https:\/\/wurn.eu\/toode\/mittelgrosse-urne\/"},"modified":"2026-05-11T12:44:45","modified_gmt":"2026-05-11T09:44:45","slug":"mittelgrosse-urne","status":"publish","type":"product","link":"https:\/\/wurn.eu\/de\/toode\/mittelgrosse-urne\/","title":{"rendered":"Mittelgro\u00dfe Urne"},"content":{"rendered":"<p>Die hochwertige mittelgro\u00dfe WURN Urne wird in den H\u00e4nden erfahrener Kunsthandwerker auf Saaremaa gefertigt und besteht aus 100 % Schafwolle und Eichenholz. Form und Gestaltung der WURN Urnen sind einzigartig. Filz und Eiche sind langlebige und widerstandsf\u00e4hige Materialien. <strong>Diese naturnahe<\/strong> L\u00f6sung begleitet den Verstorbenen auf w\u00fcrdevolle Weise zur\u00fcck in die Natur \u2013 sowohl bei einer Erdbestattung als auch in einer Wasserbeisetzung.  <\/p>\n<p>Erh\u00e4ltlich in drei nat\u00fcrlichen Farbt\u00f6nen: Grau, Braun und Wei\u00df.<\/p>\n<p>\u00d6ffnen und Verschlie\u00dfen ohne Spezialwerkzeug \u2013 <strong>sicher <\/strong>und w\u00fcrdevoll.<\/p>\n<p>WURN unterst\u00fctzt alle Rituale der Feuerbestattung und eignet sich als Erinnerungsurne, f\u00fcr die Beisetzung sowie f\u00fcr die Ascheverstreuung. Als Erinnerungsurne \u2013 ohne Beisetzung \u2013 bleibt die Urne \u00fcber lange Zeit erhalten. Nach einer Zeremonie der Ascheverstreuung kann die Urne anschlie\u00dfend in der Erde beigesetzt werden. Die umweltfreundliche Urne zersetzt sich auf nat\u00fcrliche Weise in kurzer Zeit. Auf Wunsch statten wir die Urne mit Beisetzungsb\u00e4ndern aus.    <\/p>\n<p>Die Menge der Asche h\u00e4ngt von der Knochenmasse und Knochendichte ab, die sich im Laufe des Lebens entwickelt. Sie l\u00e4sst sich nicht direkt aus dem K\u00f6rpergewicht bestimmen, kann jedoch n\u00e4herungsweise anhand folgender Formel berechnet werden: Aus <strong>1 kg<\/strong> K\u00f6rpergewicht entstehen durchschnittlich etwa 0,04 l Aschereste. Die mittelgro\u00dfe WURN hat ein Fassungsverm\u00f6gen von <strong>2 l<\/strong>. <\/p>\n<p><strong>F\u00fcr \u00e4ltere Menschen von kleinerer Statur<\/strong><\/p>\n<p><strong>Noorukile<\/strong><\/p>\n<p><strong>F\u00fcr gr\u00f6\u00dfere Haustiere <\/strong>(ab 17,5 kg)<\/p>\n","protected":false},"excerpt":{"rendered":"<p>Die hochwertige mittelgro\u00dfe WURN Urne wird in den H\u00e4nden erfahrener Kunsthandwerker auf Saaremaa gefertigt und besteht aus 100 % Schafwolle und Eichenholz. Form und Gestaltung der WURN Urnen sind einzigartig. Filz und Eiche sind langlebige und widerstandsf\u00e4hige Materialien. <strong>Diese naturnahe<\/strong> L\u00f6sung begleitet den Verstorbenen auf w\u00fcrdevolle Weise zur\u00fcck in die Natur \u2013 sowohl bei einer Erdbestattung als auch in einer Wasserbeisetzung.  <\/p>\n<p>Erh\u00e4ltlich in drei nat\u00fcrlichen Farbt\u00f6nen: Grau, Braun und Wei\u00df.<\/p>\n<p>\u00d6ffnen und Verschlie\u00dfen ohne Spezialwerkzeug \u2013 <strong>sicher <\/strong>und w\u00fcrdevoll.<\/p>\n<p>WURN unterst\u00fctzt alle Rituale der Feuerbestattung und eignet sich als Erinnerungsurne, f\u00fcr die Beisetzung sowie f\u00fcr die Ascheverstreuung. Als Erinnerungsurne \u2013 ohne Beisetzung \u2013 bleibt die Urne \u00fcber lange Zeit erhalten. Nach einer Zeremonie der Ascheverstreuung kann die Urne anschlie\u00dfend in der Erde beigesetzt werden. Die umweltfreundliche Urne zersetzt sich auf nat\u00fcrliche Weise in kurzer Zeit. Auf Wunsch statten wir die Urne mit Beisetzungsb\u00e4ndern aus.    <\/p>\n<p>Die Menge der Asche h\u00e4ngt von der Knochenmasse und Knochendichte ab, die sich im Laufe des Lebens entwickelt. Sie l\u00e4sst sich nicht direkt aus dem K\u00f6rpergewicht bestimmen, kann jedoch n\u00e4herungsweise anhand folgender Formel berechnet werden: Aus <strong>1 kg<\/strong> K\u00f6rpergewicht entstehen durchschnittlich etwa 0,04 l Aschereste. Die mittelgro\u00dfe WURN hat ein Fassungsverm\u00f6gen von <strong>2 l<\/strong>. <\/p>\n<p><strong>F\u00fcr \u00e4ltere Menschen von kleinerer Statur<\/strong><\/p>\n<p><strong>F\u00fcr Jugendliche<\/strong><\/p>\n<p><strong>F\u00fcr gr\u00f6\u00dfere Haustiere <\/strong>(ab 17,5 kg)<\/p>\n","protected":false},"featured_media":4593,"template":"","meta":{"_monsterinsights_skip_tracking":false,"_monsterinsights_sitenote_active":false,"_monsterinsights_sitenote_note":"","_monsterinsights_sitenote_category":0},"product_brand":[],"product_cat":[171],"product_tag":[172,178,180,174,176,177,175],"class_list":{"0":"post-4591","1":"product","2":"type-product","3":"status-publish","4":"has-post-thumbnail","6":"product_cat-onlineshop","7":"product_tag-ascheurne","8":"product_tag-biologisch-abbaubare-urne","9":"product_tag-mittelgrose-urne","10":"product_tag-urne-fur-haustiere","11":"product_tag-urne-fur-hunde","12":"product_tag-urne-fur-katzen","13":"product_tag-urne-fur-kinder","15":"first","16":"instock","17":"taxable","18":"shipping-taxable","19":"purchasable","20":"product-type-variable","21":"has-default-attributes"},"yoast_head":"<!-- This site is optimized with the Yoast SEO plugin v26.6 - https:\/\/yoast.com\/wordpress\/plugins\/seo\/ -->\n<title>Mittelgro\u00dfe Urne \u2013 estnisches Design, weltweit einzigartig<\/title>\n<meta name=\"description\" content=\"In Estland entworfen, weltweit einzigartig! Biologisch abbaubare Urne aus Schafwolle und Eichenholz \u2013 warm in der Haptik und eine w\u00fcrdevolle Wahl f\u00fcr einen naturnahen Abschied.\" \/>\n<meta name=\"robots\" content=\"index, follow, max-snippet:-1, max-image-preview:large, max-video-preview:-1\" \/>\n<link rel=\"canonical\" href=\"https:\/\/wurn.eu\/de\/toode\/mittelgrosse-urne\/\" \/>\n<meta property=\"og:locale\" content=\"de_DE\" \/>\n<meta property=\"og:type\" content=\"article\" \/>\n<meta property=\"og:title\" content=\"Mittelgro\u00dfe Urne \u2013 estnisches Design, weltweit einzigartig\" \/>\n<meta property=\"og:description\" content=\"In Estland entworfen, weltweit einzigartig! Biologisch abbaubare Urne aus Schafwolle und Eichenholz \u2013 warm in der Haptik und eine w\u00fcrdevolle Wahl f\u00fcr einen naturnahen Abschied.\" \/>\n<meta property=\"og:url\" content=\"https:\/\/wurn.eu\/de\/toode\/mittelgrosse-urne\/\" \/>\n<meta property=\"og:site_name\" content=\"WURN urnid\" \/>\n<meta property=\"article:modified_time\" content=\"2026-05-11T09:44:45+00:00\" \/>\n<meta property=\"og:image\" content=\"https:\/\/wurn.eu\/wp-content\/uploads\/2025\/06\/DSCF0110-scaled.jpg\" \/>\n\t<meta property=\"og:image:width\" content=\"2560\" \/>\n\t<meta property=\"og:image:height\" content=\"1707\" \/>\n\t<meta property=\"og:image:type\" content=\"image\/jpeg\" \/>\n<meta name=\"twitter:card\" content=\"summary_large_image\" \/>\n<meta name=\"twitter:label1\" content=\"Gesch\u00e4tzte Lesezeit\" \/>\n\t<meta name=\"twitter:data1\" content=\"1\u00a0Minute\" \/>\n<script type=\"application\/ld+json\" class=\"yoast-schema-graph\">{\"@context\":\"https:\/\/schema.org\",\"@graph\":[{\"@type\":\"WebPage\",\"@id\":\"https:\/\/wurn.eu\/de\/toode\/mittelgrosse-urne\/\",\"url\":\"https:\/\/wurn.eu\/de\/toode\/mittelgrosse-urne\/\",\"name\":\"Mittelgro\u00dfe Urne \u2013 estnisches Design, weltweit einzigartig\",\"isPartOf\":{\"@id\":\"https:\/\/wurn.eu\/#website\"},\"primaryImageOfPage\":{\"@id\":\"https:\/\/wurn.eu\/de\/toode\/mittelgrosse-urne\/#primaryimage\"},\"image\":{\"@id\":\"https:\/\/wurn.eu\/de\/toode\/mittelgrosse-urne\/#primaryimage\"},\"thumbnailUrl\":\"https:\/\/wurn.eu\/wp-content\/uploads\/2025\/06\/DSCF0110-scaled.jpg\",\"datePublished\":\"2025-05-05T11:21:21+00:00\",\"dateModified\":\"2026-05-11T09:44:45+00:00\",\"description\":\"In Estland entworfen, weltweit einzigartig! Biologisch abbaubare Urne aus Schafwolle und Eichenholz \u2013 warm in der Haptik und eine w\u00fcrdevolle Wahl f\u00fcr einen naturnahen Abschied.\",\"breadcrumb\":{\"@id\":\"https:\/\/wurn.eu\/de\/toode\/mittelgrosse-urne\/#breadcrumb\"},\"inLanguage\":\"de\",\"potentialAction\":[{\"@type\":\"ReadAction\",\"target\":[\"https:\/\/wurn.eu\/de\/toode\/mittelgrosse-urne\/\"]}]},{\"@type\":\"ImageObject\",\"inLanguage\":\"de\",\"@id\":\"https:\/\/wurn.eu\/de\/toode\/mittelgrosse-urne\/#primaryimage\",\"url\":\"https:\/\/wurn.eu\/wp-content\/uploads\/2025\/06\/DSCF0110-scaled.jpg\",\"contentUrl\":\"https:\/\/wurn.eu\/wp-content\/uploads\/2025\/06\/DSCF0110-scaled.jpg\",\"width\":2560,\"height\":1707,\"caption\":\"Mittelgro\u00dfe WURN Urnen\"},{\"@type\":\"BreadcrumbList\",\"@id\":\"https:\/\/wurn.eu\/de\/toode\/mittelgrosse-urne\/#breadcrumb\",\"itemListElement\":[{\"@type\":\"ListItem\",\"position\":1,\"name\":\"Home\",\"item\":\"https:\/\/wurn.eu\/de\/startseite\/\"},{\"@type\":\"ListItem\",\"position\":2,\"name\":\"Katalog\",\"item\":\"https:\/\/wurn.eu\/de\/katalog\/\"},{\"@type\":\"ListItem\",\"position\":3,\"name\":\"Mittelgro\u00dfe Urne\"}]},{\"@type\":\"WebSite\",\"@id\":\"https:\/\/wurn.eu\/#website\",\"url\":\"https:\/\/wurn.eu\/\",\"name\":\"WURN urnid\",\"description\":\"Lambavillasest vildist ja v\u00e4\u00e4rispuidust birolagunevad urnid\",\"publisher\":{\"@id\":\"https:\/\/wurn.eu\/#organization\"},\"potentialAction\":[{\"@type\":\"SearchAction\",\"target\":{\"@type\":\"EntryPoint\",\"urlTemplate\":\"https:\/\/wurn.eu\/?s={search_term_string}\"},\"query-input\":{\"@type\":\"PropertyValueSpecification\",\"valueRequired\":true,\"valueName\":\"search_term_string\"}}],\"inLanguage\":\"de\"},{\"@type\":\"Organization\",\"@id\":\"https:\/\/wurn.eu\/#organization\",\"name\":\"WURN urnid\",\"url\":\"https:\/\/wurn.eu\/\",\"logo\":{\"@type\":\"ImageObject\",\"inLanguage\":\"de\",\"@id\":\"https:\/\/wurn.eu\/#\/schema\/logo\/image\/\",\"url\":\"https:\/\/wurn.eu\/wp-content\/uploads\/2024\/10\/WURN_logo_UUS_v3_1_original_black.png\",\"contentUrl\":\"https:\/\/wurn.eu\/wp-content\/uploads\/2024\/10\/WURN_logo_UUS_v3_1_original_black.png\",\"width\":270,\"height\":316,\"caption\":\"WURN urnid\"},\"image\":{\"@id\":\"https:\/\/wurn.eu\/#\/schema\/logo\/image\/\"}}]}<\/script>\n<!-- \/ Yoast SEO plugin. -->","yoast_head_json":{"title":"Mittelgro\u00dfe Urne \u2013 estnisches Design, weltweit einzigartig","description":"In Estland entworfen, weltweit einzigartig! Biologisch abbaubare Urne aus Schafwolle und Eichenholz \u2013 warm in der Haptik und eine w\u00fcrdevolle Wahl f\u00fcr einen naturnahen Abschied.","robots":{"index":"index","follow":"follow","max-snippet":"max-snippet:-1","max-image-preview":"max-image-preview:large","max-video-preview":"max-video-preview:-1"},"canonical":"https:\/\/wurn.eu\/de\/toode\/mittelgrosse-urne\/","og_locale":"de_DE","og_type":"article","og_title":"Mittelgro\u00dfe Urne \u2013 estnisches Design, weltweit einzigartig","og_description":"In Estland entworfen, weltweit einzigartig! Biologisch abbaubare Urne aus Schafwolle und Eichenholz \u2013 warm in der Haptik und eine w\u00fcrdevolle Wahl f\u00fcr einen naturnahen Abschied.","og_url":"https:\/\/wurn.eu\/de\/toode\/mittelgrosse-urne\/","og_site_name":"WURN urnid","article_modified_time":"2026-05-11T09:44:45+00:00","og_image":[{"width":2560,"height":1707,"url":"https:\/\/wurn.eu\/wp-content\/uploads\/2025\/06\/DSCF0110-scaled.jpg","type":"image\/jpeg"}],"twitter_card":"summary_large_image","twitter_misc":{"Gesch\u00e4tzte Lesezeit":"1\u00a0Minute"},"schema":{"@context":"https:\/\/schema.org","@graph":[{"@type":"WebPage","@id":"https:\/\/wurn.eu\/de\/toode\/mittelgrosse-urne\/","url":"https:\/\/wurn.eu\/de\/toode\/mittelgrosse-urne\/","name":"Mittelgro\u00dfe Urne \u2013 estnisches Design, weltweit einzigartig","isPartOf":{"@id":"https:\/\/wurn.eu\/#website"},"primaryImageOfPage":{"@id":"https:\/\/wurn.eu\/de\/toode\/mittelgrosse-urne\/#primaryimage"},"image":{"@id":"https:\/\/wurn.eu\/de\/toode\/mittelgrosse-urne\/#primaryimage"},"thumbnailUrl":"https:\/\/wurn.eu\/wp-content\/uploads\/2025\/06\/DSCF0110-scaled.jpg","datePublished":"2025-05-05T11:21:21+00:00","dateModified":"2026-05-11T09:44:45+00:00","description":"In Estland entworfen, weltweit einzigartig! Biologisch abbaubare Urne aus Schafwolle und Eichenholz \u2013 warm in der Haptik und eine w\u00fcrdevolle Wahl f\u00fcr einen naturnahen Abschied.","breadcrumb":{"@id":"https:\/\/wurn.eu\/de\/toode\/mittelgrosse-urne\/#breadcrumb"},"inLanguage":"de","potentialAction":[{"@type":"ReadAction","target":["https:\/\/wurn.eu\/de\/toode\/mittelgrosse-urne\/"]}]},{"@type":"ImageObject","inLanguage":"de","@id":"https:\/\/wurn.eu\/de\/toode\/mittelgrosse-urne\/#primaryimage","url":"https:\/\/wurn.eu\/wp-content\/uploads\/2025\/06\/DSCF0110-scaled.jpg","contentUrl":"https:\/\/wurn.eu\/wp-content\/uploads\/2025\/06\/DSCF0110-scaled.jpg","width":2560,"height":1707,"caption":"Mittelgro\u00dfe WURN Urnen"},{"@type":"BreadcrumbList","@id":"https:\/\/wurn.eu\/de\/toode\/mittelgrosse-urne\/#breadcrumb","itemListElement":[{"@type":"ListItem","position":1,"name":"Home","item":"https:\/\/wurn.eu\/de\/startseite\/"},{"@type":"ListItem","position":2,"name":"Katalog","item":"https:\/\/wurn.eu\/de\/katalog\/"},{"@type":"ListItem","position":3,"name":"Mittelgro\u00dfe Urne"}]},{"@type":"WebSite","@id":"https:\/\/wurn.eu\/#website","url":"https:\/\/wurn.eu\/","name":"WURN urnid","description":"Lambavillasest vildist ja v\u00e4\u00e4rispuidust birolagunevad urnid","publisher":{"@id":"https:\/\/wurn.eu\/#organization"},"potentialAction":[{"@type":"SearchAction","target":{"@type":"EntryPoint","urlTemplate":"https:\/\/wurn.eu\/?s={search_term_string}"},"query-input":{"@type":"PropertyValueSpecification","valueRequired":true,"valueName":"search_term_string"}}],"inLanguage":"de"},{"@type":"Organization","@id":"https:\/\/wurn.eu\/#organization","name":"WURN urnid","url":"https:\/\/wurn.eu\/","logo":{"@type":"ImageObject","inLanguage":"de","@id":"https:\/\/wurn.eu\/#\/schema\/logo\/image\/","url":"https:\/\/wurn.eu\/wp-content\/uploads\/2024\/10\/WURN_logo_UUS_v3_1_original_black.png","contentUrl":"https:\/\/wurn.eu\/wp-content\/uploads\/2024\/10\/WURN_logo_UUS_v3_1_original_black.png","width":270,"height":316,"caption":"WURN urnid"},"image":{"@id":"https:\/\/wurn.eu\/#\/schema\/logo\/image\/"}}]}},"jetpack_sharing_enabled":true,"_links":{"self":[{"href":"https:\/\/wurn.eu\/de\/wp-json\/wp\/v2\/product\/4591","targetHints":{"allow":["GET"]}}],"collection":[{"href":"https:\/\/wurn.eu\/de\/wp-json\/wp\/v2\/product"}],"about":[{"href":"https:\/\/wurn.eu\/de\/wp-json\/wp\/v2\/types\/product"}],"version-history":[{"count":1,"href":"https:\/\/wurn.eu\/de\/wp-json\/wp\/v2\/product\/4591\/revisions"}],"predecessor-version":[{"id":4627,"href":"https:\/\/wurn.eu\/de\/wp-json\/wp\/v2\/product\/4591\/revisions\/4627"}],"wp:featuredmedia":[{"embeddable":true,"href":"https:\/\/wurn.eu\/de\/wp-json\/wp\/v2\/media\/4593"}],"wp:attachment":[{"href":"https:\/\/wurn.eu\/de\/wp-json\/wp\/v2\/media?parent=4591"}],"wp:term":[{"taxonomy":"product_brand","embeddable":true,"href":"https:\/\/wurn.eu\/de\/wp-json\/wp\/v2\/product_brand?post=4591"},{"taxonomy":"product_cat","embeddable":true,"href":"https:\/\/wurn.eu\/de\/wp-json\/wp\/v2\/product_cat?post=4591"},{"taxonomy":"product_tag","embeddable":true,"href":"https:\/\/wurn.eu\/de\/wp-json\/wp\/v2\/product_tag?post=4591"}],"curies":[{"name":"wp","href":"https:\/\/api.w.org\/{rel}","templated":true}]}}