{"id":4583,"date":"2025-08-25T18:34:54","date_gmt":"2025-08-25T15:34:54","guid":{"rendered":"https:\/\/wurn.eu\/toode\/kleine-urne\/"},"modified":"2025-08-25T18:34:54","modified_gmt":"2025-08-25T15:34:54","slug":"kleine-urne","status":"publish","type":"product","link":"https:\/\/wurn.eu\/de\/toode\/kleine-urne\/","title":{"rendered":"Kleine Urne"},"content":{"rendered":"<p>Die hochwertige kleine WURN Urne wird in den H\u00e4nden erfahrener Kunsthandwerker auf Saaremaa gefertigt und besteht aus 100 % Schafwolle und Eichenholz. Form und Gestaltung der WURN Urnen sind einzigartig. Filz und Eiche sind langlebige und widerstandsf\u00e4hige Materialien. <strong>Diese naturnahe L\u00f6sung<\/strong> begleitet den Verstorbenen auf w\u00fcrdevolle Weise zur\u00fcck in die Natur \u2013 sowohl bei einer Erdbestattung als auch in einer Wasserbeisetzung.  <\/p>\n<p>Erh\u00e4ltlich in drei nat\u00fcrlichen Farbt\u00f6nen: Grau, Braun und Wei\u00df.<\/p>\n<p>\u00d6ffnen und Verschlie\u00dfen ohne Spezialwerkzeug \u2013 <strong>sicher <\/strong>und w\u00fcrdevoll.<\/p>\n<p>WURN unterst\u00fctzt alle Rituale der Feuerbestattung und eignet sich als Erinnerungsurne, f\u00fcr die Beisetzung sowie f\u00fcr die Ascheverstreuung. Als Erinnerungsurne \u2013 ohne Beisetzung \u2013 bleibt die Urne \u00fcber lange Zeit erhalten. Nach einer Zeremonie der Ascheverstreuung kann die Urne anschlie\u00dfend in der Erde beigesetzt werden. Die umweltfreundliche Urne zersetzt sich auf nat\u00fcrliche Weise in kurzer Zeit. Auf Wunsch statten wir die Urne mit Beisetzungsb\u00e4ndern aus.    <\/p>\n<p>Die Menge der Asche h\u00e4ngt von der Knochenmasse und Knochendichte ab, die sich im Laufe des Lebens entwickelt. Sie l\u00e4sst sich nicht direkt aus dem K\u00f6rpergewicht bestimmen, kann jedoch n\u00e4herungsweise anhand folgender Formel berechnet werden: Aus <strong>1 kg <\/strong>K\u00f6rpergewicht entstehen durchschnittlich etwa <strong>0,04 l<\/strong> Aschereste. Die kleine WURN hat ein Fassungsverm\u00f6gen von <strong>0,7 l.<\/strong> <\/p>\n<p><strong>F\u00fcr Kleinkinder<\/strong> (bis zum 4. Lebensjahr)<\/p>\n<p><strong>F\u00fcr Haustiere <\/strong>(bis 17,5 kg)<\/p>\n","protected":false},"excerpt":{"rendered":"<p>Die hochwertige kleine WURN Urne wird in den H\u00e4nden erfahrener Kunsthandwerker auf Saaremaa gefertigt und besteht aus 100 % Schafwolle und Eichenholz. Form und Gestaltung der WURN Urnen sind einzigartig. Filz und Eiche sind langlebige und widerstandsf\u00e4hige Materialien. <strong>Diese naturnahe L\u00f6sung<\/strong> begleitet den Verstorbenen auf w\u00fcrdevolle Weise zur\u00fcck in die Natur \u2013 sowohl bei einer Erdbestattung als auch in einer Wasserbeisetzung.  <\/p>\n<p>Erh\u00e4ltlich in drei nat\u00fcrlichen Farbt\u00f6nen: Grau, Braun und Wei\u00df.<\/p>\n<p>\u00d6ffnen und Verschlie\u00dfen ohne Spezialwerkzeug \u2013 <strong>sicher <\/strong>und <strong>w\u00fcrdevoll<\/strong>.<\/p>\n<p>WURN unterst\u00fctzt alle Rituale der Feuerbestattung und eignet sich als Erinnerungsurne, f\u00fcr die Beisetzung sowie f\u00fcr die Ascheverstreuung. Als Erinnerungsurne \u2013 ohne Beisetzung \u2013 bleibt die Urne \u00fcber lange Zeit erhalten. Nach einer Zeremonie der Ascheverstreuung kann die Urne anschlie\u00dfend in der Erde beigesetzt werden. Die umweltfreundliche Urne zersetzt sich auf nat\u00fcrliche Weise in kurzer Zeit. Auf Wunsch statten wir die Urne mit Beisetzungsb\u00e4ndern aus.    <\/p>\n<p>Tuha hulk tuleneb luumassist ja luutihedusest, mis kujuneb elatud aastatega. Kehakaalu j\u00e4rgi seda \u00f6elda ei saa, kuid siiski saab seda tuletada j\u00e4rgmise valemi j\u00e4rgi: <strong>1 kg<\/strong> kehakaalust tekib keskmiselt <strong>0,04 l <\/strong>tuhas\u00e4ilmeid<strong>. <\/strong>V\u00e4ike wurn on<strong> 0,7 l.<\/strong> <\/p>\n<p><strong>F\u00fcr Kleinkinder<\/strong> (bis zum 4. Lebensjahr)<\/p>\n<p><strong>F\u00fcr Haustiere <\/strong>(bis 17,5 kg)<\/p>\n","protected":false},"featured_media":4585,"template":"","meta":{"_monsterinsights_skip_tracking":false,"_monsterinsights_sitenote_active":false,"_monsterinsights_sitenote_note":"","_monsterinsights_sitenote_category":0},"product_brand":[],"product_cat":[171],"product_tag":[172,178,173,179,174,176,177,175],"class_list":{"0":"post-4583","1":"product","2":"type-product","3":"status-publish","4":"has-post-thumbnail","6":"product_cat-onlineshop","7":"product_tag-ascheurne","8":"product_tag-biologisch-abbaubare-urne","9":"product_tag-kleine-urne","10":"product_tag-urne-fur-babys","11":"product_tag-urne-fur-haustiere","12":"product_tag-urne-fur-hunde","13":"product_tag-urne-fur-katzen","14":"product_tag-urne-fur-kinder","16":"first","17":"instock","18":"taxable","19":"shipping-taxable","20":"purchasable","21":"product-type-variable","22":"has-default-attributes"},"yoast_head":"<!-- This site is optimized with the Yoast SEO plugin v26.6 - https:\/\/yoast.com\/wordpress\/plugins\/seo\/ -->\n<title>Kleine Urne \u2013 estnisches Design, weltweit einzigartig<\/title>\n<meta name=\"description\" content=\"In Estland entworfen, weltweit einzigartig! Biologisch abbaubare Urne aus Schafwolle und Eichenholz \u2013 warm in der Haptik und eine w\u00fcrdevolle Wahl f\u00fcr einen naturnahen Abschied.\" \/>\n<meta name=\"robots\" content=\"index, follow, max-snippet:-1, max-image-preview:large, max-video-preview:-1\" \/>\n<link rel=\"canonical\" href=\"https:\/\/wurn.eu\/de\/toode\/kleine-urne\/\" \/>\n<meta property=\"og:locale\" content=\"de_DE\" \/>\n<meta property=\"og:type\" content=\"article\" \/>\n<meta property=\"og:title\" content=\"Kleine Urne \u2013 estnisches Design, weltweit einzigartig\" \/>\n<meta property=\"og:description\" content=\"In Estland entworfen, weltweit einzigartig! Biologisch abbaubare Urne aus Schafwolle und Eichenholz \u2013 warm in der Haptik und eine w\u00fcrdevolle Wahl f\u00fcr einen naturnahen Abschied.\" \/>\n<meta property=\"og:url\" content=\"https:\/\/wurn.eu\/de\/toode\/kleine-urne\/\" \/>\n<meta property=\"og:site_name\" content=\"WURN urnid\" \/>\n<meta property=\"og:image\" content=\"https:\/\/wurn.eu\/wp-content\/uploads\/2025\/08\/vaikesed-tuhaurnid-scaled.jpg\" \/>\n\t<meta property=\"og:image:width\" content=\"2560\" \/>\n\t<meta property=\"og:image:height\" content=\"1707\" \/>\n\t<meta property=\"og:image:type\" content=\"image\/jpeg\" \/>\n<meta name=\"twitter:card\" content=\"summary_large_image\" \/>\n<meta name=\"twitter:label1\" content=\"Gesch\u00e4tzte Lesezeit\" \/>\n\t<meta name=\"twitter:data1\" content=\"1\u00a0Minute\" \/>\n<script type=\"application\/ld+json\" class=\"yoast-schema-graph\">{\"@context\":\"https:\/\/schema.org\",\"@graph\":[{\"@type\":\"WebPage\",\"@id\":\"https:\/\/wurn.eu\/de\/toode\/kleine-urne\/\",\"url\":\"https:\/\/wurn.eu\/de\/toode\/kleine-urne\/\",\"name\":\"Kleine Urne \u2013 estnisches Design, weltweit einzigartig\",\"isPartOf\":{\"@id\":\"https:\/\/wurn.eu\/#website\"},\"primaryImageOfPage\":{\"@id\":\"https:\/\/wurn.eu\/de\/toode\/kleine-urne\/#primaryimage\"},\"image\":{\"@id\":\"https:\/\/wurn.eu\/de\/toode\/kleine-urne\/#primaryimage\"},\"thumbnailUrl\":\"https:\/\/wurn.eu\/wp-content\/uploads\/2025\/08\/vaikesed-tuhaurnid-scaled.jpg\",\"datePublished\":\"2025-08-25T15:34:54+00:00\",\"description\":\"In Estland entworfen, weltweit einzigartig! Biologisch abbaubare Urne aus Schafwolle und Eichenholz \u2013 warm in der Haptik und eine w\u00fcrdevolle Wahl f\u00fcr einen naturnahen Abschied.\",\"breadcrumb\":{\"@id\":\"https:\/\/wurn.eu\/de\/toode\/kleine-urne\/#breadcrumb\"},\"inLanguage\":\"de\",\"potentialAction\":[{\"@type\":\"ReadAction\",\"target\":[\"https:\/\/wurn.eu\/de\/toode\/kleine-urne\/\"]}]},{\"@type\":\"ImageObject\",\"inLanguage\":\"de\",\"@id\":\"https:\/\/wurn.eu\/de\/toode\/kleine-urne\/#primaryimage\",\"url\":\"https:\/\/wurn.eu\/wp-content\/uploads\/2025\/08\/vaikesed-tuhaurnid-scaled.jpg\",\"contentUrl\":\"https:\/\/wurn.eu\/wp-content\/uploads\/2025\/08\/vaikesed-tuhaurnid-scaled.jpg\",\"width\":2560,\"height\":1707,\"caption\":\"V\u00e4ikesed Wurnid\"},{\"@type\":\"BreadcrumbList\",\"@id\":\"https:\/\/wurn.eu\/de\/toode\/kleine-urne\/#breadcrumb\",\"itemListElement\":[{\"@type\":\"ListItem\",\"position\":1,\"name\":\"Home\",\"item\":\"https:\/\/wurn.eu\/de\/startseite\/\"},{\"@type\":\"ListItem\",\"position\":2,\"name\":\"Katalog\",\"item\":\"https:\/\/wurn.eu\/de\/katalog\/\"},{\"@type\":\"ListItem\",\"position\":3,\"name\":\"Kleine Urne\"}]},{\"@type\":\"WebSite\",\"@id\":\"https:\/\/wurn.eu\/#website\",\"url\":\"https:\/\/wurn.eu\/\",\"name\":\"WURN urnid\",\"description\":\"Lambavillasest vildist ja v\u00e4\u00e4rispuidust birolagunevad urnid\",\"publisher\":{\"@id\":\"https:\/\/wurn.eu\/#organization\"},\"potentialAction\":[{\"@type\":\"SearchAction\",\"target\":{\"@type\":\"EntryPoint\",\"urlTemplate\":\"https:\/\/wurn.eu\/?s={search_term_string}\"},\"query-input\":{\"@type\":\"PropertyValueSpecification\",\"valueRequired\":true,\"valueName\":\"search_term_string\"}}],\"inLanguage\":\"de\"},{\"@type\":\"Organization\",\"@id\":\"https:\/\/wurn.eu\/#organization\",\"name\":\"WURN urnid\",\"url\":\"https:\/\/wurn.eu\/\",\"logo\":{\"@type\":\"ImageObject\",\"inLanguage\":\"de\",\"@id\":\"https:\/\/wurn.eu\/#\/schema\/logo\/image\/\",\"url\":\"https:\/\/wurn.eu\/wp-content\/uploads\/2024\/10\/WURN_logo_UUS_v3_1_original_black.png\",\"contentUrl\":\"https:\/\/wurn.eu\/wp-content\/uploads\/2024\/10\/WURN_logo_UUS_v3_1_original_black.png\",\"width\":270,\"height\":316,\"caption\":\"WURN urnid\"},\"image\":{\"@id\":\"https:\/\/wurn.eu\/#\/schema\/logo\/image\/\"}}]}<\/script>\n<!-- \/ Yoast SEO plugin. -->","yoast_head_json":{"title":"Kleine Urne \u2013 estnisches Design, weltweit einzigartig","description":"In Estland entworfen, weltweit einzigartig! Biologisch abbaubare Urne aus Schafwolle und Eichenholz \u2013 warm in der Haptik und eine w\u00fcrdevolle Wahl f\u00fcr einen naturnahen Abschied.","robots":{"index":"index","follow":"follow","max-snippet":"max-snippet:-1","max-image-preview":"max-image-preview:large","max-video-preview":"max-video-preview:-1"},"canonical":"https:\/\/wurn.eu\/de\/toode\/kleine-urne\/","og_locale":"de_DE","og_type":"article","og_title":"Kleine Urne \u2013 estnisches Design, weltweit einzigartig","og_description":"In Estland entworfen, weltweit einzigartig! Biologisch abbaubare Urne aus Schafwolle und Eichenholz \u2013 warm in der Haptik und eine w\u00fcrdevolle Wahl f\u00fcr einen naturnahen Abschied.","og_url":"https:\/\/wurn.eu\/de\/toode\/kleine-urne\/","og_site_name":"WURN urnid","og_image":[{"width":2560,"height":1707,"url":"https:\/\/wurn.eu\/wp-content\/uploads\/2025\/08\/vaikesed-tuhaurnid-scaled.jpg","type":"image\/jpeg"}],"twitter_card":"summary_large_image","twitter_misc":{"Gesch\u00e4tzte Lesezeit":"1\u00a0Minute"},"schema":{"@context":"https:\/\/schema.org","@graph":[{"@type":"WebPage","@id":"https:\/\/wurn.eu\/de\/toode\/kleine-urne\/","url":"https:\/\/wurn.eu\/de\/toode\/kleine-urne\/","name":"Kleine Urne \u2013 estnisches Design, weltweit einzigartig","isPartOf":{"@id":"https:\/\/wurn.eu\/#website"},"primaryImageOfPage":{"@id":"https:\/\/wurn.eu\/de\/toode\/kleine-urne\/#primaryimage"},"image":{"@id":"https:\/\/wurn.eu\/de\/toode\/kleine-urne\/#primaryimage"},"thumbnailUrl":"https:\/\/wurn.eu\/wp-content\/uploads\/2025\/08\/vaikesed-tuhaurnid-scaled.jpg","datePublished":"2025-08-25T15:34:54+00:00","description":"In Estland entworfen, weltweit einzigartig! Biologisch abbaubare Urne aus Schafwolle und Eichenholz \u2013 warm in der Haptik und eine w\u00fcrdevolle Wahl f\u00fcr einen naturnahen Abschied.","breadcrumb":{"@id":"https:\/\/wurn.eu\/de\/toode\/kleine-urne\/#breadcrumb"},"inLanguage":"de","potentialAction":[{"@type":"ReadAction","target":["https:\/\/wurn.eu\/de\/toode\/kleine-urne\/"]}]},{"@type":"ImageObject","inLanguage":"de","@id":"https:\/\/wurn.eu\/de\/toode\/kleine-urne\/#primaryimage","url":"https:\/\/wurn.eu\/wp-content\/uploads\/2025\/08\/vaikesed-tuhaurnid-scaled.jpg","contentUrl":"https:\/\/wurn.eu\/wp-content\/uploads\/2025\/08\/vaikesed-tuhaurnid-scaled.jpg","width":2560,"height":1707,"caption":"V\u00e4ikesed Wurnid"},{"@type":"BreadcrumbList","@id":"https:\/\/wurn.eu\/de\/toode\/kleine-urne\/#breadcrumb","itemListElement":[{"@type":"ListItem","position":1,"name":"Home","item":"https:\/\/wurn.eu\/de\/startseite\/"},{"@type":"ListItem","position":2,"name":"Katalog","item":"https:\/\/wurn.eu\/de\/katalog\/"},{"@type":"ListItem","position":3,"name":"Kleine Urne"}]},{"@type":"WebSite","@id":"https:\/\/wurn.eu\/#website","url":"https:\/\/wurn.eu\/","name":"WURN urnid","description":"Lambavillasest vildist ja v\u00e4\u00e4rispuidust birolagunevad urnid","publisher":{"@id":"https:\/\/wurn.eu\/#organization"},"potentialAction":[{"@type":"SearchAction","target":{"@type":"EntryPoint","urlTemplate":"https:\/\/wurn.eu\/?s={search_term_string}"},"query-input":{"@type":"PropertyValueSpecification","valueRequired":true,"valueName":"search_term_string"}}],"inLanguage":"de"},{"@type":"Organization","@id":"https:\/\/wurn.eu\/#organization","name":"WURN urnid","url":"https:\/\/wurn.eu\/","logo":{"@type":"ImageObject","inLanguage":"de","@id":"https:\/\/wurn.eu\/#\/schema\/logo\/image\/","url":"https:\/\/wurn.eu\/wp-content\/uploads\/2024\/10\/WURN_logo_UUS_v3_1_original_black.png","contentUrl":"https:\/\/wurn.eu\/wp-content\/uploads\/2024\/10\/WURN_logo_UUS_v3_1_original_black.png","width":270,"height":316,"caption":"WURN urnid"},"image":{"@id":"https:\/\/wurn.eu\/#\/schema\/logo\/image\/"}}]}},"jetpack_sharing_enabled":true,"_links":{"self":[{"href":"https:\/\/wurn.eu\/de\/wp-json\/wp\/v2\/product\/4583","targetHints":{"allow":["GET"]}}],"collection":[{"href":"https:\/\/wurn.eu\/de\/wp-json\/wp\/v2\/product"}],"about":[{"href":"https:\/\/wurn.eu\/de\/wp-json\/wp\/v2\/types\/product"}],"version-history":[{"count":0,"href":"https:\/\/wurn.eu\/de\/wp-json\/wp\/v2\/product\/4583\/revisions"}],"wp:featuredmedia":[{"embeddable":true,"href":"https:\/\/wurn.eu\/de\/wp-json\/wp\/v2\/media\/4585"}],"wp:attachment":[{"href":"https:\/\/wurn.eu\/de\/wp-json\/wp\/v2\/media?parent=4583"}],"wp:term":[{"taxonomy":"product_brand","embeddable":true,"href":"https:\/\/wurn.eu\/de\/wp-json\/wp\/v2\/product_brand?post=4583"},{"taxonomy":"product_cat","embeddable":true,"href":"https:\/\/wurn.eu\/de\/wp-json\/wp\/v2\/product_cat?post=4583"},{"taxonomy":"product_tag","embeddable":true,"href":"https:\/\/wurn.eu\/de\/wp-json\/wp\/v2\/product_tag?post=4583"}],"curies":[{"name":"wp","href":"https:\/\/api.w.org\/{rel}","templated":true}]}}