{"id":4569,"date":"2024-10-20T17:11:28","date_gmt":"2024-10-20T14:11:28","guid":{"rendered":"https:\/\/wurn.eu\/faq\/"},"modified":"2026-05-11T12:13:01","modified_gmt":"2026-05-11T09:13:01","slug":"faq","status":"publish","type":"page","link":"https:\/\/wurn.eu\/de\/faq\/","title":{"rendered":"FAQ"},"content":{"rendered":"\t\t<div data-elementor-type=\"wp-page\" data-elementor-id=\"4569\" class=\"elementor elementor-4569 elementor-263\" data-elementor-post-type=\"page\">\n\t\t\t\t<div class=\"elementor-element elementor-element-2a9411d8 e-con-full e-flex e-con e-parent\" data-id=\"2a9411d8\" data-element_type=\"container\" data-e-type=\"container\">\n\t\t\t\t<div class=\"elementor-element elementor-element-2d8d816d elementor-widget elementor-widget-heading\" data-id=\"2d8d816d\" data-element_type=\"widget\" data-e-type=\"widget\" data-widget_type=\"heading.default\">\n\t\t\t\t<div class=\"elementor-widget-container\">\n\t\t\t\t\t<h3 class=\"elementor-heading-title elementor-size-default\">H\u00e4ufig gestellte Fragen<\/h3>\t\t\t\t<\/div>\n\t\t\t\t<\/div>\n\t\t<div class=\"elementor-element elementor-element-6d52b0c8 e-con-full e-flex e-con e-child\" data-id=\"6d52b0c8\" data-element_type=\"container\" data-e-type=\"container\">\n\t\t\t\t<div class=\"elementor-element elementor-element-51843bc6 elementor-widget elementor-widget-toggle\" data-id=\"51843bc6\" data-element_type=\"widget\" data-e-type=\"widget\" data-widget_type=\"toggle.default\">\n\t\t\t\t<div class=\"elementor-widget-container\">\n\t\t\t\t\t\t\t<div class=\"elementor-toggle\">\n\t\t\t\t\t\t\t<div class=\"elementor-toggle-item\">\n\t\t\t\t\t<h1 id=\"elementor-tab-title-1361\" class=\"elementor-tab-title\" data-tab=\"1\" role=\"button\" aria-controls=\"elementor-tab-content-1361\" aria-expanded=\"false\">\n\t\t\t\t\t\t\t\t\t\t\t\t<a class=\"elementor-toggle-title\" tabindex=\"0\">Welche Urne soll ich w\u00e4hlen?<\/a>\n\t\t\t\t\t<\/h1>\n\n\t\t\t\t\t<div id=\"elementor-tab-content-1361\" class=\"elementor-tab-content elementor-clearfix\" data-tab=\"1\" role=\"region\" aria-labelledby=\"elementor-tab-title-1361\"><p data-start=\"378\" data-end=\"644\">Die Menge der Asche h\u00e4ngt <strong data-start=\"235\" data-end=\"243\">von der Knochenmasse und Knochendichte ab<\/strong>, die sich im Laufe des Lebens entwickelt. Sie l\u00e4sst sich nicht direkt aus dem K\u00f6rpergewicht bestimmen, kann jedoch n\u00e4herungsweise anhand folgender Formel ableiten:<br \/><strong>1 kg \u2192 ca. 0,04 l<\/strong> <\/p>\n<p data-start=\"378\" data-end=\"644\"> Beispielsweise nimmt die Knochendichte im Alter ab, wodurch sich auch die Menge der Asche verringert.<\/p>\n<p data-start=\"537\" data-end=\"674\"><strong>Bei Erwachsenen und Jugendlichen<\/strong> entstehen durchschnittlich <strong>2,4\u20134,5 Liter Asche<\/strong>, weshalb eine gro\u00dfe Urne empfohlen wird.<\/p>\n<p data-start=\"855\" data-end=\"975\">Ab einem Alter von 2 Jahren entstehen durchschnittlich 0,5\u20132,4 Liter Asche.  <strong> Eine mittelgro\u00dfe Urne ist hierf\u00fcr geeignet. Sie eignet sich auch f\u00fcr zierlichere \u00e4ltere Menschen. <\/strong><\/p>\n<p data-start=\"855\" data-end=\"975\"><strong>Bei Haustieren <\/strong>bis ca. 16 kg entstehen durchschnittlich etwa 0,6 Liter Asche, weshalb <strong>eine kleine Urne<\/strong> geeignet ist.<\/p>\n<p data-start=\"855\" data-end=\"975\">F\u00fcr Kleinkinder bis zum Alter von 2 Jahren ist <strong>eine kleine Urne<\/strong> geeignet.<\/p>\n<\/div>\n\t\t\t\t<\/div>\n\t\t\t\t\t\t\t<div class=\"elementor-toggle-item\">\n\t\t\t\t\t<h1 id=\"elementor-tab-title-1362\" class=\"elementor-tab-title\" data-tab=\"2\" role=\"button\" aria-controls=\"elementor-tab-content-1362\" aria-expanded=\"false\">\n\t\t\t\t\t\t\t\t\t\t\t\t<a class=\"elementor-toggle-title\" tabindex=\"0\">Kann ich mit einer selbst gekauften Urne zum Bestattungsinstitut gehen?<\/a>\n\t\t\t\t\t<\/h1>\n\n\t\t\t\t\t<div id=\"elementor-tab-content-1362\" class=\"elementor-tab-content elementor-clearfix\" data-tab=\"2\" role=\"region\" aria-labelledby=\"elementor-tab-title-1362\"><p>Die Verwendung einer WURN Urne bei einer Feuerbestattung ist einfach und unkompliziert.<\/p>\n<ol>\n<li>\n<p><strong>Katalog<\/strong> \u2013 w\u00e4hlen Sie die passende Urne. Bei Bedarf beraten wir Sie gerne und helfen Ihnen bei der Entscheidung. <\/p>\n<\/li>\n<li>\n<p><strong>Kontaktieren Sie uns<\/strong> \u2013 nach der Beratung stellen wir Ihre gew\u00e4hlte Urne zusammen und verpacken sie sorgf\u00e4ltig f\u00fcr Sie.<\/p>\n<\/li>\n<li>\n<p><strong>Lieferung<\/strong> \u2013 wir versenden die Urne an die von Ihnen gew\u00e4hlte Paketstation. Die Lieferzeit nach Deutschland betr\u00e4gt durchschnittlich <strong>5\u20137 Werktage <\/strong>ab Inkrafttreten des Kaufvertrags. <\/p>\n<\/li>\n<li>\n<p>Verwendung \u2013 nach Erhalt der Urne \u00fcbergeben Sie diese an das Bestattungsinstitut. Die Bef\u00fcllung der Urne mit der Asche erfolgt durch das Krematorium oder das Bestattungsinstitut. Das \u00d6ffnen und Verschlie\u00dfen ist einfach gestaltet und erm\u00f6glicht eine unkomplizierte sowie w\u00fcrdevolle Handhabung.  <\/p>\n<\/li>\n<\/ol>\n<p><strong style=\"letter-spacing: 0px; word-spacing: 0em;\">Zusammenfassung:<\/strong><\/p>\n<p>\u2013 Wir unterst\u00fctzen Sie gerne bei Ihrer Bestellung<br \/>\u2013 Die Lieferung erfolgt innerhalb weniger Werktage<br \/>\u2013 Die Handhabung ist einfach<\/p>\n<\/div>\n\t\t\t\t<\/div>\n\t\t\t\t\t\t\t<div class=\"elementor-toggle-item\">\n\t\t\t\t\t<h1 id=\"elementor-tab-title-1363\" class=\"elementor-tab-title\" data-tab=\"3\" role=\"button\" aria-controls=\"elementor-tab-content-1363\" aria-expanded=\"false\">\n\t\t\t\t\t\t\t\t\t\t\t\t<a class=\"elementor-toggle-title\" tabindex=\"0\">Rituale nach der Ein\u00e4scherung mit der Urne?<\/a>\n\t\t\t\t\t<\/h1>\n\n\t\t\t\t\t<div id=\"elementor-tab-content-1363\" class=\"elementor-tab-content elementor-clearfix\" data-tab=\"3\" role=\"region\" aria-labelledby=\"elementor-tab-title-1363\"><p>Die Feuerbestattung ist heute die h\u00e4ufigste Bestattungsform. Feste Regeln gibt es dabei nicht. Auf Wunsch k\u00f6nnen mit der Urne unterschiedliche Rituale gestaltet werden.  <\/p>\n<p><strong>Beisetzung<\/strong> \u2013 es gibt viele gute Gr\u00fcnde, sich f\u00fcr eine Feuerbestattung zu entscheiden. Einer davon ist der geringere Platzbedarf auf dem Friedhof. So k\u00f6nnen Angeh\u00f6rige nahe beieinander beigesetzt werden. <\/p>\n<p><strong>Erinnerungsort <\/strong>\u2013 nach der Verabschiedung des Verstorbenen kann die Urne zu Hause aufbewahrt werden. So haben Sie gemeinsam mit Ihren Angeh\u00f6rigen mehr Zeit, den Zeitpunkt der Beisetzung in Ruhe zu planen. <\/p>\n<p><strong>Ascheverstreuung <\/strong>\u2013 auf Wunsch kann die Asche an einem f\u00fcr Sie und den Verstorbenen bedeutsamen Ort verstreut werden. Nach der Zeremonie der Ascheverstreuung kann die Urne anschlie\u00dfend in der Erde beigesetzt werden. Die Urne ist biologisch abbaubar und zersetzt sich schnell.  <\/p>\n<\/div>\n\t\t\t\t<\/div>\n\t\t\t\t\t\t\t<div class=\"elementor-toggle-item\">\n\t\t\t\t\t<h1 id=\"elementor-tab-title-1364\" class=\"elementor-tab-title\" data-tab=\"4\" role=\"button\" aria-controls=\"elementor-tab-content-1364\" aria-expanded=\"false\">\n\t\t\t\t\t\t\t\t\t\t\t\t<a class=\"elementor-toggle-title\" tabindex=\"0\">Lieferzeit?<\/a>\n\t\t\t\t\t<\/h1>\n\n\t\t\t\t\t<div id=\"elementor-tab-content-1364\" class=\"elementor-tab-content elementor-clearfix\" data-tab=\"4\" role=\"region\" aria-labelledby=\"elementor-tab-title-1364\"><p data-start=\"133\" data-end=\"291\">Die Lieferzeit nach Deutschland betr\u00e4gt durchschnittlich 5\u20137 Werktage ab Inkrafttreten des Kaufvertrags.<br \/>Die Lieferzeit f\u00fcr Bestellungen aus dem Baltikum, Skandinavien, Europa, den USA, Kanada und Gro\u00dfbritannien h\u00e4ngt vom Zielland und der gew\u00e4hlten Versandart ab.<\/p>\n<p data-start=\"293\" data-end=\"625\"><strong data-start=\"293\" data-end=\"323\">Muss ich schnell bestellen?<\/strong><br data-start=\"323\" data-end=\"326\">Sie m\u00fcssen sich keine Sorgen machen oder beeilen. Nach der Verabschiedung des Verstorbenen wird die Ein\u00e4scherung geplant. In dieser Zeit k\u00f6nnen Sie in Ruhe die passende Urne ausw\u00e4hlen. Bestattungsinstitute sind verst\u00e4ndnisvoll und unterst\u00fctzen Sie bei der Verwendung der von Ihnen gew\u00e4hlten Urne.   <\/p>\n<\/div>\n\t\t\t\t<\/div>\n\t\t\t\t\t\t\t<div class=\"elementor-toggle-item\">\n\t\t\t\t\t<h1 id=\"elementor-tab-title-1365\" class=\"elementor-tab-title\" data-tab=\"5\" role=\"button\" aria-controls=\"elementor-tab-content-1365\" aria-expanded=\"false\">\n\t\t\t\t\t\t\t\t\t\t\t\t<a class=\"elementor-toggle-title\" tabindex=\"0\">Material?<\/a>\n\t\t\t\t\t<\/h1>\n\n\t\t\t\t\t<div id=\"elementor-tab-content-1365\" class=\"elementor-tab-content elementor-clearfix\" data-tab=\"5\" role=\"region\" aria-labelledby=\"elementor-tab-title-1365\"><p data-start=\"9\" data-end=\"136\">WURN Urnen werden aus reiner <strong>deutscher Schafwolle<\/strong> und <strong>Eichenholz gefertigt<\/strong> \u2013 weich und warm in der Haptik, langlebig und in der Natur schnell biologisch abbaubar. Die Schafwolle und das Holz zersetzen sich sowohl in der Erde als auch im Wasser auf nat\u00fcrliche Weise. <\/p>\n<ul data-start=\"138\" data-end=\"378\">\n<li data-start=\"138\" data-end=\"218\">\n<p data-start=\"140\" data-end=\"218\"><strong>100 % Wolle <\/strong>zersetzt sich nach der Beisetzung innerhalb von etwa <strong>3\u20134 Monaten <\/strong>zu <strong data-start=\"50\" data-end=\"94\">rund 95 %<\/strong>.<\/p>\n<\/li>\n<li data-start=\"219\" data-end=\"299\">\n<p data-start=\"221\" data-end=\"299\"><strong>Tests zeigen<\/strong>, dass erste sichtbare Anzeichen der Zersetzung bereits nach etwa <strong data-start=\"72\" data-end=\"93\" data-is-last-node=\"\">3 Wochen erkennbar sind.<\/strong><\/p>\n<\/li>\n<\/ul>\n<\/div>\n\t\t\t\t<\/div>\n\t\t\t\t\t\t\t\t<\/div>\n\t\t\t\t\t\t<\/div>\n\t\t\t\t<\/div>\n\t\t\t\t<\/div>\n\t\t\t\t<\/div>\n\t\t\t\t<\/div>\n\t\t","protected":false},"excerpt":{"rendered":"<p>H\u00e4ufig gestellte Fragen Welche Urne soll ich w\u00e4hlen? Die Menge der Asche h\u00e4ngt von der Knochenmasse und Knochendichte ab, die sich im Laufe des Lebens entwickelt. Sie l\u00e4sst sich nicht direkt aus dem K\u00f6rpergewicht bestimmen, kann jedoch n\u00e4herungsweise anhand folgender Formel ableiten:1 kg \u2192 ca. 0,04 l Beispielsweise nimmt die Knochendichte im Alter ab, wodurch&#8230;<\/p>\n","protected":false},"author":1,"featured_media":4562,"parent":0,"menu_order":0,"comment_status":"closed","ping_status":"closed","template":"elementor_header_footer","meta":{"_monsterinsights_skip_tracking":false,"_monsterinsights_sitenote_active":false,"_monsterinsights_sitenote_note":"","_monsterinsights_sitenote_category":0,"footnotes":""},"class_list":["post-4569","page","type-page","status-publish","has-post-thumbnail","hentry"],"yoast_head":"<!-- This site is optimized with the Yoast SEO plugin v26.6 - https:\/\/yoast.com\/wordpress\/plugins\/seo\/ -->\n<title>FAQ - WURN urnid<\/title>\n<meta name=\"description\" content=\"Antworten auf h\u00e4ufig gestellte Fragen zu den WURN Filzurnen: Bestellung, Lieferung, Produkteigenschaften, Gr\u00f6\u00dfen und Materialien. Finden Sie alle wichtigen Informationen schnell und einfach.\" \/>\n<meta name=\"robots\" content=\"index, follow, max-snippet:-1, max-image-preview:large, max-video-preview:-1\" \/>\n<link rel=\"canonical\" href=\"https:\/\/wurn.eu\/de\/faq\/\" \/>\n<meta property=\"og:locale\" content=\"de_DE\" \/>\n<meta property=\"og:type\" content=\"article\" \/>\n<meta property=\"og:title\" content=\"FAQ - WURN urnid\" \/>\n<meta property=\"og:description\" content=\"Antworten auf h\u00e4ufig gestellte Fragen zu den WURN Filzurnen: Bestellung, Lieferung, Produkteigenschaften, Gr\u00f6\u00dfen und Materialien. Finden Sie alle wichtigen Informationen schnell und einfach.\" \/>\n<meta property=\"og:url\" content=\"https:\/\/wurn.eu\/de\/faq\/\" \/>\n<meta property=\"og:site_name\" content=\"WURN urnid\" \/>\n<meta property=\"article:modified_time\" content=\"2026-05-11T09:13:01+00:00\" \/>\n<meta property=\"og:image\" content=\"https:\/\/wurn.eu\/wp-content\/uploads\/2024\/10\/DSCF9447-1-scaled.jpg\" \/>\n\t<meta property=\"og:image:width\" content=\"2560\" \/>\n\t<meta property=\"og:image:height\" content=\"1707\" \/>\n\t<meta property=\"og:image:type\" content=\"image\/jpeg\" \/>\n<meta name=\"twitter:card\" content=\"summary_large_image\" \/>\n<meta name=\"twitter:label1\" content=\"Gesch\u00e4tzte Lesezeit\" \/>\n\t<meta name=\"twitter:data1\" content=\"3\u00a0Minuten\" \/>\n<script type=\"application\/ld+json\" class=\"yoast-schema-graph\">{\"@context\":\"https:\/\/schema.org\",\"@graph\":[{\"@type\":\"WebPage\",\"@id\":\"https:\/\/wurn.eu\/de\/faq\/\",\"url\":\"https:\/\/wurn.eu\/de\/faq\/\",\"name\":\"FAQ - WURN urnid\",\"isPartOf\":{\"@id\":\"https:\/\/wurn.eu\/#website\"},\"primaryImageOfPage\":{\"@id\":\"https:\/\/wurn.eu\/de\/faq\/#primaryimage\"},\"image\":{\"@id\":\"https:\/\/wurn.eu\/de\/faq\/#primaryimage\"},\"thumbnailUrl\":\"https:\/\/wurn.eu\/wp-content\/uploads\/2024\/10\/DSCF9447-1-scaled.jpg\",\"datePublished\":\"2024-10-20T14:11:28+00:00\",\"dateModified\":\"2026-05-11T09:13:01+00:00\",\"description\":\"Antworten auf h\u00e4ufig gestellte Fragen zu den WURN Filzurnen: Bestellung, Lieferung, Produkteigenschaften, Gr\u00f6\u00dfen und Materialien. Finden Sie alle wichtigen Informationen schnell und einfach.\",\"breadcrumb\":{\"@id\":\"https:\/\/wurn.eu\/de\/faq\/#breadcrumb\"},\"inLanguage\":\"de\",\"potentialAction\":[{\"@type\":\"ReadAction\",\"target\":[\"https:\/\/wurn.eu\/de\/faq\/\"]}]},{\"@type\":\"ImageObject\",\"inLanguage\":\"de\",\"@id\":\"https:\/\/wurn.eu\/de\/faq\/#primaryimage\",\"url\":\"https:\/\/wurn.eu\/wp-content\/uploads\/2024\/10\/DSCF9447-1-scaled.jpg\",\"contentUrl\":\"https:\/\/wurn.eu\/wp-content\/uploads\/2024\/10\/DSCF9447-1-scaled.jpg\",\"width\":2560,\"height\":1707,\"caption\":\"WURN urn tuhaurnid\"},{\"@type\":\"BreadcrumbList\",\"@id\":\"https:\/\/wurn.eu\/de\/faq\/#breadcrumb\",\"itemListElement\":[{\"@type\":\"ListItem\",\"position\":1,\"name\":\"Home\",\"item\":\"https:\/\/wurn.eu\/de\/startseite\/\"},{\"@type\":\"ListItem\",\"position\":2,\"name\":\"FAQ\"}]},{\"@type\":\"WebSite\",\"@id\":\"https:\/\/wurn.eu\/#website\",\"url\":\"https:\/\/wurn.eu\/\",\"name\":\"WURN urnid\",\"description\":\"Lambavillasest vildist ja v\u00e4\u00e4rispuidust birolagunevad urnid\",\"publisher\":{\"@id\":\"https:\/\/wurn.eu\/#organization\"},\"potentialAction\":[{\"@type\":\"SearchAction\",\"target\":{\"@type\":\"EntryPoint\",\"urlTemplate\":\"https:\/\/wurn.eu\/?s={search_term_string}\"},\"query-input\":{\"@type\":\"PropertyValueSpecification\",\"valueRequired\":true,\"valueName\":\"search_term_string\"}}],\"inLanguage\":\"de\"},{\"@type\":\"Organization\",\"@id\":\"https:\/\/wurn.eu\/#organization\",\"name\":\"WURN urnid\",\"url\":\"https:\/\/wurn.eu\/\",\"logo\":{\"@type\":\"ImageObject\",\"inLanguage\":\"de\",\"@id\":\"https:\/\/wurn.eu\/#\/schema\/logo\/image\/\",\"url\":\"https:\/\/wurn.eu\/wp-content\/uploads\/2024\/10\/WURN_logo_UUS_v3_1_original_black.png\",\"contentUrl\":\"https:\/\/wurn.eu\/wp-content\/uploads\/2024\/10\/WURN_logo_UUS_v3_1_original_black.png\",\"width\":270,\"height\":316,\"caption\":\"WURN urnid\"},\"image\":{\"@id\":\"https:\/\/wurn.eu\/#\/schema\/logo\/image\/\"}}]}<\/script>\n<!-- \/ Yoast SEO plugin. -->","yoast_head_json":{"title":"FAQ - WURN urnid","description":"Antworten auf h\u00e4ufig gestellte Fragen zu den WURN Filzurnen: Bestellung, Lieferung, Produkteigenschaften, Gr\u00f6\u00dfen und Materialien. Finden Sie alle wichtigen Informationen schnell und einfach.","robots":{"index":"index","follow":"follow","max-snippet":"max-snippet:-1","max-image-preview":"max-image-preview:large","max-video-preview":"max-video-preview:-1"},"canonical":"https:\/\/wurn.eu\/de\/faq\/","og_locale":"de_DE","og_type":"article","og_title":"FAQ - WURN urnid","og_description":"Antworten auf h\u00e4ufig gestellte Fragen zu den WURN Filzurnen: Bestellung, Lieferung, Produkteigenschaften, Gr\u00f6\u00dfen und Materialien. Finden Sie alle wichtigen Informationen schnell und einfach.","og_url":"https:\/\/wurn.eu\/de\/faq\/","og_site_name":"WURN urnid","article_modified_time":"2026-05-11T09:13:01+00:00","og_image":[{"width":2560,"height":1707,"url":"https:\/\/wurn.eu\/wp-content\/uploads\/2024\/10\/DSCF9447-1-scaled.jpg","type":"image\/jpeg"}],"twitter_card":"summary_large_image","twitter_misc":{"Gesch\u00e4tzte Lesezeit":"3\u00a0Minuten"},"schema":{"@context":"https:\/\/schema.org","@graph":[{"@type":"WebPage","@id":"https:\/\/wurn.eu\/de\/faq\/","url":"https:\/\/wurn.eu\/de\/faq\/","name":"FAQ - WURN urnid","isPartOf":{"@id":"https:\/\/wurn.eu\/#website"},"primaryImageOfPage":{"@id":"https:\/\/wurn.eu\/de\/faq\/#primaryimage"},"image":{"@id":"https:\/\/wurn.eu\/de\/faq\/#primaryimage"},"thumbnailUrl":"https:\/\/wurn.eu\/wp-content\/uploads\/2024\/10\/DSCF9447-1-scaled.jpg","datePublished":"2024-10-20T14:11:28+00:00","dateModified":"2026-05-11T09:13:01+00:00","description":"Antworten auf h\u00e4ufig gestellte Fragen zu den WURN Filzurnen: Bestellung, Lieferung, Produkteigenschaften, Gr\u00f6\u00dfen und Materialien. Finden Sie alle wichtigen Informationen schnell und einfach.","breadcrumb":{"@id":"https:\/\/wurn.eu\/de\/faq\/#breadcrumb"},"inLanguage":"de","potentialAction":[{"@type":"ReadAction","target":["https:\/\/wurn.eu\/de\/faq\/"]}]},{"@type":"ImageObject","inLanguage":"de","@id":"https:\/\/wurn.eu\/de\/faq\/#primaryimage","url":"https:\/\/wurn.eu\/wp-content\/uploads\/2024\/10\/DSCF9447-1-scaled.jpg","contentUrl":"https:\/\/wurn.eu\/wp-content\/uploads\/2024\/10\/DSCF9447-1-scaled.jpg","width":2560,"height":1707,"caption":"WURN urn tuhaurnid"},{"@type":"BreadcrumbList","@id":"https:\/\/wurn.eu\/de\/faq\/#breadcrumb","itemListElement":[{"@type":"ListItem","position":1,"name":"Home","item":"https:\/\/wurn.eu\/de\/startseite\/"},{"@type":"ListItem","position":2,"name":"FAQ"}]},{"@type":"WebSite","@id":"https:\/\/wurn.eu\/#website","url":"https:\/\/wurn.eu\/","name":"WURN urnid","description":"Lambavillasest vildist ja v\u00e4\u00e4rispuidust birolagunevad urnid","publisher":{"@id":"https:\/\/wurn.eu\/#organization"},"potentialAction":[{"@type":"SearchAction","target":{"@type":"EntryPoint","urlTemplate":"https:\/\/wurn.eu\/?s={search_term_string}"},"query-input":{"@type":"PropertyValueSpecification","valueRequired":true,"valueName":"search_term_string"}}],"inLanguage":"de"},{"@type":"Organization","@id":"https:\/\/wurn.eu\/#organization","name":"WURN urnid","url":"https:\/\/wurn.eu\/","logo":{"@type":"ImageObject","inLanguage":"de","@id":"https:\/\/wurn.eu\/#\/schema\/logo\/image\/","url":"https:\/\/wurn.eu\/wp-content\/uploads\/2024\/10\/WURN_logo_UUS_v3_1_original_black.png","contentUrl":"https:\/\/wurn.eu\/wp-content\/uploads\/2024\/10\/WURN_logo_UUS_v3_1_original_black.png","width":270,"height":316,"caption":"WURN urnid"},"image":{"@id":"https:\/\/wurn.eu\/#\/schema\/logo\/image\/"}}]}},"jetpack_sharing_enabled":true,"_links":{"self":[{"href":"https:\/\/wurn.eu\/de\/wp-json\/wp\/v2\/pages\/4569","targetHints":{"allow":["GET"]}}],"collection":[{"href":"https:\/\/wurn.eu\/de\/wp-json\/wp\/v2\/pages"}],"about":[{"href":"https:\/\/wurn.eu\/de\/wp-json\/wp\/v2\/types\/page"}],"author":[{"embeddable":true,"href":"https:\/\/wurn.eu\/de\/wp-json\/wp\/v2\/users\/1"}],"replies":[{"embeddable":true,"href":"https:\/\/wurn.eu\/de\/wp-json\/wp\/v2\/comments?post=4569"}],"version-history":[{"count":1,"href":"https:\/\/wurn.eu\/de\/wp-json\/wp\/v2\/pages\/4569\/revisions"}],"predecessor-version":[{"id":4570,"href":"https:\/\/wurn.eu\/de\/wp-json\/wp\/v2\/pages\/4569\/revisions\/4570"}],"wp:featuredmedia":[{"embeddable":true,"href":"https:\/\/wurn.eu\/de\/wp-json\/wp\/v2\/media\/4562"}],"wp:attachment":[{"href":"https:\/\/wurn.eu\/de\/wp-json\/wp\/v2\/media?parent=4569"}],"curies":[{"name":"wp","href":"https:\/\/api.w.org\/{rel}","templated":true}]}}