{"id":4540,"date":"2024-10-29T19:53:09","date_gmt":"2024-10-29T17:53:09","guid":{"rendered":"https:\/\/wurn.eu\/verkaufsbedingungen\/"},"modified":"2026-05-12T11:17:27","modified_gmt":"2026-05-12T08:17:27","slug":"verkaufsbedingungen","status":"publish","type":"page","link":"https:\/\/wurn.eu\/de\/verkaufsbedingungen\/","title":{"rendered":"Verkaufsbedingungen"},"content":{"rendered":"\t\t<div data-elementor-type=\"wp-page\" data-elementor-id=\"4540\" class=\"elementor elementor-4540 elementor-928\" data-elementor-post-type=\"page\">\n\t\t\t\t<div class=\"elementor-element elementor-element-412ac26a e-flex e-con-boxed e-con e-parent\" data-id=\"412ac26a\" data-element_type=\"container\" data-e-type=\"container\">\n\t\t\t\t\t<div class=\"e-con-inner\">\n\t\t\t\t<div class=\"elementor-element elementor-element-29ae6b0e elementor-widget-mobile__width-inherit elementor-widget elementor-widget-heading\" data-id=\"29ae6b0e\" data-element_type=\"widget\" data-e-type=\"widget\" data-widget_type=\"heading.default\">\n\t\t\t\t<div class=\"elementor-widget-container\">\n\t\t\t\t\t<h2 class=\"elementor-heading-title elementor-size-default\">Verkaufsbedingungen<\/h2>\t\t\t\t<\/div>\n\t\t\t\t<\/div>\n\t\t\t\t<div class=\"elementor-element elementor-element-b919138 elementor-widget elementor-widget-text-editor\" data-id=\"b919138\" data-element_type=\"widget\" data-e-type=\"widget\" data-widget_type=\"text-editor.default\">\n\t\t\t\t<div class=\"elementor-widget-container\">\n\t\t\t\t\t\t\t\t\t<h1><span style=\"font-size: 15px; font-weight: 400;\">Die Website <\/span><a style=\"font-size: 15px; font-weight: 400;\" href=\"https:\/\/www.wurn.eu\">www.wurn.eu<\/a> <span style=\"font-size: 15px; font-weight: 400;\">(im Folgenden \u201eWebsite\u201c) geh\u00f6rt Wurn O\u00dc (Registrierungsnummer 17231525, Dorf Haeska, Saaremaa, Estland).<\/span><\/h1><p>Die auf der Website dargestellten Produkte dienen der Information. Bei Bestell- oder Vertriebsinteresse bitten wir Sie, uns per E-Mail an <a style=\"font-size: 16px;\" href=\"mailto:info@wurn.eu\">info@wurn.eu<\/a> oder telefonisch unter <a href=\"tel:+37256286826\">+372 5628 6826<\/a> zu kontaktieren. Die auf der Website angezeigten Produktbeschreibungen stellen kein verbindliches Angebot dar.  <\/p><hr><h2>1. G\u00fcltigkeit des Kaufvertrags und Wareninformationen<\/h2><p>Der Kaufvertrag kommt zustande, nachdem der Kunde die Bestellung best\u00e4tigt hat und Wurn O\u00dc die Rechnung ausgestellt hat. Alle Produkte werden handgefertigt oder von Hand zusammengestellt. Die Beschreibung und Eigenschaften der Ware sind beim jeweiligen Produkt angegeben.  <\/p><h2>2. Bestellung aufgeben<\/h2><p>W\u00e4hlen Sie eine der folgenden M\u00f6glichkeiten:<\/p><ul><li>w\u00e4hlen Sie das passende Produkt aus und klicken Sie auf \u201e<a href=\"https:\/\/wurn.eu\/de\/kontakt\/\" target=\"_blank\" rel=\"noopener\">Anfrage senden<\/a>\u201c<\/li><li>schreiben Sie an <a href=\"mailto:info@wurn.eu\">info@wurn.eu<\/a><\/li><li>rufen Sie unter <a href=\"tel:+37256286826\" target=\"_blank\" rel=\"noopener\">+372 5628 6826<\/a> an<\/li><\/ul><p>Nach Eingang der Anfrage setzen wir uns mit Ihnen in Verbindung, um die Bestellung abzustimmen, und senden Ihnen die Rechnung zur Zahlung zu.<\/p><h2>3. Zahlungsarten<\/h2><p>Die Bestellung kann per Bank\u00fcberweisung auf Grundlage einer Rechnung bezahlt werden:<\/p><p data-start=\"0\" data-end=\"34\"><strong data-start=\"0\" data-end=\"34\">Unternehmensdaten f\u00fcr die Rechnungsstellung<\/strong><\/p><p data-start=\"36\" data-end=\"186\">Unternehmensname: Wurn O\u00dc<br data-start=\"59\" data-end=\"62\">Registrierungsnummer: 17231525<br data-start=\"84\" data-end=\"87\">USt-IdNr.: EE102856330<br data-start=\"111\" data-end=\"114\">Adresse: Luha, Haeska k\u00fcla, Saaremaa vald, Saare maakond, 94142, Estland<\/p><p data-start=\"188\" data-end=\"236\">Bank: AS LHV Pank<br data-start=\"205\" data-end=\"208\">IBAN: EE897700771011718393<br data-start=\"46\" data-end=\"49\">SWIFT\/BIC: LHVBEE22<\/p><p data-start=\"238\" data-end=\"284\" data-is-last-node=\"\" data-is-only-node=\"\">E-Mail: <a rel=\"noopener\" data-start=\"246\" data-end=\"258\">info@wurn.eu<\/a><br data-start=\"258\" data-end=\"261\">Telefon: +372 5628 6826<\/p><h2>4. Lieferung<\/h2><div>Die genauen Bedingungen und weitere Informationen finden Sie unter: <a href=\"https:\/\/wurn.eu\/de\/lieferinformationen\/\" target=\"_blank\" rel=\"noopener\">https:\/\/wurn.eu\/de\/lieferinformationen\/<\/a><\/div><h2>Widerrufsrecht und R\u00fcckgabe der Ware<\/h2><p class=\"MsoNormal\"><span lang=\"ET\">Verbraucher haben das Recht, binnen 14 Tagen nach Erhalt der Ware ohne Angabe von Gr\u00fcnden vom Vertrag zur\u00fcckzutreten. Das Widerrufsrecht gilt nicht f\u00fcr Gesch\u00e4ftskunden, es sei denn, die Parteien haben dies gesondert schriftlich vereinbart. <\/span><\/p><p>Die zur\u00fcckzusendende Ware muss unbenutzt, unbesch\u00e4digt und in der Originalverpackung sein. Die Kosten der R\u00fccksendung tr\u00e4gt der K\u00e4ufer, es sei denn, der Grund f\u00fcr die R\u00fccksendung ist ein Mangel oder ein falsches Produkt. <\/p><p>Zur Aus\u00fcbung des Widerrufsrechts muss der Verbraucher sp\u00e4testens 14 Tage nach Erhalt der Ware eine entsprechende E-Mail an <a href=\"mailto:info@wurn.eu\">info@wurn.eu<\/a> senden. Der Betrag wird innerhalb von 14 Tagen nach Erhalt der zur\u00fcckgesendeten Ware erstattet. <\/p><h2>6. Reklamationen einreichen<\/h2><p>Wurn O\u00dc haftet f\u00fcr M\u00e4ngel an Produkten, die von Verbrauchern gekauft wurden und innerhalb von zwei Jahren ab \u00dcbergabe auftreten.<\/p><p>Der Gesch\u00e4ftskunde muss die Ware unverz\u00fcglich nach Erhalt pr\u00fcfen und Wurn O\u00dc innerhalb angemessener Frist \u00fcber eine m\u00f6gliche Vertragswidrigkeit informieren, wobei der Mangel ausreichend genau zu beschreiben ist.<\/p><p>Bei Auftreten eines Mangels bitten wir Sie, uns unter <a href=\"mailto:info@wurn.eu\">info@wurn.eu<\/a> oder telefonisch unter <a href=\"tel:+37256286826\">+372 5628 6826<\/a> zu kontaktieren.<\/p><h2>7. Verarbeitung personenbezogener Daten<\/h2><p>Wurn O\u00dc verwendet die personenbezogenen Daten des Kunden ausschlie\u00dflich zur Erf\u00fcllung und Lieferung der Bestellung. Die Daten werden nicht an Dritte weitergegeben, au\u00dfer an den Transportdienstleister. <\/p><h2>8. Wiederverkauf und Zusammenarbeit<\/h2><p>Wurn O\u00dc arbeitet mit Bestattungsunternehmen und Wiederverk\u00e4ufern in Estland und international zusammen. Wenn Sie weitere Informationen zu Gro\u00dfhandelspreisen, Partnerbedingungen oder Kooperationsm\u00f6glichkeiten erhalten m\u00f6chten, schreiben Sie bitte an <a href=\"mailto:info@wurn.eu\">info@wurn.eu<\/a> oder rufen Sie uns unter <a style=\"font-size: 16px;\" href=\"tel:+37256286826\" target=\"_blank\" rel=\"noopener\">+372 5628 6826<\/a> an. <\/p><h2>9. Streitbeilegung<\/h2><p>Wenn Sie Reklamationen haben, bitten wir Sie, sich per E-Mail oder telefonisch an uns zu wenden. Wird keine Einigung erzielt, hat der Verbraucher das Recht, sich an die Verbraucherschlichtungskommission oder an die EU-Plattform zur Online-Streitbeilegung zu wenden. <\/p>\t\t\t\t\t\t\t\t<\/div>\n\t\t\t\t<\/div>\n\t\t\t\t<div class=\"elementor-element elementor-element-fffe777 elementor-align-center elementor-widget__width-auto elementor-widget elementor-widget-button\" data-id=\"fffe777\" data-element_type=\"widget\" data-e-type=\"widget\" data-widget_type=\"button.default\">\n\t\t\t\t<div class=\"elementor-widget-container\">\n\t\t\t\t\t\t\t\t\t<div class=\"elementor-button-wrapper\">\n\t\t\t\t\t<a class=\"elementor-button elementor-button-link elementor-size-sm\" href=\"https:\/\/wurn.eu\/de\/katalog\/\">\n\t\t\t\t\t\t<span class=\"elementor-button-content-wrapper\">\n\t\t\t\t\t\t\t\t\t<span class=\"elementor-button-text\">Katalog<\/span>\n\t\t\t\t\t<\/span>\n\t\t\t\t\t<\/a>\n\t\t\t\t<\/div>\n\t\t\t\t\t\t\t\t<\/div>\n\t\t\t\t<\/div>\n\t\t\t\t\t<\/div>\n\t\t\t\t<\/div>\n\t\t\t\t<\/div>\n\t\t","protected":false},"excerpt":{"rendered":"<p>Verkaufsbedingungen Die Website www.wurn.eu (im Folgenden \u201eWebsite\u201c) geh\u00f6rt Wurn O\u00dc (Registrierungsnummer 17231525, Dorf Haeska, Saaremaa, Estland). Die auf der Website dargestellten Produkte dienen der Information. Bei Bestell- oder Vertriebsinteresse bitten wir Sie, uns per E-Mail an info@wurn.eu oder telefonisch unter +372 5628 6826 zu kontaktieren. Die auf der Website angezeigten Produktbeschreibungen stellen kein verbindliches Angebot&#8230;<\/p>\n","protected":false},"author":1,"featured_media":0,"parent":0,"menu_order":0,"comment_status":"closed","ping_status":"closed","template":"elementor_header_footer","meta":{"_monsterinsights_skip_tracking":false,"_monsterinsights_sitenote_active":false,"_monsterinsights_sitenote_note":"","_monsterinsights_sitenote_category":0,"footnotes":""},"class_list":["post-4540","page","type-page","status-publish","hentry"],"yoast_head":"<!-- This site is optimized with the Yoast SEO plugin v26.6 - https:\/\/yoast.com\/wordpress\/plugins\/seo\/ -->\n<title>Verkaufsbedingungen - WURN urnid<\/title>\n<meta name=\"description\" content=\"Lesen Sie die Verkaufsbedingungen von WURN O\u00dc. Handgefertigte Produkte, sichere Bestellung, R\u00fcckgaben und Datenschutz \u2013 alles einfach und klar erkl\u00e4rt.\" \/>\n<meta name=\"robots\" content=\"index, follow, max-snippet:-1, max-image-preview:large, max-video-preview:-1\" \/>\n<link rel=\"canonical\" href=\"https:\/\/wurn.eu\/de\/verkaufsbedingungen\/\" \/>\n<meta property=\"og:locale\" content=\"de_DE\" \/>\n<meta property=\"og:type\" content=\"article\" \/>\n<meta property=\"og:title\" content=\"Verkaufsbedingungen - WURN urnid\" \/>\n<meta property=\"og:description\" content=\"Lesen Sie die Verkaufsbedingungen von WURN O\u00dc. Handgefertigte Produkte, sichere Bestellung, R\u00fcckgaben und Datenschutz \u2013 alles einfach und klar erkl\u00e4rt.\" \/>\n<meta property=\"og:url\" content=\"https:\/\/wurn.eu\/de\/verkaufsbedingungen\/\" \/>\n<meta property=\"og:site_name\" content=\"WURN urnid\" \/>\n<meta property=\"article:modified_time\" content=\"2026-05-12T08:17:27+00:00\" \/>\n<meta name=\"twitter:card\" content=\"summary_large_image\" \/>\n<meta name=\"twitter:label1\" content=\"Gesch\u00e4tzte Lesezeit\" \/>\n\t<meta name=\"twitter:data1\" content=\"3\u00a0Minuten\" \/>\n<script type=\"application\/ld+json\" class=\"yoast-schema-graph\">{\"@context\":\"https:\/\/schema.org\",\"@graph\":[{\"@type\":\"WebPage\",\"@id\":\"https:\/\/wurn.eu\/de\/verkaufsbedingungen\/\",\"url\":\"https:\/\/wurn.eu\/de\/verkaufsbedingungen\/\",\"name\":\"Verkaufsbedingungen - WURN urnid\",\"isPartOf\":{\"@id\":\"https:\/\/wurn.eu\/#website\"},\"datePublished\":\"2024-10-29T17:53:09+00:00\",\"dateModified\":\"2026-05-12T08:17:27+00:00\",\"description\":\"Lesen Sie die Verkaufsbedingungen von WURN O\u00dc. Handgefertigte Produkte, sichere Bestellung, R\u00fcckgaben und Datenschutz \u2013 alles einfach und klar erkl\u00e4rt.\",\"breadcrumb\":{\"@id\":\"https:\/\/wurn.eu\/de\/verkaufsbedingungen\/#breadcrumb\"},\"inLanguage\":\"de\",\"potentialAction\":[{\"@type\":\"ReadAction\",\"target\":[\"https:\/\/wurn.eu\/de\/verkaufsbedingungen\/\"]}]},{\"@type\":\"BreadcrumbList\",\"@id\":\"https:\/\/wurn.eu\/de\/verkaufsbedingungen\/#breadcrumb\",\"itemListElement\":[{\"@type\":\"ListItem\",\"position\":1,\"name\":\"Home\",\"item\":\"https:\/\/wurn.eu\/de\/startseite\/\"},{\"@type\":\"ListItem\",\"position\":2,\"name\":\"Verkaufsbedingungen\"}]},{\"@type\":\"WebSite\",\"@id\":\"https:\/\/wurn.eu\/#website\",\"url\":\"https:\/\/wurn.eu\/\",\"name\":\"WURN urnid\",\"description\":\"Lambavillasest vildist ja v\u00e4\u00e4rispuidust birolagunevad urnid\",\"publisher\":{\"@id\":\"https:\/\/wurn.eu\/#organization\"},\"potentialAction\":[{\"@type\":\"SearchAction\",\"target\":{\"@type\":\"EntryPoint\",\"urlTemplate\":\"https:\/\/wurn.eu\/?s={search_term_string}\"},\"query-input\":{\"@type\":\"PropertyValueSpecification\",\"valueRequired\":true,\"valueName\":\"search_term_string\"}}],\"inLanguage\":\"de\"},{\"@type\":\"Organization\",\"@id\":\"https:\/\/wurn.eu\/#organization\",\"name\":\"WURN urnid\",\"url\":\"https:\/\/wurn.eu\/\",\"logo\":{\"@type\":\"ImageObject\",\"inLanguage\":\"de\",\"@id\":\"https:\/\/wurn.eu\/#\/schema\/logo\/image\/\",\"url\":\"https:\/\/wurn.eu\/wp-content\/uploads\/2024\/10\/WURN_logo_UUS_v3_1_original_black.png\",\"contentUrl\":\"https:\/\/wurn.eu\/wp-content\/uploads\/2024\/10\/WURN_logo_UUS_v3_1_original_black.png\",\"width\":270,\"height\":316,\"caption\":\"WURN urnid\"},\"image\":{\"@id\":\"https:\/\/wurn.eu\/#\/schema\/logo\/image\/\"}}]}<\/script>\n<!-- \/ Yoast SEO plugin. -->","yoast_head_json":{"title":"Verkaufsbedingungen - WURN urnid","description":"Lesen Sie die Verkaufsbedingungen von WURN O\u00dc. Handgefertigte Produkte, sichere Bestellung, R\u00fcckgaben und Datenschutz \u2013 alles einfach und klar erkl\u00e4rt.","robots":{"index":"index","follow":"follow","max-snippet":"max-snippet:-1","max-image-preview":"max-image-preview:large","max-video-preview":"max-video-preview:-1"},"canonical":"https:\/\/wurn.eu\/de\/verkaufsbedingungen\/","og_locale":"de_DE","og_type":"article","og_title":"Verkaufsbedingungen - WURN urnid","og_description":"Lesen Sie die Verkaufsbedingungen von WURN O\u00dc. Handgefertigte Produkte, sichere Bestellung, R\u00fcckgaben und Datenschutz \u2013 alles einfach und klar erkl\u00e4rt.","og_url":"https:\/\/wurn.eu\/de\/verkaufsbedingungen\/","og_site_name":"WURN urnid","article_modified_time":"2026-05-12T08:17:27+00:00","twitter_card":"summary_large_image","twitter_misc":{"Gesch\u00e4tzte Lesezeit":"3\u00a0Minuten"},"schema":{"@context":"https:\/\/schema.org","@graph":[{"@type":"WebPage","@id":"https:\/\/wurn.eu\/de\/verkaufsbedingungen\/","url":"https:\/\/wurn.eu\/de\/verkaufsbedingungen\/","name":"Verkaufsbedingungen - WURN urnid","isPartOf":{"@id":"https:\/\/wurn.eu\/#website"},"datePublished":"2024-10-29T17:53:09+00:00","dateModified":"2026-05-12T08:17:27+00:00","description":"Lesen Sie die Verkaufsbedingungen von WURN O\u00dc. Handgefertigte Produkte, sichere Bestellung, R\u00fcckgaben und Datenschutz \u2013 alles einfach und klar erkl\u00e4rt.","breadcrumb":{"@id":"https:\/\/wurn.eu\/de\/verkaufsbedingungen\/#breadcrumb"},"inLanguage":"de","potentialAction":[{"@type":"ReadAction","target":["https:\/\/wurn.eu\/de\/verkaufsbedingungen\/"]}]},{"@type":"BreadcrumbList","@id":"https:\/\/wurn.eu\/de\/verkaufsbedingungen\/#breadcrumb","itemListElement":[{"@type":"ListItem","position":1,"name":"Home","item":"https:\/\/wurn.eu\/de\/startseite\/"},{"@type":"ListItem","position":2,"name":"Verkaufsbedingungen"}]},{"@type":"WebSite","@id":"https:\/\/wurn.eu\/#website","url":"https:\/\/wurn.eu\/","name":"WURN urnid","description":"Lambavillasest vildist ja v\u00e4\u00e4rispuidust birolagunevad urnid","publisher":{"@id":"https:\/\/wurn.eu\/#organization"},"potentialAction":[{"@type":"SearchAction","target":{"@type":"EntryPoint","urlTemplate":"https:\/\/wurn.eu\/?s={search_term_string}"},"query-input":{"@type":"PropertyValueSpecification","valueRequired":true,"valueName":"search_term_string"}}],"inLanguage":"de"},{"@type":"Organization","@id":"https:\/\/wurn.eu\/#organization","name":"WURN urnid","url":"https:\/\/wurn.eu\/","logo":{"@type":"ImageObject","inLanguage":"de","@id":"https:\/\/wurn.eu\/#\/schema\/logo\/image\/","url":"https:\/\/wurn.eu\/wp-content\/uploads\/2024\/10\/WURN_logo_UUS_v3_1_original_black.png","contentUrl":"https:\/\/wurn.eu\/wp-content\/uploads\/2024\/10\/WURN_logo_UUS_v3_1_original_black.png","width":270,"height":316,"caption":"WURN urnid"},"image":{"@id":"https:\/\/wurn.eu\/#\/schema\/logo\/image\/"}}]}},"jetpack_sharing_enabled":true,"_links":{"self":[{"href":"https:\/\/wurn.eu\/de\/wp-json\/wp\/v2\/pages\/4540","targetHints":{"allow":["GET"]}}],"collection":[{"href":"https:\/\/wurn.eu\/de\/wp-json\/wp\/v2\/pages"}],"about":[{"href":"https:\/\/wurn.eu\/de\/wp-json\/wp\/v2\/types\/page"}],"author":[{"embeddable":true,"href":"https:\/\/wurn.eu\/de\/wp-json\/wp\/v2\/users\/1"}],"replies":[{"embeddable":true,"href":"https:\/\/wurn.eu\/de\/wp-json\/wp\/v2\/comments?post=4540"}],"version-history":[{"count":10,"href":"https:\/\/wurn.eu\/de\/wp-json\/wp\/v2\/pages\/4540\/revisions"}],"predecessor-version":[{"id":4682,"href":"https:\/\/wurn.eu\/de\/wp-json\/wp\/v2\/pages\/4540\/revisions\/4682"}],"wp:attachment":[{"href":"https:\/\/wurn.eu\/de\/wp-json\/wp\/v2\/media?parent=4540"}],"curies":[{"name":"wp","href":"https:\/\/api.w.org\/{rel}","templated":true}]}}