{"id":4534,"date":"2024-10-09T15:35:58","date_gmt":"2024-10-09T12:35:58","guid":{"rendered":"https:\/\/wurn.eu\/datenschutzerklaerung\/"},"modified":"2026-05-11T10:36:09","modified_gmt":"2026-05-11T07:36:09","slug":"datenschutzerklaerung","status":"publish","type":"page","link":"https:\/\/wurn.eu\/de\/datenschutzerklaerung\/","title":{"rendered":"Datenschutzerkl\u00e4rung"},"content":{"rendered":"\t\t<div data-elementor-type=\"wp-page\" data-elementor-id=\"4534\" class=\"elementor elementor-4534 elementor-3\" data-elementor-post-type=\"page\">\n\t\t\t\t<div class=\"elementor-element elementor-element-6865e40c e-flex e-con-boxed e-con e-parent\" data-id=\"6865e40c\" data-element_type=\"container\" data-e-type=\"container\">\n\t\t\t\t\t<div class=\"e-con-inner\">\n\t\t\t\t<div class=\"elementor-element elementor-element-6da93331 elementor-widget elementor-widget-text-editor\" data-id=\"6da93331\" data-element_type=\"widget\" data-e-type=\"widget\" data-widget_type=\"text-editor.default\">\n\t\t\t\t<div class=\"elementor-widget-container\">\n\t\t\t\t\t\t\t\t\t<h2 data-start=\"285\" data-end=\"311\">VERARBEITUNG PERSONENBEZOGENER DATEN<\/h2><p data-start=\"313\" data-end=\"392\">Der Verantwortliche f\u00fcr die Verarbeitung personenbezogener Daten auf der Website <a class=\"decorated-link\" href=\"http:\/\/www.wurn.eu\" target=\"_new\" rel=\"noopener\" data-start=\"323\" data-end=\"334\">www.wurn.eu<\/a> (im Folgenden \u201eWebsite\u201c) ist:<\/p><p data-start=\"394\" data-end=\"521\">Wurn O\u00dc<br data-start=\"405\" data-end=\"408\">Registrierungsnummer: 17231525<br data-start=\"430\" data-end=\"433\">Sitz: Dorf Haeska, Saaremaa, Estland<br data-start=\"470\" data-end=\"473\">E-Mail: <strong data-start=\"394\" data-end=\"405\">info@wurn.eu<\/strong><br data-start=\"493\" data-end=\"496\">Telefon: <a class=\"decorated-link cursor-pointer\" rel=\"noopener\" data-start=\"481\" data-end=\"493\">+372 5628 6826<\/a><\/p><p data-start=\"523\" data-end=\"676\">Wurn O\u00dc respektiert Ihre Privatsph\u00e4re und verarbeitet personenbezogene Daten im Einklang mit der Datenschutz-Grundverordnung der Europ\u00e4ischen Union (DSGVO) und den Rechtsvorschriften der Republik Estland.<\/p><hr data-start=\"678\" data-end=\"681\"><h2 data-start=\"683\" data-end=\"720\">Welche personenbezogenen Daten werden verarbeitet?<\/h2><p data-start=\"722\" data-end=\"766\">Wurn O\u00dc kann die folgenden personenbezogenen Daten verarbeiten:<\/p><ul data-start=\"768\" data-end=\"1027\"><li data-start=\"768\" data-end=\"776\"><p data-start=\"770\" data-end=\"776\">name<\/p><\/li><li data-start=\"777\" data-end=\"795\"><p data-start=\"779\" data-end=\"795\">telefonnummer<\/p><\/li><li data-start=\"796\" data-end=\"815\"><p data-start=\"798\" data-end=\"815\">e-mail-adresse<\/p><\/li><li data-start=\"816\" data-end=\"832\"><p data-start=\"818\" data-end=\"832\">lieferadresse<\/p><\/li><li data-start=\"833\" data-end=\"895\"><p data-start=\"835\" data-end=\"895\">bestellbezogene daten (produktbezeichnung, menge, preis)<\/p><\/li><li data-start=\"896\" data-end=\"930\"><p data-start=\"898\" data-end=\"930\">f\u00fcr die rechnungsstellung erforderliche daten<\/p><\/li><li data-start=\"931\" data-end=\"964\"><p data-start=\"933\" data-end=\"964\">informationen im zusammenhang mit der kundenkommunikation<\/p><\/li><li data-start=\"965\" data-end=\"1027\"><p data-start=\"967\" data-end=\"1027\">ip-adresse und technische protokolldaten beim besuch der website<\/p><\/li><\/ul><hr data-start=\"1029\" data-end=\"1032\"><h2 data-start=\"1034\" data-end=\"1068\">zweck der verarbeitung personenbezogener daten<\/h2><p data-start=\"1070\" data-end=\"1095\">personenbezogene daten werden verwendet:<\/p><ul data-start=\"1097\" data-end=\"1324\"><li data-start=\"1097\" data-end=\"1137\"><p data-start=\"1099\" data-end=\"1137\">zur verwaltung und erf\u00fcllung von bestellungen<\/p><\/li><li data-start=\"1138\" data-end=\"1169\"><p data-start=\"1140\" data-end=\"1169\">zur lieferung von waren<\/p><\/li><li data-start=\"1170\" data-end=\"1212\"><p data-start=\"1172\" data-end=\"1212\">zur kundenkommunikation und nachbetreuung<\/p><\/li><li data-start=\"1213\" data-end=\"1274\"><p data-start=\"1215\" data-end=\"1274\">zur erstellung von rechnungen und erf\u00fcllung der buchhaltungspflichten<\/p><\/li><li data-start=\"1275\" data-end=\"1324\"><p data-start=\"1277\" data-end=\"1324\">zur gew\u00e4hrleistung der funktionalit\u00e4t und sicherheit der website<\/p><\/li><\/ul><p data-start=\"1326\" data-end=\"1426\">newsletter oder marketingmitteilungen werden nur versendet, wenn die person hierf\u00fcr eine gesonderte einwilligung erteilt hat.<\/p><hr data-start=\"1428\" data-end=\"1431\"><h2 data-start=\"1433\" data-end=\"1449\">rechtliche grundlage<\/h2><p data-start=\"1451\" data-end=\"1482\">die verarbeitung personenbezogener daten erfolgt:<\/p><ul data-start=\"1484\" data-end=\"1680\"><li data-start=\"1484\" data-end=\"1525\"><p data-start=\"1486\" data-end=\"1525\">zur erf\u00fcllung des mit dem kunden geschlossenen vertrags<\/p><\/li><li data-start=\"1526\" data-end=\"1583\"><p data-start=\"1528\" data-end=\"1583\">zur erf\u00fcllung einer rechtlichen verpflichtung (z. b. buchhaltung)<\/p><\/li><li data-start=\"1584\" data-end=\"1636\"><p data-start=\"1586\" data-end=\"1636\">auf grundlage eines berechtigten interesses (z. b. sicherheit der website)<\/p><\/li><li data-start=\"1637\" data-end=\"1680\"><p data-start=\"1639\" data-end=\"1680\">auf grundlage der einwilligung des kunden (z. b. newsletter)<\/p><\/li><\/ul><hr data-start=\"1682\" data-end=\"1685\"><h2 data-start=\"1687\" data-end=\"1713\">weitergabe personenbezogener daten<\/h2><p data-start=\"1715\" data-end=\"1773\">personenbezogene daten werden nicht verkauft oder an dritte weitergegeben.<\/p><p data-start=\"1775\" data-end=\"1808\">daten k\u00f6nnen nur weitergegeben werden:<\/p><ul data-start=\"1810\" data-end=\"2037\"><li data-start=\"1810\" data-end=\"1893\"><p data-start=\"1812\" data-end=\"1893\">an transportdienstleister (z. b. dhl \/ omniva \/ itella \/ posti) zur lieferung der ware<\/p><\/li><li data-start=\"1894\" data-end=\"1972\"><p data-start=\"1896\" data-end=\"1972\">an den buchhaltungsdienstleister zur erf\u00fcllung gesetzlicher verpflichtungen<\/p><\/li><li data-start=\"1973\" data-end=\"2037\"><p data-start=\"1975\" data-end=\"2037\">an den webhosting-dienstleister zur erbringung technischer dienstleistungen<\/p><\/li><\/ul><p data-start=\"2039\" data-end=\"2119\">alle auftragsverarbeiter sind verpflichtet, eine sichere verarbeitung personenbezogener daten zu gew\u00e4hrleisten.<\/p><hr data-start=\"2121\" data-end=\"2124\"><h2 data-start=\"2126\" data-end=\"2148\">speicherung der daten<\/h2><p data-start=\"2150\" data-end=\"2212\">personenbezogene daten werden nur so lange gespeichert, wie dies erforderlich ist:<\/p><ul data-start=\"2214\" data-end=\"2445\"><li data-start=\"2214\" data-end=\"2305\"><p data-start=\"2216\" data-end=\"2305\">bestellbezogene daten werden gem\u00e4\u00df dem buchhaltungsgesetz 7 jahre lang gespeichert.<\/p><\/li><li data-start=\"2306\" data-end=\"2377\"><p data-start=\"2308\" data-end=\"2377\">daten im zusammenhang mit der kundenkommunikation werden bis zum ablauf der verj\u00e4hrungsfrist m\u00f6glicher anspr\u00fcche gespeichert.<\/p><\/li><li data-start=\"2378\" data-end=\"2445\"><p data-start=\"2380\" data-end=\"2445\">marketingeinwilligungen werden bis zum widerruf der einwilligung gespeichert.<\/p><\/li><\/ul><hr data-start=\"2447\" data-end=\"2450\"><h2 data-start=\"2452\" data-end=\"2468\">rechte der betroffenen person<\/h2><p data-start=\"2470\" data-end=\"2484\">sie haben das recht:<\/p><ul data-start=\"2486\" data-end=\"2735\"><li data-start=\"2486\" data-end=\"2536\"><p data-start=\"2488\" data-end=\"2536\">informationen \u00fcber die verarbeitung Ihrer personenbezogenen daten zu erhalten<\/p><\/li><li data-start=\"2537\" data-end=\"2566\"><p data-start=\"2539\" data-end=\"2566\">die berichtigung der daten zu verlangen<\/p><\/li><li data-start=\"2567\" data-end=\"2628\"><p data-start=\"2569\" data-end=\"2628\">die l\u00f6schung der daten zu verlangen, sofern dies gesetzlich zul\u00e4ssig ist<\/p><\/li><li data-start=\"2629\" data-end=\"2659\"><p data-start=\"2631\" data-end=\"2659\">die verarbeitung der daten einzuschr\u00e4nken<\/p><\/li><li data-start=\"2660\" data-end=\"2689\"><p data-start=\"2662\" data-end=\"2689\">ihre einwilligung zu widerrufen<\/p><\/li><li data-start=\"2690\" data-end=\"2735\"><p data-start=\"2692\" data-end=\"2735\">der verarbeitung der daten zu widersprechen<\/p><\/li><\/ul><p data-start=\"2737\" data-end=\"2791\">anfragen bitten wir an die e-mail-adresse <a class=\"decorated-link cursor-pointer\" rel=\"noopener\" data-start=\"2779\" data-end=\"2791\">info@wurn.eu<\/a> zu senden.<\/p><p data-start=\"2793\" data-end=\"2827\">wir antworten sp\u00e4testens innerhalb von drei werktagen.<\/p><hr data-start=\"2829\" data-end=\"2832\"><h2 data-start=\"2834\" data-end=\"2847\">sicherheit<\/h2><p data-start=\"2849\" data-end=\"3013\">Wurn O\u00dc setzt geeignete technische und organisatorische Sicherheitsma\u00dfnahmen ein, um personenbezogene Daten vor unbefugtem Zugriff, Ver\u00e4nderung, Offenlegung oder Vernichtung zu sch\u00fctzen.<\/p><p data-start=\"3015\" data-end=\"3100\">Die server der website befinden sich innerhalb der europ\u00e4ischen union oder des europ\u00e4ischen wirtschaftsraums.<\/p><hr data-start=\"3102\" data-end=\"3105\"><h2 data-start=\"3107\" data-end=\"3131\">Streitbeilegung<\/h2><p data-start=\"3133\" data-end=\"3243\">Bei Fragen zur Verarbeitung personenbezogener Daten bitten wir Sie, sich zun\u00e4chst per E-Mail an <a class=\"decorated-link cursor-pointer\" rel=\"noopener\" data-start=\"3230\" data-end=\"3242\">info@wurn.eu<\/a> an uns zu wenden.<\/p><p data-start=\"3245\" data-end=\"3311\">Die Aufsichtsbeh\u00f6rde in Estland ist die Datenschutzinspektion (<a class=\"decorated-link\" href=\"http:\/\/www.aki.ee\" target=\"_new\" rel=\"noopener\" data-start=\"3299\" data-end=\"3309\">www.aki.ee<\/a>).<\/p>\t\t\t\t\t\t\t\t<\/div>\n\t\t\t\t<\/div>\n\t\t\t\t\t<\/div>\n\t\t\t\t<\/div>\n\t\t\t\t<\/div>\n\t\t","protected":false},"excerpt":{"rendered":"<p>VERARBEITUNG PERSONENBEZOGENER DATEN Der Verantwortliche f\u00fcr die Verarbeitung personenbezogener Daten auf der Website www.wurn.eu (im Folgenden \u201eWebsite\u201c) ist: Wurn O\u00dcRegistrierungsnummer: 17231525Sitz: Dorf Haeska, Saaremaa, EstlandE-Mail: info@wurn.euTelefon: +372 5628 6826 Wurn O\u00dc respektiert Ihre Privatsph\u00e4re und verarbeitet personenbezogene Daten im Einklang mit der Datenschutz-Grundverordnung der Europ\u00e4ischen Union (DSGVO) und den Rechtsvorschriften der Republik Estland. Welche personenbezogenen&#8230;<\/p>\n","protected":false},"author":1,"featured_media":0,"parent":0,"menu_order":0,"comment_status":"closed","ping_status":"open","template":"","meta":{"_monsterinsights_skip_tracking":false,"_monsterinsights_sitenote_active":false,"_monsterinsights_sitenote_note":"","_monsterinsights_sitenote_category":0,"footnotes":""},"class_list":["post-4534","page","type-page","status-publish","hentry"],"yoast_head":"<!-- This site is optimized with the Yoast SEO plugin v26.6 - https:\/\/yoast.com\/wordpress\/plugins\/seo\/ -->\n<title>Datenschutzerkl\u00e4rung - WURN urnid<\/title>\n<meta name=\"description\" content=\"Lies, wie wir deine personenbezogenen Daten erheben, verwenden und sch\u00fctzen. Datenschutz ist uns wichtig \u2013 erfahre mehr in unserer Datenschutzerkl\u00e4rung.\" \/>\n<meta name=\"robots\" content=\"index, follow, max-snippet:-1, max-image-preview:large, max-video-preview:-1\" \/>\n<link rel=\"canonical\" href=\"https:\/\/wurn.eu\/de\/datenschutzerklaerung\/\" \/>\n<meta property=\"og:locale\" content=\"de_DE\" \/>\n<meta property=\"og:type\" content=\"article\" \/>\n<meta property=\"og:title\" content=\"Datenschutzerkl\u00e4rung - WURN urnid\" \/>\n<meta property=\"og:description\" content=\"Lies, wie wir deine personenbezogenen Daten erheben, verwenden und sch\u00fctzen. Datenschutz ist uns wichtig \u2013 erfahre mehr in unserer Datenschutzerkl\u00e4rung.\" \/>\n<meta property=\"og:url\" content=\"https:\/\/wurn.eu\/de\/datenschutzerklaerung\/\" \/>\n<meta property=\"og:site_name\" content=\"WURN urnid\" \/>\n<meta property=\"article:modified_time\" content=\"2026-05-11T07:36:09+00:00\" \/>\n<meta name=\"twitter:card\" content=\"summary_large_image\" \/>\n<meta name=\"twitter:label1\" content=\"Gesch\u00e4tzte Lesezeit\" \/>\n\t<meta name=\"twitter:data1\" content=\"2\u00a0Minuten\" \/>\n<script type=\"application\/ld+json\" class=\"yoast-schema-graph\">{\"@context\":\"https:\/\/schema.org\",\"@graph\":[{\"@type\":\"WebPage\",\"@id\":\"https:\/\/wurn.eu\/de\/datenschutzerklaerung\/\",\"url\":\"https:\/\/wurn.eu\/de\/datenschutzerklaerung\/\",\"name\":\"Datenschutzerkl\u00e4rung - WURN urnid\",\"isPartOf\":{\"@id\":\"https:\/\/wurn.eu\/#website\"},\"datePublished\":\"2024-10-09T12:35:58+00:00\",\"dateModified\":\"2026-05-11T07:36:09+00:00\",\"description\":\"Lies, wie wir deine personenbezogenen Daten erheben, verwenden und sch\u00fctzen. Datenschutz ist uns wichtig \u2013 erfahre mehr in unserer Datenschutzerkl\u00e4rung.\",\"breadcrumb\":{\"@id\":\"https:\/\/wurn.eu\/de\/datenschutzerklaerung\/#breadcrumb\"},\"inLanguage\":\"de\",\"potentialAction\":[{\"@type\":\"ReadAction\",\"target\":[\"https:\/\/wurn.eu\/de\/datenschutzerklaerung\/\"]}]},{\"@type\":\"BreadcrumbList\",\"@id\":\"https:\/\/wurn.eu\/de\/datenschutzerklaerung\/#breadcrumb\",\"itemListElement\":[{\"@type\":\"ListItem\",\"position\":1,\"name\":\"Home\",\"item\":\"https:\/\/wurn.eu\/de\/startseite\/\"},{\"@type\":\"ListItem\",\"position\":2,\"name\":\"Datenschutzerkl\u00e4rung\"}]},{\"@type\":\"WebSite\",\"@id\":\"https:\/\/wurn.eu\/#website\",\"url\":\"https:\/\/wurn.eu\/\",\"name\":\"WURN urnid\",\"description\":\"Lambavillasest vildist ja v\u00e4\u00e4rispuidust birolagunevad urnid\",\"publisher\":{\"@id\":\"https:\/\/wurn.eu\/#organization\"},\"potentialAction\":[{\"@type\":\"SearchAction\",\"target\":{\"@type\":\"EntryPoint\",\"urlTemplate\":\"https:\/\/wurn.eu\/?s={search_term_string}\"},\"query-input\":{\"@type\":\"PropertyValueSpecification\",\"valueRequired\":true,\"valueName\":\"search_term_string\"}}],\"inLanguage\":\"de\"},{\"@type\":\"Organization\",\"@id\":\"https:\/\/wurn.eu\/#organization\",\"name\":\"WURN urnid\",\"url\":\"https:\/\/wurn.eu\/\",\"logo\":{\"@type\":\"ImageObject\",\"inLanguage\":\"de\",\"@id\":\"https:\/\/wurn.eu\/#\/schema\/logo\/image\/\",\"url\":\"https:\/\/wurn.eu\/wp-content\/uploads\/2024\/10\/WURN_logo_UUS_v3_1_original_black.png\",\"contentUrl\":\"https:\/\/wurn.eu\/wp-content\/uploads\/2024\/10\/WURN_logo_UUS_v3_1_original_black.png\",\"width\":270,\"height\":316,\"caption\":\"WURN urnid\"},\"image\":{\"@id\":\"https:\/\/wurn.eu\/#\/schema\/logo\/image\/\"}}]}<\/script>\n<!-- \/ Yoast SEO plugin. -->","yoast_head_json":{"title":"Datenschutzerkl\u00e4rung - WURN urnid","description":"Lies, wie wir deine personenbezogenen Daten erheben, verwenden und sch\u00fctzen. Datenschutz ist uns wichtig \u2013 erfahre mehr in unserer Datenschutzerkl\u00e4rung.","robots":{"index":"index","follow":"follow","max-snippet":"max-snippet:-1","max-image-preview":"max-image-preview:large","max-video-preview":"max-video-preview:-1"},"canonical":"https:\/\/wurn.eu\/de\/datenschutzerklaerung\/","og_locale":"de_DE","og_type":"article","og_title":"Datenschutzerkl\u00e4rung - WURN urnid","og_description":"Lies, wie wir deine personenbezogenen Daten erheben, verwenden und sch\u00fctzen. Datenschutz ist uns wichtig \u2013 erfahre mehr in unserer Datenschutzerkl\u00e4rung.","og_url":"https:\/\/wurn.eu\/de\/datenschutzerklaerung\/","og_site_name":"WURN urnid","article_modified_time":"2026-05-11T07:36:09+00:00","twitter_card":"summary_large_image","twitter_misc":{"Gesch\u00e4tzte Lesezeit":"2\u00a0Minuten"},"schema":{"@context":"https:\/\/schema.org","@graph":[{"@type":"WebPage","@id":"https:\/\/wurn.eu\/de\/datenschutzerklaerung\/","url":"https:\/\/wurn.eu\/de\/datenschutzerklaerung\/","name":"Datenschutzerkl\u00e4rung - WURN urnid","isPartOf":{"@id":"https:\/\/wurn.eu\/#website"},"datePublished":"2024-10-09T12:35:58+00:00","dateModified":"2026-05-11T07:36:09+00:00","description":"Lies, wie wir deine personenbezogenen Daten erheben, verwenden und sch\u00fctzen. Datenschutz ist uns wichtig \u2013 erfahre mehr in unserer Datenschutzerkl\u00e4rung.","breadcrumb":{"@id":"https:\/\/wurn.eu\/de\/datenschutzerklaerung\/#breadcrumb"},"inLanguage":"de","potentialAction":[{"@type":"ReadAction","target":["https:\/\/wurn.eu\/de\/datenschutzerklaerung\/"]}]},{"@type":"BreadcrumbList","@id":"https:\/\/wurn.eu\/de\/datenschutzerklaerung\/#breadcrumb","itemListElement":[{"@type":"ListItem","position":1,"name":"Home","item":"https:\/\/wurn.eu\/de\/startseite\/"},{"@type":"ListItem","position":2,"name":"Datenschutzerkl\u00e4rung"}]},{"@type":"WebSite","@id":"https:\/\/wurn.eu\/#website","url":"https:\/\/wurn.eu\/","name":"WURN urnid","description":"Lambavillasest vildist ja v\u00e4\u00e4rispuidust birolagunevad urnid","publisher":{"@id":"https:\/\/wurn.eu\/#organization"},"potentialAction":[{"@type":"SearchAction","target":{"@type":"EntryPoint","urlTemplate":"https:\/\/wurn.eu\/?s={search_term_string}"},"query-input":{"@type":"PropertyValueSpecification","valueRequired":true,"valueName":"search_term_string"}}],"inLanguage":"de"},{"@type":"Organization","@id":"https:\/\/wurn.eu\/#organization","name":"WURN urnid","url":"https:\/\/wurn.eu\/","logo":{"@type":"ImageObject","inLanguage":"de","@id":"https:\/\/wurn.eu\/#\/schema\/logo\/image\/","url":"https:\/\/wurn.eu\/wp-content\/uploads\/2024\/10\/WURN_logo_UUS_v3_1_original_black.png","contentUrl":"https:\/\/wurn.eu\/wp-content\/uploads\/2024\/10\/WURN_logo_UUS_v3_1_original_black.png","width":270,"height":316,"caption":"WURN urnid"},"image":{"@id":"https:\/\/wurn.eu\/#\/schema\/logo\/image\/"}}]}},"jetpack_sharing_enabled":true,"_links":{"self":[{"href":"https:\/\/wurn.eu\/de\/wp-json\/wp\/v2\/pages\/4534","targetHints":{"allow":["GET"]}}],"collection":[{"href":"https:\/\/wurn.eu\/de\/wp-json\/wp\/v2\/pages"}],"about":[{"href":"https:\/\/wurn.eu\/de\/wp-json\/wp\/v2\/types\/page"}],"author":[{"embeddable":true,"href":"https:\/\/wurn.eu\/de\/wp-json\/wp\/v2\/users\/1"}],"replies":[{"embeddable":true,"href":"https:\/\/wurn.eu\/de\/wp-json\/wp\/v2\/comments?post=4534"}],"version-history":[{"count":1,"href":"https:\/\/wurn.eu\/de\/wp-json\/wp\/v2\/pages\/4534\/revisions"}],"predecessor-version":[{"id":4535,"href":"https:\/\/wurn.eu\/de\/wp-json\/wp\/v2\/pages\/4534\/revisions\/4535"}],"wp:attachment":[{"href":"https:\/\/wurn.eu\/de\/wp-json\/wp\/v2\/media?parent=4534"}],"curies":[{"name":"wp","href":"https:\/\/api.w.org\/{rel}","templated":true}]}}