{"id":4530,"date":"2024-11-14T13:56:33","date_gmt":"2024-11-14T11:56:33","guid":{"rendered":"https:\/\/wurn.eu\/lieferinformationen\/"},"modified":"2026-05-11T09:49:08","modified_gmt":"2026-05-11T06:49:08","slug":"lieferinformationen","status":"publish","type":"page","link":"https:\/\/wurn.eu\/de\/lieferinformationen\/","title":{"rendered":"Lieferinformationen"},"content":{"rendered":"\t\t<div data-elementor-type=\"wp-page\" data-elementor-id=\"4530\" class=\"elementor elementor-4530 elementor-1150\" data-elementor-post-type=\"page\">\n\t\t\t\t<div class=\"elementor-element elementor-element-e06b703 e-flex e-con-boxed e-con e-parent\" data-id=\"e06b703\" data-element_type=\"container\" data-e-type=\"container\">\n\t\t\t\t\t<div class=\"e-con-inner\">\n\t\t\t\t<div class=\"elementor-element elementor-element-cba7a00 elementor-widget elementor-widget-text-editor\" data-id=\"cba7a00\" data-element_type=\"widget\" data-e-type=\"widget\" data-widget_type=\"text-editor.default\">\n\t\t\t\t<div class=\"elementor-widget-container\">\n\t\t\t\t\t\t\t\t\t<p>Wir liefern die Waren schnell und zuverl\u00e4ssig innerhalb Estlands, nach Skandinavien sowie in ganz Europa, in das Vereinigte K\u00f6nigreich, in die Vereinigten Staaten und nach Kanada. Lieferart und Lieferkosten werden bei der Auftragsbest\u00e4tigung vereinbart. <\/p><h3>Liefergebiete<\/h3><ul><li>Deutschland<\/li><li>Baltikum (Estland, Lettland, Litauen)<\/li><li>Skandinavien (Finnland, Schweden, D\u00e4nemark, Norwegen)<\/li><li>Europ\u00e4ische L\u00e4nder<\/li><li>Vereinigtes K\u00f6nigreich<\/li><li>Vereinigte Staaten von Amerika<\/li><li>Kanada<\/li><\/ul><h3>Liefermethoden<\/h3><ul><li>Ich hole dich selbst ab. Wir erwarten dich in Saaremaa auf der Luha-Farm (nach vorheriger Absprache).  +372 5628 6826<\/li><li>Paketautomat<\/li><li>Kurierdienst<\/li><\/ul><h3>Lieferfrist<\/h3><ul><li>Die Lieferzeit nach Deutschland betr\u00e4gt durchschnittlich 5\u20137 Werktage ab Inkrafttreten des Kaufvertrags.<\/li><li>Die Lieferzeit f\u00fcr Bestellungen aus dem Baltikum, Skandinavien, Europa, den USA, Kanada und Gro\u00dfbritannien h\u00e4ngt vom Zielland und der gew\u00e4hlten Versandart ab.<\/li><\/ul><h3>Versandkosten<\/h3><p>Die Lieferkosten werden je nach Zielort, Paketgr\u00f6\u00dfe und Lieferart berechnet. Bei Ihrer ersten Bestellung setzen wir uns vor dem Versand mit Ihnen in Verbindung und finden die passende L\u00f6sung. <\/p><h3>Empfang der Ware<\/h3><ul><li>Wenn Sie einen Paketautomaten bestellen, erhalten Sie eine SMS und eine E-Mail-Benachrichtigung mit dem T\u00fcrcode.<\/li><li>Bei Bestellung per Kurierdienst wird der Kurier Sie vor der Zustellung telefonisch kontaktieren.<\/li><\/ul><p>Bei Fragen oder speziellen W\u00fcnschen k\u00f6nnen Sie sich gerne an uns wenden:<\/p><p><a href=\"mailto:info@wurn.eu\">info@wurn.eu<\/a><\/p><p><a href=\"tel:+37256286826\">+372 5628 6826<\/a><\/p>\t\t\t\t\t\t\t\t<\/div>\n\t\t\t\t<\/div>\n\t\t\t\t\t<\/div>\n\t\t\t\t<\/div>\n\t\t\t\t<\/div>\n\t\t","protected":false},"excerpt":{"rendered":"<p>Wir liefern die Waren schnell und zuverl\u00e4ssig innerhalb Estlands, nach Skandinavien sowie in ganz Europa, in das Vereinigte K\u00f6nigreich, in die Vereinigten Staaten und nach Kanada. Lieferart und Lieferkosten werden bei der Auftragsbest\u00e4tigung vereinbart. Liefergebiete Deutschland Baltikum (Estland, Lettland, Litauen) Skandinavien (Finnland, Schweden, D\u00e4nemark, Norwegen) Europ\u00e4ische L\u00e4nder Vereinigtes K\u00f6nigreich Vereinigte Staaten von Amerika Kanada Liefermethoden&#8230;<\/p>\n","protected":false},"author":1,"featured_media":0,"parent":0,"menu_order":0,"comment_status":"closed","ping_status":"closed","template":"","meta":{"_monsterinsights_skip_tracking":false,"_monsterinsights_sitenote_active":false,"_monsterinsights_sitenote_note":"","_monsterinsights_sitenote_category":0,"footnotes":""},"class_list":["post-4530","page","type-page","status-publish","hentry"],"yoast_head":"<!-- This site is optimized with the Yoast SEO plugin v26.6 - https:\/\/yoast.com\/wordpress\/plugins\/seo\/ -->\n<title>Lieferinformationen - WURN urnid<\/title>\n<meta name=\"description\" content=\"Informieren Sie sich, wie und wie schnell Ihre Bestellung geliefert wird. Wir bieten internationalen Versand an.\" \/>\n<meta name=\"robots\" content=\"index, follow, max-snippet:-1, max-image-preview:large, max-video-preview:-1\" \/>\n<link rel=\"canonical\" href=\"https:\/\/wurn.eu\/de\/lieferinformationen\/\" \/>\n<meta property=\"og:locale\" content=\"de_DE\" \/>\n<meta property=\"og:type\" content=\"article\" \/>\n<meta property=\"og:title\" content=\"Lieferinformationen - WURN urnid\" \/>\n<meta property=\"og:description\" content=\"Informieren Sie sich, wie und wie schnell Ihre Bestellung geliefert wird. Wir bieten internationalen Versand an.\" \/>\n<meta property=\"og:url\" content=\"https:\/\/wurn.eu\/de\/lieferinformationen\/\" \/>\n<meta property=\"og:site_name\" content=\"WURN urnid\" \/>\n<meta property=\"article:modified_time\" content=\"2026-05-11T06:49:08+00:00\" \/>\n<meta name=\"twitter:card\" content=\"summary_large_image\" \/>\n<meta name=\"twitter:label1\" content=\"Gesch\u00e4tzte Lesezeit\" \/>\n\t<meta name=\"twitter:data1\" content=\"1\u00a0Minute\" \/>\n<script type=\"application\/ld+json\" class=\"yoast-schema-graph\">{\"@context\":\"https:\/\/schema.org\",\"@graph\":[{\"@type\":\"WebPage\",\"@id\":\"https:\/\/wurn.eu\/de\/lieferinformationen\/\",\"url\":\"https:\/\/wurn.eu\/de\/lieferinformationen\/\",\"name\":\"Lieferinformationen - WURN urnid\",\"isPartOf\":{\"@id\":\"https:\/\/wurn.eu\/#website\"},\"datePublished\":\"2024-11-14T11:56:33+00:00\",\"dateModified\":\"2026-05-11T06:49:08+00:00\",\"description\":\"Informieren Sie sich, wie und wie schnell Ihre Bestellung geliefert wird. Wir bieten internationalen Versand an.\",\"breadcrumb\":{\"@id\":\"https:\/\/wurn.eu\/de\/lieferinformationen\/#breadcrumb\"},\"inLanguage\":\"de\",\"potentialAction\":[{\"@type\":\"ReadAction\",\"target\":[\"https:\/\/wurn.eu\/de\/lieferinformationen\/\"]}]},{\"@type\":\"BreadcrumbList\",\"@id\":\"https:\/\/wurn.eu\/de\/lieferinformationen\/#breadcrumb\",\"itemListElement\":[{\"@type\":\"ListItem\",\"position\":1,\"name\":\"Home\",\"item\":\"https:\/\/wurn.eu\/de\/startseite\/\"},{\"@type\":\"ListItem\",\"position\":2,\"name\":\"Lieferinformationen\"}]},{\"@type\":\"WebSite\",\"@id\":\"https:\/\/wurn.eu\/#website\",\"url\":\"https:\/\/wurn.eu\/\",\"name\":\"WURN urnid\",\"description\":\"Lambavillasest vildist ja v\u00e4\u00e4rispuidust birolagunevad urnid\",\"publisher\":{\"@id\":\"https:\/\/wurn.eu\/#organization\"},\"potentialAction\":[{\"@type\":\"SearchAction\",\"target\":{\"@type\":\"EntryPoint\",\"urlTemplate\":\"https:\/\/wurn.eu\/?s={search_term_string}\"},\"query-input\":{\"@type\":\"PropertyValueSpecification\",\"valueRequired\":true,\"valueName\":\"search_term_string\"}}],\"inLanguage\":\"de\"},{\"@type\":\"Organization\",\"@id\":\"https:\/\/wurn.eu\/#organization\",\"name\":\"WURN urnid\",\"url\":\"https:\/\/wurn.eu\/\",\"logo\":{\"@type\":\"ImageObject\",\"inLanguage\":\"de\",\"@id\":\"https:\/\/wurn.eu\/#\/schema\/logo\/image\/\",\"url\":\"https:\/\/wurn.eu\/wp-content\/uploads\/2024\/10\/WURN_logo_UUS_v3_1_original_black.png\",\"contentUrl\":\"https:\/\/wurn.eu\/wp-content\/uploads\/2024\/10\/WURN_logo_UUS_v3_1_original_black.png\",\"width\":270,\"height\":316,\"caption\":\"WURN urnid\"},\"image\":{\"@id\":\"https:\/\/wurn.eu\/#\/schema\/logo\/image\/\"}}]}<\/script>\n<!-- \/ Yoast SEO plugin. -->","yoast_head_json":{"title":"Lieferinformationen - WURN urnid","description":"Informieren Sie sich, wie und wie schnell Ihre Bestellung geliefert wird. Wir bieten internationalen Versand an.","robots":{"index":"index","follow":"follow","max-snippet":"max-snippet:-1","max-image-preview":"max-image-preview:large","max-video-preview":"max-video-preview:-1"},"canonical":"https:\/\/wurn.eu\/de\/lieferinformationen\/","og_locale":"de_DE","og_type":"article","og_title":"Lieferinformationen - WURN urnid","og_description":"Informieren Sie sich, wie und wie schnell Ihre Bestellung geliefert wird. Wir bieten internationalen Versand an.","og_url":"https:\/\/wurn.eu\/de\/lieferinformationen\/","og_site_name":"WURN urnid","article_modified_time":"2026-05-11T06:49:08+00:00","twitter_card":"summary_large_image","twitter_misc":{"Gesch\u00e4tzte Lesezeit":"1\u00a0Minute"},"schema":{"@context":"https:\/\/schema.org","@graph":[{"@type":"WebPage","@id":"https:\/\/wurn.eu\/de\/lieferinformationen\/","url":"https:\/\/wurn.eu\/de\/lieferinformationen\/","name":"Lieferinformationen - WURN urnid","isPartOf":{"@id":"https:\/\/wurn.eu\/#website"},"datePublished":"2024-11-14T11:56:33+00:00","dateModified":"2026-05-11T06:49:08+00:00","description":"Informieren Sie sich, wie und wie schnell Ihre Bestellung geliefert wird. Wir bieten internationalen Versand an.","breadcrumb":{"@id":"https:\/\/wurn.eu\/de\/lieferinformationen\/#breadcrumb"},"inLanguage":"de","potentialAction":[{"@type":"ReadAction","target":["https:\/\/wurn.eu\/de\/lieferinformationen\/"]}]},{"@type":"BreadcrumbList","@id":"https:\/\/wurn.eu\/de\/lieferinformationen\/#breadcrumb","itemListElement":[{"@type":"ListItem","position":1,"name":"Home","item":"https:\/\/wurn.eu\/de\/startseite\/"},{"@type":"ListItem","position":2,"name":"Lieferinformationen"}]},{"@type":"WebSite","@id":"https:\/\/wurn.eu\/#website","url":"https:\/\/wurn.eu\/","name":"WURN urnid","description":"Lambavillasest vildist ja v\u00e4\u00e4rispuidust birolagunevad urnid","publisher":{"@id":"https:\/\/wurn.eu\/#organization"},"potentialAction":[{"@type":"SearchAction","target":{"@type":"EntryPoint","urlTemplate":"https:\/\/wurn.eu\/?s={search_term_string}"},"query-input":{"@type":"PropertyValueSpecification","valueRequired":true,"valueName":"search_term_string"}}],"inLanguage":"de"},{"@type":"Organization","@id":"https:\/\/wurn.eu\/#organization","name":"WURN urnid","url":"https:\/\/wurn.eu\/","logo":{"@type":"ImageObject","inLanguage":"de","@id":"https:\/\/wurn.eu\/#\/schema\/logo\/image\/","url":"https:\/\/wurn.eu\/wp-content\/uploads\/2024\/10\/WURN_logo_UUS_v3_1_original_black.png","contentUrl":"https:\/\/wurn.eu\/wp-content\/uploads\/2024\/10\/WURN_logo_UUS_v3_1_original_black.png","width":270,"height":316,"caption":"WURN urnid"},"image":{"@id":"https:\/\/wurn.eu\/#\/schema\/logo\/image\/"}}]}},"jetpack_sharing_enabled":true,"_links":{"self":[{"href":"https:\/\/wurn.eu\/de\/wp-json\/wp\/v2\/pages\/4530","targetHints":{"allow":["GET"]}}],"collection":[{"href":"https:\/\/wurn.eu\/de\/wp-json\/wp\/v2\/pages"}],"about":[{"href":"https:\/\/wurn.eu\/de\/wp-json\/wp\/v2\/types\/page"}],"author":[{"embeddable":true,"href":"https:\/\/wurn.eu\/de\/wp-json\/wp\/v2\/users\/1"}],"replies":[{"embeddable":true,"href":"https:\/\/wurn.eu\/de\/wp-json\/wp\/v2\/comments?post=4530"}],"version-history":[{"count":1,"href":"https:\/\/wurn.eu\/de\/wp-json\/wp\/v2\/pages\/4530\/revisions"}],"predecessor-version":[{"id":4531,"href":"https:\/\/wurn.eu\/de\/wp-json\/wp\/v2\/pages\/4530\/revisions\/4531"}],"wp:attachment":[{"href":"https:\/\/wurn.eu\/de\/wp-json\/wp\/v2\/media?parent=4530"}],"curies":[{"name":"wp","href":"https:\/\/api.w.org\/{rel}","templated":true}]}}